{"id":10717,"date":"2023-03-21T12:16:41","date_gmt":"2023-03-21T17:16:41","guid":{"rendered":"https:\/\/tarjetaolimpica.com.co\/Index\/?page_id=10717"},"modified":"2023-03-23T19:32:41","modified_gmt":"2023-03-24T00:32:41","slug":"compra-el-24-25-de-marzo-y-paga-en-junio-2023","status":"publish","type":"page","link":"https:\/\/tarjetaolimpica.com.co\/Index\/compra-el-24-25-de-marzo-y-paga-en-junio-2023\/","title":{"rendered":"Compra el 24 &#8211; 25 de marzo y paga en Junio 2023"},"content":{"rendered":"\t\t<div data-elementor-type=\"wp-page\" data-elementor-id=\"10717\" class=\"elementor elementor-10717\" data-elementor-post-type=\"page\">\n\t\t\t\t\t\t<section class=\"elementor-section elementor-top-section elementor-element elementor-element-9fc9088 elementor-section-boxed elementor-section-height-default elementor-section-height-default\" data-id=\"9fc9088\" data-element_type=\"section\">\n\t\t\t\t\t\t<div class=\"elementor-container elementor-column-gap-default\">\n\t\t\t\t\t<div class=\"elementor-column elementor-col-50 elementor-top-column elementor-element elementor-element-41221dc\" data-id=\"41221dc\" data-element_type=\"column\">\n\t\t\t<div class=\"elementor-widget-wrap elementor-element-populated\">\n\t\t\t\t\t\t<div class=\"elementor-element elementor-element-dd30611 elementor-widget elementor-widget-heading\" data-id=\"dd30611\" data-element_type=\"widget\" data-widget_type=\"heading.default\">\n\t\t\t\t<div class=\"elementor-widget-container\">\n\t\t\t<h1 class=\"elementor-heading-title elementor-size-default\"><b>Compra ahora y paga con las primas de junio 2023*<\/b><\/h1>\t\t<\/div>\n\t\t\t\t<\/div>\n\t\t\t\t\t<\/div>\n\t\t<\/div>\n\t\t\t\t<div class=\"elementor-column elementor-col-50 elementor-top-column elementor-element elementor-element-c626003\" data-id=\"c626003\" data-element_type=\"column\">\n\t\t\t<div class=\"elementor-widget-wrap elementor-element-populated\">\n\t\t\t\t\t\t<div class=\"elementor-element elementor-element-f2868c5 elementor-widget elementor-widget-image\" data-id=\"f2868c5\" data-element_type=\"widget\" data-widget_type=\"image.default\">\n\t\t\t\t<div class=\"elementor-widget-container\">\n\t\t\t\t\t\t\t\t\t\t\t\t\t<img fetchpriority=\"high\" decoding=\"async\" width=\"1024\" height=\"768\" src=\"https:\/\/tarjetaolimpica.com.co\/Index\/wp-content\/uploads\/2023\/03\/Banner_COMPRA-AHORA-Y-PAGA-EN-JUNIO-1024x768.jpg\" class=\"attachment-large size-large wp-image-10720\" alt=\"\" srcset=\"https:\/\/tarjetaolimpica.com.co\/Index\/wp-content\/uploads\/2023\/03\/Banner_COMPRA-AHORA-Y-PAGA-EN-JUNIO-1024x768.jpg 1024w, https:\/\/tarjetaolimpica.com.co\/Index\/wp-content\/uploads\/2023\/03\/Banner_COMPRA-AHORA-Y-PAGA-EN-JUNIO-300x225.jpg 300w, https:\/\/tarjetaolimpica.com.co\/Index\/wp-content\/uploads\/2023\/03\/Banner_COMPRA-AHORA-Y-PAGA-EN-JUNIO-768x576.jpg 768w, https:\/\/tarjetaolimpica.com.co\/Index\/wp-content\/uploads\/2023\/03\/Banner_COMPRA-AHORA-Y-PAGA-EN-JUNIO-1536x1152.jpg 1536w, https:\/\/tarjetaolimpica.com.co\/Index\/wp-content\/uploads\/2023\/03\/Banner_COMPRA-AHORA-Y-PAGA-EN-JUNIO-2048x1536.jpg 2048w\" sizes=\"(max-width: 1024px) 100vw, 1024px\" \/>\t\t\t\t\t\t\t\t\t\t\t\t\t<\/div>\n\t\t\t\t<\/div>\n\t\t\t\t\t<\/div>\n\t\t<\/div>\n\t\t\t\t\t<\/div>\n\t\t<\/section>\n\t\t\t\t<section class=\"elementor-section elementor-top-section elementor-element elementor-element-6c0b5b3 elementor-section-boxed elementor-section-height-default elementor-section-height-default\" data-id=\"6c0b5b3\" data-element_type=\"section\">\n\t\t\t\t\t\t<div class=\"elementor-container elementor-column-gap-default\">\n\t\t\t\t\t<div class=\"elementor-column elementor-col-25 elementor-top-column elementor-element elementor-element-c70ab18\" data-id=\"c70ab18\" data-element_type=\"column\">\n\t\t\t<div class=\"elementor-widget-wrap\">\n\t\t\t\t\t\t\t<\/div>\n\t\t<\/div>\n\t\t\t\t<div class=\"elementor-column elementor-col-50 elementor-top-column elementor-element elementor-element-69301b8\" data-id=\"69301b8\" data-element_type=\"column\">\n\t\t\t<div class=\"elementor-widget-wrap elementor-element-populated\">\n\t\t\t\t\t\t<div class=\"elementor-element elementor-element-51d0696 elementor-widget elementor-widget-image\" data-id=\"51d0696\" data-element_type=\"widget\" data-widget_type=\"image.default\">\n\t\t\t\t<div class=\"elementor-widget-container\">\n\t\t\t\t\t\t\t\t\t\t\t\t\t<img decoding=\"async\" width=\"1024\" height=\"514\" src=\"https:\/\/tarjetaolimpica.com.co\/Index\/wp-content\/uploads\/2023\/03\/Banner-2-ECARD-COMPRA-AHORA-Y-PAGA-EN-JUNIO-02-1024x514.jpg\" class=\"attachment-large size-large wp-image-10744\" alt=\"\" srcset=\"https:\/\/tarjetaolimpica.com.co\/Index\/wp-content\/uploads\/2023\/03\/Banner-2-ECARD-COMPRA-AHORA-Y-PAGA-EN-JUNIO-02-1024x514.jpg 1024w, https:\/\/tarjetaolimpica.com.co\/Index\/wp-content\/uploads\/2023\/03\/Banner-2-ECARD-COMPRA-AHORA-Y-PAGA-EN-JUNIO-02-300x151.jpg 300w, https:\/\/tarjetaolimpica.com.co\/Index\/wp-content\/uploads\/2023\/03\/Banner-2-ECARD-COMPRA-AHORA-Y-PAGA-EN-JUNIO-02-768x386.jpg 768w, https:\/\/tarjetaolimpica.com.co\/Index\/wp-content\/uploads\/2023\/03\/Banner-2-ECARD-COMPRA-AHORA-Y-PAGA-EN-JUNIO-02-1536x771.jpg 1536w, https:\/\/tarjetaolimpica.com.co\/Index\/wp-content\/uploads\/2023\/03\/Banner-2-ECARD-COMPRA-AHORA-Y-PAGA-EN-JUNIO-02-2048x1029.jpg 2048w\" sizes=\"(max-width: 1024px) 100vw, 1024px\" \/>\t\t\t\t\t\t\t\t\t\t\t\t\t<\/div>\n\t\t\t\t<\/div>\n\t\t\t\t\t<\/div>\n\t\t<\/div>\n\t\t\t\t<div class=\"elementor-column elementor-col-25 elementor-top-column elementor-element elementor-element-afc81e0\" data-id=\"afc81e0\" data-element_type=\"column\">\n\t\t\t<div class=\"elementor-widget-wrap\">\n\t\t\t\t\t\t\t<\/div>\n\t\t<\/div>\n\t\t\t\t\t<\/div>\n\t\t<\/section>\n\t\t\t\t<section class=\"elementor-section elementor-top-section elementor-element elementor-element-ba25cd4 elementor-section-boxed elementor-section-height-default elementor-section-height-default\" data-id=\"ba25cd4\" data-element_type=\"section\">\n\t\t\t\t\t\t<div class=\"elementor-container elementor-column-gap-default\">\n\t\t\t\t\t<div class=\"elementor-column elementor-col-100 elementor-top-column elementor-element elementor-element-0a06f16\" data-id=\"0a06f16\" data-element_type=\"column\">\n\t\t\t<div class=\"elementor-widget-wrap elementor-element-populated\">\n\t\t\t\t\t\t<div class=\"elementor-element elementor-element-286b0ec elementor-widget elementor-widget-heading\" data-id=\"286b0ec\" data-element_type=\"widget\" data-widget_type=\"heading.default\">\n\t\t\t\t<div class=\"elementor-widget-container\">\n\t\t\t<h2 class=\"elementor-heading-title elementor-size-default\">Vigencia: 24 y 25 de marzo de 2023.<\/h2>\t\t<\/div>\n\t\t\t\t<\/div>\n\t\t\t\t\t<\/div>\n\t\t<\/div>\n\t\t\t\t\t<\/div>\n\t\t<\/section>\n\t\t\t\t<section class=\"elementor-section elementor-top-section elementor-element elementor-element-d750bdf elementor-section-boxed elementor-section-height-default elementor-section-height-default\" data-id=\"d750bdf\" data-element_type=\"section\">\n\t\t\t\t\t\t<div class=\"elementor-container elementor-column-gap-default\">\n\t\t\t\t\t<div class=\"elementor-column elementor-col-100 elementor-top-column elementor-element elementor-element-18fcfd6\" data-id=\"18fcfd6\" data-element_type=\"column\">\n\t\t\t<div class=\"elementor-widget-wrap elementor-element-populated\">\n\t\t\t\t\t\t<div class=\"elementor-element elementor-element-2668844 elementor-widget elementor-widget-heading\" data-id=\"2668844\" data-element_type=\"widget\" data-widget_type=\"heading.default\">\n\t\t\t\t<div class=\"elementor-widget-container\">\n\t\t\t<h2 class=\"elementor-heading-title elementor-size-default\">T\u00e9rminos y condiciones<\/h2>\t\t<\/div>\n\t\t\t\t<\/div>\n\t\t\t\t<div class=\"elementor-element elementor-element-0f64a78 elementor-widget elementor-widget-text-editor\" data-id=\"0f64a78\" data-element_type=\"widget\" data-widget_type=\"text-editor.default\">\n\t\t\t\t<div class=\"elementor-widget-container\">\n\t\t\t\t\t\t\t<ul>\n<li>Solo aplica para las compras realizadas en Ol\u00edmpica y SAO (tiendas f\u00edsicas, app y web) en cualquier categor\u00eda y cualquier monto.<\/li>\n<li>La primera cuota de capital de todas&nbsp; las compras realizadas durante ese d\u00eda ser\u00e1 facturada en el mes de junio de 2023 (fecha limite de pago 5 de julio para ciclo 1 y 18 de julio para ciclo 2).<\/li>\n<li>Los intereses se facturan desde la realizaci\u00f3n de las compras, es decir, la cuota de intereses estar\u00e1 incluida en los pagos m\u00ednimos consecutivos a la fecha de la transacci\u00f3n (extracto facturado a partir de abril de 2023 con fecha l\u00edmite de pago en julio de 2023 para ambos ciclos).<\/li>\n<li>No aplica para avances en efectivo ni para avances en cuenta.<\/li>\n<li>La tasa de compras ser\u00e1 la vigente al momento de su realizaci\u00f3n.<\/li>\n<li>Solo se aplicar\u00e1 el beneficio para los clientes que lo acepten antes de las 11:59 p.m. del 24 o 25 de marzo de 2023. Las compras realizadas en ese d\u00eda fuera del horario establecido se&nbsp; facturar\u00e1n normalmente.<\/li>\n<li>Solo aplica para productos o tarjetas que est\u00e9n en estado normal.<\/li>\n<li>Aplica para tarjeta Ol\u00edmpica, Tarjeta Ol\u00edmpica Mastercard, Tarjeta Ol\u00edmpica Mastercard Gold y marcas compartidas. Incluye tarjetas adicionales y amparadas.<\/li>\n<li>No aplican compras realizadas en comercios diferentes a Ol\u00edmpica.&nbsp;<\/li>\n<li>El n\u00famero de Tarjeta Plata con el que se realice la compra debe ser el mismo del titular de la Tarjeta Ol\u00edmpica. En caso que no coincidan los datos no se aplica el beneficio.<\/li>\n<li>Banco Serfinanza solo act\u00faa como ente emisor de medio de pago.<\/li>\n<\/ul>\t\t\t\t\t\t<\/div>\n\t\t\t\t<\/div>\n\t\t\t\t\t<\/div>\n\t\t<\/div>\n\t\t\t\t\t<\/div>\n\t\t<\/section>\n\t\t\t\t<\/div>\n\t\t","protected":false},"excerpt":{"rendered":"<p>Compra ahora y paga con las primas de junio 2023* Vigencia: 24 y 25 de marzo de 2023. T\u00e9rminos y condiciones Solo aplica para las compras realizadas en Ol\u00edmpica y SAO (tiendas f\u00edsicas, app y web) en cualquier categor\u00eda y cualquier monto. La primera cuota de capital de todas&nbsp; las compras realizadas durante ese d\u00eda [&hellip;]<\/p>\n","protected":false},"author":2,"featured_media":0,"parent":0,"menu_order":0,"comment_status":"closed","ping_status":"closed","template":"","meta":{"_eb_attr":"","site-sidebar-layout":"no-sidebar","site-content-layout":"page-builder","ast-site-content-layout":"","site-content-style":"default","site-sidebar-style":"default","ast-global-header-display":"","ast-banner-title-visibility":"","ast-main-header-display":"","ast-hfb-above-header-display":"","ast-hfb-below-header-display":"","ast-hfb-mobile-header-display":"","site-post-title":"disabled","ast-breadcrumbs-content":"","ast-featured-img":"disabled","footer-sml-layout":"","theme-transparent-header-meta":"","adv-header-id-meta":"","stick-header-meta":"","header-above-stick-meta":"","header-main-stick-meta":"","header-below-stick-meta":"","astra-migrate-meta-layouts":"default","ast-page-background-enabled":"default","ast-page-background-meta":{"desktop":{"background-color":"","background-image":"","background-repeat":"repeat","background-position":"center center","background-size":"auto","background-attachment":"scroll","background-type":"","background-media":"","overlay-type":"","overlay-color":"","overlay-opacity":"","overlay-gradient":""},"tablet":{"background-color":"","background-image":"","background-repeat":"repeat","background-position":"center center","background-size":"auto","background-attachment":"scroll","background-type":"","background-media":"","overlay-type":"","overlay-color":"","overlay-opacity":"","overlay-gradient":""},"mobile":{"background-color":"","background-image":"","background-repeat":"repeat","background-position":"center center","background-size":"auto","background-attachment":"scroll","background-type":"","background-media":"","overlay-type":"","overlay-color":"","overlay-opacity":"","overlay-gradient":""}},"ast-content-background-meta":{"desktop":{"background-color":"var(--ast-global-color-5)","background-image":"","background-repeat":"repeat","background-position":"center center","background-size":"auto","background-attachment":"scroll","background-type":"","background-media":"","overlay-type":"","overlay-color":"","overlay-opacity":"","overlay-gradient":""},"tablet":{"background-color":"var(--ast-global-color-5)","background-image":"","background-repeat":"repeat","background-position":"center center","background-size":"auto","background-attachment":"scroll","background-type":"","background-media":"","overlay-type":"","overlay-color":"","overlay-opacity":"","overlay-gradient":""},"mobile":{"background-color":"var(--ast-global-color-5)","background-image":"","background-repeat":"repeat","background-position":"center center","background-size":"auto","background-attachment":"scroll","background-type":"","background-media":"","overlay-type":"","overlay-color":"","overlay-opacity":"","overlay-gradient":""}},"footnotes":""},"yoast_head":"<!-- This site is optimized with the Yoast SEO plugin v22.3 - https:\/\/yoast.com\/wordpress\/plugins\/seo\/ -->\r\n<title>Compra el 24 - 25 de marzo y paga en Junio 2023 -<\/title>\r\n<meta name=\"robots\" content=\"index, follow, max-snippet:-1, max-image-preview:large, max-video-preview:-1\" \/>\r\n<link rel=\"canonical\" href=\"https:\/\/tarjetaolimpica.com.co\/Index\/compra-el-24-25-de-marzo-y-paga-en-junio-2023\/\" \/>\r\n<meta property=\"og:locale\" content=\"es_ES\" \/>\r\n<meta property=\"og:type\" content=\"article\" \/>\r\n<meta property=\"og:title\" content=\"Compra el 24 - 25 de marzo y paga en Junio 2023 -\" \/>\r\n<meta property=\"og:description\" content=\"Compra ahora y paga con las primas de junio 2023* Vigencia: 24 y 25 de marzo de 2023. T\u00e9rminos y condiciones Solo aplica para las compras realizadas en Ol\u00edmpica y SAO (tiendas f\u00edsicas, app y web) en cualquier categor\u00eda y cualquier monto. La primera cuota de capital de todas&nbsp; las compras realizadas durante ese d\u00eda [&hellip;]\" \/>\r\n<meta property=\"og:url\" content=\"https:\/\/tarjetaolimpica.com.co\/Index\/compra-el-24-25-de-marzo-y-paga-en-junio-2023\/\" \/>\r\n<meta property=\"article:publisher\" content=\"https:\/\/www.facebook.com\/bancoserfinanza\" \/>\r\n<meta property=\"article:modified_time\" content=\"2023-03-24T00:32:41+00:00\" \/>\r\n<meta property=\"og:image\" content=\"https:\/\/tarjetaolimpica.com.co\/Index\/wp-content\/uploads\/2023\/03\/Banner_COMPRA-AHORA-Y-PAGA-EN-JUNIO-1024x768.jpg\" \/>\r\n<meta name=\"twitter:card\" content=\"summary_large_image\" \/>\r\n<meta name=\"twitter:site\" content=\"@bancoserfinanza\" \/>\r\n<meta name=\"twitter:label1\" content=\"Tiempo estimado de lectura\" \/>\n\t<meta name=\"twitter:data1\" content=\"2 minutos\" \/>\r\n<script type=\"application\/ld+json\" class=\"yoast-schema-graph\">{\"@context\":\"https:\/\/schema.org\",\"@graph\":[{\"@type\":\"WebPage\",\"@id\":\"https:\/\/tarjetaolimpica.com.co\/Index\/compra-el-24-25-de-marzo-y-paga-en-junio-2023\/\",\"url\":\"https:\/\/tarjetaolimpica.com.co\/Index\/compra-el-24-25-de-marzo-y-paga-en-junio-2023\/\",\"name\":\"Compra el 24 - 25 de marzo y paga en Junio 2023 -\",\"isPartOf\":{\"@id\":\"https:\/\/tarjetaolimpica.com.co\/Index\/#website\"},\"primaryImageOfPage\":{\"@id\":\"https:\/\/tarjetaolimpica.com.co\/Index\/compra-el-24-25-de-marzo-y-paga-en-junio-2023\/#primaryimage\"},\"image\":{\"@id\":\"https:\/\/tarjetaolimpica.com.co\/Index\/compra-el-24-25-de-marzo-y-paga-en-junio-2023\/#primaryimage\"},\"thumbnailUrl\":\"https:\/\/tarjetaolimpica.com.co\/Index\/wp-content\/uploads\/2023\/03\/Banner_COMPRA-AHORA-Y-PAGA-EN-JUNIO-1024x768.jpg\",\"datePublished\":\"2023-03-21T17:16:41+00:00\",\"dateModified\":\"2023-03-24T00:32:41+00:00\",\"breadcrumb\":{\"@id\":\"https:\/\/tarjetaolimpica.com.co\/Index\/compra-el-24-25-de-marzo-y-paga-en-junio-2023\/#breadcrumb\"},\"inLanguage\":\"es-CO\",\"potentialAction\":[{\"@type\":\"ReadAction\",\"target\":[\"https:\/\/tarjetaolimpica.com.co\/Index\/compra-el-24-25-de-marzo-y-paga-en-junio-2023\/\"]}]},{\"@type\":\"ImageObject\",\"inLanguage\":\"es-CO\",\"@id\":\"https:\/\/tarjetaolimpica.com.co\/Index\/compra-el-24-25-de-marzo-y-paga-en-junio-2023\/#primaryimage\",\"url\":\"https:\/\/tarjetaolimpica.com.co\/Index\/wp-content\/uploads\/2023\/03\/Banner_COMPRA-AHORA-Y-PAGA-EN-JUNIO-scaled.jpg\",\"contentUrl\":\"https:\/\/tarjetaolimpica.com.co\/Index\/wp-content\/uploads\/2023\/03\/Banner_COMPRA-AHORA-Y-PAGA-EN-JUNIO-scaled.jpg\",\"width\":2560,\"height\":1920},{\"@type\":\"BreadcrumbList\",\"@id\":\"https:\/\/tarjetaolimpica.com.co\/Index\/compra-el-24-25-de-marzo-y-paga-en-junio-2023\/#breadcrumb\",\"itemListElement\":[{\"@type\":\"ListItem\",\"position\":1,\"name\":\"Home\",\"item\":\"https:\/\/tarjetaolimpica.com.co\/Index\/\"},{\"@type\":\"ListItem\",\"position\":2,\"name\":\"Compra el 24 &#8211; 25 de marzo y paga en Junio 2023\"}]},{\"@type\":\"WebSite\",\"@id\":\"https:\/\/tarjetaolimpica.com.co\/Index\/#website\",\"url\":\"https:\/\/tarjetaolimpica.com.co\/Index\/\",\"name\":\"\",\"description\":\"\",\"publisher\":{\"@id\":\"https:\/\/tarjetaolimpica.com.co\/Index\/#organization\"},\"potentialAction\":[{\"@type\":\"SearchAction\",\"target\":{\"@type\":\"EntryPoint\",\"urlTemplate\":\"https:\/\/tarjetaolimpica.com.co\/Index\/?s={search_term_string}\"},\"query-input\":\"required name=search_term_string\"}],\"inLanguage\":\"es-CO\"},{\"@type\":\"Organization\",\"@id\":\"https:\/\/tarjetaolimpica.com.co\/Index\/#organization\",\"name\":\"Banco Serfinanza\",\"url\":\"https:\/\/tarjetaolimpica.com.co\/Index\/\",\"logo\":{\"@type\":\"ImageObject\",\"inLanguage\":\"es-CO\",\"@id\":\"https:\/\/tarjetaolimpica.com.co\/Index\/#\/schema\/logo\/image\/\",\"url\":\"https:\/\/tarjetaolimpica.com.co\/Index\/wp-content\/uploads\/2019\/01\/Logo-Serfinanza-2.png\",\"contentUrl\":\"https:\/\/tarjetaolimpica.com.co\/Index\/wp-content\/uploads\/2019\/01\/Logo-Serfinanza-2.png\",\"width\":339,\"height\":78,\"caption\":\"Banco Serfinanza\"},\"image\":{\"@id\":\"https:\/\/tarjetaolimpica.com.co\/Index\/#\/schema\/logo\/image\/\"},\"sameAs\":[\"https:\/\/www.facebook.com\/bancoserfinanza\",\"https:\/\/twitter.com\/bancoserfinanza\",\"https:\/\/www.instagram.com\/bancoserfinanza\"]}]}<\/script>\r\n<!-- \/ Yoast SEO plugin. -->","yoast_head_json":{"title":"Compra el 24 - 25 de marzo y paga en Junio 2023 -","robots":{"index":"index","follow":"follow","max-snippet":"max-snippet:-1","max-image-preview":"max-image-preview:large","max-video-preview":"max-video-preview:-1"},"canonical":"https:\/\/tarjetaolimpica.com.co\/Index\/compra-el-24-25-de-marzo-y-paga-en-junio-2023\/","og_locale":"es_ES","og_type":"article","og_title":"Compra el 24 - 25 de marzo y paga en Junio 2023 -","og_description":"Compra ahora y paga con las primas de junio 2023* Vigencia: 24 y 25 de marzo de 2023. T\u00e9rminos y condiciones Solo aplica para las compras realizadas en Ol\u00edmpica y SAO (tiendas f\u00edsicas, app y web) en cualquier categor\u00eda y cualquier monto. La primera cuota de capital de todas&nbsp; las compras realizadas durante ese d\u00eda [&hellip;]","og_url":"https:\/\/tarjetaolimpica.com.co\/Index\/compra-el-24-25-de-marzo-y-paga-en-junio-2023\/","article_publisher":"https:\/\/www.facebook.com\/bancoserfinanza","article_modified_time":"2023-03-24T00:32:41+00:00","og_image":[{"url":"https:\/\/tarjetaolimpica.com.co\/Index\/wp-content\/uploads\/2023\/03\/Banner_COMPRA-AHORA-Y-PAGA-EN-JUNIO-1024x768.jpg"}],"twitter_card":"summary_large_image","twitter_site":"@bancoserfinanza","twitter_misc":{"Tiempo estimado de lectura":"2 minutos"},"schema":{"@context":"https:\/\/schema.org","@graph":[{"@type":"WebPage","@id":"https:\/\/tarjetaolimpica.com.co\/Index\/compra-el-24-25-de-marzo-y-paga-en-junio-2023\/","url":"https:\/\/tarjetaolimpica.com.co\/Index\/compra-el-24-25-de-marzo-y-paga-en-junio-2023\/","name":"Compra el 24 - 25 de marzo y paga en Junio 2023 -","isPartOf":{"@id":"https:\/\/tarjetaolimpica.com.co\/Index\/#website"},"primaryImageOfPage":{"@id":"https:\/\/tarjetaolimpica.com.co\/Index\/compra-el-24-25-de-marzo-y-paga-en-junio-2023\/#primaryimage"},"image":{"@id":"https:\/\/tarjetaolimpica.com.co\/Index\/compra-el-24-25-de-marzo-y-paga-en-junio-2023\/#primaryimage"},"thumbnailUrl":"https:\/\/tarjetaolimpica.com.co\/Index\/wp-content\/uploads\/2023\/03\/Banner_COMPRA-AHORA-Y-PAGA-EN-JUNIO-1024x768.jpg","datePublished":"2023-03-21T17:16:41+00:00","dateModified":"2023-03-24T00:32:41+00:00","breadcrumb":{"@id":"https:\/\/tarjetaolimpica.com.co\/Index\/compra-el-24-25-de-marzo-y-paga-en-junio-2023\/#breadcrumb"},"inLanguage":"es-CO","potentialAction":[{"@type":"ReadAction","target":["https:\/\/tarjetaolimpica.com.co\/Index\/compra-el-24-25-de-marzo-y-paga-en-junio-2023\/"]}]},{"@type":"ImageObject","inLanguage":"es-CO","@id":"https:\/\/tarjetaolimpica.com.co\/Index\/compra-el-24-25-de-marzo-y-paga-en-junio-2023\/#primaryimage","url":"https:\/\/tarjetaolimpica.com.co\/Index\/wp-content\/uploads\/2023\/03\/Banner_COMPRA-AHORA-Y-PAGA-EN-JUNIO-scaled.jpg","contentUrl":"https:\/\/tarjetaolimpica.com.co\/Index\/wp-content\/uploads\/2023\/03\/Banner_COMPRA-AHORA-Y-PAGA-EN-JUNIO-scaled.jpg","width":2560,"height":1920},{"@type":"BreadcrumbList","@id":"https:\/\/tarjetaolimpica.com.co\/Index\/compra-el-24-25-de-marzo-y-paga-en-junio-2023\/#breadcrumb","itemListElement":[{"@type":"ListItem","position":1,"name":"Home","item":"https:\/\/tarjetaolimpica.com.co\/Index\/"},{"@type":"ListItem","position":2,"name":"Compra el 24 &#8211; 25 de marzo y paga en Junio 2023"}]},{"@type":"WebSite","@id":"https:\/\/tarjetaolimpica.com.co\/Index\/#website","url":"https:\/\/tarjetaolimpica.com.co\/Index\/","name":"","description":"","publisher":{"@id":"https:\/\/tarjetaolimpica.com.co\/Index\/#organization"},"potentialAction":[{"@type":"SearchAction","target":{"@type":"EntryPoint","urlTemplate":"https:\/\/tarjetaolimpica.com.co\/Index\/?s={search_term_string}"},"query-input":"required name=search_term_string"}],"inLanguage":"es-CO"},{"@type":"Organization","@id":"https:\/\/tarjetaolimpica.com.co\/Index\/#organization","name":"Banco Serfinanza","url":"https:\/\/tarjetaolimpica.com.co\/Index\/","logo":{"@type":"ImageObject","inLanguage":"es-CO","@id":"https:\/\/tarjetaolimpica.com.co\/Index\/#\/schema\/logo\/image\/","url":"https:\/\/tarjetaolimpica.com.co\/Index\/wp-content\/uploads\/2019\/01\/Logo-Serfinanza-2.png","contentUrl":"https:\/\/tarjetaolimpica.com.co\/Index\/wp-content\/uploads\/2019\/01\/Logo-Serfinanza-2.png","width":339,"height":78,"caption":"Banco Serfinanza"},"image":{"@id":"https:\/\/tarjetaolimpica.com.co\/Index\/#\/schema\/logo\/image\/"},"sameAs":["https:\/\/www.facebook.com\/bancoserfinanza","https:\/\/twitter.com\/bancoserfinanza","https:\/\/www.instagram.com\/bancoserfinanza"]}]}},"_links":{"self":[{"href":"https:\/\/tarjetaolimpica.com.co\/Index\/wp-json\/wp\/v2\/pages\/10717"}],"collection":[{"href":"https:\/\/tarjetaolimpica.com.co\/Index\/wp-json\/wp\/v2\/pages"}],"about":[{"href":"https:\/\/tarjetaolimpica.com.co\/Index\/wp-json\/wp\/v2\/types\/page"}],"author":[{"embeddable":true,"href":"https:\/\/tarjetaolimpica.com.co\/Index\/wp-json\/wp\/v2\/users\/2"}],"replies":[{"embeddable":true,"href":"https:\/\/tarjetaolimpica.com.co\/Index\/wp-json\/wp\/v2\/comments?post=10717"}],"version-history":[{"count":24,"href":"https:\/\/tarjetaolimpica.com.co\/Index\/wp-json\/wp\/v2\/pages\/10717\/revisions"}],"predecessor-version":[{"id":10755,"href":"https:\/\/tarjetaolimpica.com.co\/Index\/wp-json\/wp\/v2\/pages\/10717\/revisions\/10755"}],"wp:attachment":[{"href":"https:\/\/tarjetaolimpica.com.co\/Index\/wp-json\/wp\/v2\/media?parent=10717"}],"curies":[{"name":"wp","href":"https:\/\/api.w.org\/{rel}","templated":true}]}}