{"id":10966,"date":"2023-04-26T17:44:40","date_gmt":"2023-04-26T22:44:40","guid":{"rendered":"https:\/\/tarjetaolimpica.com.co\/Index\/?page_id=10966"},"modified":"2023-05-04T12:09:49","modified_gmt":"2023-05-04T17:09:49","slug":"dispropan","status":"publish","type":"page","link":"https:\/\/tarjetaolimpica.com.co\/Index\/dispropan\/","title":{"rendered":"Dispropan"},"content":{"rendered":"\t\t<div data-elementor-type=\"wp-page\" data-elementor-id=\"10966\" class=\"elementor elementor-10966\" data-elementor-post-type=\"page\">\n\t\t\t\t\t\t<section class=\"elementor-section elementor-top-section elementor-element elementor-element-46f5897 elementor-section-boxed elementor-section-height-default elementor-section-height-default\" data-id=\"46f5897\" data-element_type=\"section\">\n\t\t\t\t\t\t<div class=\"elementor-container elementor-column-gap-default\">\n\t\t\t\t\t<div class=\"elementor-column elementor-col-100 elementor-top-column elementor-element elementor-element-7e1f6d8\" data-id=\"7e1f6d8\" data-element_type=\"column\">\n\t\t\t<div class=\"elementor-widget-wrap elementor-element-populated\">\n\t\t\t\t\t\t<section class=\"elementor-section elementor-inner-section elementor-element elementor-element-c6c5eb0 elementor-section-boxed elementor-section-height-default elementor-section-height-default\" data-id=\"c6c5eb0\" data-element_type=\"section\">\n\t\t\t\t\t\t<div class=\"elementor-container elementor-column-gap-default\">\n\t\t\t\t\t<div class=\"elementor-column elementor-col-50 elementor-inner-column elementor-element elementor-element-12b4727\" data-id=\"12b4727\" data-element_type=\"column\">\n\t\t\t<div class=\"elementor-widget-wrap elementor-element-populated\">\n\t\t\t\t\t\t<div class=\"elementor-element elementor-element-24252cc elementor-widget elementor-widget-heading\" data-id=\"24252cc\" data-element_type=\"widget\" data-widget_type=\"heading.default\">\n\t\t\t\t<div class=\"elementor-widget-container\">\n\t\t\t<h1 class=\"elementor-heading-title elementor-size-default\">Equipa tu cocina con los implementos y utensilios de Dispropan<\/h1>\t\t<\/div>\n\t\t\t\t<\/div>\n\t\t\t\t\t<\/div>\n\t\t<\/div>\n\t\t\t\t<div class=\"elementor-column elementor-col-50 elementor-inner-column elementor-element elementor-element-fa7c805\" data-id=\"fa7c805\" data-element_type=\"column\">\n\t\t\t<div class=\"elementor-widget-wrap elementor-element-populated\">\n\t\t\t\t\t\t<div class=\"elementor-element elementor-element-91fad9f elementor-widget elementor-widget-image\" data-id=\"91fad9f\" data-element_type=\"widget\" data-widget_type=\"image.default\">\n\t\t\t\t<div class=\"elementor-widget-container\">\n\t\t\t\t\t\t\t\t\t\t\t\t\t<img fetchpriority=\"high\" decoding=\"async\" width=\"800\" height=\"600\" src=\"https:\/\/tarjetaolimpica.com.co\/Index\/wp-content\/uploads\/2023\/04\/BANNER.jpg\" class=\"attachment-1536x1536 size-1536x1536 wp-image-10968\" alt=\"\" srcset=\"https:\/\/tarjetaolimpica.com.co\/Index\/wp-content\/uploads\/2023\/04\/BANNER.jpg 800w, https:\/\/tarjetaolimpica.com.co\/Index\/wp-content\/uploads\/2023\/04\/BANNER-300x225.jpg 300w, https:\/\/tarjetaolimpica.com.co\/Index\/wp-content\/uploads\/2023\/04\/BANNER-768x576.jpg 768w\" sizes=\"(max-width: 800px) 100vw, 800px\" \/>\t\t\t\t\t\t\t\t\t\t\t\t\t<\/div>\n\t\t\t\t<\/div>\n\t\t\t\t\t<\/div>\n\t\t<\/div>\n\t\t\t\t\t<\/div>\n\t\t<\/section>\n\t\t\t\t\t<\/div>\n\t\t<\/div>\n\t\t\t\t\t<\/div>\n\t\t<\/section>\n\t\t\t\t<section class=\"elementor-section elementor-top-section elementor-element elementor-element-3f81a43 elementor-section-boxed elementor-section-height-default elementor-section-height-default\" data-id=\"3f81a43\" data-element_type=\"section\">\n\t\t\t\t\t\t<div class=\"elementor-container elementor-column-gap-default\">\n\t\t\t\t\t<div class=\"elementor-column elementor-col-100 elementor-top-column elementor-element elementor-element-87d21f3\" data-id=\"87d21f3\" data-element_type=\"column\">\n\t\t\t<div class=\"elementor-widget-wrap elementor-element-populated\">\n\t\t\t\t\t\t<div class=\"elementor-element elementor-element-a3d4c83 elementor-widget elementor-widget-text-editor\" data-id=\"a3d4c83\" data-element_type=\"widget\" data-widget_type=\"text-editor.default\">\n\t\t\t\t<div class=\"elementor-widget-container\">\n\t\t\t\t\t\t\t<p><span style=\"font-size: 14pt; font-family: verdana, geneva, sans-serif; color: #f83050;\"><strong>Vigencia:<\/strong><\/span><\/p><p><span style=\"font-family: verdana, geneva, sans-serif; font-size: 12pt;\">Del 2 al 31 de mayo de 2023.<\/span><\/p><p><span style=\"font-size: 14pt; color: #f83050; font-family: verdana, geneva, sans-serif;\"><strong>Mec\u00e1nica:<\/strong><\/span><\/p><p><span style=\"font-family: verdana, geneva, sans-serif;\"><span style=\"font-size: 16px;\"><span class=\"x_x_x_xcontentpasted0\"><span class=\"x_x_ContentPasted0\">Recibe el <strong>10% de descuento<\/strong> en implementos y utensilios de cocina pagando con tus Tarjetas de Cr\u00e9dito de Banco Serfinanza<\/span><\/span><span class=\"x_x_x_xcontentpasted0\"><span class=\"x_x_ContentPasted0\">.<\/span><\/span>\u00a0<\/span><\/span><\/p><p><span style=\"font-family: verdana, geneva, sans-serif;\"><strong><span style=\"color: #f83050; font-size: 14pt;\">T\u00e9rminos y condiciones:<\/span><\/strong><\/span><\/p><p><span style=\"font-family: verdana, geneva, sans-serif;\">Descuento v\u00e1lido del 2 al 31 de mayo de 2023. Descuento del 10% solo v\u00e1lido pagando la totalidad de la compra con Tarjeta Ol\u00edmpica, Tarjeta Ol\u00edmpica Mastercard, Tarjeta Ol\u00edmpica Mastercard Gold o Tarjeta Mastercard Black de Banco Serfinanza (importante informarle al asesor que va a emplear alguno de estos medios de pago antes de realizar la factura). Aplica para implementos y utensilios de cocina. No aplica para insumos, desechables y\/o electrodom\u00e9sticos. Descuento v\u00e1lido \u00fanicamente en las instalaciones de Dispropan Caribe Sede Norte (Carrera 47 No. 76-100). No v\u00e1lido para Sede Centro ni p\u00e1gina web. No acumulable con otras promociones o descuentos. Los productos y servicios ofrecidos son responsabilidad del aliado, Banco Serfinanza solo act\u00faa como ente emisor del medio de pago. Para mayor informaci\u00f3n comun\u00edcate al WhatsApp 3102319494 opci\u00f3n 1.<\/span><\/p><p class=\"x_x_x_x_x_x_xmsonormal x_x_x_x_x_elementToProof\"><span style=\"font-family: verdana, geneva, sans-serif;\"><u><b>Direcci\u00f3n<\/b><\/u>:\u00a0<span class=\"x_ContentPasted1\">Carrera 47 No. 76-100, Barranquilla.<\/span><\/span><\/p><p class=\"x_x_x_x_x_x_xmsonormal x_x_x_x_x_elementToProof\"><span style=\"font-family: verdana, geneva, sans-serif;\"><span class=\"x_ContentPasted1\"><u><b>Cobertura<\/b><\/u><\/span><span class=\"x_ContentPasted1\">: Barranquilla<\/span><\/span><\/p><p class=\"x_x_x_x_x_x_xmsonormal x_x_x_x_x_elementToProof\"><span class=\"x_ContentPasted1\" style=\"font-family: verdana, geneva, sans-serif;\"><b><u>L\u00ednea de WhatsApp: <\/u><\/b><span class=\"x_ContentPasted2\">310 231 9494<\/span><\/span><\/p><p><span style=\"font-family: verdana, geneva, sans-serif;\">\u00a0<\/span><\/p>\t\t\t\t\t\t<\/div>\n\t\t\t\t<\/div>\n\t\t\t\t\t<\/div>\n\t\t<\/div>\n\t\t\t\t\t<\/div>\n\t\t<\/section>\n\t\t\t\t<\/div>\n\t\t","protected":false},"excerpt":{"rendered":"<p>Equipa tu cocina con los implementos y utensilios de Dispropan Vigencia: Del 2 al 31 de mayo de 2023. Mec\u00e1nica: Recibe el 10% de descuento en implementos y utensilios de cocina pagando con tus Tarjetas de Cr\u00e9dito de Banco Serfinanza.\u00a0 T\u00e9rminos y condiciones: Descuento v\u00e1lido del 2 al 31 de mayo de 2023. Descuento del [&hellip;]<\/p>\n","protected":false},"author":2,"featured_media":0,"parent":0,"menu_order":0,"comment_status":"closed","ping_status":"closed","template":"","meta":{"_eb_attr":"","site-sidebar-layout":"no-sidebar","site-content-layout":"page-builder","ast-site-content-layout":"","site-content-style":"default","site-sidebar-style":"default","ast-global-header-display":"","ast-banner-title-visibility":"","ast-main-header-display":"","ast-hfb-above-header-display":"","ast-hfb-below-header-display":"","ast-hfb-mobile-header-display":"","site-post-title":"disabled","ast-breadcrumbs-content":"","ast-featured-img":"disabled","footer-sml-layout":"","theme-transparent-header-meta":"default","adv-header-id-meta":"","stick-header-meta":"","header-above-stick-meta":"","header-main-stick-meta":"","header-below-stick-meta":"","astra-migrate-meta-layouts":"default","ast-page-background-enabled":"default","ast-page-background-meta":{"desktop":{"background-color":"","background-image":"","background-repeat":"repeat","background-position":"center center","background-size":"auto","background-attachment":"scroll","background-type":"","background-media":"","overlay-type":"","overlay-color":"","overlay-opacity":"","overlay-gradient":""},"tablet":{"background-color":"","background-image":"","background-repeat":"repeat","background-position":"center center","background-size":"auto","background-attachment":"scroll","background-type":"","background-media":"","overlay-type":"","overlay-color":"","overlay-opacity":"","overlay-gradient":""},"mobile":{"background-color":"","background-image":"","background-repeat":"repeat","background-position":"center center","background-size":"auto","background-attachment":"scroll","background-type":"","background-media":"","overlay-type":"","overlay-color":"","overlay-opacity":"","overlay-gradient":""}},"ast-content-background-meta":{"desktop":{"background-color":"var(--ast-global-color-5)","background-image":"","background-repeat":"repeat","background-position":"center center","background-size":"auto","background-attachment":"scroll","background-type":"","background-media":"","overlay-type":"","overlay-color":"","overlay-opacity":"","overlay-gradient":""},"tablet":{"background-color":"var(--ast-global-color-5)","background-image":"","background-repeat":"repeat","background-position":"center center","background-size":"auto","background-attachment":"scroll","background-type":"","background-media":"","overlay-type":"","overlay-color":"","overlay-opacity":"","overlay-gradient":""},"mobile":{"background-color":"var(--ast-global-color-5)","background-image":"","background-repeat":"repeat","background-position":"center center","background-size":"auto","background-attachment":"scroll","background-type":"","background-media":"","overlay-type":"","overlay-color":"","overlay-opacity":"","overlay-gradient":""}},"footnotes":""},"yoast_head":"<!-- This site is optimized with the Yoast SEO plugin v22.3 - https:\/\/yoast.com\/wordpress\/plugins\/seo\/ -->\r\n<title>Descuento en Dispropan con tus Tarjetas de Cr\u00e9dito de Banco Serfinanza<\/title>\r\n<meta name=\"robots\" content=\"index, follow, max-snippet:-1, max-image-preview:large, max-video-preview:-1\" \/>\r\n<link rel=\"canonical\" href=\"https:\/\/tarjetaolimpica.com.co\/Index\/dispropan\/\" \/>\r\n<meta property=\"og:locale\" content=\"es_ES\" \/>\r\n<meta property=\"og:type\" content=\"article\" \/>\r\n<meta property=\"og:title\" content=\"Descuento en Dispropan con tus Tarjetas de Cr\u00e9dito de Banco Serfinanza\" \/>\r\n<meta property=\"og:description\" content=\"Equipa tu cocina con los implementos y utensilios de Dispropan Vigencia: Del 2 al 31 de mayo de 2023. Mec\u00e1nica: Recibe el 10% de descuento en implementos y utensilios de cocina pagando con tus Tarjetas de Cr\u00e9dito de Banco Serfinanza.\u00a0 T\u00e9rminos y condiciones: Descuento v\u00e1lido del 2 al 31 de mayo de 2023. Descuento del [&hellip;]\" \/>\r\n<meta property=\"og:url\" content=\"https:\/\/tarjetaolimpica.com.co\/Index\/dispropan\/\" \/>\r\n<meta property=\"article:publisher\" content=\"https:\/\/www.facebook.com\/bancoserfinanza\" \/>\r\n<meta property=\"article:modified_time\" content=\"2023-05-04T17:09:49+00:00\" \/>\r\n<meta property=\"og:image\" content=\"https:\/\/tarjetaolimpica.com.co\/Index\/wp-content\/uploads\/2023\/04\/BANNER.jpg\" \/>\r\n<meta name=\"twitter:card\" content=\"summary_large_image\" \/>\r\n<meta name=\"twitter:site\" content=\"@bancoserfinanza\" \/>\r\n<meta name=\"twitter:label1\" content=\"Tiempo estimado de lectura\" \/>\n\t<meta name=\"twitter:data1\" content=\"2 minutos\" \/>\r\n<script type=\"application\/ld+json\" class=\"yoast-schema-graph\">{\"@context\":\"https:\/\/schema.org\",\"@graph\":[{\"@type\":\"WebPage\",\"@id\":\"https:\/\/tarjetaolimpica.com.co\/Index\/dispropan\/\",\"url\":\"https:\/\/tarjetaolimpica.com.co\/Index\/dispropan\/\",\"name\":\"Descuento en Dispropan con tus Tarjetas de Cr\u00e9dito de Banco Serfinanza\",\"isPartOf\":{\"@id\":\"https:\/\/tarjetaolimpica.com.co\/Index\/#website\"},\"primaryImageOfPage\":{\"@id\":\"https:\/\/tarjetaolimpica.com.co\/Index\/dispropan\/#primaryimage\"},\"image\":{\"@id\":\"https:\/\/tarjetaolimpica.com.co\/Index\/dispropan\/#primaryimage\"},\"thumbnailUrl\":\"https:\/\/tarjetaolimpica.com.co\/Index\/wp-content\/uploads\/2023\/04\/BANNER.jpg\",\"datePublished\":\"2023-04-26T22:44:40+00:00\",\"dateModified\":\"2023-05-04T17:09:49+00:00\",\"breadcrumb\":{\"@id\":\"https:\/\/tarjetaolimpica.com.co\/Index\/dispropan\/#breadcrumb\"},\"inLanguage\":\"es-CO\",\"potentialAction\":[{\"@type\":\"ReadAction\",\"target\":[\"https:\/\/tarjetaolimpica.com.co\/Index\/dispropan\/\"]}]},{\"@type\":\"ImageObject\",\"inLanguage\":\"es-CO\",\"@id\":\"https:\/\/tarjetaolimpica.com.co\/Index\/dispropan\/#primaryimage\",\"url\":\"https:\/\/tarjetaolimpica.com.co\/Index\/wp-content\/uploads\/2023\/04\/BANNER.jpg\",\"contentUrl\":\"https:\/\/tarjetaolimpica.com.co\/Index\/wp-content\/uploads\/2023\/04\/BANNER.jpg\",\"width\":800,\"height\":600},{\"@type\":\"BreadcrumbList\",\"@id\":\"https:\/\/tarjetaolimpica.com.co\/Index\/dispropan\/#breadcrumb\",\"itemListElement\":[{\"@type\":\"ListItem\",\"position\":1,\"name\":\"Home\",\"item\":\"https:\/\/tarjetaolimpica.com.co\/Index\/\"},{\"@type\":\"ListItem\",\"position\":2,\"name\":\"Dispropan\"}]},{\"@type\":\"WebSite\",\"@id\":\"https:\/\/tarjetaolimpica.com.co\/Index\/#website\",\"url\":\"https:\/\/tarjetaolimpica.com.co\/Index\/\",\"name\":\"\",\"description\":\"\",\"publisher\":{\"@id\":\"https:\/\/tarjetaolimpica.com.co\/Index\/#organization\"},\"potentialAction\":[{\"@type\":\"SearchAction\",\"target\":{\"@type\":\"EntryPoint\",\"urlTemplate\":\"https:\/\/tarjetaolimpica.com.co\/Index\/?s={search_term_string}\"},\"query-input\":\"required name=search_term_string\"}],\"inLanguage\":\"es-CO\"},{\"@type\":\"Organization\",\"@id\":\"https:\/\/tarjetaolimpica.com.co\/Index\/#organization\",\"name\":\"Banco Serfinanza\",\"url\":\"https:\/\/tarjetaolimpica.com.co\/Index\/\",\"logo\":{\"@type\":\"ImageObject\",\"inLanguage\":\"es-CO\",\"@id\":\"https:\/\/tarjetaolimpica.com.co\/Index\/#\/schema\/logo\/image\/\",\"url\":\"https:\/\/tarjetaolimpica.com.co\/Index\/wp-content\/uploads\/2019\/01\/Logo-Serfinanza-2.png\",\"contentUrl\":\"https:\/\/tarjetaolimpica.com.co\/Index\/wp-content\/uploads\/2019\/01\/Logo-Serfinanza-2.png\",\"width\":339,\"height\":78,\"caption\":\"Banco Serfinanza\"},\"image\":{\"@id\":\"https:\/\/tarjetaolimpica.com.co\/Index\/#\/schema\/logo\/image\/\"},\"sameAs\":[\"https:\/\/www.facebook.com\/bancoserfinanza\",\"https:\/\/twitter.com\/bancoserfinanza\",\"https:\/\/www.instagram.com\/bancoserfinanza\"]}]}<\/script>\r\n<!-- \/ Yoast SEO plugin. -->","yoast_head_json":{"title":"Descuento en Dispropan con tus Tarjetas de Cr\u00e9dito de Banco Serfinanza","robots":{"index":"index","follow":"follow","max-snippet":"max-snippet:-1","max-image-preview":"max-image-preview:large","max-video-preview":"max-video-preview:-1"},"canonical":"https:\/\/tarjetaolimpica.com.co\/Index\/dispropan\/","og_locale":"es_ES","og_type":"article","og_title":"Descuento en Dispropan con tus Tarjetas de Cr\u00e9dito de Banco Serfinanza","og_description":"Equipa tu cocina con los implementos y utensilios de Dispropan Vigencia: Del 2 al 31 de mayo de 2023. Mec\u00e1nica: Recibe el 10% de descuento en implementos y utensilios de cocina pagando con tus Tarjetas de Cr\u00e9dito de Banco Serfinanza.\u00a0 T\u00e9rminos y condiciones: Descuento v\u00e1lido del 2 al 31 de mayo de 2023. Descuento del [&hellip;]","og_url":"https:\/\/tarjetaolimpica.com.co\/Index\/dispropan\/","article_publisher":"https:\/\/www.facebook.com\/bancoserfinanza","article_modified_time":"2023-05-04T17:09:49+00:00","og_image":[{"url":"https:\/\/tarjetaolimpica.com.co\/Index\/wp-content\/uploads\/2023\/04\/BANNER.jpg"}],"twitter_card":"summary_large_image","twitter_site":"@bancoserfinanza","twitter_misc":{"Tiempo estimado de lectura":"2 minutos"},"schema":{"@context":"https:\/\/schema.org","@graph":[{"@type":"WebPage","@id":"https:\/\/tarjetaolimpica.com.co\/Index\/dispropan\/","url":"https:\/\/tarjetaolimpica.com.co\/Index\/dispropan\/","name":"Descuento en Dispropan con tus Tarjetas de Cr\u00e9dito de Banco Serfinanza","isPartOf":{"@id":"https:\/\/tarjetaolimpica.com.co\/Index\/#website"},"primaryImageOfPage":{"@id":"https:\/\/tarjetaolimpica.com.co\/Index\/dispropan\/#primaryimage"},"image":{"@id":"https:\/\/tarjetaolimpica.com.co\/Index\/dispropan\/#primaryimage"},"thumbnailUrl":"https:\/\/tarjetaolimpica.com.co\/Index\/wp-content\/uploads\/2023\/04\/BANNER.jpg","datePublished":"2023-04-26T22:44:40+00:00","dateModified":"2023-05-04T17:09:49+00:00","breadcrumb":{"@id":"https:\/\/tarjetaolimpica.com.co\/Index\/dispropan\/#breadcrumb"},"inLanguage":"es-CO","potentialAction":[{"@type":"ReadAction","target":["https:\/\/tarjetaolimpica.com.co\/Index\/dispropan\/"]}]},{"@type":"ImageObject","inLanguage":"es-CO","@id":"https:\/\/tarjetaolimpica.com.co\/Index\/dispropan\/#primaryimage","url":"https:\/\/tarjetaolimpica.com.co\/Index\/wp-content\/uploads\/2023\/04\/BANNER.jpg","contentUrl":"https:\/\/tarjetaolimpica.com.co\/Index\/wp-content\/uploads\/2023\/04\/BANNER.jpg","width":800,"height":600},{"@type":"BreadcrumbList","@id":"https:\/\/tarjetaolimpica.com.co\/Index\/dispropan\/#breadcrumb","itemListElement":[{"@type":"ListItem","position":1,"name":"Home","item":"https:\/\/tarjetaolimpica.com.co\/Index\/"},{"@type":"ListItem","position":2,"name":"Dispropan"}]},{"@type":"WebSite","@id":"https:\/\/tarjetaolimpica.com.co\/Index\/#website","url":"https:\/\/tarjetaolimpica.com.co\/Index\/","name":"","description":"","publisher":{"@id":"https:\/\/tarjetaolimpica.com.co\/Index\/#organization"},"potentialAction":[{"@type":"SearchAction","target":{"@type":"EntryPoint","urlTemplate":"https:\/\/tarjetaolimpica.com.co\/Index\/?s={search_term_string}"},"query-input":"required name=search_term_string"}],"inLanguage":"es-CO"},{"@type":"Organization","@id":"https:\/\/tarjetaolimpica.com.co\/Index\/#organization","name":"Banco Serfinanza","url":"https:\/\/tarjetaolimpica.com.co\/Index\/","logo":{"@type":"ImageObject","inLanguage":"es-CO","@id":"https:\/\/tarjetaolimpica.com.co\/Index\/#\/schema\/logo\/image\/","url":"https:\/\/tarjetaolimpica.com.co\/Index\/wp-content\/uploads\/2019\/01\/Logo-Serfinanza-2.png","contentUrl":"https:\/\/tarjetaolimpica.com.co\/Index\/wp-content\/uploads\/2019\/01\/Logo-Serfinanza-2.png","width":339,"height":78,"caption":"Banco Serfinanza"},"image":{"@id":"https:\/\/tarjetaolimpica.com.co\/Index\/#\/schema\/logo\/image\/"},"sameAs":["https:\/\/www.facebook.com\/bancoserfinanza","https:\/\/twitter.com\/bancoserfinanza","https:\/\/www.instagram.com\/bancoserfinanza"]}]}},"_links":{"self":[{"href":"https:\/\/tarjetaolimpica.com.co\/Index\/wp-json\/wp\/v2\/pages\/10966"}],"collection":[{"href":"https:\/\/tarjetaolimpica.com.co\/Index\/wp-json\/wp\/v2\/pages"}],"about":[{"href":"https:\/\/tarjetaolimpica.com.co\/Index\/wp-json\/wp\/v2\/types\/page"}],"author":[{"embeddable":true,"href":"https:\/\/tarjetaolimpica.com.co\/Index\/wp-json\/wp\/v2\/users\/2"}],"replies":[{"embeddable":true,"href":"https:\/\/tarjetaolimpica.com.co\/Index\/wp-json\/wp\/v2\/comments?post=10966"}],"version-history":[{"count":16,"href":"https:\/\/tarjetaolimpica.com.co\/Index\/wp-json\/wp\/v2\/pages\/10966\/revisions"}],"predecessor-version":[{"id":11011,"href":"https:\/\/tarjetaolimpica.com.co\/Index\/wp-json\/wp\/v2\/pages\/10966\/revisions\/11011"}],"wp:attachment":[{"href":"https:\/\/tarjetaolimpica.com.co\/Index\/wp-json\/wp\/v2\/media?parent=10966"}],"curies":[{"name":"wp","href":"https:\/\/api.w.org\/{rel}","templated":true}]}}