{"id":10982,"date":"2023-04-28T09:49:06","date_gmt":"2023-04-28T14:49:06","guid":{"rendered":"https:\/\/tarjetaolimpica.com.co\/Index\/?page_id=10982"},"modified":"2023-04-28T10:08:40","modified_gmt":"2023-04-28T15:08:40","slug":"jamar-2","status":"publish","type":"page","link":"https:\/\/tarjetaolimpica.com.co\/Index\/jamar-2\/","title":{"rendered":"Jamar"},"content":{"rendered":"\t\t<div data-elementor-type=\"wp-page\" data-elementor-id=\"10982\" class=\"elementor elementor-10982\" data-elementor-post-type=\"page\">\n\t\t\t\t\t\t<section class=\"elementor-section elementor-top-section elementor-element elementor-element-46f5897 elementor-section-boxed elementor-section-height-default elementor-section-height-default\" data-id=\"46f5897\" data-element_type=\"section\">\n\t\t\t\t\t\t<div class=\"elementor-container elementor-column-gap-default\">\n\t\t\t\t\t<div class=\"elementor-column elementor-col-100 elementor-top-column elementor-element elementor-element-7e1f6d8\" data-id=\"7e1f6d8\" data-element_type=\"column\">\n\t\t\t<div class=\"elementor-widget-wrap elementor-element-populated\">\n\t\t\t\t\t\t<section class=\"elementor-section elementor-inner-section elementor-element elementor-element-c6c5eb0 elementor-section-boxed elementor-section-height-default elementor-section-height-default\" data-id=\"c6c5eb0\" data-element_type=\"section\">\n\t\t\t\t\t\t<div class=\"elementor-container elementor-column-gap-default\">\n\t\t\t\t\t<div class=\"elementor-column elementor-col-50 elementor-inner-column elementor-element elementor-element-12b4727\" data-id=\"12b4727\" data-element_type=\"column\">\n\t\t\t<div class=\"elementor-widget-wrap elementor-element-populated\">\n\t\t\t\t\t\t<div class=\"elementor-element elementor-element-24252cc elementor-widget elementor-widget-heading\" data-id=\"24252cc\" data-element_type=\"widget\" data-widget_type=\"heading.default\">\n\t\t\t\t<div class=\"elementor-widget-container\">\n\t\t\t<h1 class=\"elementor-heading-title elementor-size-default\">Remodela tu hogar con los descuentos especiales en Jamar <\/h1>\t\t<\/div>\n\t\t\t\t<\/div>\n\t\t\t\t\t<\/div>\n\t\t<\/div>\n\t\t\t\t<div class=\"elementor-column elementor-col-50 elementor-inner-column elementor-element elementor-element-fa7c805\" data-id=\"fa7c805\" data-element_type=\"column\">\n\t\t\t<div class=\"elementor-widget-wrap elementor-element-populated\">\n\t\t\t\t\t\t<div class=\"elementor-element elementor-element-91fad9f elementor-widget elementor-widget-image\" data-id=\"91fad9f\" data-element_type=\"widget\" data-widget_type=\"image.default\">\n\t\t\t\t<div class=\"elementor-widget-container\">\n\t\t\t\t\t\t\t\t\t\t\t\t\t<img fetchpriority=\"high\" decoding=\"async\" width=\"1081\" height=\"1081\" src=\"https:\/\/tarjetaolimpica.com.co\/Index\/wp-content\/uploads\/2023\/04\/POST-SERFINANZA-JAMAR-copia.jpg\" class=\"attachment-1536x1536 size-1536x1536 wp-image-10984\" alt=\"\" srcset=\"https:\/\/tarjetaolimpica.com.co\/Index\/wp-content\/uploads\/2023\/04\/POST-SERFINANZA-JAMAR-copia.jpg 1081w, https:\/\/tarjetaolimpica.com.co\/Index\/wp-content\/uploads\/2023\/04\/POST-SERFINANZA-JAMAR-copia-300x300.jpg 300w, https:\/\/tarjetaolimpica.com.co\/Index\/wp-content\/uploads\/2023\/04\/POST-SERFINANZA-JAMAR-copia-1024x1024.jpg 1024w, https:\/\/tarjetaolimpica.com.co\/Index\/wp-content\/uploads\/2023\/04\/POST-SERFINANZA-JAMAR-copia-150x150.jpg 150w, https:\/\/tarjetaolimpica.com.co\/Index\/wp-content\/uploads\/2023\/04\/POST-SERFINANZA-JAMAR-copia-768x768.jpg 768w\" sizes=\"(max-width: 1081px) 100vw, 1081px\" \/>\t\t\t\t\t\t\t\t\t\t\t\t\t<\/div>\n\t\t\t\t<\/div>\n\t\t\t\t\t<\/div>\n\t\t<\/div>\n\t\t\t\t\t<\/div>\n\t\t<\/section>\n\t\t\t\t\t<\/div>\n\t\t<\/div>\n\t\t\t\t\t<\/div>\n\t\t<\/section>\n\t\t\t\t<section class=\"elementor-section elementor-top-section elementor-element elementor-element-3f81a43 elementor-section-boxed elementor-section-height-default elementor-section-height-default\" data-id=\"3f81a43\" data-element_type=\"section\">\n\t\t\t\t\t\t<div class=\"elementor-container elementor-column-gap-default\">\n\t\t\t\t\t<div class=\"elementor-column elementor-col-100 elementor-top-column elementor-element elementor-element-87d21f3\" data-id=\"87d21f3\" data-element_type=\"column\">\n\t\t\t<div class=\"elementor-widget-wrap elementor-element-populated\">\n\t\t\t\t\t\t<div class=\"elementor-element elementor-element-a3d4c83 elementor-widget elementor-widget-text-editor\" data-id=\"a3d4c83\" data-element_type=\"widget\" data-widget_type=\"text-editor.default\">\n\t\t\t\t<div class=\"elementor-widget-container\">\n\t\t\t\t\t\t\t<p><span style=\"font-size: 14pt; font-family: verdana, geneva, sans-serif; color: #f83050;\"><strong>Vigencia:<\/strong><\/span><\/p><p><span style=\"font-family: verdana, geneva, sans-serif; font-size: 12pt;\">Del 27 al 28 de abril de 2023.<\/span><\/p><p><span style=\"font-size: 14pt; color: #f83050; font-family: verdana, geneva, sans-serif;\"><strong>Mec\u00e1nica:<\/strong><\/span><\/p><p class=\"x_xxxmsonormal\"><span style=\"font-family: verdana, geneva, sans-serif;\"><span class=\"x_ContentPasted1\">Aprovecha el <strong>25% de descuento<\/strong> en categor\u00edas de salas, comedores, dormitorios y colchones de la tienda Jamar comprando con tus Tarjetas de Banco Serfinanza.<\/span><\/span><\/p><p><span style=\"font-family: verdana, geneva, sans-serif;\"><strong><span style=\"color: #f83050; font-size: 14pt;\">T\u00e9rminos y condiciones:<\/span><\/strong><\/span><\/p><p><span style=\"font-family: verdana, geneva, sans-serif;\"><span class=\"x_ContentPasted1\">Oferta v\u00e1lida en todas las tiendas de Jamar Colombia el 27 y 28 de abril 2023 y\/o hasta agotar existencias, lo que suceda primero. Los descuentos del 25% aplican en categor\u00eda de salas, comedores, dormitorios y colchones y es v\u00e1lido pagando \u00fanicamente con Tarjeta Ol\u00edmpica, Tarjeta Ol\u00edmpica Mastercard, Tarjeta Ol\u00edmpica Mastercard Gold, Tarjeta Mastercard Black Banco Serfinanza o Tarjeta D\u00e9bito Mastercard de Banco Serfinanza bajo la modalidad de compra Club Familias Felices y se calculan sobre precio de lista del producto. Oferta no aplica para productos de l\u00ednea Brissa ni decora, as\u00ed como tampoco aplican los productos que est\u00e9n expresamente se\u00f1alados bajo las financiaciones a trav\u00e9s de CREDIJAMAR S.A. Los descuentos son calculados a partir del precio de referencia o lista y no son acumulables con otras promociones dentro de la tienda, planes de ofertas, ni sistema de financiaci\u00f3n y\/o descuentos, ni redimibles por dinero en efectivo. Los productos publicados en las comunicaciones no incluyen elementos de ambientaci\u00f3n, decoraci\u00f3n y accesorios que no est\u00e9n referenciados. El servicio de transporte y armado gratis aplica para Barranquilla, Santa Marta, Cartagena, Monter\u00eda, Valledupar, Riohacha, Sincelejo, Medell\u00edn, Bogot\u00e1, Bucaramanga y sus \u00e1reas metropolitanas por compras superiores a $250.000. La vigencia de la garant\u00eda se especifica por producto en la factura de venta. Oferta personal e intransferible. Banco Serfinanza solo act\u00faa como ente emisor del medio de pago, los productos y\/o servicios son responsabilidad del aliado.<\/span>\u00a0<\/span><\/p>\t\t\t\t\t\t<\/div>\n\t\t\t\t<\/div>\n\t\t\t\t\t<\/div>\n\t\t<\/div>\n\t\t\t\t\t<\/div>\n\t\t<\/section>\n\t\t\t\t<\/div>\n\t\t","protected":false},"excerpt":{"rendered":"<p>Remodela tu hogar con los descuentos especiales en Jamar Vigencia: Del 27 al 28 de abril de 2023. Mec\u00e1nica: Aprovecha el 25% de descuento en categor\u00edas de salas, comedores, dormitorios y colchones de la tienda Jamar comprando con tus Tarjetas de Banco Serfinanza. T\u00e9rminos y condiciones: Oferta v\u00e1lida en todas las tiendas de Jamar Colombia [&hellip;]<\/p>\n","protected":false},"author":2,"featured_media":0,"parent":0,"menu_order":0,"comment_status":"closed","ping_status":"closed","template":"","meta":{"_eb_attr":"","site-sidebar-layout":"no-sidebar","site-content-layout":"page-builder","ast-site-content-layout":"","site-content-style":"default","site-sidebar-style":"default","ast-global-header-display":"","ast-banner-title-visibility":"","ast-main-header-display":"","ast-hfb-above-header-display":"","ast-hfb-below-header-display":"","ast-hfb-mobile-header-display":"","site-post-title":"disabled","ast-breadcrumbs-content":"","ast-featured-img":"disabled","footer-sml-layout":"","theme-transparent-header-meta":"default","adv-header-id-meta":"","stick-header-meta":"","header-above-stick-meta":"","header-main-stick-meta":"","header-below-stick-meta":"","astra-migrate-meta-layouts":"default","ast-page-background-enabled":"default","ast-page-background-meta":{"desktop":{"background-color":"","background-image":"","background-repeat":"repeat","background-position":"center center","background-size":"auto","background-attachment":"scroll","background-type":"","background-media":"","overlay-type":"","overlay-color":"","overlay-opacity":"","overlay-gradient":""},"tablet":{"background-color":"","background-image":"","background-repeat":"repeat","background-position":"center center","background-size":"auto","background-attachment":"scroll","background-type":"","background-media":"","overlay-type":"","overlay-color":"","overlay-opacity":"","overlay-gradient":""},"mobile":{"background-color":"","background-image":"","background-repeat":"repeat","background-position":"center center","background-size":"auto","background-attachment":"scroll","background-type":"","background-media":"","overlay-type":"","overlay-color":"","overlay-opacity":"","overlay-gradient":""}},"ast-content-background-meta":{"desktop":{"background-color":"var(--ast-global-color-5)","background-image":"","background-repeat":"repeat","background-position":"center center","background-size":"auto","background-attachment":"scroll","background-type":"","background-media":"","overlay-type":"","overlay-color":"","overlay-opacity":"","overlay-gradient":""},"tablet":{"background-color":"var(--ast-global-color-5)","background-image":"","background-repeat":"repeat","background-position":"center center","background-size":"auto","background-attachment":"scroll","background-type":"","background-media":"","overlay-type":"","overlay-color":"","overlay-opacity":"","overlay-gradient":""},"mobile":{"background-color":"var(--ast-global-color-5)","background-image":"","background-repeat":"repeat","background-position":"center center","background-size":"auto","background-attachment":"scroll","background-type":"","background-media":"","overlay-type":"","overlay-color":"","overlay-opacity":"","overlay-gradient":""}},"footnotes":""},"yoast_head":"<!-- This site is optimized with the Yoast SEO plugin v22.3 - https:\/\/yoast.com\/wordpress\/plugins\/seo\/ -->\r\n<title>Descuento en Jamar con tus Tarjetas de Banco Serfinanza<\/title>\r\n<meta name=\"robots\" content=\"index, follow, max-snippet:-1, max-image-preview:large, max-video-preview:-1\" \/>\r\n<link rel=\"canonical\" href=\"https:\/\/tarjetaolimpica.com.co\/Index\/jamar-2\/\" \/>\r\n<meta property=\"og:locale\" content=\"es_ES\" \/>\r\n<meta property=\"og:type\" content=\"article\" \/>\r\n<meta property=\"og:title\" content=\"Descuento en Jamar con tus Tarjetas de Banco Serfinanza\" \/>\r\n<meta property=\"og:description\" content=\"Remodela tu hogar con los descuentos especiales en Jamar Vigencia: Del 27 al 28 de abril de 2023. Mec\u00e1nica: Aprovecha el 25% de descuento en categor\u00edas de salas, comedores, dormitorios y colchones de la tienda Jamar comprando con tus Tarjetas de Banco Serfinanza. T\u00e9rminos y condiciones: Oferta v\u00e1lida en todas las tiendas de Jamar Colombia [&hellip;]\" \/>\r\n<meta property=\"og:url\" content=\"https:\/\/tarjetaolimpica.com.co\/Index\/jamar-2\/\" \/>\r\n<meta property=\"article:publisher\" content=\"https:\/\/www.facebook.com\/bancoserfinanza\" \/>\r\n<meta property=\"article:modified_time\" content=\"2023-04-28T15:08:40+00:00\" \/>\r\n<meta property=\"og:image\" content=\"https:\/\/tarjetaolimpica.com.co\/Index\/wp-content\/uploads\/2023\/04\/POST-SERFINANZA-JAMAR-copia.jpg\" \/>\r\n<meta name=\"twitter:card\" content=\"summary_large_image\" \/>\r\n<meta name=\"twitter:site\" content=\"@bancoserfinanza\" \/>\r\n<meta name=\"twitter:label1\" content=\"Tiempo estimado de lectura\" \/>\n\t<meta name=\"twitter:data1\" content=\"2 minutos\" \/>\r\n<script type=\"application\/ld+json\" class=\"yoast-schema-graph\">{\"@context\":\"https:\/\/schema.org\",\"@graph\":[{\"@type\":\"WebPage\",\"@id\":\"https:\/\/tarjetaolimpica.com.co\/Index\/jamar-2\/\",\"url\":\"https:\/\/tarjetaolimpica.com.co\/Index\/jamar-2\/\",\"name\":\"Descuento en Jamar con tus Tarjetas de Banco Serfinanza\",\"isPartOf\":{\"@id\":\"https:\/\/tarjetaolimpica.com.co\/Index\/#website\"},\"primaryImageOfPage\":{\"@id\":\"https:\/\/tarjetaolimpica.com.co\/Index\/jamar-2\/#primaryimage\"},\"image\":{\"@id\":\"https:\/\/tarjetaolimpica.com.co\/Index\/jamar-2\/#primaryimage\"},\"thumbnailUrl\":\"https:\/\/tarjetaolimpica.com.co\/Index\/wp-content\/uploads\/2023\/04\/POST-SERFINANZA-JAMAR-copia.jpg\",\"datePublished\":\"2023-04-28T14:49:06+00:00\",\"dateModified\":\"2023-04-28T15:08:40+00:00\",\"breadcrumb\":{\"@id\":\"https:\/\/tarjetaolimpica.com.co\/Index\/jamar-2\/#breadcrumb\"},\"inLanguage\":\"es-CO\",\"potentialAction\":[{\"@type\":\"ReadAction\",\"target\":[\"https:\/\/tarjetaolimpica.com.co\/Index\/jamar-2\/\"]}]},{\"@type\":\"ImageObject\",\"inLanguage\":\"es-CO\",\"@id\":\"https:\/\/tarjetaolimpica.com.co\/Index\/jamar-2\/#primaryimage\",\"url\":\"https:\/\/tarjetaolimpica.com.co\/Index\/wp-content\/uploads\/2023\/04\/POST-SERFINANZA-JAMAR-copia.jpg\",\"contentUrl\":\"https:\/\/tarjetaolimpica.com.co\/Index\/wp-content\/uploads\/2023\/04\/POST-SERFINANZA-JAMAR-copia.jpg\",\"width\":1081,\"height\":1081},{\"@type\":\"BreadcrumbList\",\"@id\":\"https:\/\/tarjetaolimpica.com.co\/Index\/jamar-2\/#breadcrumb\",\"itemListElement\":[{\"@type\":\"ListItem\",\"position\":1,\"name\":\"Home\",\"item\":\"https:\/\/tarjetaolimpica.com.co\/Index\/\"},{\"@type\":\"ListItem\",\"position\":2,\"name\":\"Jamar\"}]},{\"@type\":\"WebSite\",\"@id\":\"https:\/\/tarjetaolimpica.com.co\/Index\/#website\",\"url\":\"https:\/\/tarjetaolimpica.com.co\/Index\/\",\"name\":\"\",\"description\":\"\",\"publisher\":{\"@id\":\"https:\/\/tarjetaolimpica.com.co\/Index\/#organization\"},\"potentialAction\":[{\"@type\":\"SearchAction\",\"target\":{\"@type\":\"EntryPoint\",\"urlTemplate\":\"https:\/\/tarjetaolimpica.com.co\/Index\/?s={search_term_string}\"},\"query-input\":\"required name=search_term_string\"}],\"inLanguage\":\"es-CO\"},{\"@type\":\"Organization\",\"@id\":\"https:\/\/tarjetaolimpica.com.co\/Index\/#organization\",\"name\":\"Banco Serfinanza\",\"url\":\"https:\/\/tarjetaolimpica.com.co\/Index\/\",\"logo\":{\"@type\":\"ImageObject\",\"inLanguage\":\"es-CO\",\"@id\":\"https:\/\/tarjetaolimpica.com.co\/Index\/#\/schema\/logo\/image\/\",\"url\":\"https:\/\/tarjetaolimpica.com.co\/Index\/wp-content\/uploads\/2019\/01\/Logo-Serfinanza-2.png\",\"contentUrl\":\"https:\/\/tarjetaolimpica.com.co\/Index\/wp-content\/uploads\/2019\/01\/Logo-Serfinanza-2.png\",\"width\":339,\"height\":78,\"caption\":\"Banco Serfinanza\"},\"image\":{\"@id\":\"https:\/\/tarjetaolimpica.com.co\/Index\/#\/schema\/logo\/image\/\"},\"sameAs\":[\"https:\/\/www.facebook.com\/bancoserfinanza\",\"https:\/\/twitter.com\/bancoserfinanza\",\"https:\/\/www.instagram.com\/bancoserfinanza\"]}]}<\/script>\r\n<!-- \/ Yoast SEO plugin. -->","yoast_head_json":{"title":"Descuento en Jamar con tus Tarjetas de Banco Serfinanza","robots":{"index":"index","follow":"follow","max-snippet":"max-snippet:-1","max-image-preview":"max-image-preview:large","max-video-preview":"max-video-preview:-1"},"canonical":"https:\/\/tarjetaolimpica.com.co\/Index\/jamar-2\/","og_locale":"es_ES","og_type":"article","og_title":"Descuento en Jamar con tus Tarjetas de Banco Serfinanza","og_description":"Remodela tu hogar con los descuentos especiales en Jamar Vigencia: Del 27 al 28 de abril de 2023. Mec\u00e1nica: Aprovecha el 25% de descuento en categor\u00edas de salas, comedores, dormitorios y colchones de la tienda Jamar comprando con tus Tarjetas de Banco Serfinanza. T\u00e9rminos y condiciones: Oferta v\u00e1lida en todas las tiendas de Jamar Colombia [&hellip;]","og_url":"https:\/\/tarjetaolimpica.com.co\/Index\/jamar-2\/","article_publisher":"https:\/\/www.facebook.com\/bancoserfinanza","article_modified_time":"2023-04-28T15:08:40+00:00","og_image":[{"url":"https:\/\/tarjetaolimpica.com.co\/Index\/wp-content\/uploads\/2023\/04\/POST-SERFINANZA-JAMAR-copia.jpg"}],"twitter_card":"summary_large_image","twitter_site":"@bancoserfinanza","twitter_misc":{"Tiempo estimado de lectura":"2 minutos"},"schema":{"@context":"https:\/\/schema.org","@graph":[{"@type":"WebPage","@id":"https:\/\/tarjetaolimpica.com.co\/Index\/jamar-2\/","url":"https:\/\/tarjetaolimpica.com.co\/Index\/jamar-2\/","name":"Descuento en Jamar con tus Tarjetas de Banco Serfinanza","isPartOf":{"@id":"https:\/\/tarjetaolimpica.com.co\/Index\/#website"},"primaryImageOfPage":{"@id":"https:\/\/tarjetaolimpica.com.co\/Index\/jamar-2\/#primaryimage"},"image":{"@id":"https:\/\/tarjetaolimpica.com.co\/Index\/jamar-2\/#primaryimage"},"thumbnailUrl":"https:\/\/tarjetaolimpica.com.co\/Index\/wp-content\/uploads\/2023\/04\/POST-SERFINANZA-JAMAR-copia.jpg","datePublished":"2023-04-28T14:49:06+00:00","dateModified":"2023-04-28T15:08:40+00:00","breadcrumb":{"@id":"https:\/\/tarjetaolimpica.com.co\/Index\/jamar-2\/#breadcrumb"},"inLanguage":"es-CO","potentialAction":[{"@type":"ReadAction","target":["https:\/\/tarjetaolimpica.com.co\/Index\/jamar-2\/"]}]},{"@type":"ImageObject","inLanguage":"es-CO","@id":"https:\/\/tarjetaolimpica.com.co\/Index\/jamar-2\/#primaryimage","url":"https:\/\/tarjetaolimpica.com.co\/Index\/wp-content\/uploads\/2023\/04\/POST-SERFINANZA-JAMAR-copia.jpg","contentUrl":"https:\/\/tarjetaolimpica.com.co\/Index\/wp-content\/uploads\/2023\/04\/POST-SERFINANZA-JAMAR-copia.jpg","width":1081,"height":1081},{"@type":"BreadcrumbList","@id":"https:\/\/tarjetaolimpica.com.co\/Index\/jamar-2\/#breadcrumb","itemListElement":[{"@type":"ListItem","position":1,"name":"Home","item":"https:\/\/tarjetaolimpica.com.co\/Index\/"},{"@type":"ListItem","position":2,"name":"Jamar"}]},{"@type":"WebSite","@id":"https:\/\/tarjetaolimpica.com.co\/Index\/#website","url":"https:\/\/tarjetaolimpica.com.co\/Index\/","name":"","description":"","publisher":{"@id":"https:\/\/tarjetaolimpica.com.co\/Index\/#organization"},"potentialAction":[{"@type":"SearchAction","target":{"@type":"EntryPoint","urlTemplate":"https:\/\/tarjetaolimpica.com.co\/Index\/?s={search_term_string}"},"query-input":"required name=search_term_string"}],"inLanguage":"es-CO"},{"@type":"Organization","@id":"https:\/\/tarjetaolimpica.com.co\/Index\/#organization","name":"Banco Serfinanza","url":"https:\/\/tarjetaolimpica.com.co\/Index\/","logo":{"@type":"ImageObject","inLanguage":"es-CO","@id":"https:\/\/tarjetaolimpica.com.co\/Index\/#\/schema\/logo\/image\/","url":"https:\/\/tarjetaolimpica.com.co\/Index\/wp-content\/uploads\/2019\/01\/Logo-Serfinanza-2.png","contentUrl":"https:\/\/tarjetaolimpica.com.co\/Index\/wp-content\/uploads\/2019\/01\/Logo-Serfinanza-2.png","width":339,"height":78,"caption":"Banco Serfinanza"},"image":{"@id":"https:\/\/tarjetaolimpica.com.co\/Index\/#\/schema\/logo\/image\/"},"sameAs":["https:\/\/www.facebook.com\/bancoserfinanza","https:\/\/twitter.com\/bancoserfinanza","https:\/\/www.instagram.com\/bancoserfinanza"]}]}},"_links":{"self":[{"href":"https:\/\/tarjetaolimpica.com.co\/Index\/wp-json\/wp\/v2\/pages\/10982"}],"collection":[{"href":"https:\/\/tarjetaolimpica.com.co\/Index\/wp-json\/wp\/v2\/pages"}],"about":[{"href":"https:\/\/tarjetaolimpica.com.co\/Index\/wp-json\/wp\/v2\/types\/page"}],"author":[{"embeddable":true,"href":"https:\/\/tarjetaolimpica.com.co\/Index\/wp-json\/wp\/v2\/users\/2"}],"replies":[{"embeddable":true,"href":"https:\/\/tarjetaolimpica.com.co\/Index\/wp-json\/wp\/v2\/comments?post=10982"}],"version-history":[{"count":5,"href":"https:\/\/tarjetaolimpica.com.co\/Index\/wp-json\/wp\/v2\/pages\/10982\/revisions"}],"predecessor-version":[{"id":10988,"href":"https:\/\/tarjetaolimpica.com.co\/Index\/wp-json\/wp\/v2\/pages\/10982\/revisions\/10988"}],"wp:attachment":[{"href":"https:\/\/tarjetaolimpica.com.co\/Index\/wp-json\/wp\/v2\/media?parent=10982"}],"curies":[{"name":"wp","href":"https:\/\/api.w.org\/{rel}","templated":true}]}}