{"id":11109,"date":"2023-06-15T17:30:42","date_gmt":"2023-06-15T22:30:42","guid":{"rendered":"https:\/\/tarjetaolimpica.com.co\/Index\/?page_id=11109"},"modified":"2025-04-22T11:27:01","modified_gmt":"2025-04-22T16:27:01","slug":"avance-en-cuenta-tco","status":"publish","type":"page","link":"https:\/\/tarjetaolimpica.com.co\/Index\/avance-en-cuenta-tco\/","title":{"rendered":"Avance en cuenta TCO"},"content":{"rendered":"\t\t<div data-elementor-type=\"wp-page\" data-elementor-id=\"11109\" class=\"elementor elementor-11109\" data-elementor-post-type=\"page\">\n\t\t\t\t\t\t<section class=\"elementor-section elementor-top-section elementor-element elementor-element-0c658c6 elementor-section-boxed elementor-section-height-default elementor-section-height-default\" data-id=\"0c658c6\" data-element_type=\"section\">\n\t\t\t\t\t\t<div class=\"elementor-container elementor-column-gap-default\">\n\t\t\t\t\t<div class=\"elementor-column elementor-col-50 elementor-top-column elementor-element elementor-element-015c568\" data-id=\"015c568\" data-element_type=\"column\">\n\t\t\t<div class=\"elementor-widget-wrap elementor-element-populated\">\n\t\t\t\t\t\t<div class=\"elementor-element elementor-element-a70bc45 elementor-widget elementor-widget-image\" data-id=\"a70bc45\" data-element_type=\"widget\" data-widget_type=\"image.default\">\n\t\t\t\t<div class=\"elementor-widget-container\">\n\t\t\t\t\t\t\t\t\t\t\t\t\t<img fetchpriority=\"high\" decoding=\"async\" width=\"1024\" height=\"698\" src=\"https:\/\/tarjetaolimpica.com.co\/Index\/wp-content\/uploads\/2022\/10\/Compra-de-Cartera-1024x698.png\" class=\"attachment-large size-large wp-image-9258\" alt=\"\" srcset=\"https:\/\/tarjetaolimpica.com.co\/Index\/wp-content\/uploads\/2022\/10\/Compra-de-Cartera-1024x698.png 1024w, https:\/\/tarjetaolimpica.com.co\/Index\/wp-content\/uploads\/2022\/10\/Compra-de-Cartera-300x205.png 300w, https:\/\/tarjetaolimpica.com.co\/Index\/wp-content\/uploads\/2022\/10\/Compra-de-Cartera-768x524.png 768w, https:\/\/tarjetaolimpica.com.co\/Index\/wp-content\/uploads\/2022\/10\/Compra-de-Cartera-1536x1047.png 1536w, https:\/\/tarjetaolimpica.com.co\/Index\/wp-content\/uploads\/2022\/10\/Compra-de-Cartera.png 1555w\" sizes=\"(max-width: 1024px) 100vw, 1024px\" \/>\t\t\t\t\t\t\t\t\t\t\t\t\t<\/div>\n\t\t\t\t<\/div>\n\t\t\t\t\t<\/div>\n\t\t<\/div>\n\t\t\t\t<div class=\"elementor-column elementor-col-50 elementor-top-column elementor-element elementor-element-32f6de7\" data-id=\"32f6de7\" data-element_type=\"column\">\n\t\t\t<div class=\"elementor-widget-wrap elementor-element-populated\">\n\t\t\t\t\t\t<div class=\"elementor-element elementor-element-429c615 elementor-widget elementor-widget-heading\" data-id=\"429c615\" data-element_type=\"widget\" data-widget_type=\"heading.default\">\n\t\t\t\t<div class=\"elementor-widget-container\">\n\t\t\t<h2 class=\"elementor-heading-title elementor-size-default\">\u00a1Conoce c\u00f3mo  realizar avance en cuenta desde Serfinanza Virtual Personas y la Aplicaci\u00f3n Serfinanza M\u00f3vil!<\/h2>\t\t<\/div>\n\t\t\t\t<\/div>\n\t\t\t\t\t<\/div>\n\t\t<\/div>\n\t\t\t\t\t<\/div>\n\t\t<\/section>\n\t\t\t\t<section class=\"elementor-section elementor-top-section elementor-element elementor-element-1d42da6 elementor-section-boxed elementor-section-height-default elementor-section-height-default\" data-id=\"1d42da6\" data-element_type=\"section\">\n\t\t\t\t\t\t<div class=\"elementor-container elementor-column-gap-default\">\n\t\t\t\t\t<div class=\"elementor-column elementor-col-100 elementor-top-column elementor-element elementor-element-d5de490\" data-id=\"d5de490\" data-element_type=\"column\">\n\t\t\t<div class=\"elementor-widget-wrap elementor-element-populated\">\n\t\t\t\t\t\t<div class=\"elementor-element elementor-element-5b7f323 elementor-widget elementor-widget-text-editor\" data-id=\"5b7f323\" data-element_type=\"widget\" data-widget_type=\"text-editor.default\">\n\t\t\t\t<div class=\"elementor-widget-container\">\n\t\t\t\t\t\t\t<p style=\"text-align: center;\"><span style=\"font-family: verdana, geneva, sans-serif; color: #130483; font-size: 18pt;\"><strong>Realiza tu avance desde cualquiera de estos dos canales:<\/strong><\/span><\/p>\t\t\t\t\t\t<\/div>\n\t\t\t\t<\/div>\n\t\t\t\t\t<\/div>\n\t\t<\/div>\n\t\t\t\t\t<\/div>\n\t\t<\/section>\n\t\t\t\t<section class=\"elementor-section elementor-top-section elementor-element elementor-element-0922c15 elementor-section-boxed elementor-section-height-default elementor-section-height-default\" data-id=\"0922c15\" data-element_type=\"section\">\n\t\t\t\t\t\t<div class=\"elementor-container elementor-column-gap-default\">\n\t\t\t\t\t<div class=\"elementor-column elementor-col-100 elementor-top-column elementor-element elementor-element-95ae6a9\" data-id=\"95ae6a9\" data-element_type=\"column\">\n\t\t\t<div class=\"elementor-widget-wrap elementor-element-populated\">\n\t\t\t\t\t\t<div class=\"elementor-element elementor-element-63016d8 elementor-widget elementor-widget-text-editor\" data-id=\"63016d8\" data-element_type=\"widget\" data-widget_type=\"text-editor.default\">\n\t\t\t\t<div class=\"elementor-widget-container\">\n\t\t\t\t\t\t\t<p><span style=\"color: #f73354;\"><strong><span style=\"font-family: verdana, geneva, sans-serif;\">Desde Serfinanza Virtual Personas<\/span><\/strong><\/span><\/p>\t\t\t\t\t\t<\/div>\n\t\t\t\t<\/div>\n\t\t\t\t\t<\/div>\n\t\t<\/div>\n\t\t\t\t\t<\/div>\n\t\t<\/section>\n\t\t\t\t<section class=\"elementor-section elementor-top-section elementor-element elementor-element-e6755c1 elementor-section-boxed elementor-section-height-default elementor-section-height-default\" data-id=\"e6755c1\" data-element_type=\"section\">\n\t\t\t\t\t\t<div class=\"elementor-container elementor-column-gap-default\">\n\t\t\t\t\t<div class=\"elementor-column elementor-col-100 elementor-top-column elementor-element elementor-element-e01d870\" data-id=\"e01d870\" data-element_type=\"column\">\n\t\t\t<div class=\"elementor-widget-wrap elementor-element-populated\">\n\t\t\t\t\t\t<div class=\"elementor-element elementor-element-d009042 elementor-widget elementor-widget-text-editor\" data-id=\"d009042\" data-element_type=\"widget\" data-widget_type=\"text-editor.default\">\n\t\t\t\t<div class=\"elementor-widget-container\">\n\t\t\t\t\t\t\t<ol><li><span style=\"font-family: verdana, geneva, sans-serif; color: #999999;\">Ingresa a nuestro portal www.bancoserfinanza.com, bot\u00f3n <strong>Serfinanza Virtua<\/strong>l<b>\u00a0&gt; Personas. <\/b><\/span><\/li><li><span style=\"color: #999999; font-family: verdana, geneva, sans-serif; font-size: 15px;\">Selecciona en el men\u00fa principal la opci\u00f3n <b>Servicios &gt; Avance en cuenta.<\/b><\/span><\/li><li><span style=\"font-family: verdana, geneva, sans-serif; color: #999999;\">Ingresa el monto del avance, selecciona la Tarjeta de Cr\u00e9dito, digita\u00a0 la fecha de expiraci\u00f3n y el c\u00f3digo de verificaci\u00f3n. Luego, escoge el n\u00famero de cuotas a diferir, la cuenta destino y escribe el c\u00f3digo de seguridad enviado a tu celular registrado en el Banco.\u00a0\u00a0<\/span><\/li><li><span style=\"font-family: verdana, geneva, sans-serif; color: #999999;\">Haz clic en el bot\u00f3n<b> Realizar avance.<\/b><\/span><\/li><\/ol>\t\t\t\t\t\t<\/div>\n\t\t\t\t<\/div>\n\t\t\t\t<div class=\"elementor-element elementor-element-83c6015 elementor-mobile-align-center elementor-align-center elementor-widget elementor-widget-button\" data-id=\"83c6015\" data-element_type=\"widget\" data-widget_type=\"button.default\">\n\t\t\t\t<div class=\"elementor-widget-container\">\n\t\t\t\t\t<div class=\"elementor-button-wrapper\">\n\t\t\t<a class=\"elementor-button elementor-button-link elementor-size-sm\" href=\"http:\/\/serfinanzavirtual.bancoserfinanza.com\/Personal\/Login\/Index\">\n\t\t\t\t\t\t<span class=\"elementor-button-content-wrapper\">\n\t\t\t\t\t\t<span class=\"elementor-button-text\">Ingresa a Serfinanza Virtual Personas aqu\u00ed<\/span>\n\t\t<\/span>\n\t\t\t\t\t<\/a>\n\t\t<\/div>\n\t\t\t\t<\/div>\n\t\t\t\t<\/div>\n\t\t\t\t\t<\/div>\n\t\t<\/div>\n\t\t\t\t\t<\/div>\n\t\t<\/section>\n\t\t\t\t<section class=\"elementor-section elementor-top-section elementor-element elementor-element-964cb0e elementor-section-boxed elementor-section-height-default elementor-section-height-default\" data-id=\"964cb0e\" data-element_type=\"section\">\n\t\t\t\t\t\t<div class=\"elementor-container elementor-column-gap-default\">\n\t\t\t\t\t<div class=\"elementor-column elementor-col-100 elementor-top-column elementor-element elementor-element-4245712\" data-id=\"4245712\" data-element_type=\"column\">\n\t\t\t<div class=\"elementor-widget-wrap elementor-element-populated\">\n\t\t\t\t\t\t<div class=\"elementor-element elementor-element-51a3bd0 elementor-widget elementor-widget-text-editor\" data-id=\"51a3bd0\" data-element_type=\"widget\" data-widget_type=\"text-editor.default\">\n\t\t\t\t<div class=\"elementor-widget-container\">\n\t\t\t\t\t\t\t<p><span style=\"color: #f73354;\"><strong><span style=\"font-family: verdana, geneva, sans-serif;\">Desde la Aplicaci\u00f3n Serfinanza M\u00f3vil<\/span><\/strong><\/span><\/p>\t\t\t\t\t\t<\/div>\n\t\t\t\t<\/div>\n\t\t\t\t\t<\/div>\n\t\t<\/div>\n\t\t\t\t\t<\/div>\n\t\t<\/section>\n\t\t\t\t<section class=\"elementor-section elementor-top-section elementor-element elementor-element-ff6d8e4 elementor-section-boxed elementor-section-height-default elementor-section-height-default\" data-id=\"ff6d8e4\" data-element_type=\"section\">\n\t\t\t\t\t\t<div class=\"elementor-container elementor-column-gap-default\">\n\t\t\t\t\t<div class=\"elementor-column elementor-col-100 elementor-top-column elementor-element elementor-element-e1e7785\" data-id=\"e1e7785\" data-element_type=\"column\">\n\t\t\t<div class=\"elementor-widget-wrap elementor-element-populated\">\n\t\t\t\t\t\t<div class=\"elementor-element elementor-element-e781aff elementor-widget elementor-widget-text-editor\" data-id=\"e781aff\" data-element_type=\"widget\" data-widget_type=\"text-editor.default\">\n\t\t\t\t<div class=\"elementor-widget-container\">\n\t\t\t\t\t\t\t<ol><li><span style=\"font-family: verdana, geneva, sans-serif; color: #999999;\">Ingresa con tus credenciales de acceso a la Aplicaci\u00f3n Serfinanza M\u00f3vil.<\/span><\/li><li><span style=\"font-family: verdana, geneva, sans-serif; color: #999999;\">Selecciona en el men\u00fa principal la opci\u00f3n <b>Avances.<\/b><\/span><\/li><li><span style=\"font-family: verdana, geneva, sans-serif; color: #999999;\">\u00a0Escoge el producto de origen, la fecha de vencimiento de la tarjeta y digita el c\u00f3digo de\u00a0 verificaci\u00f3n(CVV). Luego, selecciona la cuenta destino, el n\u00famero de cuotas a diferir y el monto del avance.\u00a0<\/span><\/li><li><span style=\"font-family: verdana, geneva, sans-serif; color: #999999;\">Haz clic en el bot\u00f3n<b>\u00a0Continuar <\/b>y sigue los pasos<\/span>.<\/li><\/ol><div><span style=\"color: #999999; font-family: verdana, geneva, sans-serif;\"><b>Nota: para realizar un avance en cuenta, debes tener alguno de los siguientes productos de Banco Serfinanza: Cuenta de Ahorros, Cuenta Corriente, Plan de Ahorro o CliCuenta.<\/b><\/span><\/div>\t\t\t\t\t\t<\/div>\n\t\t\t\t<\/div>\n\t\t\t\t\t<\/div>\n\t\t<\/div>\n\t\t\t\t\t<\/div>\n\t\t<\/section>\n\t\t\t\t<section class=\"elementor-section elementor-top-section elementor-element elementor-element-7f253cb elementor-section-boxed elementor-section-height-default elementor-section-height-default\" data-id=\"7f253cb\" data-element_type=\"section\">\n\t\t\t\t\t\t<div class=\"elementor-container elementor-column-gap-default\">\n\t\t\t\t\t<div class=\"elementor-column elementor-col-100 elementor-top-column elementor-element elementor-element-5871d94\" data-id=\"5871d94\" data-element_type=\"column\">\n\t\t\t<div class=\"elementor-widget-wrap elementor-element-populated\">\n\t\t\t\t\t\t<div class=\"elementor-element elementor-element-cd08df7 elementor-mobile-align-center elementor-align-center elementor-widget elementor-widget-button\" data-id=\"cd08df7\" data-element_type=\"widget\" data-widget_type=\"button.default\">\n\t\t\t\t<div class=\"elementor-widget-container\">\n\t\t\t\t\t<div class=\"elementor-button-wrapper\">\n\t\t\t<a class=\"elementor-button elementor-button-link elementor-size-sm\" href=\"http:\/\/bancoserfinanza.com\/wp-content\/uploads\/AppTiendas\/\">\n\t\t\t\t\t\t<span class=\"elementor-button-content-wrapper\">\n\t\t\t\t\t\t<span class=\"elementor-button-text\">Descarga la Aplicaci\u00f3n Serfinanza M\u00f3vil aqu\u00ed<\/span>\n\t\t<\/span>\n\t\t\t\t\t<\/a>\n\t\t<\/div>\n\t\t\t\t<\/div>\n\t\t\t\t<\/div>\n\t\t\t\t<div class=\"elementor-element elementor-element-9be6aaa elementor-widget elementor-widget-heading\" data-id=\"9be6aaa\" data-element_type=\"widget\" data-widget_type=\"heading.default\">\n\t\t\t\t<div class=\"elementor-widget-container\">\n\t\t\t<p class=\"elementor-heading-title elementor-size-default\">\u00a1Listo! una vez realices el avance podr\u00e1s tener dinero disponible siempre.<\/p>\t\t<\/div>\n\t\t\t\t<\/div>\n\t\t\t\t\t<\/div>\n\t\t<\/div>\n\t\t\t\t\t<\/div>\n\t\t<\/section>\n\t\t\t\t<\/div>\n\t\t","protected":false},"excerpt":{"rendered":"<p>\u00a1Conoce c\u00f3mo realizar avance en cuenta desde Serfinanza Virtual Personas y la Aplicaci\u00f3n Serfinanza M\u00f3vil! Realiza tu avance desde cualquiera de estos dos canales: Desde Serfinanza Virtual Personas Ingresa a nuestro portal www.bancoserfinanza.com, bot\u00f3n Serfinanza Virtual\u00a0&gt; Personas. Selecciona en el men\u00fa principal la opci\u00f3n Servicios &gt; Avance en cuenta. Ingresa el monto del avance, selecciona [&hellip;]<\/p>\n","protected":false},"author":2,"featured_media":0,"parent":0,"menu_order":0,"comment_status":"closed","ping_status":"closed","template":"","meta":{"_eb_attr":"","site-sidebar-layout":"no-sidebar","site-content-layout":"page-builder","ast-site-content-layout":"","site-content-style":"default","site-sidebar-style":"default","ast-global-header-display":"","ast-banner-title-visibility":"","ast-main-header-display":"","ast-hfb-above-header-display":"","ast-hfb-below-header-display":"","ast-hfb-mobile-header-display":"","site-post-title":"disabled","ast-breadcrumbs-content":"","ast-featured-img":"disabled","footer-sml-layout":"","theme-transparent-header-meta":"default","adv-header-id-meta":"","stick-header-meta":"","header-above-stick-meta":"","header-main-stick-meta":"","header-below-stick-meta":"","astra-migrate-meta-layouts":"default","ast-page-background-enabled":"default","ast-page-background-meta":{"desktop":{"background-color":"","background-image":"","background-repeat":"repeat","background-position":"center center","background-size":"auto","background-attachment":"scroll","background-type":"","background-media":"","overlay-type":"","overlay-color":"","overlay-opacity":"","overlay-gradient":""},"tablet":{"background-color":"","background-image":"","background-repeat":"repeat","background-position":"center center","background-size":"auto","background-attachment":"scroll","background-type":"","background-media":"","overlay-type":"","overlay-color":"","overlay-opacity":"","overlay-gradient":""},"mobile":{"background-color":"","background-image":"","background-repeat":"repeat","background-position":"center center","background-size":"auto","background-attachment":"scroll","background-type":"","background-media":"","overlay-type":"","overlay-color":"","overlay-opacity":"","overlay-gradient":""}},"ast-content-background-meta":{"desktop":{"background-color":"var(--ast-global-color-5)","background-image":"","background-repeat":"repeat","background-position":"center center","background-size":"auto","background-attachment":"scroll","background-type":"","background-media":"","overlay-type":"","overlay-color":"","overlay-opacity":"","overlay-gradient":""},"tablet":{"background-color":"var(--ast-global-color-5)","background-image":"","background-repeat":"repeat","background-position":"center center","background-size":"auto","background-attachment":"scroll","background-type":"","background-media":"","overlay-type":"","overlay-color":"","overlay-opacity":"","overlay-gradient":""},"mobile":{"background-color":"var(--ast-global-color-5)","background-image":"","background-repeat":"repeat","background-position":"center center","background-size":"auto","background-attachment":"scroll","background-type":"","background-media":"","overlay-type":"","overlay-color":"","overlay-opacity":"","overlay-gradient":""}},"footnotes":""},"yoast_head":"<!-- This site is optimized with the Yoast SEO plugin v22.3 - https:\/\/yoast.com\/wordpress\/plugins\/seo\/ -->\r\n<title>Realiza avance en cuenta con tu Tarjeta Ol\u00edmpica<\/title>\r\n<meta name=\"description\" content=\"\u00a1Conoce c\u00f3mo realizar avances en cuenta con tu Tarjeta Ol\u00edmpica Mastercard y disfruta un mundo de beneficios!\" \/>\r\n<meta name=\"robots\" content=\"index, follow, max-snippet:-1, max-image-preview:large, max-video-preview:-1\" \/>\r\n<link rel=\"canonical\" href=\"https:\/\/tarjetaolimpica.com.co\/Index\/avance-en-cuenta-tco\/\" \/>\r\n<meta property=\"og:locale\" content=\"es_ES\" \/>\r\n<meta property=\"og:type\" content=\"article\" \/>\r\n<meta property=\"og:title\" content=\"Realiza avance en cuenta con tu Tarjeta Ol\u00edmpica\" \/>\r\n<meta property=\"og:description\" content=\"\u00a1Conoce c\u00f3mo realizar avances en cuenta con tu Tarjeta Ol\u00edmpica Mastercard y disfruta un mundo de beneficios!\" \/>\r\n<meta property=\"og:url\" content=\"https:\/\/tarjetaolimpica.com.co\/Index\/avance-en-cuenta-tco\/\" \/>\r\n<meta property=\"article:publisher\" content=\"https:\/\/www.facebook.com\/bancoserfinanza\" \/>\r\n<meta property=\"article:modified_time\" content=\"2025-04-22T16:27:01+00:00\" \/>\r\n<meta property=\"og:image\" content=\"https:\/\/tarjetaolimpica.com.co\/Index\/wp-content\/uploads\/2022\/10\/Compra-de-Cartera-1024x698.png\" \/>\r\n<meta name=\"twitter:card\" content=\"summary_large_image\" \/>\r\n<meta name=\"twitter:site\" content=\"@bancoserfinanza\" \/>\r\n<meta name=\"twitter:label1\" content=\"Tiempo estimado de lectura\" \/>\n\t<meta name=\"twitter:data1\" content=\"2 minutos\" \/>\r\n<script type=\"application\/ld+json\" class=\"yoast-schema-graph\">{\"@context\":\"https:\/\/schema.org\",\"@graph\":[{\"@type\":\"WebPage\",\"@id\":\"https:\/\/tarjetaolimpica.com.co\/Index\/avance-en-cuenta-tco\/\",\"url\":\"https:\/\/tarjetaolimpica.com.co\/Index\/avance-en-cuenta-tco\/\",\"name\":\"Realiza avance en cuenta con tu Tarjeta Ol\u00edmpica\",\"isPartOf\":{\"@id\":\"https:\/\/tarjetaolimpica.com.co\/Index\/#website\"},\"primaryImageOfPage\":{\"@id\":\"https:\/\/tarjetaolimpica.com.co\/Index\/avance-en-cuenta-tco\/#primaryimage\"},\"image\":{\"@id\":\"https:\/\/tarjetaolimpica.com.co\/Index\/avance-en-cuenta-tco\/#primaryimage\"},\"thumbnailUrl\":\"https:\/\/tarjetaolimpica.com.co\/Index\/wp-content\/uploads\/2022\/10\/Compra-de-Cartera-1024x698.png\",\"datePublished\":\"2023-06-15T22:30:42+00:00\",\"dateModified\":\"2025-04-22T16:27:01+00:00\",\"description\":\"\u00a1Conoce c\u00f3mo realizar avances en cuenta con tu Tarjeta Ol\u00edmpica Mastercard y disfruta un mundo de beneficios!\",\"breadcrumb\":{\"@id\":\"https:\/\/tarjetaolimpica.com.co\/Index\/avance-en-cuenta-tco\/#breadcrumb\"},\"inLanguage\":\"es-CO\",\"potentialAction\":[{\"@type\":\"ReadAction\",\"target\":[\"https:\/\/tarjetaolimpica.com.co\/Index\/avance-en-cuenta-tco\/\"]}]},{\"@type\":\"ImageObject\",\"inLanguage\":\"es-CO\",\"@id\":\"https:\/\/tarjetaolimpica.com.co\/Index\/avance-en-cuenta-tco\/#primaryimage\",\"url\":\"https:\/\/tarjetaolimpica.com.co\/Index\/wp-content\/uploads\/2022\/10\/Compra-de-Cartera.png\",\"contentUrl\":\"https:\/\/tarjetaolimpica.com.co\/Index\/wp-content\/uploads\/2022\/10\/Compra-de-Cartera.png\",\"width\":1555,\"height\":1060},{\"@type\":\"BreadcrumbList\",\"@id\":\"https:\/\/tarjetaolimpica.com.co\/Index\/avance-en-cuenta-tco\/#breadcrumb\",\"itemListElement\":[{\"@type\":\"ListItem\",\"position\":1,\"name\":\"Home\",\"item\":\"https:\/\/tarjetaolimpica.com.co\/Index\/\"},{\"@type\":\"ListItem\",\"position\":2,\"name\":\"Avance en cuenta TCO\"}]},{\"@type\":\"WebSite\",\"@id\":\"https:\/\/tarjetaolimpica.com.co\/Index\/#website\",\"url\":\"https:\/\/tarjetaolimpica.com.co\/Index\/\",\"name\":\"\",\"description\":\"\",\"publisher\":{\"@id\":\"https:\/\/tarjetaolimpica.com.co\/Index\/#organization\"},\"potentialAction\":[{\"@type\":\"SearchAction\",\"target\":{\"@type\":\"EntryPoint\",\"urlTemplate\":\"https:\/\/tarjetaolimpica.com.co\/Index\/?s={search_term_string}\"},\"query-input\":\"required name=search_term_string\"}],\"inLanguage\":\"es-CO\"},{\"@type\":\"Organization\",\"@id\":\"https:\/\/tarjetaolimpica.com.co\/Index\/#organization\",\"name\":\"Banco Serfinanza\",\"url\":\"https:\/\/tarjetaolimpica.com.co\/Index\/\",\"logo\":{\"@type\":\"ImageObject\",\"inLanguage\":\"es-CO\",\"@id\":\"https:\/\/tarjetaolimpica.com.co\/Index\/#\/schema\/logo\/image\/\",\"url\":\"https:\/\/tarjetaolimpica.com.co\/Index\/wp-content\/uploads\/2019\/01\/Logo-Serfinanza-2.png\",\"contentUrl\":\"https:\/\/tarjetaolimpica.com.co\/Index\/wp-content\/uploads\/2019\/01\/Logo-Serfinanza-2.png\",\"width\":339,\"height\":78,\"caption\":\"Banco Serfinanza\"},\"image\":{\"@id\":\"https:\/\/tarjetaolimpica.com.co\/Index\/#\/schema\/logo\/image\/\"},\"sameAs\":[\"https:\/\/www.facebook.com\/bancoserfinanza\",\"https:\/\/twitter.com\/bancoserfinanza\",\"https:\/\/www.instagram.com\/bancoserfinanza\"]}]}<\/script>\r\n<!-- \/ Yoast SEO plugin. -->","yoast_head_json":{"title":"Realiza avance en cuenta con tu Tarjeta Ol\u00edmpica","description":"\u00a1Conoce c\u00f3mo realizar avances en cuenta con tu Tarjeta Ol\u00edmpica Mastercard y disfruta un mundo de beneficios!","robots":{"index":"index","follow":"follow","max-snippet":"max-snippet:-1","max-image-preview":"max-image-preview:large","max-video-preview":"max-video-preview:-1"},"canonical":"https:\/\/tarjetaolimpica.com.co\/Index\/avance-en-cuenta-tco\/","og_locale":"es_ES","og_type":"article","og_title":"Realiza avance en cuenta con tu Tarjeta Ol\u00edmpica","og_description":"\u00a1Conoce c\u00f3mo realizar avances en cuenta con tu Tarjeta Ol\u00edmpica Mastercard y disfruta un mundo de beneficios!","og_url":"https:\/\/tarjetaolimpica.com.co\/Index\/avance-en-cuenta-tco\/","article_publisher":"https:\/\/www.facebook.com\/bancoserfinanza","article_modified_time":"2025-04-22T16:27:01+00:00","og_image":[{"url":"https:\/\/tarjetaolimpica.com.co\/Index\/wp-content\/uploads\/2022\/10\/Compra-de-Cartera-1024x698.png"}],"twitter_card":"summary_large_image","twitter_site":"@bancoserfinanza","twitter_misc":{"Tiempo estimado de lectura":"2 minutos"},"schema":{"@context":"https:\/\/schema.org","@graph":[{"@type":"WebPage","@id":"https:\/\/tarjetaolimpica.com.co\/Index\/avance-en-cuenta-tco\/","url":"https:\/\/tarjetaolimpica.com.co\/Index\/avance-en-cuenta-tco\/","name":"Realiza avance en cuenta con tu Tarjeta Ol\u00edmpica","isPartOf":{"@id":"https:\/\/tarjetaolimpica.com.co\/Index\/#website"},"primaryImageOfPage":{"@id":"https:\/\/tarjetaolimpica.com.co\/Index\/avance-en-cuenta-tco\/#primaryimage"},"image":{"@id":"https:\/\/tarjetaolimpica.com.co\/Index\/avance-en-cuenta-tco\/#primaryimage"},"thumbnailUrl":"https:\/\/tarjetaolimpica.com.co\/Index\/wp-content\/uploads\/2022\/10\/Compra-de-Cartera-1024x698.png","datePublished":"2023-06-15T22:30:42+00:00","dateModified":"2025-04-22T16:27:01+00:00","description":"\u00a1Conoce c\u00f3mo realizar avances en cuenta con tu Tarjeta Ol\u00edmpica Mastercard y disfruta un mundo de beneficios!","breadcrumb":{"@id":"https:\/\/tarjetaolimpica.com.co\/Index\/avance-en-cuenta-tco\/#breadcrumb"},"inLanguage":"es-CO","potentialAction":[{"@type":"ReadAction","target":["https:\/\/tarjetaolimpica.com.co\/Index\/avance-en-cuenta-tco\/"]}]},{"@type":"ImageObject","inLanguage":"es-CO","@id":"https:\/\/tarjetaolimpica.com.co\/Index\/avance-en-cuenta-tco\/#primaryimage","url":"https:\/\/tarjetaolimpica.com.co\/Index\/wp-content\/uploads\/2022\/10\/Compra-de-Cartera.png","contentUrl":"https:\/\/tarjetaolimpica.com.co\/Index\/wp-content\/uploads\/2022\/10\/Compra-de-Cartera.png","width":1555,"height":1060},{"@type":"BreadcrumbList","@id":"https:\/\/tarjetaolimpica.com.co\/Index\/avance-en-cuenta-tco\/#breadcrumb","itemListElement":[{"@type":"ListItem","position":1,"name":"Home","item":"https:\/\/tarjetaolimpica.com.co\/Index\/"},{"@type":"ListItem","position":2,"name":"Avance en cuenta TCO"}]},{"@type":"WebSite","@id":"https:\/\/tarjetaolimpica.com.co\/Index\/#website","url":"https:\/\/tarjetaolimpica.com.co\/Index\/","name":"","description":"","publisher":{"@id":"https:\/\/tarjetaolimpica.com.co\/Index\/#organization"},"potentialAction":[{"@type":"SearchAction","target":{"@type":"EntryPoint","urlTemplate":"https:\/\/tarjetaolimpica.com.co\/Index\/?s={search_term_string}"},"query-input":"required name=search_term_string"}],"inLanguage":"es-CO"},{"@type":"Organization","@id":"https:\/\/tarjetaolimpica.com.co\/Index\/#organization","name":"Banco Serfinanza","url":"https:\/\/tarjetaolimpica.com.co\/Index\/","logo":{"@type":"ImageObject","inLanguage":"es-CO","@id":"https:\/\/tarjetaolimpica.com.co\/Index\/#\/schema\/logo\/image\/","url":"https:\/\/tarjetaolimpica.com.co\/Index\/wp-content\/uploads\/2019\/01\/Logo-Serfinanza-2.png","contentUrl":"https:\/\/tarjetaolimpica.com.co\/Index\/wp-content\/uploads\/2019\/01\/Logo-Serfinanza-2.png","width":339,"height":78,"caption":"Banco Serfinanza"},"image":{"@id":"https:\/\/tarjetaolimpica.com.co\/Index\/#\/schema\/logo\/image\/"},"sameAs":["https:\/\/www.facebook.com\/bancoserfinanza","https:\/\/twitter.com\/bancoserfinanza","https:\/\/www.instagram.com\/bancoserfinanza"]}]}},"_links":{"self":[{"href":"https:\/\/tarjetaolimpica.com.co\/Index\/wp-json\/wp\/v2\/pages\/11109"}],"collection":[{"href":"https:\/\/tarjetaolimpica.com.co\/Index\/wp-json\/wp\/v2\/pages"}],"about":[{"href":"https:\/\/tarjetaolimpica.com.co\/Index\/wp-json\/wp\/v2\/types\/page"}],"author":[{"embeddable":true,"href":"https:\/\/tarjetaolimpica.com.co\/Index\/wp-json\/wp\/v2\/users\/2"}],"replies":[{"embeddable":true,"href":"https:\/\/tarjetaolimpica.com.co\/Index\/wp-json\/wp\/v2\/comments?post=11109"}],"version-history":[{"count":75,"href":"https:\/\/tarjetaolimpica.com.co\/Index\/wp-json\/wp\/v2\/pages\/11109\/revisions"}],"predecessor-version":[{"id":16576,"href":"https:\/\/tarjetaolimpica.com.co\/Index\/wp-json\/wp\/v2\/pages\/11109\/revisions\/16576"}],"wp:attachment":[{"href":"https:\/\/tarjetaolimpica.com.co\/Index\/wp-json\/wp\/v2\/media?parent=11109"}],"curies":[{"name":"wp","href":"https:\/\/api.w.org\/{rel}","templated":true}]}}