{"id":11987,"date":"2023-09-04T17:26:34","date_gmt":"2023-09-04T22:26:34","guid":{"rendered":"https:\/\/tarjetaolimpica.com.co\/Index\/?page_id=11987"},"modified":"2023-09-07T08:43:17","modified_gmt":"2023-09-07T13:43:17","slug":"expodrinks-2023","status":"publish","type":"page","link":"https:\/\/tarjetaolimpica.com.co\/Index\/expodrinks-2023\/","title":{"rendered":"Expodrinks 2023"},"content":{"rendered":"\t\t<div data-elementor-type=\"wp-page\" data-elementor-id=\"11987\" class=\"elementor elementor-11987\" data-elementor-post-type=\"page\">\n\t\t\t\t\t\t<section class=\"elementor-section elementor-top-section elementor-element elementor-element-9a87862 elementor-section-boxed elementor-section-height-default elementor-section-height-default\" data-id=\"9a87862\" data-element_type=\"section\">\n\t\t\t\t\t\t<div class=\"elementor-container elementor-column-gap-default\">\n\t\t\t\t\t<div class=\"elementor-column elementor-col-50 elementor-top-column elementor-element elementor-element-e1eaeb5\" data-id=\"e1eaeb5\" data-element_type=\"column\">\n\t\t\t<div class=\"elementor-widget-wrap elementor-element-populated\">\n\t\t\t\t\t\t<div class=\"elementor-element elementor-element-fb2c4fe elementor-widget elementor-widget-heading\" data-id=\"fb2c4fe\" data-element_type=\"widget\" data-widget_type=\"heading.default\">\n\t\t\t\t<div class=\"elementor-widget-container\">\n\t\t\t<h1 class=\"elementor-heading-title elementor-size-default\"><br>Expodrinks 2023<\/h1>\t\t<\/div>\n\t\t\t\t<\/div>\n\t\t\t\t\t<\/div>\n\t\t<\/div>\n\t\t\t\t<div class=\"elementor-column elementor-col-50 elementor-top-column elementor-element elementor-element-a7b6f1b\" data-id=\"a7b6f1b\" data-element_type=\"column\">\n\t\t\t<div class=\"elementor-widget-wrap elementor-element-populated\">\n\t\t\t\t\t\t<div class=\"elementor-element elementor-element-a5ec954 elementor-widget elementor-widget-image\" data-id=\"a5ec954\" data-element_type=\"widget\" data-widget_type=\"image.default\">\n\t\t\t\t<div class=\"elementor-widget-container\">\n\t\t\t\t\t\t\t\t\t\t\t\t\t<img fetchpriority=\"high\" decoding=\"async\" width=\"589\" height=\"458\" src=\"https:\/\/tarjetaolimpica.com.co\/Index\/wp-content\/uploads\/2023\/09\/Anotacion-2023-09-07-083017-min.png\" class=\"attachment-large size-large wp-image-12050\" alt=\"\" srcset=\"https:\/\/tarjetaolimpica.com.co\/Index\/wp-content\/uploads\/2023\/09\/Anotacion-2023-09-07-083017-min.png 589w, https:\/\/tarjetaolimpica.com.co\/Index\/wp-content\/uploads\/2023\/09\/Anotacion-2023-09-07-083017-min-300x233.png 300w\" sizes=\"(max-width: 589px) 100vw, 589px\" \/>\t\t\t\t\t\t\t\t\t\t\t\t\t<\/div>\n\t\t\t\t<\/div>\n\t\t\t\t\t<\/div>\n\t\t<\/div>\n\t\t\t\t\t<\/div>\n\t\t<\/section>\n\t\t\t\t<section class=\"elementor-section elementor-top-section elementor-element elementor-element-e3de430 elementor-section-boxed elementor-section-height-default elementor-section-height-default\" data-id=\"e3de430\" data-element_type=\"section\">\n\t\t\t\t\t\t<div class=\"elementor-container elementor-column-gap-default\">\n\t\t\t\t\t<div class=\"elementor-column elementor-col-100 elementor-top-column elementor-element elementor-element-85c1581\" data-id=\"85c1581\" data-element_type=\"column\">\n\t\t\t<div class=\"elementor-widget-wrap elementor-element-populated\">\n\t\t\t\t\t\t<div class=\"elementor-element elementor-element-0d3f271 elementor-widget elementor-widget-text-editor\" data-id=\"0d3f271\" data-element_type=\"widget\" data-widget_type=\"text-editor.default\">\n\t\t\t\t<div class=\"elementor-widget-container\">\n\t\t\t\t\t\t\t<p><span style=\"font-family: verdana, geneva, sans-serif; font-size: 12pt;\"><span style=\"color: #100080;\"><b>Lugar:<\/b><\/span><\/span><\/p><p><span style=\"font-family: verdana, geneva, sans-serif; font-size: 12pt;\">Puerta de Oro Centro de Eventos del Caribe.<\/span><\/p><p><span style=\"color: #100080; font-family: verdana, geneva, sans-serif; font-size: 12pt;\"><strong>Horarios:<\/strong><\/span><\/p><ul><li style=\"background-image: url(;\"><span style=\"font-family: verdana, geneva, sans-serif; font-size: 12pt;\">Jueves<\/span><span style=\"font-family: verdana, geneva, sans-serif; font-size: 12pt;\">\u00a07 de septiembre: 4:00 p.m. \u2013 12:00 a.m.<\/span><\/li><li style=\"background-image: url(;\"><span style=\"font-family: verdana, geneva, sans-serif; font-size: 12pt;\">Viernes<\/span><span style=\"font-family: verdana, geneva, sans-serif; font-size: 12pt;\">\u00a08 de septiembre: 4:00 p.m. \u2013 1:00 a.m.<\/span><\/li><li style=\"background-image: url(;\"><span style=\"font-family: verdana, geneva, sans-serif; font-size: 12pt;\">S\u00e1bado<\/span><span style=\"font-family: verdana, geneva, sans-serif; font-size: 12pt;\">\u00a09 de septiembre: 2:00 p.m. \u2013 1:00 a.m.<\/span><\/li><li style=\"background-image: url(;\"><span style=\"font-family: verdana, geneva, sans-serif; font-size: 12pt;\">Domingo<\/span><span style=\"font-family: verdana, geneva, sans-serif; font-size: 12pt;\">\u00a010 de septiembre<\/span>: <span style=\"font-family: verdana, geneva, sans-serif; font-size: 12pt;\">12:00 p.m. \u2013 7:00 p.m.<\/span><\/li><\/ul><p><span style=\"font-family: verdana, geneva, sans-serif; font-size: 12pt;\">*Sujeto a cambios sin <\/span><span style=\"font-family: verdana, geneva, sans-serif; font-size: 12pt;\">previo aviso.\u00a0\u00a0<\/span><\/p><p><span style=\"font-family: verdana, geneva, sans-serif; font-size: 16px; font-style: normal; font-weight: 400;\">Nuevas experiencias en Expodrinks, la feria de licores m\u00e1s grande del caribe, y aprovecha los mejores beneficios con tu Tarjeta Ol\u00edmpica:<\/span><span style=\"font-family: verdana, geneva, sans-serif; font-size: 12pt;\"><br \/><\/span><\/p><ul><li><span style=\"font-family: verdana, geneva, sans-serif;\"><span style=\"font-size: 16px;\">Solicita tu Tarjeta Ol\u00edmpica en nuestro stand y recibe<strong><span style=\"color: #f83050;\"> $75.000*<\/span><\/strong> en tu primera compra igual o mayor a $250.000.<\/span><\/span><\/li><li><span style=\"font-family: verdana, geneva, sans-serif;\"><span style=\"font-size: 16px;\">Disfruta con tu Tarjeta Ol\u00edmpica <span style=\"color: #f83050;\"><strong>10%DCTO adicional*<\/strong><\/span>.\u00a0\u00a0<\/span><\/span><\/li><\/ul>\t\t\t\t\t\t<\/div>\n\t\t\t\t<\/div>\n\t\t\t\t\t<\/div>\n\t\t<\/div>\n\t\t\t\t\t<\/div>\n\t\t<\/section>\n\t\t\t\t<section class=\"elementor-section elementor-top-section elementor-element elementor-element-7a057a1 elementor-section-boxed elementor-section-height-default elementor-section-height-default\" data-id=\"7a057a1\" data-element_type=\"section\">\n\t\t\t\t\t\t<div class=\"elementor-container elementor-column-gap-default\">\n\t\t\t\t\t<div class=\"elementor-column elementor-col-100 elementor-top-column elementor-element elementor-element-3e11fb0\" data-id=\"3e11fb0\" data-element_type=\"column\">\n\t\t\t<div class=\"elementor-widget-wrap elementor-element-populated\">\n\t\t\t\t\t\t<div class=\"elementor-element elementor-element-ff18b31 elementor-widget elementor-widget-text-editor\" data-id=\"ff18b31\" data-element_type=\"widget\" data-widget_type=\"text-editor.default\">\n\t\t\t\t<div class=\"elementor-widget-container\">\n\t\t\t\t\t\t\t<p><span style=\"font-family: verdana, geneva, sans-serif; font-size: 18pt; color: #100080;\"><strong>T\u00e9rminos y Condiciones<\/strong><\/span><\/p><p><span style=\"font-family: verdana, geneva, sans-serif; font-size: 12pt; color: #f83050;\"><strong>*Beneficio de primera compra:<\/strong><\/span><\/p><p><span style=\"font-family: verdana, geneva, sans-serif; font-size: 12pt;\">La primera transacci\u00f3n debe ser tipo compra (no incluye avances). Plazo hasta los primeros 10 d\u00edas del mes siguiente una vez quede activada la tarjeta. La compra debe ser m\u00ednimo de $250.000. El valor se aplica en el extracto como un pago (antes de IVA).<\/span><\/p><p><span style=\"font-size: 12pt; color: #f83050; font-family: verdana, geneva, sans-serif;\"><strong>*10%DCTO adicional con tu Tarjeta Ol\u00edmpica:<\/strong><\/span>\u00a0<\/p><p><span style=\"font-family: verdana, geneva, sans-serif;\">V\u00e1lido solo en Expodrinks, del 7 al 10 de septiembre de 2023. Aplica en productos comercializados por Ol\u00edmpica. No aplica para restaurantes y stands que no est\u00e1n dentro del portafolio Ol\u00edmpica o no son operados por Ol\u00edmpica.<\/span><\/p>\t\t\t\t\t\t<\/div>\n\t\t\t\t<\/div>\n\t\t\t\t\t<\/div>\n\t\t<\/div>\n\t\t\t\t\t<\/div>\n\t\t<\/section>\n\t\t\t\t<\/div>\n\t\t","protected":false},"excerpt":{"rendered":"<p>Expodrinks 2023 Lugar: Puerta de Oro Centro de Eventos del Caribe. Horarios: Jueves\u00a07 de septiembre: 4:00 p.m. \u2013 12:00 a.m. Viernes\u00a08 de septiembre: 4:00 p.m. \u2013 1:00 a.m. S\u00e1bado\u00a09 de septiembre: 2:00 p.m. \u2013 1:00 a.m. Domingo\u00a010 de septiembre: 12:00 p.m. \u2013 7:00 p.m. *Sujeto a cambios sin previo aviso.\u00a0\u00a0 Nuevas experiencias en Expodrinks, la [&hellip;]<\/p>\n","protected":false},"author":2,"featured_media":0,"parent":0,"menu_order":0,"comment_status":"closed","ping_status":"closed","template":"","meta":{"_eb_attr":"","site-sidebar-layout":"no-sidebar","site-content-layout":"page-builder","ast-site-content-layout":"","site-content-style":"default","site-sidebar-style":"default","ast-global-header-display":"","ast-banner-title-visibility":"","ast-main-header-display":"","ast-hfb-above-header-display":"","ast-hfb-below-header-display":"","ast-hfb-mobile-header-display":"","site-post-title":"disabled","ast-breadcrumbs-content":"","ast-featured-img":"disabled","footer-sml-layout":"","theme-transparent-header-meta":"default","adv-header-id-meta":"","stick-header-meta":"","header-above-stick-meta":"","header-main-stick-meta":"","header-below-stick-meta":"","astra-migrate-meta-layouts":"default","ast-page-background-enabled":"default","ast-page-background-meta":{"desktop":{"background-color":"","background-image":"","background-repeat":"repeat","background-position":"center center","background-size":"auto","background-attachment":"scroll","background-type":"","background-media":"","overlay-type":"","overlay-color":"","overlay-opacity":"","overlay-gradient":""},"tablet":{"background-color":"","background-image":"","background-repeat":"repeat","background-position":"center center","background-size":"auto","background-attachment":"scroll","background-type":"","background-media":"","overlay-type":"","overlay-color":"","overlay-opacity":"","overlay-gradient":""},"mobile":{"background-color":"","background-image":"","background-repeat":"repeat","background-position":"center center","background-size":"auto","background-attachment":"scroll","background-type":"","background-media":"","overlay-type":"","overlay-color":"","overlay-opacity":"","overlay-gradient":""}},"ast-content-background-meta":{"desktop":{"background-color":"var(--ast-global-color-5)","background-image":"","background-repeat":"repeat","background-position":"center center","background-size":"auto","background-attachment":"scroll","background-type":"","background-media":"","overlay-type":"","overlay-color":"","overlay-opacity":"","overlay-gradient":""},"tablet":{"background-color":"var(--ast-global-color-5)","background-image":"","background-repeat":"repeat","background-position":"center center","background-size":"auto","background-attachment":"scroll","background-type":"","background-media":"","overlay-type":"","overlay-color":"","overlay-opacity":"","overlay-gradient":""},"mobile":{"background-color":"var(--ast-global-color-5)","background-image":"","background-repeat":"repeat","background-position":"center center","background-size":"auto","background-attachment":"scroll","background-type":"","background-media":"","overlay-type":"","overlay-color":"","overlay-opacity":"","overlay-gradient":""}},"footnotes":""},"yoast_head":"<!-- This site is optimized with the Yoast SEO plugin v22.3 - https:\/\/yoast.com\/wordpress\/plugins\/seo\/ -->\r\n<title>Expodrinks 2023 -<\/title>\r\n<meta name=\"robots\" content=\"index, follow, max-snippet:-1, max-image-preview:large, max-video-preview:-1\" \/>\r\n<link rel=\"canonical\" href=\"https:\/\/tarjetaolimpica.com.co\/Index\/expodrinks-2023\/\" \/>\r\n<meta property=\"og:locale\" content=\"es_ES\" \/>\r\n<meta property=\"og:type\" content=\"article\" \/>\r\n<meta property=\"og:title\" content=\"Expodrinks 2023 -\" \/>\r\n<meta property=\"og:description\" content=\"Expodrinks 2023 Lugar: Puerta de Oro Centro de Eventos del Caribe. Horarios: Jueves\u00a07 de septiembre: 4:00 p.m. \u2013 12:00 a.m. Viernes\u00a08 de septiembre: 4:00 p.m. \u2013 1:00 a.m. S\u00e1bado\u00a09 de septiembre: 2:00 p.m. \u2013 1:00 a.m. Domingo\u00a010 de septiembre: 12:00 p.m. \u2013 7:00 p.m. *Sujeto a cambios sin previo aviso.\u00a0\u00a0 Nuevas experiencias en Expodrinks, la [&hellip;]\" \/>\r\n<meta property=\"og:url\" content=\"https:\/\/tarjetaolimpica.com.co\/Index\/expodrinks-2023\/\" \/>\r\n<meta property=\"article:publisher\" content=\"https:\/\/www.facebook.com\/bancoserfinanza\" \/>\r\n<meta property=\"article:modified_time\" content=\"2023-09-07T13:43:17+00:00\" \/>\r\n<meta property=\"og:image\" content=\"https:\/\/tarjetaolimpica.com.co\/Index\/wp-content\/uploads\/2023\/09\/Anotacion-2023-09-07-083017-min.png\" \/>\r\n<meta name=\"twitter:card\" content=\"summary_large_image\" \/>\r\n<meta name=\"twitter:site\" content=\"@bancoserfinanza\" \/>\r\n<meta name=\"twitter:label1\" content=\"Tiempo estimado de lectura\" \/>\n\t<meta name=\"twitter:data1\" content=\"2 minutos\" \/>\r\n<script type=\"application\/ld+json\" class=\"yoast-schema-graph\">{\"@context\":\"https:\/\/schema.org\",\"@graph\":[{\"@type\":\"WebPage\",\"@id\":\"https:\/\/tarjetaolimpica.com.co\/Index\/expodrinks-2023\/\",\"url\":\"https:\/\/tarjetaolimpica.com.co\/Index\/expodrinks-2023\/\",\"name\":\"Expodrinks 2023 -\",\"isPartOf\":{\"@id\":\"https:\/\/tarjetaolimpica.com.co\/Index\/#website\"},\"primaryImageOfPage\":{\"@id\":\"https:\/\/tarjetaolimpica.com.co\/Index\/expodrinks-2023\/#primaryimage\"},\"image\":{\"@id\":\"https:\/\/tarjetaolimpica.com.co\/Index\/expodrinks-2023\/#primaryimage\"},\"thumbnailUrl\":\"https:\/\/tarjetaolimpica.com.co\/Index\/wp-content\/uploads\/2023\/09\/Anotacion-2023-09-07-083017-min.png\",\"datePublished\":\"2023-09-04T22:26:34+00:00\",\"dateModified\":\"2023-09-07T13:43:17+00:00\",\"breadcrumb\":{\"@id\":\"https:\/\/tarjetaolimpica.com.co\/Index\/expodrinks-2023\/#breadcrumb\"},\"inLanguage\":\"es-CO\",\"potentialAction\":[{\"@type\":\"ReadAction\",\"target\":[\"https:\/\/tarjetaolimpica.com.co\/Index\/expodrinks-2023\/\"]}]},{\"@type\":\"ImageObject\",\"inLanguage\":\"es-CO\",\"@id\":\"https:\/\/tarjetaolimpica.com.co\/Index\/expodrinks-2023\/#primaryimage\",\"url\":\"https:\/\/tarjetaolimpica.com.co\/Index\/wp-content\/uploads\/2023\/09\/Anotacion-2023-09-07-083017-min.png\",\"contentUrl\":\"https:\/\/tarjetaolimpica.com.co\/Index\/wp-content\/uploads\/2023\/09\/Anotacion-2023-09-07-083017-min.png\",\"width\":589,\"height\":458},{\"@type\":\"BreadcrumbList\",\"@id\":\"https:\/\/tarjetaolimpica.com.co\/Index\/expodrinks-2023\/#breadcrumb\",\"itemListElement\":[{\"@type\":\"ListItem\",\"position\":1,\"name\":\"Home\",\"item\":\"https:\/\/tarjetaolimpica.com.co\/Index\/\"},{\"@type\":\"ListItem\",\"position\":2,\"name\":\"Expodrinks 2023\"}]},{\"@type\":\"WebSite\",\"@id\":\"https:\/\/tarjetaolimpica.com.co\/Index\/#website\",\"url\":\"https:\/\/tarjetaolimpica.com.co\/Index\/\",\"name\":\"\",\"description\":\"\",\"publisher\":{\"@id\":\"https:\/\/tarjetaolimpica.com.co\/Index\/#organization\"},\"potentialAction\":[{\"@type\":\"SearchAction\",\"target\":{\"@type\":\"EntryPoint\",\"urlTemplate\":\"https:\/\/tarjetaolimpica.com.co\/Index\/?s={search_term_string}\"},\"query-input\":\"required name=search_term_string\"}],\"inLanguage\":\"es-CO\"},{\"@type\":\"Organization\",\"@id\":\"https:\/\/tarjetaolimpica.com.co\/Index\/#organization\",\"name\":\"Banco Serfinanza\",\"url\":\"https:\/\/tarjetaolimpica.com.co\/Index\/\",\"logo\":{\"@type\":\"ImageObject\",\"inLanguage\":\"es-CO\",\"@id\":\"https:\/\/tarjetaolimpica.com.co\/Index\/#\/schema\/logo\/image\/\",\"url\":\"https:\/\/tarjetaolimpica.com.co\/Index\/wp-content\/uploads\/2019\/01\/Logo-Serfinanza-2.png\",\"contentUrl\":\"https:\/\/tarjetaolimpica.com.co\/Index\/wp-content\/uploads\/2019\/01\/Logo-Serfinanza-2.png\",\"width\":339,\"height\":78,\"caption\":\"Banco Serfinanza\"},\"image\":{\"@id\":\"https:\/\/tarjetaolimpica.com.co\/Index\/#\/schema\/logo\/image\/\"},\"sameAs\":[\"https:\/\/www.facebook.com\/bancoserfinanza\",\"https:\/\/twitter.com\/bancoserfinanza\",\"https:\/\/www.instagram.com\/bancoserfinanza\"]}]}<\/script>\r\n<!-- \/ Yoast SEO plugin. -->","yoast_head_json":{"title":"Expodrinks 2023 -","robots":{"index":"index","follow":"follow","max-snippet":"max-snippet:-1","max-image-preview":"max-image-preview:large","max-video-preview":"max-video-preview:-1"},"canonical":"https:\/\/tarjetaolimpica.com.co\/Index\/expodrinks-2023\/","og_locale":"es_ES","og_type":"article","og_title":"Expodrinks 2023 -","og_description":"Expodrinks 2023 Lugar: Puerta de Oro Centro de Eventos del Caribe. Horarios: Jueves\u00a07 de septiembre: 4:00 p.m. \u2013 12:00 a.m. Viernes\u00a08 de septiembre: 4:00 p.m. \u2013 1:00 a.m. S\u00e1bado\u00a09 de septiembre: 2:00 p.m. \u2013 1:00 a.m. Domingo\u00a010 de septiembre: 12:00 p.m. \u2013 7:00 p.m. *Sujeto a cambios sin previo aviso.\u00a0\u00a0 Nuevas experiencias en Expodrinks, la [&hellip;]","og_url":"https:\/\/tarjetaolimpica.com.co\/Index\/expodrinks-2023\/","article_publisher":"https:\/\/www.facebook.com\/bancoserfinanza","article_modified_time":"2023-09-07T13:43:17+00:00","og_image":[{"url":"https:\/\/tarjetaolimpica.com.co\/Index\/wp-content\/uploads\/2023\/09\/Anotacion-2023-09-07-083017-min.png"}],"twitter_card":"summary_large_image","twitter_site":"@bancoserfinanza","twitter_misc":{"Tiempo estimado de lectura":"2 minutos"},"schema":{"@context":"https:\/\/schema.org","@graph":[{"@type":"WebPage","@id":"https:\/\/tarjetaolimpica.com.co\/Index\/expodrinks-2023\/","url":"https:\/\/tarjetaolimpica.com.co\/Index\/expodrinks-2023\/","name":"Expodrinks 2023 -","isPartOf":{"@id":"https:\/\/tarjetaolimpica.com.co\/Index\/#website"},"primaryImageOfPage":{"@id":"https:\/\/tarjetaolimpica.com.co\/Index\/expodrinks-2023\/#primaryimage"},"image":{"@id":"https:\/\/tarjetaolimpica.com.co\/Index\/expodrinks-2023\/#primaryimage"},"thumbnailUrl":"https:\/\/tarjetaolimpica.com.co\/Index\/wp-content\/uploads\/2023\/09\/Anotacion-2023-09-07-083017-min.png","datePublished":"2023-09-04T22:26:34+00:00","dateModified":"2023-09-07T13:43:17+00:00","breadcrumb":{"@id":"https:\/\/tarjetaolimpica.com.co\/Index\/expodrinks-2023\/#breadcrumb"},"inLanguage":"es-CO","potentialAction":[{"@type":"ReadAction","target":["https:\/\/tarjetaolimpica.com.co\/Index\/expodrinks-2023\/"]}]},{"@type":"ImageObject","inLanguage":"es-CO","@id":"https:\/\/tarjetaolimpica.com.co\/Index\/expodrinks-2023\/#primaryimage","url":"https:\/\/tarjetaolimpica.com.co\/Index\/wp-content\/uploads\/2023\/09\/Anotacion-2023-09-07-083017-min.png","contentUrl":"https:\/\/tarjetaolimpica.com.co\/Index\/wp-content\/uploads\/2023\/09\/Anotacion-2023-09-07-083017-min.png","width":589,"height":458},{"@type":"BreadcrumbList","@id":"https:\/\/tarjetaolimpica.com.co\/Index\/expodrinks-2023\/#breadcrumb","itemListElement":[{"@type":"ListItem","position":1,"name":"Home","item":"https:\/\/tarjetaolimpica.com.co\/Index\/"},{"@type":"ListItem","position":2,"name":"Expodrinks 2023"}]},{"@type":"WebSite","@id":"https:\/\/tarjetaolimpica.com.co\/Index\/#website","url":"https:\/\/tarjetaolimpica.com.co\/Index\/","name":"","description":"","publisher":{"@id":"https:\/\/tarjetaolimpica.com.co\/Index\/#organization"},"potentialAction":[{"@type":"SearchAction","target":{"@type":"EntryPoint","urlTemplate":"https:\/\/tarjetaolimpica.com.co\/Index\/?s={search_term_string}"},"query-input":"required name=search_term_string"}],"inLanguage":"es-CO"},{"@type":"Organization","@id":"https:\/\/tarjetaolimpica.com.co\/Index\/#organization","name":"Banco Serfinanza","url":"https:\/\/tarjetaolimpica.com.co\/Index\/","logo":{"@type":"ImageObject","inLanguage":"es-CO","@id":"https:\/\/tarjetaolimpica.com.co\/Index\/#\/schema\/logo\/image\/","url":"https:\/\/tarjetaolimpica.com.co\/Index\/wp-content\/uploads\/2019\/01\/Logo-Serfinanza-2.png","contentUrl":"https:\/\/tarjetaolimpica.com.co\/Index\/wp-content\/uploads\/2019\/01\/Logo-Serfinanza-2.png","width":339,"height":78,"caption":"Banco Serfinanza"},"image":{"@id":"https:\/\/tarjetaolimpica.com.co\/Index\/#\/schema\/logo\/image\/"},"sameAs":["https:\/\/www.facebook.com\/bancoserfinanza","https:\/\/twitter.com\/bancoserfinanza","https:\/\/www.instagram.com\/bancoserfinanza"]}]}},"_links":{"self":[{"href":"https:\/\/tarjetaolimpica.com.co\/Index\/wp-json\/wp\/v2\/pages\/11987"}],"collection":[{"href":"https:\/\/tarjetaolimpica.com.co\/Index\/wp-json\/wp\/v2\/pages"}],"about":[{"href":"https:\/\/tarjetaolimpica.com.co\/Index\/wp-json\/wp\/v2\/types\/page"}],"author":[{"embeddable":true,"href":"https:\/\/tarjetaolimpica.com.co\/Index\/wp-json\/wp\/v2\/users\/2"}],"replies":[{"embeddable":true,"href":"https:\/\/tarjetaolimpica.com.co\/Index\/wp-json\/wp\/v2\/comments?post=11987"}],"version-history":[{"count":47,"href":"https:\/\/tarjetaolimpica.com.co\/Index\/wp-json\/wp\/v2\/pages\/11987\/revisions"}],"predecessor-version":[{"id":12053,"href":"https:\/\/tarjetaolimpica.com.co\/Index\/wp-json\/wp\/v2\/pages\/11987\/revisions\/12053"}],"wp:attachment":[{"href":"https:\/\/tarjetaolimpica.com.co\/Index\/wp-json\/wp\/v2\/media?parent=11987"}],"curies":[{"name":"wp","href":"https:\/\/api.w.org\/{rel}","templated":true}]}}