{"id":12227,"date":"2023-10-24T17:31:03","date_gmt":"2023-10-24T22:31:03","guid":{"rendered":"https:\/\/tarjetaolimpica.com.co\/Index\/?page_id=12227"},"modified":"2023-11-03T10:15:45","modified_gmt":"2023-11-03T15:15:45","slug":"uber","status":"publish","type":"page","link":"https:\/\/tarjetaolimpica.com.co\/Index\/uber\/","title":{"rendered":"Uber"},"content":{"rendered":"\t\t<div data-elementor-type=\"wp-page\" data-elementor-id=\"12227\" class=\"elementor elementor-12227\" data-elementor-post-type=\"page\">\n\t\t\t\t\t\t<section class=\"elementor-section elementor-top-section elementor-element elementor-element-0b30d45 elementor-section-boxed elementor-section-height-default elementor-section-height-default\" data-id=\"0b30d45\" data-element_type=\"section\">\n\t\t\t\t\t\t<div class=\"elementor-container elementor-column-gap-default\">\n\t\t\t\t\t<div class=\"elementor-column elementor-col-50 elementor-top-column elementor-element elementor-element-6952fe3\" data-id=\"6952fe3\" data-element_type=\"column\">\n\t\t\t<div class=\"elementor-widget-wrap elementor-element-populated\">\n\t\t\t\t\t\t<div class=\"elementor-element elementor-element-61381b0 elementor-widget elementor-widget-heading\" data-id=\"61381b0\" data-element_type=\"widget\" data-widget_type=\"heading.default\">\n\t\t\t\t<div class=\"elementor-widget-container\">\n\t\t\t<h2 class=\"elementor-heading-title elementor-size-default\">Descuentos en Uber con tu Tarjeta Ol\u00edmpica<\/h2>\t\t<\/div>\n\t\t\t\t<\/div>\n\t\t\t\t\t<\/div>\n\t\t<\/div>\n\t\t\t\t<div class=\"elementor-column elementor-col-50 elementor-top-column elementor-element elementor-element-ace2679\" data-id=\"ace2679\" data-element_type=\"column\">\n\t\t\t<div class=\"elementor-widget-wrap elementor-element-populated\">\n\t\t\t\t\t\t<div class=\"elementor-element elementor-element-e008a9b elementor-widget elementor-widget-image\" data-id=\"e008a9b\" data-element_type=\"widget\" data-widget_type=\"image.default\">\n\t\t\t\t<div class=\"elementor-widget-container\">\n\t\t\t\t\t\t\t\t\t\t\t\t\t<img fetchpriority=\"high\" decoding=\"async\" width=\"1024\" height=\"768\" src=\"https:\/\/tarjetaolimpica.com.co\/Index\/wp-content\/uploads\/2023\/10\/Uber-hasta-10-hasta-el-31-de-octubre_Banner-1024x768.jpg\" class=\"attachment-large size-large wp-image-12241\" alt=\"\" srcset=\"https:\/\/tarjetaolimpica.com.co\/Index\/wp-content\/uploads\/2023\/10\/Uber-hasta-10-hasta-el-31-de-octubre_Banner-1024x768.jpg 1024w, https:\/\/tarjetaolimpica.com.co\/Index\/wp-content\/uploads\/2023\/10\/Uber-hasta-10-hasta-el-31-de-octubre_Banner-300x225.jpg 300w, https:\/\/tarjetaolimpica.com.co\/Index\/wp-content\/uploads\/2023\/10\/Uber-hasta-10-hasta-el-31-de-octubre_Banner-768x576.jpg 768w, https:\/\/tarjetaolimpica.com.co\/Index\/wp-content\/uploads\/2023\/10\/Uber-hasta-10-hasta-el-31-de-octubre_Banner-1536x1152.jpg 1536w, https:\/\/tarjetaolimpica.com.co\/Index\/wp-content\/uploads\/2023\/10\/Uber-hasta-10-hasta-el-31-de-octubre_Banner-2048x1536.jpg 2048w\" sizes=\"(max-width: 1024px) 100vw, 1024px\" \/>\t\t\t\t\t\t\t\t\t\t\t\t\t<\/div>\n\t\t\t\t<\/div>\n\t\t\t\t\t<\/div>\n\t\t<\/div>\n\t\t\t\t\t<\/div>\n\t\t<\/section>\n\t\t\t\t<section class=\"elementor-section elementor-top-section elementor-element elementor-element-ec60acc elementor-section-boxed elementor-section-height-default elementor-section-height-default\" data-id=\"ec60acc\" data-element_type=\"section\">\n\t\t\t\t\t\t<div class=\"elementor-container elementor-column-gap-default\">\n\t\t\t\t\t<div class=\"elementor-column elementor-col-100 elementor-top-column elementor-element elementor-element-52b3431\" data-id=\"52b3431\" data-element_type=\"column\">\n\t\t\t<div class=\"elementor-widget-wrap elementor-element-populated\">\n\t\t\t\t\t\t<div class=\"elementor-element elementor-element-b06fe81 elementor-widget elementor-widget-spacer\" data-id=\"b06fe81\" data-element_type=\"widget\" data-widget_type=\"spacer.default\">\n\t\t\t\t<div class=\"elementor-widget-container\">\n\t\t\t\t\t<div class=\"elementor-spacer\">\n\t\t\t<div class=\"elementor-spacer-inner\"><\/div>\n\t\t<\/div>\n\t\t\t\t<\/div>\n\t\t\t\t<\/div>\n\t\t\t\t\t<\/div>\n\t\t<\/div>\n\t\t\t\t\t<\/div>\n\t\t<\/section>\n\t\t\t\t<section class=\"elementor-section elementor-top-section elementor-element elementor-element-72583cc elementor-section-boxed elementor-section-height-default elementor-section-height-default\" data-id=\"72583cc\" data-element_type=\"section\">\n\t\t\t\t\t\t<div class=\"elementor-container elementor-column-gap-default\">\n\t\t\t\t\t<div class=\"elementor-column elementor-col-100 elementor-top-column elementor-element elementor-element-95f4e2f\" data-id=\"95f4e2f\" data-element_type=\"column\">\n\t\t\t<div class=\"elementor-widget-wrap elementor-element-populated\">\n\t\t\t\t\t\t<div class=\"elementor-element elementor-element-515ee56 elementor-widget elementor-widget-text-editor\" data-id=\"515ee56\" data-element_type=\"widget\" data-widget_type=\"text-editor.default\">\n\t\t\t\t<div class=\"elementor-widget-container\">\n\t\t\t\t\t\t\t<p><span style=\"font-size: 14pt; font-family: verdana, geneva, sans-serif; color: #f83050;\"><strong>Vigencia:<\/strong><\/span><\/p><p><span style=\"color: #808080; font-family: verdana, geneva, sans-serif; font-size: 12pt;\">V\u00e1lido hasta el 31 de diciembre de 2023.<\/span><\/p><p><span style=\"color: #f83050;\"><strong><span style=\"font-family: verdana, geneva, sans-serif; font-size: 14pt;\">Mec\u00e1nica:<\/span><\/strong><\/span><\/p><p><span style=\"font-family: verdana, geneva, sans-serif;\">Recibe hasta <strong>10% de descuento en tus pr\u00f3ximos 5 <\/strong>arrendamientos\u00a0 en Uber pagando con tus tarjetas Mastercard de Banco Serfinanza.\u00a0<\/span><\/p><div><span style=\"font-family: verdana, geneva, sans-serif;\">Solo debes asegurarte ser uno de los primeros 22 mil usuarios del mes de octubre en aplicar el c\u00f3digo promocional\u00a0<strong>MASTERCARDCO2310<\/strong><\/span><br aria-hidden=\"true\" \/><br aria-hidden=\"true\" \/><\/div><div><span style=\"font-family: verdana, geneva, sans-serif;\">Para hacer uso del c\u00f3digo promocional ingresa a la app de Uber y sigue estos pasos:<\/span><\/div><div>\u00a0<\/div><div><span style=\"font-family: verdana, geneva, sans-serif;\"><strong>1.<\/strong>\u00a0Selecciona\u00a0<strong>\u2018Cuenta\u2019<\/strong>\u00a0en tu aplicaci\u00f3n.<\/span><br aria-hidden=\"true\" \/><br aria-hidden=\"true\" \/><span style=\"font-family: verdana, geneva, sans-serif;\"><strong>2.<\/strong>\u00a0Elige la opci\u00f3n\u00a0<strong>\u2018Billetera\u2019<\/strong><\/span><br aria-hidden=\"true\" \/><br aria-hidden=\"true\" \/><span style=\"font-family: verdana, geneva, sans-serif;\"><strong>3.<\/strong>\u00a0Ve a la secci\u00f3n\u00a0<strong>&#8216;Promociones&#8217;<\/strong>\u00a0e ingresa en el bot\u00f3n\u00a0<strong>\u2018Agregar un c\u00f3digo promo\u2019.<\/strong>\u00a0(No lo confundas con la opci\u00f3n &#8216;Cupones&#8217;).<\/span><br aria-hidden=\"true\" \/><br aria-hidden=\"true\" \/><\/div><div><span style=\"font-family: verdana, geneva, sans-serif;\"><strong>4.<\/strong>\u00a0Escribe el c\u00f3digo y pulsa\u00a0<strong>AGREGAR\u00a0<\/strong>o haz clic en el bot\u00f3n de abajo.<\/span><\/div><div>\u00a0<\/div><div><span style=\"font-family: verdana, geneva, sans-serif;\">\u00a1As\u00ed de f\u00e1cil! El c\u00f3digo se aplicar\u00e1 en tu cuenta y podr\u00e1s disfrutar de una promoci\u00f3n de hasta 10% de descuento en tus siguientes 5 arrendamientos.\u00a0<\/span><\/div><div class=\"x_x_x_x_x_x_x_x_x_ContentPasted0 x_x_x_x_x_x_x_x_ContentPasted0 x_x_x_x_x_x_x_x_ContentPasted1\"><div class=\"x_x_x_x_x_x_x_x_ContentPasted1\">\u00a0<\/div><\/div>\t\t\t\t\t\t<\/div>\n\t\t\t\t<\/div>\n\t\t\t\t\t<\/div>\n\t\t<\/div>\n\t\t\t\t\t<\/div>\n\t\t<\/section>\n\t\t\t\t<section class=\"elementor-section elementor-top-section elementor-element elementor-element-14c140f elementor-section-boxed elementor-section-height-default elementor-section-height-default\" data-id=\"14c140f\" data-element_type=\"section\">\n\t\t\t\t\t\t<div class=\"elementor-container elementor-column-gap-default\">\n\t\t\t\t\t<div class=\"elementor-column elementor-col-100 elementor-top-column elementor-element elementor-element-6d04208\" data-id=\"6d04208\" data-element_type=\"column\">\n\t\t\t<div class=\"elementor-widget-wrap elementor-element-populated\">\n\t\t\t\t\t\t<div class=\"elementor-element elementor-element-8da9dfe elementor-widget elementor-widget-text-editor\" data-id=\"8da9dfe\" data-element_type=\"widget\" data-widget_type=\"text-editor.default\">\n\t\t\t\t<div class=\"elementor-widget-container\">\n\t\t\t\t\t\t\t<p><span style=\"font-family: verdana, geneva, sans-serif;\"><strong><span style=\"color: #f83050; font-size: 14pt;\">T\u00e9rminos y Condiciones<\/span><\/strong><\/span><\/p>\n<p>Promoci\u00f3n organizada por Rasier Operations B.V. V\u00e1lido del 01 de octubre has el 21 de diciembre 2023. El c\u00f3digo promocional otorga un descuento de m\u00e1ximo de COP $1.500, sobre el valor del precio sugerido usando la aplicaci\u00f3n de Uber dentro de la vigencia, utilizando como m\u00e9todo de pago Tarjeta Ol\u00edmpica Mastercard, Tarjeta Ol\u00edmpica Mastercard Gold, Tarjeta D\u00e9bito de Banco Serfinanza y\/o Tarjeta Mastercard Black Banco Serfinanza. Aplica para 5 arrendamientos con las opciones disponibles en la app de Uber. Solo aplica en las ciudades de Colombia en las que la app de Uber se encuentre disponible. V\u00e1lido para 5 redenciones por usuario. El usuario pagar\u00e1 la diferencia entre el descuento otorgado por el c\u00f3digo promocional y el precio sugerido aplicable al arrendamiento. En el caso en que el precio sugerido sea inferior al descuento del c\u00f3digo promocional, el saldo no ser\u00e1 acumulable para arrendamientos posteriores. Promoci\u00f3n v\u00e1lida para los usuarios que recibieron el mensaje o correo de invitaci\u00f3n enviado por Uber o una comunicaci\u00f3n directa por la app. En el evento en que el c\u00f3digo promocional no sea ejecutable, Uber se reserva el derecho a su entera discreci\u00f3n de generar un nuevo c\u00f3digo promocional de las mismas caracter\u00edsticas o si resulta aplicable, acreditar directamente el valor del descuento otorgado por el c\u00f3digo promocional a la cuenta del usuario. En el caso que la cuenta del usuario tenga alguna limitaci\u00f3n o restricci\u00f3n para aplicar el c\u00f3digo promocional, este no ser\u00e1 aplicable. Promoci\u00f3n sujeta al cumplimiento de los presentes T\u00e9rminos y Condiciones y los T\u00e9rminos y Condiciones de uso de la aplicaci\u00f3n de Uber. Los productos y servicios ofrecidos son responsabilidad del aliado. Banco Serfinanza solo act\u00faa como ente emisor del medio de pago.<\/p>\t\t\t\t\t\t<\/div>\n\t\t\t\t<\/div>\n\t\t\t\t\t<\/div>\n\t\t<\/div>\n\t\t\t\t\t<\/div>\n\t\t<\/section>\n\t\t\t\t<\/div>\n\t\t","protected":false},"excerpt":{"rendered":"<p>Descuentos en Uber con tu Tarjeta Ol\u00edmpica Vigencia: V\u00e1lido hasta el 31 de diciembre de 2023. Mec\u00e1nica: Recibe hasta 10% de descuento en tus pr\u00f3ximos 5 arrendamientos\u00a0 en Uber pagando con tus tarjetas Mastercard de Banco Serfinanza.\u00a0 Solo debes asegurarte ser uno de los primeros 22 mil usuarios del mes de octubre en aplicar el [&hellip;]<\/p>\n","protected":false},"author":2,"featured_media":0,"parent":0,"menu_order":0,"comment_status":"closed","ping_status":"closed","template":"","meta":{"_eb_attr":"","site-sidebar-layout":"no-sidebar","site-content-layout":"page-builder","ast-site-content-layout":"","site-content-style":"default","site-sidebar-style":"default","ast-global-header-display":"","ast-banner-title-visibility":"","ast-main-header-display":"","ast-hfb-above-header-display":"","ast-hfb-below-header-display":"","ast-hfb-mobile-header-display":"","site-post-title":"disabled","ast-breadcrumbs-content":"","ast-featured-img":"disabled","footer-sml-layout":"","theme-transparent-header-meta":"default","adv-header-id-meta":"","stick-header-meta":"","header-above-stick-meta":"","header-main-stick-meta":"","header-below-stick-meta":"","astra-migrate-meta-layouts":"default","ast-page-background-enabled":"default","ast-page-background-meta":{"desktop":{"background-color":"","background-image":"","background-repeat":"repeat","background-position":"center center","background-size":"auto","background-attachment":"scroll","background-type":"","background-media":"","overlay-type":"","overlay-color":"","overlay-opacity":"","overlay-gradient":""},"tablet":{"background-color":"","background-image":"","background-repeat":"repeat","background-position":"center center","background-size":"auto","background-attachment":"scroll","background-type":"","background-media":"","overlay-type":"","overlay-color":"","overlay-opacity":"","overlay-gradient":""},"mobile":{"background-color":"","background-image":"","background-repeat":"repeat","background-position":"center center","background-size":"auto","background-attachment":"scroll","background-type":"","background-media":"","overlay-type":"","overlay-color":"","overlay-opacity":"","overlay-gradient":""}},"ast-content-background-meta":{"desktop":{"background-color":"var(--ast-global-color-5)","background-image":"","background-repeat":"repeat","background-position":"center center","background-size":"auto","background-attachment":"scroll","background-type":"","background-media":"","overlay-type":"","overlay-color":"","overlay-opacity":"","overlay-gradient":""},"tablet":{"background-color":"var(--ast-global-color-5)","background-image":"","background-repeat":"repeat","background-position":"center center","background-size":"auto","background-attachment":"scroll","background-type":"","background-media":"","overlay-type":"","overlay-color":"","overlay-opacity":"","overlay-gradient":""},"mobile":{"background-color":"var(--ast-global-color-5)","background-image":"","background-repeat":"repeat","background-position":"center center","background-size":"auto","background-attachment":"scroll","background-type":"","background-media":"","overlay-type":"","overlay-color":"","overlay-opacity":"","overlay-gradient":""}},"footnotes":""},"yoast_head":"<!-- This site is optimized with the Yoast SEO plugin v22.3 - https:\/\/yoast.com\/wordpress\/plugins\/seo\/ -->\r\n<title>Uber -<\/title>\r\n<meta name=\"robots\" content=\"index, follow, max-snippet:-1, max-image-preview:large, max-video-preview:-1\" \/>\r\n<link rel=\"canonical\" href=\"https:\/\/tarjetaolimpica.com.co\/Index\/uber\/\" \/>\r\n<meta property=\"og:locale\" content=\"es_ES\" \/>\r\n<meta property=\"og:type\" content=\"article\" \/>\r\n<meta property=\"og:title\" content=\"Uber -\" \/>\r\n<meta property=\"og:description\" content=\"Descuentos en Uber con tu Tarjeta Ol\u00edmpica Vigencia: V\u00e1lido hasta el 31 de diciembre de 2023. Mec\u00e1nica: Recibe hasta 10% de descuento en tus pr\u00f3ximos 5 arrendamientos\u00a0 en Uber pagando con tus tarjetas Mastercard de Banco Serfinanza.\u00a0 Solo debes asegurarte ser uno de los primeros 22 mil usuarios del mes de octubre en aplicar el [&hellip;]\" \/>\r\n<meta property=\"og:url\" content=\"https:\/\/tarjetaolimpica.com.co\/Index\/uber\/\" \/>\r\n<meta property=\"article:publisher\" content=\"https:\/\/www.facebook.com\/bancoserfinanza\" \/>\r\n<meta property=\"article:modified_time\" content=\"2023-11-03T15:15:45+00:00\" \/>\r\n<meta property=\"og:image\" content=\"https:\/\/tarjetaolimpica.com.co\/Index\/wp-content\/uploads\/2023\/10\/Uber-hasta-10-hasta-el-31-de-octubre_Banner-1024x768.jpg\" \/>\r\n<meta name=\"twitter:card\" content=\"summary_large_image\" \/>\r\n<meta name=\"twitter:site\" content=\"@bancoserfinanza\" \/>\r\n<meta name=\"twitter:label1\" content=\"Tiempo estimado de lectura\" \/>\n\t<meta name=\"twitter:data1\" content=\"3 minutos\" \/>\r\n<script type=\"application\/ld+json\" class=\"yoast-schema-graph\">{\"@context\":\"https:\/\/schema.org\",\"@graph\":[{\"@type\":\"WebPage\",\"@id\":\"https:\/\/tarjetaolimpica.com.co\/Index\/uber\/\",\"url\":\"https:\/\/tarjetaolimpica.com.co\/Index\/uber\/\",\"name\":\"Uber -\",\"isPartOf\":{\"@id\":\"https:\/\/tarjetaolimpica.com.co\/Index\/#website\"},\"primaryImageOfPage\":{\"@id\":\"https:\/\/tarjetaolimpica.com.co\/Index\/uber\/#primaryimage\"},\"image\":{\"@id\":\"https:\/\/tarjetaolimpica.com.co\/Index\/uber\/#primaryimage\"},\"thumbnailUrl\":\"https:\/\/tarjetaolimpica.com.co\/Index\/wp-content\/uploads\/2023\/10\/Uber-hasta-10-hasta-el-31-de-octubre_Banner-1024x768.jpg\",\"datePublished\":\"2023-10-24T22:31:03+00:00\",\"dateModified\":\"2023-11-03T15:15:45+00:00\",\"breadcrumb\":{\"@id\":\"https:\/\/tarjetaolimpica.com.co\/Index\/uber\/#breadcrumb\"},\"inLanguage\":\"es-CO\",\"potentialAction\":[{\"@type\":\"ReadAction\",\"target\":[\"https:\/\/tarjetaolimpica.com.co\/Index\/uber\/\"]}]},{\"@type\":\"ImageObject\",\"inLanguage\":\"es-CO\",\"@id\":\"https:\/\/tarjetaolimpica.com.co\/Index\/uber\/#primaryimage\",\"url\":\"https:\/\/tarjetaolimpica.com.co\/Index\/wp-content\/uploads\/2023\/10\/Uber-hasta-10-hasta-el-31-de-octubre_Banner-scaled.jpg\",\"contentUrl\":\"https:\/\/tarjetaolimpica.com.co\/Index\/wp-content\/uploads\/2023\/10\/Uber-hasta-10-hasta-el-31-de-octubre_Banner-scaled.jpg\",\"width\":2560,\"height\":1920},{\"@type\":\"BreadcrumbList\",\"@id\":\"https:\/\/tarjetaolimpica.com.co\/Index\/uber\/#breadcrumb\",\"itemListElement\":[{\"@type\":\"ListItem\",\"position\":1,\"name\":\"Home\",\"item\":\"https:\/\/tarjetaolimpica.com.co\/Index\/\"},{\"@type\":\"ListItem\",\"position\":2,\"name\":\"Uber\"}]},{\"@type\":\"WebSite\",\"@id\":\"https:\/\/tarjetaolimpica.com.co\/Index\/#website\",\"url\":\"https:\/\/tarjetaolimpica.com.co\/Index\/\",\"name\":\"\",\"description\":\"\",\"publisher\":{\"@id\":\"https:\/\/tarjetaolimpica.com.co\/Index\/#organization\"},\"potentialAction\":[{\"@type\":\"SearchAction\",\"target\":{\"@type\":\"EntryPoint\",\"urlTemplate\":\"https:\/\/tarjetaolimpica.com.co\/Index\/?s={search_term_string}\"},\"query-input\":\"required name=search_term_string\"}],\"inLanguage\":\"es-CO\"},{\"@type\":\"Organization\",\"@id\":\"https:\/\/tarjetaolimpica.com.co\/Index\/#organization\",\"name\":\"Banco Serfinanza\",\"url\":\"https:\/\/tarjetaolimpica.com.co\/Index\/\",\"logo\":{\"@type\":\"ImageObject\",\"inLanguage\":\"es-CO\",\"@id\":\"https:\/\/tarjetaolimpica.com.co\/Index\/#\/schema\/logo\/image\/\",\"url\":\"https:\/\/tarjetaolimpica.com.co\/Index\/wp-content\/uploads\/2019\/01\/Logo-Serfinanza-2.png\",\"contentUrl\":\"https:\/\/tarjetaolimpica.com.co\/Index\/wp-content\/uploads\/2019\/01\/Logo-Serfinanza-2.png\",\"width\":339,\"height\":78,\"caption\":\"Banco Serfinanza\"},\"image\":{\"@id\":\"https:\/\/tarjetaolimpica.com.co\/Index\/#\/schema\/logo\/image\/\"},\"sameAs\":[\"https:\/\/www.facebook.com\/bancoserfinanza\",\"https:\/\/twitter.com\/bancoserfinanza\",\"https:\/\/www.instagram.com\/bancoserfinanza\"]}]}<\/script>\r\n<!-- \/ Yoast SEO plugin. -->","yoast_head_json":{"title":"Uber -","robots":{"index":"index","follow":"follow","max-snippet":"max-snippet:-1","max-image-preview":"max-image-preview:large","max-video-preview":"max-video-preview:-1"},"canonical":"https:\/\/tarjetaolimpica.com.co\/Index\/uber\/","og_locale":"es_ES","og_type":"article","og_title":"Uber -","og_description":"Descuentos en Uber con tu Tarjeta Ol\u00edmpica Vigencia: V\u00e1lido hasta el 31 de diciembre de 2023. Mec\u00e1nica: Recibe hasta 10% de descuento en tus pr\u00f3ximos 5 arrendamientos\u00a0 en Uber pagando con tus tarjetas Mastercard de Banco Serfinanza.\u00a0 Solo debes asegurarte ser uno de los primeros 22 mil usuarios del mes de octubre en aplicar el [&hellip;]","og_url":"https:\/\/tarjetaolimpica.com.co\/Index\/uber\/","article_publisher":"https:\/\/www.facebook.com\/bancoserfinanza","article_modified_time":"2023-11-03T15:15:45+00:00","og_image":[{"url":"https:\/\/tarjetaolimpica.com.co\/Index\/wp-content\/uploads\/2023\/10\/Uber-hasta-10-hasta-el-31-de-octubre_Banner-1024x768.jpg"}],"twitter_card":"summary_large_image","twitter_site":"@bancoserfinanza","twitter_misc":{"Tiempo estimado de lectura":"3 minutos"},"schema":{"@context":"https:\/\/schema.org","@graph":[{"@type":"WebPage","@id":"https:\/\/tarjetaolimpica.com.co\/Index\/uber\/","url":"https:\/\/tarjetaolimpica.com.co\/Index\/uber\/","name":"Uber -","isPartOf":{"@id":"https:\/\/tarjetaolimpica.com.co\/Index\/#website"},"primaryImageOfPage":{"@id":"https:\/\/tarjetaolimpica.com.co\/Index\/uber\/#primaryimage"},"image":{"@id":"https:\/\/tarjetaolimpica.com.co\/Index\/uber\/#primaryimage"},"thumbnailUrl":"https:\/\/tarjetaolimpica.com.co\/Index\/wp-content\/uploads\/2023\/10\/Uber-hasta-10-hasta-el-31-de-octubre_Banner-1024x768.jpg","datePublished":"2023-10-24T22:31:03+00:00","dateModified":"2023-11-03T15:15:45+00:00","breadcrumb":{"@id":"https:\/\/tarjetaolimpica.com.co\/Index\/uber\/#breadcrumb"},"inLanguage":"es-CO","potentialAction":[{"@type":"ReadAction","target":["https:\/\/tarjetaolimpica.com.co\/Index\/uber\/"]}]},{"@type":"ImageObject","inLanguage":"es-CO","@id":"https:\/\/tarjetaolimpica.com.co\/Index\/uber\/#primaryimage","url":"https:\/\/tarjetaolimpica.com.co\/Index\/wp-content\/uploads\/2023\/10\/Uber-hasta-10-hasta-el-31-de-octubre_Banner-scaled.jpg","contentUrl":"https:\/\/tarjetaolimpica.com.co\/Index\/wp-content\/uploads\/2023\/10\/Uber-hasta-10-hasta-el-31-de-octubre_Banner-scaled.jpg","width":2560,"height":1920},{"@type":"BreadcrumbList","@id":"https:\/\/tarjetaolimpica.com.co\/Index\/uber\/#breadcrumb","itemListElement":[{"@type":"ListItem","position":1,"name":"Home","item":"https:\/\/tarjetaolimpica.com.co\/Index\/"},{"@type":"ListItem","position":2,"name":"Uber"}]},{"@type":"WebSite","@id":"https:\/\/tarjetaolimpica.com.co\/Index\/#website","url":"https:\/\/tarjetaolimpica.com.co\/Index\/","name":"","description":"","publisher":{"@id":"https:\/\/tarjetaolimpica.com.co\/Index\/#organization"},"potentialAction":[{"@type":"SearchAction","target":{"@type":"EntryPoint","urlTemplate":"https:\/\/tarjetaolimpica.com.co\/Index\/?s={search_term_string}"},"query-input":"required name=search_term_string"}],"inLanguage":"es-CO"},{"@type":"Organization","@id":"https:\/\/tarjetaolimpica.com.co\/Index\/#organization","name":"Banco Serfinanza","url":"https:\/\/tarjetaolimpica.com.co\/Index\/","logo":{"@type":"ImageObject","inLanguage":"es-CO","@id":"https:\/\/tarjetaolimpica.com.co\/Index\/#\/schema\/logo\/image\/","url":"https:\/\/tarjetaolimpica.com.co\/Index\/wp-content\/uploads\/2019\/01\/Logo-Serfinanza-2.png","contentUrl":"https:\/\/tarjetaolimpica.com.co\/Index\/wp-content\/uploads\/2019\/01\/Logo-Serfinanza-2.png","width":339,"height":78,"caption":"Banco Serfinanza"},"image":{"@id":"https:\/\/tarjetaolimpica.com.co\/Index\/#\/schema\/logo\/image\/"},"sameAs":["https:\/\/www.facebook.com\/bancoserfinanza","https:\/\/twitter.com\/bancoserfinanza","https:\/\/www.instagram.com\/bancoserfinanza"]}]}},"_links":{"self":[{"href":"https:\/\/tarjetaolimpica.com.co\/Index\/wp-json\/wp\/v2\/pages\/12227"}],"collection":[{"href":"https:\/\/tarjetaolimpica.com.co\/Index\/wp-json\/wp\/v2\/pages"}],"about":[{"href":"https:\/\/tarjetaolimpica.com.co\/Index\/wp-json\/wp\/v2\/types\/page"}],"author":[{"embeddable":true,"href":"https:\/\/tarjetaolimpica.com.co\/Index\/wp-json\/wp\/v2\/users\/2"}],"replies":[{"embeddable":true,"href":"https:\/\/tarjetaolimpica.com.co\/Index\/wp-json\/wp\/v2\/comments?post=12227"}],"version-history":[{"count":22,"href":"https:\/\/tarjetaolimpica.com.co\/Index\/wp-json\/wp\/v2\/pages\/12227\/revisions"}],"predecessor-version":[{"id":12355,"href":"https:\/\/tarjetaolimpica.com.co\/Index\/wp-json\/wp\/v2\/pages\/12227\/revisions\/12355"}],"wp:attachment":[{"href":"https:\/\/tarjetaolimpica.com.co\/Index\/wp-json\/wp\/v2\/media?parent=12227"}],"curies":[{"name":"wp","href":"https:\/\/api.w.org\/{rel}","templated":true}]}}