{"id":12459,"date":"2023-11-16T11:46:40","date_gmt":"2023-11-16T16:46:40","guid":{"rendered":"https:\/\/tarjetaolimpica.com.co\/Index\/?page_id=12459"},"modified":"2023-11-22T17:54:17","modified_gmt":"2023-11-22T22:54:17","slug":"compra-ahora-y-paga-en-febrero","status":"publish","type":"page","link":"https:\/\/tarjetaolimpica.com.co\/Index\/compra-ahora-y-paga-en-febrero\/","title":{"rendered":"Compra en Black Friday y paga febrero 2024"},"content":{"rendered":"\t\t<div data-elementor-type=\"wp-page\" data-elementor-id=\"12459\" class=\"elementor elementor-12459\" data-elementor-post-type=\"page\">\n\t\t\t\t\t\t<section class=\"elementor-section elementor-top-section elementor-element elementor-element-9fc9088 elementor-section-boxed elementor-section-height-default elementor-section-height-default\" data-id=\"9fc9088\" data-element_type=\"section\">\n\t\t\t\t\t\t<div class=\"elementor-container elementor-column-gap-default\">\n\t\t\t\t\t<div class=\"elementor-column elementor-col-50 elementor-top-column elementor-element elementor-element-41221dc\" data-id=\"41221dc\" data-element_type=\"column\">\n\t\t\t<div class=\"elementor-widget-wrap elementor-element-populated\">\n\t\t\t\t\t\t<div class=\"elementor-element elementor-element-dd30611 elementor-widget elementor-widget-heading\" data-id=\"dd30611\" data-element_type=\"widget\" data-widget_type=\"heading.default\">\n\t\t\t\t<div class=\"elementor-widget-container\">\n\t\t\t<h1 class=\"elementor-heading-title elementor-size-default\"><b>Compra ahora y paga en Febrero 2024<\/b><\/h1>\t\t<\/div>\n\t\t\t\t<\/div>\n\t\t\t\t\t<\/div>\n\t\t<\/div>\n\t\t\t\t<div class=\"elementor-column elementor-col-50 elementor-top-column elementor-element elementor-element-c626003\" data-id=\"c626003\" data-element_type=\"column\">\n\t\t\t<div class=\"elementor-widget-wrap elementor-element-populated\">\n\t\t\t\t\t\t<div class=\"elementor-element elementor-element-f2868c5 elementor-widget elementor-widget-image\" data-id=\"f2868c5\" data-element_type=\"widget\" data-widget_type=\"image.default\">\n\t\t\t\t<div class=\"elementor-widget-container\">\n\t\t\t\t\t\t\t\t\t\t\t\t\t<img fetchpriority=\"high\" decoding=\"async\" width=\"1024\" height=\"768\" src=\"https:\/\/tarjetaolimpica.com.co\/Index\/wp-content\/uploads\/2023\/11\/Banner-Compra-ahora-y-paga-despues-_-Black-Friday_1-1024x768.jpg\" class=\"attachment-large size-large wp-image-12462\" alt=\"\" srcset=\"https:\/\/tarjetaolimpica.com.co\/Index\/wp-content\/uploads\/2023\/11\/Banner-Compra-ahora-y-paga-despues-_-Black-Friday_1-1024x768.jpg 1024w, https:\/\/tarjetaolimpica.com.co\/Index\/wp-content\/uploads\/2023\/11\/Banner-Compra-ahora-y-paga-despues-_-Black-Friday_1-300x225.jpg 300w, https:\/\/tarjetaolimpica.com.co\/Index\/wp-content\/uploads\/2023\/11\/Banner-Compra-ahora-y-paga-despues-_-Black-Friday_1-768x576.jpg 768w, https:\/\/tarjetaolimpica.com.co\/Index\/wp-content\/uploads\/2023\/11\/Banner-Compra-ahora-y-paga-despues-_-Black-Friday_1-1536x1152.jpg 1536w, https:\/\/tarjetaolimpica.com.co\/Index\/wp-content\/uploads\/2023\/11\/Banner-Compra-ahora-y-paga-despues-_-Black-Friday_1.jpg 1667w\" sizes=\"(max-width: 1024px) 100vw, 1024px\" \/>\t\t\t\t\t\t\t\t\t\t\t\t\t<\/div>\n\t\t\t\t<\/div>\n\t\t\t\t\t<\/div>\n\t\t<\/div>\n\t\t\t\t\t<\/div>\n\t\t<\/section>\n\t\t\t\t<section class=\"elementor-section elementor-top-section elementor-element elementor-element-ba25cd4 elementor-section-boxed elementor-section-height-default elementor-section-height-default\" data-id=\"ba25cd4\" data-element_type=\"section\">\n\t\t\t\t\t\t<div class=\"elementor-container elementor-column-gap-default\">\n\t\t\t\t\t<div class=\"elementor-column elementor-col-100 elementor-top-column elementor-element elementor-element-0a06f16\" data-id=\"0a06f16\" data-element_type=\"column\">\n\t\t\t<div class=\"elementor-widget-wrap elementor-element-populated\">\n\t\t\t\t\t\t<div class=\"elementor-element elementor-element-286b0ec elementor-widget elementor-widget-heading\" data-id=\"286b0ec\" data-element_type=\"widget\" data-widget_type=\"heading.default\">\n\t\t\t\t<div class=\"elementor-widget-container\">\n\t\t\t<h2 class=\"elementor-heading-title elementor-size-default\"><br><br><br><br>Vigencia<\/h2>\t\t<\/div>\n\t\t\t\t<\/div>\n\t\t\t\t<div class=\"elementor-element elementor-element-b5fc5ab elementor-widget elementor-widget-text-editor\" data-id=\"b5fc5ab\" data-element_type=\"widget\" data-widget_type=\"text-editor.default\">\n\t\t\t\t<div class=\"elementor-widget-container\">\n\t\t\t\t\t\t\t<p>24 de noviembre de 2023<\/p>\t\t\t\t\t\t<\/div>\n\t\t\t\t<\/div>\n\t\t\t\t\t<\/div>\n\t\t<\/div>\n\t\t\t\t\t<\/div>\n\t\t<\/section>\n\t\t\t\t<section class=\"elementor-section elementor-top-section elementor-element elementor-element-d750bdf elementor-section-boxed elementor-section-height-default elementor-section-height-default\" data-id=\"d750bdf\" data-element_type=\"section\">\n\t\t\t\t\t\t<div class=\"elementor-container elementor-column-gap-default\">\n\t\t\t\t\t<div class=\"elementor-column elementor-col-100 elementor-top-column elementor-element elementor-element-18fcfd6\" data-id=\"18fcfd6\" data-element_type=\"column\">\n\t\t\t<div class=\"elementor-widget-wrap elementor-element-populated\">\n\t\t\t\t\t\t<div class=\"elementor-element elementor-element-2668844 elementor-widget elementor-widget-heading\" data-id=\"2668844\" data-element_type=\"widget\" data-widget_type=\"heading.default\">\n\t\t\t\t<div class=\"elementor-widget-container\">\n\t\t\t<h2 class=\"elementor-heading-title elementor-size-default\">Mec\u00e1nica<\/h2>\t\t<\/div>\n\t\t\t\t<\/div>\n\t\t\t\t<div class=\"elementor-element elementor-element-31727b1 elementor-widget elementor-widget-text-editor\" data-id=\"31727b1\" data-element_type=\"widget\" data-widget_type=\"text-editor.default\">\n\t\t\t\t<div class=\"elementor-widget-container\">\n\t\t\t\t\t\t\t<p>Realiza tus\u00a0 compras este 24 de noviembre de 2023 en Ol\u00edmpica y SAO, y paga en\u00a0 febrero de 2024.<\/p><p><strong><span style=\"font-size: 12pt;\">Adquiere el beneficio<\/span>:<\/strong><\/p><ul><li>Llamando a la l\u00ednea de atenci\u00f3n al cliente:<strong> 323 599 7000<\/strong><\/li><li>Acerc\u00e1ndote a los puntos de informaci\u00f3n de <strong>Banco Serfinanza\u00a0<\/strong><\/li><li>Consultando con el cajero al momento de pagar en las <strong>cajas Ol\u00edmpica.<\/strong><\/li><\/ul>\t\t\t\t\t\t<\/div>\n\t\t\t\t<\/div>\n\t\t\t\t<div class=\"elementor-element elementor-element-f7d2d5f elementor-widget elementor-widget-heading\" data-id=\"f7d2d5f\" data-element_type=\"widget\" data-widget_type=\"heading.default\">\n\t\t\t\t<div class=\"elementor-widget-container\">\n\t\t\t<h2 class=\"elementor-heading-title elementor-size-default\">T\u00e9rminos y Condiciones<\/h2>\t\t<\/div>\n\t\t\t\t<\/div>\n\t\t\t\t<div class=\"elementor-element elementor-element-0f64a78 elementor-widget elementor-widget-text-editor\" data-id=\"0f64a78\" data-element_type=\"widget\" data-widget_type=\"text-editor.default\">\n\t\t\t\t<div class=\"elementor-widget-container\">\n\t\t\t\t\t\t\t<ul><li><p>\u00a0<span lang=\"es-MX\">Solo aplica para las compras realizadas en Ol\u00edmpica y Sao (tiendas f\u00edsicas, app y web) en cualquier categor\u00eda y cualquier monto.<\/span><\/p><\/li><li><p>El plazo m\u00e1ximo para diferir la compra es de 12 meses.<\/p><\/li><li><p>\u00a0 <span lang=\"es-MX\">El n\u00famero de Tarjeta Plata con el que se realice la compra debe ser el mismo del titular de la tarjeta Ol\u00edmpica.<\/span>\u00a0En caso que no coincidan los datos no se aplica el beneficio.<\/p><\/li><li><p><span lang=\"es-MX\">La primera cuota de capital de todas\u00a0 las compras realizadas durante el d\u00eda de BlackFriday (24 de noviembre de 2023) ser\u00e1n facturadas el 10 de enero fecha l\u00edmite de pago 5 de febrero para ciclo 1 y\u00a0 23 de enero fecha l\u00edmite de pago 18 de febrero para ciclo 2.<\/span><\/p><\/li><li><p><span lang=\"es-MX\">No aplica para avances en efectivo\u00a0 ni compras de cartera.<\/span><\/p><\/li><li><p><span lang=\"es-MX\">Los intereses se facturan desde la realizaci\u00f3n de las compras, es decir la cuota de intereses y otros conceptos estar\u00e1 incluida en los pagos m\u00ednimos consecutivos a la fecha de la transacci\u00f3n (extracto facturado en diciembre con fecha l\u00edmite de pago 5 de enero para ciclo 1, y extracto facturado en diciembre con fecha limite de pago 18 de enero para ciclo 2).<\/span><\/p><\/li><li><p><span lang=\"es-MX\">La tasa de compras ser\u00e1 la vigente al momento de su realizaci\u00f3n.<\/span><\/p><\/li><li><p><span lang=\"es-MX\">El cliente que no acepte el beneficio antes de las 11:59 pm del 24 de noviembre de 2023, no se le aplicar\u00e1 el beneficio y las compras realizadas en ese d\u00eda se\u00a0 facturaran normalmente.<\/span><\/p><\/li><li><p><span lang=\"es-MX\">S\u00f3lo aplica para clientes que est\u00e9n en estado normal.<\/span><\/p><\/li><li><p><span lang=\"es-MX\">Aplica para tarjeta Ol\u00edmpica, Tarjeta Ol\u00edmpica Mastercard, Tarjeta Ol\u00edmpica Mastercard Gold y marcas compartidas. Incluye tarjetas adicionales y amparadas.<\/span><\/p><\/li><li><p><span lang=\"es-MX\">No aplican compras realizadas en comercios diferentes a Ol\u00edmpica.<\/span><\/p><\/li><li><p><span lang=\"es-MX\">Solo aplica para persona natural.<\/span><\/p><p><span style=\"font-size: 16px;\">.<\/span><\/p><\/li><\/ul>\t\t\t\t\t\t<\/div>\n\t\t\t\t<\/div>\n\t\t\t\t\t<\/div>\n\t\t<\/div>\n\t\t\t\t\t<\/div>\n\t\t<\/section>\n\t\t\t\t<\/div>\n\t\t","protected":false},"excerpt":{"rendered":"<p>Compra ahora y paga en Febrero 2024 Vigencia 24 de noviembre de 2023 Mec\u00e1nica Realiza tus\u00a0 compras este 24 de noviembre de 2023 en Ol\u00edmpica y SAO, y paga en\u00a0 febrero de 2024. Adquiere el beneficio: Llamando a la l\u00ednea de atenci\u00f3n al cliente: 323 599 7000 Acerc\u00e1ndote a los puntos de informaci\u00f3n de Banco [&hellip;]<\/p>\n","protected":false},"author":2,"featured_media":0,"parent":0,"menu_order":0,"comment_status":"closed","ping_status":"closed","template":"","meta":{"_eb_attr":"","site-sidebar-layout":"no-sidebar","site-content-layout":"page-builder","ast-site-content-layout":"","site-content-style":"default","site-sidebar-style":"default","ast-global-header-display":"","ast-banner-title-visibility":"","ast-main-header-display":"","ast-hfb-above-header-display":"","ast-hfb-below-header-display":"","ast-hfb-mobile-header-display":"","site-post-title":"disabled","ast-breadcrumbs-content":"","ast-featured-img":"disabled","footer-sml-layout":"","theme-transparent-header-meta":"","adv-header-id-meta":"","stick-header-meta":"","header-above-stick-meta":"","header-main-stick-meta":"","header-below-stick-meta":"","astra-migrate-meta-layouts":"default","ast-page-background-enabled":"default","ast-page-background-meta":{"desktop":{"background-color":"","background-image":"","background-repeat":"repeat","background-position":"center center","background-size":"auto","background-attachment":"scroll","background-type":"","background-media":"","overlay-type":"","overlay-color":"","overlay-opacity":"","overlay-gradient":""},"tablet":{"background-color":"","background-image":"","background-repeat":"repeat","background-position":"center center","background-size":"auto","background-attachment":"scroll","background-type":"","background-media":"","overlay-type":"","overlay-color":"","overlay-opacity":"","overlay-gradient":""},"mobile":{"background-color":"","background-image":"","background-repeat":"repeat","background-position":"center center","background-size":"auto","background-attachment":"scroll","background-type":"","background-media":"","overlay-type":"","overlay-color":"","overlay-opacity":"","overlay-gradient":""}},"ast-content-background-meta":{"desktop":{"background-color":"var(--ast-global-color-5)","background-image":"","background-repeat":"repeat","background-position":"center center","background-size":"auto","background-attachment":"scroll","background-type":"","background-media":"","overlay-type":"","overlay-color":"","overlay-opacity":"","overlay-gradient":""},"tablet":{"background-color":"var(--ast-global-color-5)","background-image":"","background-repeat":"repeat","background-position":"center center","background-size":"auto","background-attachment":"scroll","background-type":"","background-media":"","overlay-type":"","overlay-color":"","overlay-opacity":"","overlay-gradient":""},"mobile":{"background-color":"var(--ast-global-color-5)","background-image":"","background-repeat":"repeat","background-position":"center center","background-size":"auto","background-attachment":"scroll","background-type":"","background-media":"","overlay-type":"","overlay-color":"","overlay-opacity":"","overlay-gradient":""}},"footnotes":""},"yoast_head":"<!-- This site is optimized with the Yoast SEO plugin v22.3 - https:\/\/yoast.com\/wordpress\/plugins\/seo\/ -->\r\n<title>Compra en Black Friday y paga febrero 2024 -<\/title>\r\n<meta name=\"robots\" content=\"index, follow, max-snippet:-1, max-image-preview:large, max-video-preview:-1\" \/>\r\n<link rel=\"canonical\" href=\"https:\/\/tarjetaolimpica.com.co\/Index\/compra-ahora-y-paga-en-febrero\/\" \/>\r\n<meta property=\"og:locale\" content=\"es_ES\" \/>\r\n<meta property=\"og:type\" content=\"article\" \/>\r\n<meta property=\"og:title\" content=\"Compra en Black Friday y paga febrero 2024 -\" \/>\r\n<meta property=\"og:description\" content=\"Compra ahora y paga en Febrero 2024 Vigencia 24 de noviembre de 2023 Mec\u00e1nica Realiza tus\u00a0 compras este 24 de noviembre de 2023 en Ol\u00edmpica y SAO, y paga en\u00a0 febrero de 2024. Adquiere el beneficio: Llamando a la l\u00ednea de atenci\u00f3n al cliente: 323 599 7000 Acerc\u00e1ndote a los puntos de informaci\u00f3n de Banco [&hellip;]\" \/>\r\n<meta property=\"og:url\" content=\"https:\/\/tarjetaolimpica.com.co\/Index\/compra-ahora-y-paga-en-febrero\/\" \/>\r\n<meta property=\"article:publisher\" content=\"https:\/\/www.facebook.com\/bancoserfinanza\" \/>\r\n<meta property=\"article:modified_time\" content=\"2023-11-22T22:54:17+00:00\" \/>\r\n<meta property=\"og:image\" content=\"https:\/\/tarjetaolimpica.com.co\/Index\/wp-content\/uploads\/2023\/11\/Banner-Compra-ahora-y-paga-despues-_-Black-Friday_1-1024x768.jpg\" \/>\r\n<meta name=\"twitter:card\" content=\"summary_large_image\" \/>\r\n<meta name=\"twitter:site\" content=\"@bancoserfinanza\" \/>\r\n<meta name=\"twitter:label1\" content=\"Tiempo estimado de lectura\" \/>\n\t<meta name=\"twitter:data1\" content=\"2 minutos\" \/>\r\n<script type=\"application\/ld+json\" class=\"yoast-schema-graph\">{\"@context\":\"https:\/\/schema.org\",\"@graph\":[{\"@type\":\"WebPage\",\"@id\":\"https:\/\/tarjetaolimpica.com.co\/Index\/compra-ahora-y-paga-en-febrero\/\",\"url\":\"https:\/\/tarjetaolimpica.com.co\/Index\/compra-ahora-y-paga-en-febrero\/\",\"name\":\"Compra en Black Friday y paga febrero 2024 -\",\"isPartOf\":{\"@id\":\"https:\/\/tarjetaolimpica.com.co\/Index\/#website\"},\"primaryImageOfPage\":{\"@id\":\"https:\/\/tarjetaolimpica.com.co\/Index\/compra-ahora-y-paga-en-febrero\/#primaryimage\"},\"image\":{\"@id\":\"https:\/\/tarjetaolimpica.com.co\/Index\/compra-ahora-y-paga-en-febrero\/#primaryimage\"},\"thumbnailUrl\":\"https:\/\/tarjetaolimpica.com.co\/Index\/wp-content\/uploads\/2023\/11\/Banner-Compra-ahora-y-paga-despues-_-Black-Friday_1-1024x768.jpg\",\"datePublished\":\"2023-11-16T16:46:40+00:00\",\"dateModified\":\"2023-11-22T22:54:17+00:00\",\"breadcrumb\":{\"@id\":\"https:\/\/tarjetaolimpica.com.co\/Index\/compra-ahora-y-paga-en-febrero\/#breadcrumb\"},\"inLanguage\":\"es-CO\",\"potentialAction\":[{\"@type\":\"ReadAction\",\"target\":[\"https:\/\/tarjetaolimpica.com.co\/Index\/compra-ahora-y-paga-en-febrero\/\"]}]},{\"@type\":\"ImageObject\",\"inLanguage\":\"es-CO\",\"@id\":\"https:\/\/tarjetaolimpica.com.co\/Index\/compra-ahora-y-paga-en-febrero\/#primaryimage\",\"url\":\"https:\/\/tarjetaolimpica.com.co\/Index\/wp-content\/uploads\/2023\/11\/Banner-Compra-ahora-y-paga-despues-_-Black-Friday_1.jpg\",\"contentUrl\":\"https:\/\/tarjetaolimpica.com.co\/Index\/wp-content\/uploads\/2023\/11\/Banner-Compra-ahora-y-paga-despues-_-Black-Friday_1.jpg\",\"width\":1667,\"height\":1250},{\"@type\":\"BreadcrumbList\",\"@id\":\"https:\/\/tarjetaolimpica.com.co\/Index\/compra-ahora-y-paga-en-febrero\/#breadcrumb\",\"itemListElement\":[{\"@type\":\"ListItem\",\"position\":1,\"name\":\"Home\",\"item\":\"https:\/\/tarjetaolimpica.com.co\/Index\/\"},{\"@type\":\"ListItem\",\"position\":2,\"name\":\"Compra en Black Friday y paga febrero 2024\"}]},{\"@type\":\"WebSite\",\"@id\":\"https:\/\/tarjetaolimpica.com.co\/Index\/#website\",\"url\":\"https:\/\/tarjetaolimpica.com.co\/Index\/\",\"name\":\"\",\"description\":\"\",\"publisher\":{\"@id\":\"https:\/\/tarjetaolimpica.com.co\/Index\/#organization\"},\"potentialAction\":[{\"@type\":\"SearchAction\",\"target\":{\"@type\":\"EntryPoint\",\"urlTemplate\":\"https:\/\/tarjetaolimpica.com.co\/Index\/?s={search_term_string}\"},\"query-input\":\"required name=search_term_string\"}],\"inLanguage\":\"es-CO\"},{\"@type\":\"Organization\",\"@id\":\"https:\/\/tarjetaolimpica.com.co\/Index\/#organization\",\"name\":\"Banco Serfinanza\",\"url\":\"https:\/\/tarjetaolimpica.com.co\/Index\/\",\"logo\":{\"@type\":\"ImageObject\",\"inLanguage\":\"es-CO\",\"@id\":\"https:\/\/tarjetaolimpica.com.co\/Index\/#\/schema\/logo\/image\/\",\"url\":\"https:\/\/tarjetaolimpica.com.co\/Index\/wp-content\/uploads\/2019\/01\/Logo-Serfinanza-2.png\",\"contentUrl\":\"https:\/\/tarjetaolimpica.com.co\/Index\/wp-content\/uploads\/2019\/01\/Logo-Serfinanza-2.png\",\"width\":339,\"height\":78,\"caption\":\"Banco Serfinanza\"},\"image\":{\"@id\":\"https:\/\/tarjetaolimpica.com.co\/Index\/#\/schema\/logo\/image\/\"},\"sameAs\":[\"https:\/\/www.facebook.com\/bancoserfinanza\",\"https:\/\/twitter.com\/bancoserfinanza\",\"https:\/\/www.instagram.com\/bancoserfinanza\"]}]}<\/script>\r\n<!-- \/ Yoast SEO plugin. -->","yoast_head_json":{"title":"Compra en Black Friday y paga febrero 2024 -","robots":{"index":"index","follow":"follow","max-snippet":"max-snippet:-1","max-image-preview":"max-image-preview:large","max-video-preview":"max-video-preview:-1"},"canonical":"https:\/\/tarjetaolimpica.com.co\/Index\/compra-ahora-y-paga-en-febrero\/","og_locale":"es_ES","og_type":"article","og_title":"Compra en Black Friday y paga febrero 2024 -","og_description":"Compra ahora y paga en Febrero 2024 Vigencia 24 de noviembre de 2023 Mec\u00e1nica Realiza tus\u00a0 compras este 24 de noviembre de 2023 en Ol\u00edmpica y SAO, y paga en\u00a0 febrero de 2024. Adquiere el beneficio: Llamando a la l\u00ednea de atenci\u00f3n al cliente: 323 599 7000 Acerc\u00e1ndote a los puntos de informaci\u00f3n de Banco [&hellip;]","og_url":"https:\/\/tarjetaolimpica.com.co\/Index\/compra-ahora-y-paga-en-febrero\/","article_publisher":"https:\/\/www.facebook.com\/bancoserfinanza","article_modified_time":"2023-11-22T22:54:17+00:00","og_image":[{"url":"https:\/\/tarjetaolimpica.com.co\/Index\/wp-content\/uploads\/2023\/11\/Banner-Compra-ahora-y-paga-despues-_-Black-Friday_1-1024x768.jpg"}],"twitter_card":"summary_large_image","twitter_site":"@bancoserfinanza","twitter_misc":{"Tiempo estimado de lectura":"2 minutos"},"schema":{"@context":"https:\/\/schema.org","@graph":[{"@type":"WebPage","@id":"https:\/\/tarjetaolimpica.com.co\/Index\/compra-ahora-y-paga-en-febrero\/","url":"https:\/\/tarjetaolimpica.com.co\/Index\/compra-ahora-y-paga-en-febrero\/","name":"Compra en Black Friday y paga febrero 2024 -","isPartOf":{"@id":"https:\/\/tarjetaolimpica.com.co\/Index\/#website"},"primaryImageOfPage":{"@id":"https:\/\/tarjetaolimpica.com.co\/Index\/compra-ahora-y-paga-en-febrero\/#primaryimage"},"image":{"@id":"https:\/\/tarjetaolimpica.com.co\/Index\/compra-ahora-y-paga-en-febrero\/#primaryimage"},"thumbnailUrl":"https:\/\/tarjetaolimpica.com.co\/Index\/wp-content\/uploads\/2023\/11\/Banner-Compra-ahora-y-paga-despues-_-Black-Friday_1-1024x768.jpg","datePublished":"2023-11-16T16:46:40+00:00","dateModified":"2023-11-22T22:54:17+00:00","breadcrumb":{"@id":"https:\/\/tarjetaolimpica.com.co\/Index\/compra-ahora-y-paga-en-febrero\/#breadcrumb"},"inLanguage":"es-CO","potentialAction":[{"@type":"ReadAction","target":["https:\/\/tarjetaolimpica.com.co\/Index\/compra-ahora-y-paga-en-febrero\/"]}]},{"@type":"ImageObject","inLanguage":"es-CO","@id":"https:\/\/tarjetaolimpica.com.co\/Index\/compra-ahora-y-paga-en-febrero\/#primaryimage","url":"https:\/\/tarjetaolimpica.com.co\/Index\/wp-content\/uploads\/2023\/11\/Banner-Compra-ahora-y-paga-despues-_-Black-Friday_1.jpg","contentUrl":"https:\/\/tarjetaolimpica.com.co\/Index\/wp-content\/uploads\/2023\/11\/Banner-Compra-ahora-y-paga-despues-_-Black-Friday_1.jpg","width":1667,"height":1250},{"@type":"BreadcrumbList","@id":"https:\/\/tarjetaolimpica.com.co\/Index\/compra-ahora-y-paga-en-febrero\/#breadcrumb","itemListElement":[{"@type":"ListItem","position":1,"name":"Home","item":"https:\/\/tarjetaolimpica.com.co\/Index\/"},{"@type":"ListItem","position":2,"name":"Compra en Black Friday y paga febrero 2024"}]},{"@type":"WebSite","@id":"https:\/\/tarjetaolimpica.com.co\/Index\/#website","url":"https:\/\/tarjetaolimpica.com.co\/Index\/","name":"","description":"","publisher":{"@id":"https:\/\/tarjetaolimpica.com.co\/Index\/#organization"},"potentialAction":[{"@type":"SearchAction","target":{"@type":"EntryPoint","urlTemplate":"https:\/\/tarjetaolimpica.com.co\/Index\/?s={search_term_string}"},"query-input":"required name=search_term_string"}],"inLanguage":"es-CO"},{"@type":"Organization","@id":"https:\/\/tarjetaolimpica.com.co\/Index\/#organization","name":"Banco Serfinanza","url":"https:\/\/tarjetaolimpica.com.co\/Index\/","logo":{"@type":"ImageObject","inLanguage":"es-CO","@id":"https:\/\/tarjetaolimpica.com.co\/Index\/#\/schema\/logo\/image\/","url":"https:\/\/tarjetaolimpica.com.co\/Index\/wp-content\/uploads\/2019\/01\/Logo-Serfinanza-2.png","contentUrl":"https:\/\/tarjetaolimpica.com.co\/Index\/wp-content\/uploads\/2019\/01\/Logo-Serfinanza-2.png","width":339,"height":78,"caption":"Banco Serfinanza"},"image":{"@id":"https:\/\/tarjetaolimpica.com.co\/Index\/#\/schema\/logo\/image\/"},"sameAs":["https:\/\/www.facebook.com\/bancoserfinanza","https:\/\/twitter.com\/bancoserfinanza","https:\/\/www.instagram.com\/bancoserfinanza"]}]}},"_links":{"self":[{"href":"https:\/\/tarjetaolimpica.com.co\/Index\/wp-json\/wp\/v2\/pages\/12459"}],"collection":[{"href":"https:\/\/tarjetaolimpica.com.co\/Index\/wp-json\/wp\/v2\/pages"}],"about":[{"href":"https:\/\/tarjetaolimpica.com.co\/Index\/wp-json\/wp\/v2\/types\/page"}],"author":[{"embeddable":true,"href":"https:\/\/tarjetaolimpica.com.co\/Index\/wp-json\/wp\/v2\/users\/2"}],"replies":[{"embeddable":true,"href":"https:\/\/tarjetaolimpica.com.co\/Index\/wp-json\/wp\/v2\/comments?post=12459"}],"version-history":[{"count":21,"href":"https:\/\/tarjetaolimpica.com.co\/Index\/wp-json\/wp\/v2\/pages\/12459\/revisions"}],"predecessor-version":[{"id":12652,"href":"https:\/\/tarjetaolimpica.com.co\/Index\/wp-json\/wp\/v2\/pages\/12459\/revisions\/12652"}],"wp:attachment":[{"href":"https:\/\/tarjetaolimpica.com.co\/Index\/wp-json\/wp\/v2\/media?parent=12459"}],"curies":[{"name":"wp","href":"https:\/\/api.w.org\/{rel}","templated":true}]}}