{"id":13229,"date":"2024-01-23T08:31:53","date_gmt":"2024-01-23T13:31:53","guid":{"rendered":"https:\/\/tarjetaolimpica.com.co\/Index\/?page_id=13229"},"modified":"2024-05-17T11:45:02","modified_gmt":"2024-05-17T16:45:02","slug":"farmatodo","status":"publish","type":"page","link":"https:\/\/tarjetaolimpica.com.co\/Index\/farmatodo\/","title":{"rendered":"Farmatodo"},"content":{"rendered":"\t\t<div data-elementor-type=\"wp-page\" data-elementor-id=\"13229\" class=\"elementor elementor-13229\" data-elementor-post-type=\"page\">\n\t\t\t\t\t\t<section class=\"elementor-section elementor-top-section elementor-element elementor-element-0b30d45 elementor-section-boxed elementor-section-height-default elementor-section-height-default\" data-id=\"0b30d45\" data-element_type=\"section\">\n\t\t\t\t\t\t<div class=\"elementor-container elementor-column-gap-default\">\n\t\t\t\t\t<div class=\"elementor-column elementor-col-50 elementor-top-column elementor-element elementor-element-6952fe3\" data-id=\"6952fe3\" data-element_type=\"column\">\n\t\t\t<div class=\"elementor-widget-wrap elementor-element-populated\">\n\t\t\t\t\t\t<div class=\"elementor-element elementor-element-61381b0 elementor-widget elementor-widget-heading\" data-id=\"61381b0\" data-element_type=\"widget\" data-widget_type=\"heading.default\">\n\t\t\t\t<div class=\"elementor-widget-container\">\n\t\t\t<h2 class=\"elementor-heading-title elementor-size-default\">Realiza tus compras  en Farmatodo <\/h2>\t\t<\/div>\n\t\t\t\t<\/div>\n\t\t\t\t\t<\/div>\n\t\t<\/div>\n\t\t\t\t<div class=\"elementor-column elementor-col-50 elementor-top-column elementor-element elementor-element-ace2679\" data-id=\"ace2679\" data-element_type=\"column\">\n\t\t\t<div class=\"elementor-widget-wrap elementor-element-populated\">\n\t\t\t\t\t\t<div class=\"elementor-element elementor-element-e008a9b elementor-widget elementor-widget-image\" data-id=\"e008a9b\" data-element_type=\"widget\" data-widget_type=\"image.default\">\n\t\t\t\t<div class=\"elementor-widget-container\">\n\t\t\t\t\t\t\t\t\t\t\t\t\t<img fetchpriority=\"high\" decoding=\"async\" width=\"1024\" height=\"768\" src=\"https:\/\/tarjetaolimpica.com.co\/Index\/wp-content\/uploads\/2024\/01\/Multibeneficio-Farmatodo_-Mastercard-Cashback-25.000_Banner-1024x768.jpg\" class=\"attachment-large size-large wp-image-13259\" alt=\"\" srcset=\"https:\/\/tarjetaolimpica.com.co\/Index\/wp-content\/uploads\/2024\/01\/Multibeneficio-Farmatodo_-Mastercard-Cashback-25.000_Banner-1024x768.jpg 1024w, https:\/\/tarjetaolimpica.com.co\/Index\/wp-content\/uploads\/2024\/01\/Multibeneficio-Farmatodo_-Mastercard-Cashback-25.000_Banner-300x225.jpg 300w, https:\/\/tarjetaolimpica.com.co\/Index\/wp-content\/uploads\/2024\/01\/Multibeneficio-Farmatodo_-Mastercard-Cashback-25.000_Banner-768x576.jpg 768w, https:\/\/tarjetaolimpica.com.co\/Index\/wp-content\/uploads\/2024\/01\/Multibeneficio-Farmatodo_-Mastercard-Cashback-25.000_Banner-1536x1152.jpg 1536w, https:\/\/tarjetaolimpica.com.co\/Index\/wp-content\/uploads\/2024\/01\/Multibeneficio-Farmatodo_-Mastercard-Cashback-25.000_Banner-2048x1536.jpg 2048w\" sizes=\"(max-width: 1024px) 100vw, 1024px\" \/>\t\t\t\t\t\t\t\t\t\t\t\t\t<\/div>\n\t\t\t\t<\/div>\n\t\t\t\t\t<\/div>\n\t\t<\/div>\n\t\t\t\t\t<\/div>\n\t\t<\/section>\n\t\t\t\t<section class=\"elementor-section elementor-top-section elementor-element elementor-element-ec60acc elementor-section-boxed elementor-section-height-default elementor-section-height-default\" data-id=\"ec60acc\" data-element_type=\"section\">\n\t\t\t\t\t\t<div class=\"elementor-container elementor-column-gap-default\">\n\t\t\t\t\t<div class=\"elementor-column elementor-col-100 elementor-top-column elementor-element elementor-element-52b3431\" data-id=\"52b3431\" data-element_type=\"column\">\n\t\t\t<div class=\"elementor-widget-wrap elementor-element-populated\">\n\t\t\t\t\t\t<div class=\"elementor-element elementor-element-b06fe81 elementor-widget elementor-widget-spacer\" data-id=\"b06fe81\" data-element_type=\"widget\" data-widget_type=\"spacer.default\">\n\t\t\t\t<div class=\"elementor-widget-container\">\n\t\t\t\t\t<div class=\"elementor-spacer\">\n\t\t\t<div class=\"elementor-spacer-inner\"><\/div>\n\t\t<\/div>\n\t\t\t\t<\/div>\n\t\t\t\t<\/div>\n\t\t\t\t\t<\/div>\n\t\t<\/div>\n\t\t\t\t\t<\/div>\n\t\t<\/section>\n\t\t\t\t<section class=\"elementor-section elementor-top-section elementor-element elementor-element-72583cc elementor-section-boxed elementor-section-height-default elementor-section-height-default\" data-id=\"72583cc\" data-element_type=\"section\">\n\t\t\t\t\t\t<div class=\"elementor-container elementor-column-gap-default\">\n\t\t\t\t\t<div class=\"elementor-column elementor-col-100 elementor-top-column elementor-element elementor-element-95f4e2f\" data-id=\"95f4e2f\" data-element_type=\"column\">\n\t\t\t<div class=\"elementor-widget-wrap elementor-element-populated\">\n\t\t\t\t\t\t<div class=\"elementor-element elementor-element-515ee56 elementor-widget elementor-widget-text-editor\" data-id=\"515ee56\" data-element_type=\"widget\" data-widget_type=\"text-editor.default\">\n\t\t\t\t<div class=\"elementor-widget-container\">\n\t\t\t\t\t\t\t<p><span style=\"font-size: 14pt; font-family: verdana, geneva, sans-serif; color: #f83050;\"><strong>Vigencia:<\/strong><\/span><\/p><p>01 de enero del 2024 al 31 de diciembre de 2024, o hasta agotar existencias<\/p><p><span style=\"color: #f83050;\"><strong><span style=\"font-family: verdana, geneva, sans-serif; font-size: 14pt;\">Mec\u00e1nica:<\/span><\/strong><\/span><\/p><p>Recibe $25.0000 pesos de descuento usando el Cup\u00f3n MASTER01 en compras iguales o superiores a $100.000 pesos, pagando con tus Tarjetas de Mastercard de Banco Serfinanza.<\/p><div><div>\u00a0<\/div><\/div>\t\t\t\t\t\t<\/div>\n\t\t\t\t<\/div>\n\t\t\t\t<div class=\"elementor-element elementor-element-24ad763 elementor-align-center elementor-widget elementor-widget-button\" data-id=\"24ad763\" data-element_type=\"widget\" data-widget_type=\"button.default\">\n\t\t\t\t<div class=\"elementor-widget-container\">\n\t\t\t\t\t<div class=\"elementor-button-wrapper\">\n\t\t\t<a class=\"elementor-button elementor-button-link elementor-size-sm\" href=\"http:\/\/www.farmatodo.com.co\">\n\t\t\t\t\t\t<span class=\"elementor-button-content-wrapper\">\n\t\t\t\t\t\t<span class=\"elementor-button-text\">Compra aqu\u00ed<\/span>\n\t\t<\/span>\n\t\t\t\t\t<\/a>\n\t\t<\/div>\n\t\t\t\t<\/div>\n\t\t\t\t<\/div>\n\t\t\t\t\t<\/div>\n\t\t<\/div>\n\t\t\t\t\t<\/div>\n\t\t<\/section>\n\t\t\t\t<section class=\"elementor-section elementor-top-section elementor-element elementor-element-14c140f elementor-section-boxed elementor-section-height-default elementor-section-height-default\" data-id=\"14c140f\" data-element_type=\"section\">\n\t\t\t\t\t\t<div class=\"elementor-container elementor-column-gap-default\">\n\t\t\t\t\t<div class=\"elementor-column elementor-col-100 elementor-top-column elementor-element elementor-element-6d04208\" data-id=\"6d04208\" data-element_type=\"column\">\n\t\t\t<div class=\"elementor-widget-wrap elementor-element-populated\">\n\t\t\t\t\t\t<div class=\"elementor-element elementor-element-8da9dfe elementor-widget elementor-widget-text-editor\" data-id=\"8da9dfe\" data-element_type=\"widget\" data-widget_type=\"text-editor.default\">\n\t\t\t\t<div class=\"elementor-widget-container\">\n\t\t\t\t\t\t\t<p><span style=\"font-family: verdana, geneva, sans-serif;\"><strong><span style=\"color: #f83050; font-size: 14pt;\">T\u00e9rminos y Condiciones<\/span><\/strong><\/span><\/p><p>Oferta v\u00e1lida hasta el 31 de diciembre de 2024 o hasta agotar existencias. Aplica para compras superiores a $100.000 realizadas con Tarjetas de Mastercard de Banco Serfinanza emitidas en Colombia, que se encuentren activas y vigentes. Cup\u00f3n de descuentos es MASTER01 el descuento se ver\u00e1 reflejado al momento de ingresar el cup\u00f3n en el check out. El beneficio aplica de lunes a domingo de cada mes durante la vigencia de la reuni\u00f3n. Son 13.824 cupones al mes o hasta agotar existencias lo que primero ocurra. Para poder acceder al beneficio se debe acceder el c\u00f3digo de descuento m\u00e1s medio de pago permitido Tarjetas\u00a0de Cr\u00e9dito Mastercard de Banco Serfinanza. Se otorgar\u00e1n dos (2) cupones de descuento al mes por usuario. Aplica solo dos cupones por usuario (correo electr\u00f3nico). El descuento se ver\u00e1 reflejado al momento al momento de ingresar el cup\u00f3n en el check out. La campa\u00f1a es v\u00e1lida para compras realizadas\u00a0en la App y Web de Farmatodo. Los cupones no son acumulables.\u00a0Banco Serfinanza solo act\u00faa como ente emisor del medio de pago, los productos y\/o servicios son responsabilidad del aliado.<\/p><div>\u00a0<\/div><div>\u00a0<\/div>\t\t\t\t\t\t<\/div>\n\t\t\t\t<\/div>\n\t\t\t\t\t<\/div>\n\t\t<\/div>\n\t\t\t\t\t<\/div>\n\t\t<\/section>\n\t\t\t\t<\/div>\n\t\t","protected":false},"excerpt":{"rendered":"<p>Realiza tus compras en Farmatodo Vigencia: 01 de enero del 2024 al 31 de diciembre de 2024, o hasta agotar existencias Mec\u00e1nica: Recibe $25.0000 pesos de descuento usando el Cup\u00f3n MASTER01 en compras iguales o superiores a $100.000 pesos, pagando con tus Tarjetas de Mastercard de Banco Serfinanza. \u00a0 Compra aqu\u00ed T\u00e9rminos y Condiciones Oferta [&hellip;]<\/p>\n","protected":false},"author":2,"featured_media":0,"parent":0,"menu_order":0,"comment_status":"closed","ping_status":"closed","template":"","meta":{"_eb_attr":"","site-sidebar-layout":"no-sidebar","site-content-layout":"page-builder","ast-site-content-layout":"","site-content-style":"default","site-sidebar-style":"default","ast-global-header-display":"","ast-banner-title-visibility":"","ast-main-header-display":"","ast-hfb-above-header-display":"","ast-hfb-below-header-display":"","ast-hfb-mobile-header-display":"","site-post-title":"disabled","ast-breadcrumbs-content":"","ast-featured-img":"disabled","footer-sml-layout":"","theme-transparent-header-meta":"default","adv-header-id-meta":"","stick-header-meta":"","header-above-stick-meta":"","header-main-stick-meta":"","header-below-stick-meta":"","astra-migrate-meta-layouts":"default","ast-page-background-enabled":"default","ast-page-background-meta":{"desktop":{"background-color":"","background-image":"","background-repeat":"repeat","background-position":"center center","background-size":"auto","background-attachment":"scroll","background-type":"","background-media":"","overlay-type":"","overlay-color":"","overlay-opacity":"","overlay-gradient":""},"tablet":{"background-color":"","background-image":"","background-repeat":"repeat","background-position":"center center","background-size":"auto","background-attachment":"scroll","background-type":"","background-media":"","overlay-type":"","overlay-color":"","overlay-opacity":"","overlay-gradient":""},"mobile":{"background-color":"","background-image":"","background-repeat":"repeat","background-position":"center center","background-size":"auto","background-attachment":"scroll","background-type":"","background-media":"","overlay-type":"","overlay-color":"","overlay-opacity":"","overlay-gradient":""}},"ast-content-background-meta":{"desktop":{"background-color":"var(--ast-global-color-5)","background-image":"","background-repeat":"repeat","background-position":"center center","background-size":"auto","background-attachment":"scroll","background-type":"","background-media":"","overlay-type":"","overlay-color":"","overlay-opacity":"","overlay-gradient":""},"tablet":{"background-color":"var(--ast-global-color-5)","background-image":"","background-repeat":"repeat","background-position":"center center","background-size":"auto","background-attachment":"scroll","background-type":"","background-media":"","overlay-type":"","overlay-color":"","overlay-opacity":"","overlay-gradient":""},"mobile":{"background-color":"var(--ast-global-color-5)","background-image":"","background-repeat":"repeat","background-position":"center center","background-size":"auto","background-attachment":"scroll","background-type":"","background-media":"","overlay-type":"","overlay-color":"","overlay-opacity":"","overlay-gradient":""}},"footnotes":""},"yoast_head":"<!-- This site is optimized with the Yoast SEO plugin v22.3 - https:\/\/yoast.com\/wordpress\/plugins\/seo\/ -->\r\n<title>Farmatodo -<\/title>\r\n<meta name=\"robots\" content=\"index, follow, max-snippet:-1, max-image-preview:large, max-video-preview:-1\" \/>\r\n<link rel=\"canonical\" href=\"https:\/\/tarjetaolimpica.com.co\/Index\/farmatodo\/\" \/>\r\n<meta property=\"og:locale\" content=\"es_ES\" \/>\r\n<meta property=\"og:type\" content=\"article\" \/>\r\n<meta property=\"og:title\" content=\"Farmatodo -\" \/>\r\n<meta property=\"og:description\" content=\"Realiza tus compras en Farmatodo Vigencia: 01 de enero del 2024 al 31 de diciembre de 2024, o hasta agotar existencias Mec\u00e1nica: Recibe $25.0000 pesos de descuento usando el Cup\u00f3n MASTER01 en compras iguales o superiores a $100.000 pesos, pagando con tus Tarjetas de Mastercard de Banco Serfinanza. \u00a0 Compra aqu\u00ed T\u00e9rminos y Condiciones Oferta [&hellip;]\" \/>\r\n<meta property=\"og:url\" content=\"https:\/\/tarjetaolimpica.com.co\/Index\/farmatodo\/\" \/>\r\n<meta property=\"article:publisher\" content=\"https:\/\/www.facebook.com\/bancoserfinanza\" \/>\r\n<meta property=\"article:modified_time\" content=\"2024-05-17T16:45:02+00:00\" \/>\r\n<meta property=\"og:image\" content=\"https:\/\/tarjetaolimpica.com.co\/Index\/wp-content\/uploads\/2024\/01\/Multibeneficio-Farmatodo_-Mastercard-Cashback-25.000_Banner-1024x768.jpg\" \/>\r\n<meta name=\"twitter:card\" content=\"summary_large_image\" \/>\r\n<meta name=\"twitter:site\" content=\"@bancoserfinanza\" \/>\r\n<meta name=\"twitter:label1\" content=\"Tiempo estimado de lectura\" \/>\n\t<meta name=\"twitter:data1\" content=\"2 minutos\" \/>\r\n<script type=\"application\/ld+json\" class=\"yoast-schema-graph\">{\"@context\":\"https:\/\/schema.org\",\"@graph\":[{\"@type\":\"WebPage\",\"@id\":\"https:\/\/tarjetaolimpica.com.co\/Index\/farmatodo\/\",\"url\":\"https:\/\/tarjetaolimpica.com.co\/Index\/farmatodo\/\",\"name\":\"Farmatodo -\",\"isPartOf\":{\"@id\":\"https:\/\/tarjetaolimpica.com.co\/Index\/#website\"},\"primaryImageOfPage\":{\"@id\":\"https:\/\/tarjetaolimpica.com.co\/Index\/farmatodo\/#primaryimage\"},\"image\":{\"@id\":\"https:\/\/tarjetaolimpica.com.co\/Index\/farmatodo\/#primaryimage\"},\"thumbnailUrl\":\"https:\/\/tarjetaolimpica.com.co\/Index\/wp-content\/uploads\/2024\/01\/Multibeneficio-Farmatodo_-Mastercard-Cashback-25.000_Banner-1024x768.jpg\",\"datePublished\":\"2024-01-23T13:31:53+00:00\",\"dateModified\":\"2024-05-17T16:45:02+00:00\",\"breadcrumb\":{\"@id\":\"https:\/\/tarjetaolimpica.com.co\/Index\/farmatodo\/#breadcrumb\"},\"inLanguage\":\"es-CO\",\"potentialAction\":[{\"@type\":\"ReadAction\",\"target\":[\"https:\/\/tarjetaolimpica.com.co\/Index\/farmatodo\/\"]}]},{\"@type\":\"ImageObject\",\"inLanguage\":\"es-CO\",\"@id\":\"https:\/\/tarjetaolimpica.com.co\/Index\/farmatodo\/#primaryimage\",\"url\":\"https:\/\/tarjetaolimpica.com.co\/Index\/wp-content\/uploads\/2024\/01\/Multibeneficio-Farmatodo_-Mastercard-Cashback-25.000_Banner-scaled.jpg\",\"contentUrl\":\"https:\/\/tarjetaolimpica.com.co\/Index\/wp-content\/uploads\/2024\/01\/Multibeneficio-Farmatodo_-Mastercard-Cashback-25.000_Banner-scaled.jpg\",\"width\":2560,\"height\":1920},{\"@type\":\"BreadcrumbList\",\"@id\":\"https:\/\/tarjetaolimpica.com.co\/Index\/farmatodo\/#breadcrumb\",\"itemListElement\":[{\"@type\":\"ListItem\",\"position\":1,\"name\":\"Home\",\"item\":\"https:\/\/tarjetaolimpica.com.co\/Index\/\"},{\"@type\":\"ListItem\",\"position\":2,\"name\":\"Farmatodo\"}]},{\"@type\":\"WebSite\",\"@id\":\"https:\/\/tarjetaolimpica.com.co\/Index\/#website\",\"url\":\"https:\/\/tarjetaolimpica.com.co\/Index\/\",\"name\":\"\",\"description\":\"\",\"publisher\":{\"@id\":\"https:\/\/tarjetaolimpica.com.co\/Index\/#organization\"},\"potentialAction\":[{\"@type\":\"SearchAction\",\"target\":{\"@type\":\"EntryPoint\",\"urlTemplate\":\"https:\/\/tarjetaolimpica.com.co\/Index\/?s={search_term_string}\"},\"query-input\":\"required name=search_term_string\"}],\"inLanguage\":\"es-CO\"},{\"@type\":\"Organization\",\"@id\":\"https:\/\/tarjetaolimpica.com.co\/Index\/#organization\",\"name\":\"Banco Serfinanza\",\"url\":\"https:\/\/tarjetaolimpica.com.co\/Index\/\",\"logo\":{\"@type\":\"ImageObject\",\"inLanguage\":\"es-CO\",\"@id\":\"https:\/\/tarjetaolimpica.com.co\/Index\/#\/schema\/logo\/image\/\",\"url\":\"https:\/\/tarjetaolimpica.com.co\/Index\/wp-content\/uploads\/2019\/01\/Logo-Serfinanza-2.png\",\"contentUrl\":\"https:\/\/tarjetaolimpica.com.co\/Index\/wp-content\/uploads\/2019\/01\/Logo-Serfinanza-2.png\",\"width\":339,\"height\":78,\"caption\":\"Banco Serfinanza\"},\"image\":{\"@id\":\"https:\/\/tarjetaolimpica.com.co\/Index\/#\/schema\/logo\/image\/\"},\"sameAs\":[\"https:\/\/www.facebook.com\/bancoserfinanza\",\"https:\/\/twitter.com\/bancoserfinanza\",\"https:\/\/www.instagram.com\/bancoserfinanza\"]}]}<\/script>\r\n<!-- \/ Yoast SEO plugin. -->","yoast_head_json":{"title":"Farmatodo -","robots":{"index":"index","follow":"follow","max-snippet":"max-snippet:-1","max-image-preview":"max-image-preview:large","max-video-preview":"max-video-preview:-1"},"canonical":"https:\/\/tarjetaolimpica.com.co\/Index\/farmatodo\/","og_locale":"es_ES","og_type":"article","og_title":"Farmatodo -","og_description":"Realiza tus compras en Farmatodo Vigencia: 01 de enero del 2024 al 31 de diciembre de 2024, o hasta agotar existencias Mec\u00e1nica: Recibe $25.0000 pesos de descuento usando el Cup\u00f3n MASTER01 en compras iguales o superiores a $100.000 pesos, pagando con tus Tarjetas de Mastercard de Banco Serfinanza. \u00a0 Compra aqu\u00ed T\u00e9rminos y Condiciones Oferta [&hellip;]","og_url":"https:\/\/tarjetaolimpica.com.co\/Index\/farmatodo\/","article_publisher":"https:\/\/www.facebook.com\/bancoserfinanza","article_modified_time":"2024-05-17T16:45:02+00:00","og_image":[{"url":"https:\/\/tarjetaolimpica.com.co\/Index\/wp-content\/uploads\/2024\/01\/Multibeneficio-Farmatodo_-Mastercard-Cashback-25.000_Banner-1024x768.jpg"}],"twitter_card":"summary_large_image","twitter_site":"@bancoserfinanza","twitter_misc":{"Tiempo estimado de lectura":"2 minutos"},"schema":{"@context":"https:\/\/schema.org","@graph":[{"@type":"WebPage","@id":"https:\/\/tarjetaolimpica.com.co\/Index\/farmatodo\/","url":"https:\/\/tarjetaolimpica.com.co\/Index\/farmatodo\/","name":"Farmatodo -","isPartOf":{"@id":"https:\/\/tarjetaolimpica.com.co\/Index\/#website"},"primaryImageOfPage":{"@id":"https:\/\/tarjetaolimpica.com.co\/Index\/farmatodo\/#primaryimage"},"image":{"@id":"https:\/\/tarjetaolimpica.com.co\/Index\/farmatodo\/#primaryimage"},"thumbnailUrl":"https:\/\/tarjetaolimpica.com.co\/Index\/wp-content\/uploads\/2024\/01\/Multibeneficio-Farmatodo_-Mastercard-Cashback-25.000_Banner-1024x768.jpg","datePublished":"2024-01-23T13:31:53+00:00","dateModified":"2024-05-17T16:45:02+00:00","breadcrumb":{"@id":"https:\/\/tarjetaolimpica.com.co\/Index\/farmatodo\/#breadcrumb"},"inLanguage":"es-CO","potentialAction":[{"@type":"ReadAction","target":["https:\/\/tarjetaolimpica.com.co\/Index\/farmatodo\/"]}]},{"@type":"ImageObject","inLanguage":"es-CO","@id":"https:\/\/tarjetaolimpica.com.co\/Index\/farmatodo\/#primaryimage","url":"https:\/\/tarjetaolimpica.com.co\/Index\/wp-content\/uploads\/2024\/01\/Multibeneficio-Farmatodo_-Mastercard-Cashback-25.000_Banner-scaled.jpg","contentUrl":"https:\/\/tarjetaolimpica.com.co\/Index\/wp-content\/uploads\/2024\/01\/Multibeneficio-Farmatodo_-Mastercard-Cashback-25.000_Banner-scaled.jpg","width":2560,"height":1920},{"@type":"BreadcrumbList","@id":"https:\/\/tarjetaolimpica.com.co\/Index\/farmatodo\/#breadcrumb","itemListElement":[{"@type":"ListItem","position":1,"name":"Home","item":"https:\/\/tarjetaolimpica.com.co\/Index\/"},{"@type":"ListItem","position":2,"name":"Farmatodo"}]},{"@type":"WebSite","@id":"https:\/\/tarjetaolimpica.com.co\/Index\/#website","url":"https:\/\/tarjetaolimpica.com.co\/Index\/","name":"","description":"","publisher":{"@id":"https:\/\/tarjetaolimpica.com.co\/Index\/#organization"},"potentialAction":[{"@type":"SearchAction","target":{"@type":"EntryPoint","urlTemplate":"https:\/\/tarjetaolimpica.com.co\/Index\/?s={search_term_string}"},"query-input":"required name=search_term_string"}],"inLanguage":"es-CO"},{"@type":"Organization","@id":"https:\/\/tarjetaolimpica.com.co\/Index\/#organization","name":"Banco Serfinanza","url":"https:\/\/tarjetaolimpica.com.co\/Index\/","logo":{"@type":"ImageObject","inLanguage":"es-CO","@id":"https:\/\/tarjetaolimpica.com.co\/Index\/#\/schema\/logo\/image\/","url":"https:\/\/tarjetaolimpica.com.co\/Index\/wp-content\/uploads\/2019\/01\/Logo-Serfinanza-2.png","contentUrl":"https:\/\/tarjetaolimpica.com.co\/Index\/wp-content\/uploads\/2019\/01\/Logo-Serfinanza-2.png","width":339,"height":78,"caption":"Banco Serfinanza"},"image":{"@id":"https:\/\/tarjetaolimpica.com.co\/Index\/#\/schema\/logo\/image\/"},"sameAs":["https:\/\/www.facebook.com\/bancoserfinanza","https:\/\/twitter.com\/bancoserfinanza","https:\/\/www.instagram.com\/bancoserfinanza"]}]}},"_links":{"self":[{"href":"https:\/\/tarjetaolimpica.com.co\/Index\/wp-json\/wp\/v2\/pages\/13229"}],"collection":[{"href":"https:\/\/tarjetaolimpica.com.co\/Index\/wp-json\/wp\/v2\/pages"}],"about":[{"href":"https:\/\/tarjetaolimpica.com.co\/Index\/wp-json\/wp\/v2\/types\/page"}],"author":[{"embeddable":true,"href":"https:\/\/tarjetaolimpica.com.co\/Index\/wp-json\/wp\/v2\/users\/2"}],"replies":[{"embeddable":true,"href":"https:\/\/tarjetaolimpica.com.co\/Index\/wp-json\/wp\/v2\/comments?post=13229"}],"version-history":[{"count":43,"href":"https:\/\/tarjetaolimpica.com.co\/Index\/wp-json\/wp\/v2\/pages\/13229\/revisions"}],"predecessor-version":[{"id":14352,"href":"https:\/\/tarjetaolimpica.com.co\/Index\/wp-json\/wp\/v2\/pages\/13229\/revisions\/14352"}],"wp:attachment":[{"href":"https:\/\/tarjetaolimpica.com.co\/Index\/wp-json\/wp\/v2\/media?parent=13229"}],"curies":[{"name":"wp","href":"https:\/\/api.w.org\/{rel}","templated":true}]}}