{"id":13849,"date":"2024-04-10T14:27:02","date_gmt":"2024-04-10T19:27:02","guid":{"rendered":"https:\/\/tarjetaolimpica.com.co\/Index\/?page_id=13849"},"modified":"2024-04-12T15:56:35","modified_gmt":"2024-04-12T20:56:35","slug":"descuento-ranch-texas","status":"publish","type":"page","link":"https:\/\/tarjetaolimpica.com.co\/Index\/descuento-ranch-texas\/","title":{"rendered":"Ranch Texas &#8211; mes del  ni\u00f1o"},"content":{"rendered":"\t\t<div data-elementor-type=\"wp-page\" data-elementor-id=\"13849\" class=\"elementor elementor-13849\" data-elementor-post-type=\"page\">\n\t\t\t\t\t\t<section class=\"elementor-section elementor-top-section elementor-element elementor-element-9a87862 elementor-section-boxed elementor-section-height-default elementor-section-height-default\" data-id=\"9a87862\" data-element_type=\"section\">\n\t\t\t\t\t\t<div class=\"elementor-container elementor-column-gap-default\">\n\t\t\t\t\t<div class=\"elementor-column elementor-col-50 elementor-top-column elementor-element elementor-element-e1eaeb5\" data-id=\"e1eaeb5\" data-element_type=\"column\">\n\t\t\t<div class=\"elementor-widget-wrap elementor-element-populated\">\n\t\t\t\t\t\t<div class=\"elementor-element elementor-element-fb2c4fe elementor-widget elementor-widget-heading\" data-id=\"fb2c4fe\" data-element_type=\"widget\" data-widget_type=\"heading.default\">\n\t\t\t\t<div class=\"elementor-widget-container\">\n\t\t\t<h1 class=\"elementor-heading-title elementor-size-default\">\u00a1Divi\u00e9rtete en familia en Ranch Texas!<\/h1>\t\t<\/div>\n\t\t\t\t<\/div>\n\t\t\t\t\t<\/div>\n\t\t<\/div>\n\t\t\t\t<div class=\"elementor-column elementor-col-50 elementor-top-column elementor-element elementor-element-a7b6f1b\" data-id=\"a7b6f1b\" data-element_type=\"column\">\n\t\t\t<div class=\"elementor-widget-wrap elementor-element-populated\">\n\t\t\t\t\t\t<div class=\"elementor-element elementor-element-ab0bbe9 elementor-widget elementor-widget-image\" data-id=\"ab0bbe9\" data-element_type=\"widget\" data-widget_type=\"image.default\">\n\t\t\t\t<div class=\"elementor-widget-container\">\n\t\t\t\t\t\t\t\t\t\t\t\t\t<img fetchpriority=\"high\" decoding=\"async\" width=\"300\" height=\"225\" src=\"https:\/\/tarjetaolimpica.com.co\/Index\/wp-content\/uploads\/2024\/04\/Banner_Ranch-Texas_Abril-1-1-300x225.jpg\" class=\"attachment-medium size-medium wp-image-14039\" alt=\"\" srcset=\"https:\/\/tarjetaolimpica.com.co\/Index\/wp-content\/uploads\/2024\/04\/Banner_Ranch-Texas_Abril-1-1-300x225.jpg 300w, https:\/\/tarjetaolimpica.com.co\/Index\/wp-content\/uploads\/2024\/04\/Banner_Ranch-Texas_Abril-1-1-1024x767.jpg 1024w, https:\/\/tarjetaolimpica.com.co\/Index\/wp-content\/uploads\/2024\/04\/Banner_Ranch-Texas_Abril-1-1-768x576.jpg 768w, https:\/\/tarjetaolimpica.com.co\/Index\/wp-content\/uploads\/2024\/04\/Banner_Ranch-Texas_Abril-1-1.jpg 1501w\" sizes=\"(max-width: 300px) 100vw, 300px\" \/>\t\t\t\t\t\t\t\t\t\t\t\t\t<\/div>\n\t\t\t\t<\/div>\n\t\t\t\t\t<\/div>\n\t\t<\/div>\n\t\t\t\t\t<\/div>\n\t\t<\/section>\n\t\t\t\t<section class=\"elementor-section elementor-top-section elementor-element elementor-element-3ca39bb elementor-section-boxed elementor-section-height-default elementor-section-height-default\" data-id=\"3ca39bb\" data-element_type=\"section\">\n\t\t\t\t\t\t<div class=\"elementor-container elementor-column-gap-default\">\n\t\t\t\t\t<div class=\"elementor-column elementor-col-100 elementor-top-column elementor-element elementor-element-5a34ec7\" data-id=\"5a34ec7\" data-element_type=\"column\">\n\t\t\t<div class=\"elementor-widget-wrap elementor-element-populated\">\n\t\t\t\t\t\t<div class=\"elementor-element elementor-element-a6d29ed elementor-widget elementor-widget-text-editor\" data-id=\"a6d29ed\" data-element_type=\"widget\" data-widget_type=\"text-editor.default\">\n\t\t\t\t<div class=\"elementor-widget-container\">\n\t\t\t\t\t\t\t<p style=\"text-align: left;\"><strong><span style=\"font-size: 14pt; font-family: verdana, geneva, sans-serif;\"><span style=\"color: #f83050;\">Vigencia<\/span><\/span><\/strong><\/p>\n<p><span style=\"font-family: verdana, geneva, sans-serif; font-size: 12pt;\">V\u00e1lido los d\u00edas 13, 14, 20, 21, 27 y 28<\/span>&nbsp;de <span style=\"font-family: verdana, geneva, sans-serif; font-size: 12pt;\">abril de 2024<\/span><\/p>\n<p><span style=\"font-size: 14pt; font-family: verdana, geneva, sans-serif;\"><strong><span style=\"color: #f83050;\">Mec\u00e1nica<\/span><\/strong><\/span><\/p>\n<p><span style=\"font-family: verdana, geneva, sans-serif; font-size: 12pt;\">Recibe el 30% de descuento en entradas platino en Ranch Texas pagando con tu Tarjeta Ol\u00edmpica, Tarjeta Ol\u00edmpica Mastercard, Tarjeta Ol\u00edmpica Mastercard Gold o Tarjeta Mastercard Black de Banco Serfinanza, durante la vigencia de la campa\u00f1a.&nbsp;<\/span><\/p>\n<p><strong><span style=\"font-family: verdana, geneva, sans-serif;\">\u00bfQu\u00e9 incluye la entrada platino?<\/span><\/strong><\/p>\n<ul style=\"list-style-type: circle;\">\n<li><span style=\"font-family: verdana, geneva, sans-serif;\">Recorrido guiado en la granja de dinosaurios.<\/span><\/li>\n<li><span style=\"font-family: verdana, geneva, sans-serif;\">Recorrido guiado en la granja <span data-markjs=\"true\" data-ogac=\"\" data-ogab=\"\" data-ogsc=\"\" data-ogsb=\"\">ranch<\/span>era, donde podr\u00e1n alimentar a los animales.<\/span><\/li>\n<li><span style=\"font-family: verdana, geneva, sans-serif;\">Coliseo de juegos.<\/span><\/li>\n<li><span style=\"font-family: verdana, geneva, sans-serif;\">Parque de agua con piscinas para ni\u00f1os y adultos.<\/span><\/li>\n<li><span style=\"font-family: verdana, geneva, sans-serif;\">Show de la vaca lola y el pony piqui\u00f1a.<\/span><\/li>\n<li><span style=\"font-family: verdana, geneva, sans-serif;\">Show de espuma en la piscina de ni\u00f1os.<\/span><\/li>\n<li><span style=\"font-family: verdana, geneva, sans-serif;\">Exhibici\u00f3n equina.<\/span><\/li>\n<li><span style=\"font-family: verdana, geneva, sans-serif;\">Show canino.<\/span><\/li>\n<\/ul>\n<div>\n<div>&nbsp;<\/div>\n<div>\n<table style=\"border-collapse: collapse; width: 80.2396%;\">\n<tbody>\n<tr>\n<td style=\"width: 17.4651%;\"><strong>D\u00eda<\/strong><\/td>\n<td style=\"width: 24.3188%;\"><strong>Precio p\u00fablico<\/strong><\/td>\n<td style=\"width: 37.3793%;\"><strong>Precio con Tarjetas de Cr\u00e9dito de Banco Serfinanza<\/strong><\/td>\n<\/tr>\n<tr>\n<td style=\"width: 17.4651%;\">S\u00e1bado<\/td>\n<td style=\"width: 24.3188%;\">$35.000<\/td>\n<td style=\"width: 37.3793%;\">$24.500<\/td>\n<\/tr>\n<tr>\n<td style=\"width: 17.4651%;\">Domingo<\/td>\n<td style=\"width: 24.3188%;\">$40.000<\/td>\n<td style=\"width: 37.3793%;\">$28.000<\/td>\n<\/tr>\n<\/tbody>\n<\/table>\n<\/div>\n<\/div>\n<p><span style=\"font-family: verdana, geneva, sans-serif; font-size: 12pt;\"><b>La direcci\u00f3n del parque es Km 14 v\u00eda Coordialidad, 300mt antes del peaje de Baranoa.<\/b><\/span><\/p>\n<p><span style=\"font-family: verdana, geneva, sans-serif; font-size: 14pt;\"><strong><span style=\"color: #f83050;\">T\u00e9rminos y Condiciones<\/span><\/strong><\/span><\/p>\n<p><span style=\"font-family: verdana, geneva, sans-serif; font-size: 12pt;\">Para recibir el descuento la boleter\u00eda deben ser pagada en su totalidad con Tarjeta Ol\u00edmpica, Tarjeta Ol\u00edmpica Mastercard, Tarjeta Ol\u00edmpica Mastercard Gold o Tarjeta Mastercard Black de Banco Serfinanza.&nbsp;<\/span><span style=\"font-family: verdana, geneva, sans-serif; font-size: 16px; font-style: normal; font-weight: 400;\">Oferta valida en taquilla.<\/span><span style=\"font-family: verdana, geneva, sans-serif; font-size: 12pt;\">&nbsp;El horario es de 10:00am- 6:00pm. No est\u00e1 permitido el ingreso de bebidas ni alimentos.&nbsp; Oferta v\u00e1lida para compra de manillas platino, no aplica para la compra de atracciones personalizadas, ni bebidas y alimentos. Oferta personal e intransferible. No acumulable con otras promociones y\/o descuentos. No redimible por dinero en efectivo. Banco Serfinanza solo act\u00faa como ente emisor del medio de pago, los productos y\/o servicios son responsabilidad del aliado.<\/span><\/p>\t\t\t\t\t\t<\/div>\n\t\t\t\t<\/div>\n\t\t\t\t\t<\/div>\n\t\t<\/div>\n\t\t\t\t\t<\/div>\n\t\t<\/section>\n\t\t\t\t<\/div>\n\t\t","protected":false},"excerpt":{"rendered":"<p>\u00a1Divi\u00e9rtete en familia en Ranch Texas! Vigencia V\u00e1lido los d\u00edas 13, 14, 20, 21, 27 y 28&nbsp;de abril de 2024 Mec\u00e1nica Recibe el 30% de descuento en entradas platino en Ranch Texas pagando con tu Tarjeta Ol\u00edmpica, Tarjeta Ol\u00edmpica Mastercard, Tarjeta Ol\u00edmpica Mastercard Gold o Tarjeta Mastercard Black de Banco Serfinanza, durante la vigencia de [&hellip;]<\/p>\n","protected":false},"author":2,"featured_media":0,"parent":0,"menu_order":0,"comment_status":"closed","ping_status":"closed","template":"","meta":{"_eb_attr":"","site-sidebar-layout":"no-sidebar","site-content-layout":"page-builder","ast-site-content-layout":"","site-content-style":"default","site-sidebar-style":"default","ast-global-header-display":"","ast-banner-title-visibility":"","ast-main-header-display":"","ast-hfb-above-header-display":"","ast-hfb-below-header-display":"","ast-hfb-mobile-header-display":"","site-post-title":"disabled","ast-breadcrumbs-content":"","ast-featured-img":"disabled","footer-sml-layout":"","theme-transparent-header-meta":"default","adv-header-id-meta":"","stick-header-meta":"","header-above-stick-meta":"","header-main-stick-meta":"","header-below-stick-meta":"","astra-migrate-meta-layouts":"default","ast-page-background-enabled":"default","ast-page-background-meta":{"desktop":{"background-color":"","background-image":"","background-repeat":"repeat","background-position":"center center","background-size":"auto","background-attachment":"scroll","background-type":"","background-media":"","overlay-type":"","overlay-color":"","overlay-opacity":"","overlay-gradient":""},"tablet":{"background-color":"","background-image":"","background-repeat":"repeat","background-position":"center center","background-size":"auto","background-attachment":"scroll","background-type":"","background-media":"","overlay-type":"","overlay-color":"","overlay-opacity":"","overlay-gradient":""},"mobile":{"background-color":"","background-image":"","background-repeat":"repeat","background-position":"center center","background-size":"auto","background-attachment":"scroll","background-type":"","background-media":"","overlay-type":"","overlay-color":"","overlay-opacity":"","overlay-gradient":""}},"ast-content-background-meta":{"desktop":{"background-color":"var(--ast-global-color-5)","background-image":"","background-repeat":"repeat","background-position":"center center","background-size":"auto","background-attachment":"scroll","background-type":"","background-media":"","overlay-type":"","overlay-color":"","overlay-opacity":"","overlay-gradient":""},"tablet":{"background-color":"var(--ast-global-color-5)","background-image":"","background-repeat":"repeat","background-position":"center center","background-size":"auto","background-attachment":"scroll","background-type":"","background-media":"","overlay-type":"","overlay-color":"","overlay-opacity":"","overlay-gradient":""},"mobile":{"background-color":"var(--ast-global-color-5)","background-image":"","background-repeat":"repeat","background-position":"center center","background-size":"auto","background-attachment":"scroll","background-type":"","background-media":"","overlay-type":"","overlay-color":"","overlay-opacity":"","overlay-gradient":""}},"footnotes":""},"yoast_head":"<!-- This site is optimized with the Yoast SEO plugin v22.3 - https:\/\/yoast.com\/wordpress\/plugins\/seo\/ -->\r\n<title>Ranch Texas - mes del ni\u00f1o -<\/title>\r\n<meta name=\"robots\" content=\"index, follow, max-snippet:-1, max-image-preview:large, max-video-preview:-1\" \/>\r\n<link rel=\"canonical\" href=\"https:\/\/tarjetaolimpica.com.co\/Index\/descuento-ranch-texas\/\" \/>\r\n<meta property=\"og:locale\" content=\"es_ES\" \/>\r\n<meta property=\"og:type\" content=\"article\" \/>\r\n<meta property=\"og:title\" content=\"Ranch Texas - mes del ni\u00f1o -\" \/>\r\n<meta property=\"og:description\" content=\"\u00a1Divi\u00e9rtete en familia en Ranch Texas! Vigencia V\u00e1lido los d\u00edas 13, 14, 20, 21, 27 y 28&nbsp;de abril de 2024 Mec\u00e1nica Recibe el 30% de descuento en entradas platino en Ranch Texas pagando con tu Tarjeta Ol\u00edmpica, Tarjeta Ol\u00edmpica Mastercard, Tarjeta Ol\u00edmpica Mastercard Gold o Tarjeta Mastercard Black de Banco Serfinanza, durante la vigencia de [&hellip;]\" \/>\r\n<meta property=\"og:url\" content=\"https:\/\/tarjetaolimpica.com.co\/Index\/descuento-ranch-texas\/\" \/>\r\n<meta property=\"article:publisher\" content=\"https:\/\/www.facebook.com\/bancoserfinanza\" \/>\r\n<meta property=\"article:modified_time\" content=\"2024-04-12T20:56:35+00:00\" \/>\r\n<meta property=\"og:image\" content=\"https:\/\/tarjetaolimpica.com.co\/Index\/wp-content\/uploads\/2024\/04\/Banner_Ranch-Texas_Abril-1-1-300x225.jpg\" \/>\r\n<meta name=\"twitter:card\" content=\"summary_large_image\" \/>\r\n<meta name=\"twitter:site\" content=\"@bancoserfinanza\" \/>\r\n<meta name=\"twitter:label1\" content=\"Tiempo estimado de lectura\" \/>\n\t<meta name=\"twitter:data1\" content=\"2 minutos\" \/>\r\n<script type=\"application\/ld+json\" class=\"yoast-schema-graph\">{\"@context\":\"https:\/\/schema.org\",\"@graph\":[{\"@type\":\"WebPage\",\"@id\":\"https:\/\/tarjetaolimpica.com.co\/Index\/descuento-ranch-texas\/\",\"url\":\"https:\/\/tarjetaolimpica.com.co\/Index\/descuento-ranch-texas\/\",\"name\":\"Ranch Texas - mes del ni\u00f1o -\",\"isPartOf\":{\"@id\":\"https:\/\/tarjetaolimpica.com.co\/Index\/#website\"},\"primaryImageOfPage\":{\"@id\":\"https:\/\/tarjetaolimpica.com.co\/Index\/descuento-ranch-texas\/#primaryimage\"},\"image\":{\"@id\":\"https:\/\/tarjetaolimpica.com.co\/Index\/descuento-ranch-texas\/#primaryimage\"},\"thumbnailUrl\":\"https:\/\/tarjetaolimpica.com.co\/Index\/wp-content\/uploads\/2024\/04\/Banner_Ranch-Texas_Abril-1-1-300x225.jpg\",\"datePublished\":\"2024-04-10T19:27:02+00:00\",\"dateModified\":\"2024-04-12T20:56:35+00:00\",\"breadcrumb\":{\"@id\":\"https:\/\/tarjetaolimpica.com.co\/Index\/descuento-ranch-texas\/#breadcrumb\"},\"inLanguage\":\"es-CO\",\"potentialAction\":[{\"@type\":\"ReadAction\",\"target\":[\"https:\/\/tarjetaolimpica.com.co\/Index\/descuento-ranch-texas\/\"]}]},{\"@type\":\"ImageObject\",\"inLanguage\":\"es-CO\",\"@id\":\"https:\/\/tarjetaolimpica.com.co\/Index\/descuento-ranch-texas\/#primaryimage\",\"url\":\"https:\/\/tarjetaolimpica.com.co\/Index\/wp-content\/uploads\/2024\/04\/Banner_Ranch-Texas_Abril-1-1.jpg\",\"contentUrl\":\"https:\/\/tarjetaolimpica.com.co\/Index\/wp-content\/uploads\/2024\/04\/Banner_Ranch-Texas_Abril-1-1.jpg\",\"width\":1501,\"height\":1125},{\"@type\":\"BreadcrumbList\",\"@id\":\"https:\/\/tarjetaolimpica.com.co\/Index\/descuento-ranch-texas\/#breadcrumb\",\"itemListElement\":[{\"@type\":\"ListItem\",\"position\":1,\"name\":\"Home\",\"item\":\"https:\/\/tarjetaolimpica.com.co\/Index\/\"},{\"@type\":\"ListItem\",\"position\":2,\"name\":\"Ranch Texas &#8211; mes del ni\u00f1o\"}]},{\"@type\":\"WebSite\",\"@id\":\"https:\/\/tarjetaolimpica.com.co\/Index\/#website\",\"url\":\"https:\/\/tarjetaolimpica.com.co\/Index\/\",\"name\":\"\",\"description\":\"\",\"publisher\":{\"@id\":\"https:\/\/tarjetaolimpica.com.co\/Index\/#organization\"},\"potentialAction\":[{\"@type\":\"SearchAction\",\"target\":{\"@type\":\"EntryPoint\",\"urlTemplate\":\"https:\/\/tarjetaolimpica.com.co\/Index\/?s={search_term_string}\"},\"query-input\":\"required name=search_term_string\"}],\"inLanguage\":\"es-CO\"},{\"@type\":\"Organization\",\"@id\":\"https:\/\/tarjetaolimpica.com.co\/Index\/#organization\",\"name\":\"Banco Serfinanza\",\"url\":\"https:\/\/tarjetaolimpica.com.co\/Index\/\",\"logo\":{\"@type\":\"ImageObject\",\"inLanguage\":\"es-CO\",\"@id\":\"https:\/\/tarjetaolimpica.com.co\/Index\/#\/schema\/logo\/image\/\",\"url\":\"https:\/\/tarjetaolimpica.com.co\/Index\/wp-content\/uploads\/2019\/01\/Logo-Serfinanza-2.png\",\"contentUrl\":\"https:\/\/tarjetaolimpica.com.co\/Index\/wp-content\/uploads\/2019\/01\/Logo-Serfinanza-2.png\",\"width\":339,\"height\":78,\"caption\":\"Banco Serfinanza\"},\"image\":{\"@id\":\"https:\/\/tarjetaolimpica.com.co\/Index\/#\/schema\/logo\/image\/\"},\"sameAs\":[\"https:\/\/www.facebook.com\/bancoserfinanza\",\"https:\/\/twitter.com\/bancoserfinanza\",\"https:\/\/www.instagram.com\/bancoserfinanza\"]}]}<\/script>\r\n<!-- \/ Yoast SEO plugin. -->","yoast_head_json":{"title":"Ranch Texas - mes del ni\u00f1o -","robots":{"index":"index","follow":"follow","max-snippet":"max-snippet:-1","max-image-preview":"max-image-preview:large","max-video-preview":"max-video-preview:-1"},"canonical":"https:\/\/tarjetaolimpica.com.co\/Index\/descuento-ranch-texas\/","og_locale":"es_ES","og_type":"article","og_title":"Ranch Texas - mes del ni\u00f1o -","og_description":"\u00a1Divi\u00e9rtete en familia en Ranch Texas! Vigencia V\u00e1lido los d\u00edas 13, 14, 20, 21, 27 y 28&nbsp;de abril de 2024 Mec\u00e1nica Recibe el 30% de descuento en entradas platino en Ranch Texas pagando con tu Tarjeta Ol\u00edmpica, Tarjeta Ol\u00edmpica Mastercard, Tarjeta Ol\u00edmpica Mastercard Gold o Tarjeta Mastercard Black de Banco Serfinanza, durante la vigencia de [&hellip;]","og_url":"https:\/\/tarjetaolimpica.com.co\/Index\/descuento-ranch-texas\/","article_publisher":"https:\/\/www.facebook.com\/bancoserfinanza","article_modified_time":"2024-04-12T20:56:35+00:00","og_image":[{"url":"https:\/\/tarjetaolimpica.com.co\/Index\/wp-content\/uploads\/2024\/04\/Banner_Ranch-Texas_Abril-1-1-300x225.jpg"}],"twitter_card":"summary_large_image","twitter_site":"@bancoserfinanza","twitter_misc":{"Tiempo estimado de lectura":"2 minutos"},"schema":{"@context":"https:\/\/schema.org","@graph":[{"@type":"WebPage","@id":"https:\/\/tarjetaolimpica.com.co\/Index\/descuento-ranch-texas\/","url":"https:\/\/tarjetaolimpica.com.co\/Index\/descuento-ranch-texas\/","name":"Ranch Texas - mes del ni\u00f1o -","isPartOf":{"@id":"https:\/\/tarjetaolimpica.com.co\/Index\/#website"},"primaryImageOfPage":{"@id":"https:\/\/tarjetaolimpica.com.co\/Index\/descuento-ranch-texas\/#primaryimage"},"image":{"@id":"https:\/\/tarjetaolimpica.com.co\/Index\/descuento-ranch-texas\/#primaryimage"},"thumbnailUrl":"https:\/\/tarjetaolimpica.com.co\/Index\/wp-content\/uploads\/2024\/04\/Banner_Ranch-Texas_Abril-1-1-300x225.jpg","datePublished":"2024-04-10T19:27:02+00:00","dateModified":"2024-04-12T20:56:35+00:00","breadcrumb":{"@id":"https:\/\/tarjetaolimpica.com.co\/Index\/descuento-ranch-texas\/#breadcrumb"},"inLanguage":"es-CO","potentialAction":[{"@type":"ReadAction","target":["https:\/\/tarjetaolimpica.com.co\/Index\/descuento-ranch-texas\/"]}]},{"@type":"ImageObject","inLanguage":"es-CO","@id":"https:\/\/tarjetaolimpica.com.co\/Index\/descuento-ranch-texas\/#primaryimage","url":"https:\/\/tarjetaolimpica.com.co\/Index\/wp-content\/uploads\/2024\/04\/Banner_Ranch-Texas_Abril-1-1.jpg","contentUrl":"https:\/\/tarjetaolimpica.com.co\/Index\/wp-content\/uploads\/2024\/04\/Banner_Ranch-Texas_Abril-1-1.jpg","width":1501,"height":1125},{"@type":"BreadcrumbList","@id":"https:\/\/tarjetaolimpica.com.co\/Index\/descuento-ranch-texas\/#breadcrumb","itemListElement":[{"@type":"ListItem","position":1,"name":"Home","item":"https:\/\/tarjetaolimpica.com.co\/Index\/"},{"@type":"ListItem","position":2,"name":"Ranch Texas &#8211; mes del ni\u00f1o"}]},{"@type":"WebSite","@id":"https:\/\/tarjetaolimpica.com.co\/Index\/#website","url":"https:\/\/tarjetaolimpica.com.co\/Index\/","name":"","description":"","publisher":{"@id":"https:\/\/tarjetaolimpica.com.co\/Index\/#organization"},"potentialAction":[{"@type":"SearchAction","target":{"@type":"EntryPoint","urlTemplate":"https:\/\/tarjetaolimpica.com.co\/Index\/?s={search_term_string}"},"query-input":"required name=search_term_string"}],"inLanguage":"es-CO"},{"@type":"Organization","@id":"https:\/\/tarjetaolimpica.com.co\/Index\/#organization","name":"Banco Serfinanza","url":"https:\/\/tarjetaolimpica.com.co\/Index\/","logo":{"@type":"ImageObject","inLanguage":"es-CO","@id":"https:\/\/tarjetaolimpica.com.co\/Index\/#\/schema\/logo\/image\/","url":"https:\/\/tarjetaolimpica.com.co\/Index\/wp-content\/uploads\/2019\/01\/Logo-Serfinanza-2.png","contentUrl":"https:\/\/tarjetaolimpica.com.co\/Index\/wp-content\/uploads\/2019\/01\/Logo-Serfinanza-2.png","width":339,"height":78,"caption":"Banco Serfinanza"},"image":{"@id":"https:\/\/tarjetaolimpica.com.co\/Index\/#\/schema\/logo\/image\/"},"sameAs":["https:\/\/www.facebook.com\/bancoserfinanza","https:\/\/twitter.com\/bancoserfinanza","https:\/\/www.instagram.com\/bancoserfinanza"]}]}},"_links":{"self":[{"href":"https:\/\/tarjetaolimpica.com.co\/Index\/wp-json\/wp\/v2\/pages\/13849"}],"collection":[{"href":"https:\/\/tarjetaolimpica.com.co\/Index\/wp-json\/wp\/v2\/pages"}],"about":[{"href":"https:\/\/tarjetaolimpica.com.co\/Index\/wp-json\/wp\/v2\/types\/page"}],"author":[{"embeddable":true,"href":"https:\/\/tarjetaolimpica.com.co\/Index\/wp-json\/wp\/v2\/users\/2"}],"replies":[{"embeddable":true,"href":"https:\/\/tarjetaolimpica.com.co\/Index\/wp-json\/wp\/v2\/comments?post=13849"}],"version-history":[{"count":31,"href":"https:\/\/tarjetaolimpica.com.co\/Index\/wp-json\/wp\/v2\/pages\/13849\/revisions"}],"predecessor-version":[{"id":14042,"href":"https:\/\/tarjetaolimpica.com.co\/Index\/wp-json\/wp\/v2\/pages\/13849\/revisions\/14042"}],"wp:attachment":[{"href":"https:\/\/tarjetaolimpica.com.co\/Index\/wp-json\/wp\/v2\/media?parent=13849"}],"curies":[{"name":"wp","href":"https:\/\/api.w.org\/{rel}","templated":true}]}}