{"id":15151,"date":"2024-09-16T15:34:21","date_gmt":"2024-09-16T20:34:21","guid":{"rendered":"https:\/\/tarjetaolimpica.com.co\/Index\/?page_id=15151"},"modified":"2024-09-18T14:22:43","modified_gmt":"2024-09-18T19:22:43","slug":"avances-tasa-especial","status":"publish","type":"page","link":"https:\/\/tarjetaolimpica.com.co\/Index\/avances-tasa-especial\/","title":{"rendered":"Avances Tasa especial"},"content":{"rendered":"\t\t<div data-elementor-type=\"wp-page\" data-elementor-id=\"15151\" class=\"elementor elementor-15151\" data-elementor-post-type=\"page\">\n\t\t\t\t\t\t<section class=\"elementor-section elementor-top-section elementor-element elementor-element-0c658c6 elementor-section-boxed elementor-section-height-default elementor-section-height-default\" data-id=\"0c658c6\" data-element_type=\"section\">\n\t\t\t\t\t\t<div class=\"elementor-container elementor-column-gap-default\">\n\t\t\t\t\t<div class=\"elementor-column elementor-col-50 elementor-top-column elementor-element elementor-element-015c568\" data-id=\"015c568\" data-element_type=\"column\">\n\t\t\t<div class=\"elementor-widget-wrap elementor-element-populated\">\n\t\t\t\t\t\t<div class=\"elementor-element elementor-element-429c615 elementor-widget__width-initial elementor-widget elementor-widget-heading\" data-id=\"429c615\" data-element_type=\"widget\" data-widget_type=\"heading.default\">\n\t\t\t\t<div class=\"elementor-widget-container\">\n\t\t\t<h1 class=\"elementor-heading-title elementor-size-default\">Aprovecha la tasa especial en todos los avances que hagas con tu Tarjeta Ol\u00edmpica<\/h1>\t\t<\/div>\n\t\t\t\t<\/div>\n\t\t\t\t\t<\/div>\n\t\t<\/div>\n\t\t\t\t<div class=\"elementor-column elementor-col-50 elementor-top-column elementor-element elementor-element-32f6de7\" data-id=\"32f6de7\" data-element_type=\"column\">\n\t\t\t<div class=\"elementor-widget-wrap elementor-element-populated\">\n\t\t\t\t\t\t<div class=\"elementor-element elementor-element-a70bc45 elementor-widget elementor-widget-image\" data-id=\"a70bc45\" data-element_type=\"widget\" data-widget_type=\"image.default\">\n\t\t\t\t<div class=\"elementor-widget-container\">\n\t\t\t\t\t\t\t\t\t\t\t\t\t<img fetchpriority=\"high\" decoding=\"async\" width=\"238\" height=\"300\" src=\"https:\/\/tarjetaolimpica.com.co\/Index\/wp-content\/uploads\/2024\/09\/Celebremos-la-amistad-que-nos-une-238x300.jpg\" class=\"attachment-medium size-medium wp-image-15155\" alt=\"\" srcset=\"https:\/\/tarjetaolimpica.com.co\/Index\/wp-content\/uploads\/2024\/09\/Celebremos-la-amistad-que-nos-une-238x300.jpg 238w, https:\/\/tarjetaolimpica.com.co\/Index\/wp-content\/uploads\/2024\/09\/Celebremos-la-amistad-que-nos-une-814x1024.jpg 814w, https:\/\/tarjetaolimpica.com.co\/Index\/wp-content\/uploads\/2024\/09\/Celebremos-la-amistad-que-nos-une-768x966.jpg 768w, https:\/\/tarjetaolimpica.com.co\/Index\/wp-content\/uploads\/2024\/09\/Celebremos-la-amistad-que-nos-une-1221x1536.jpg 1221w, https:\/\/tarjetaolimpica.com.co\/Index\/wp-content\/uploads\/2024\/09\/Celebremos-la-amistad-que-nos-une-1628x2048.jpg 1628w, https:\/\/tarjetaolimpica.com.co\/Index\/wp-content\/uploads\/2024\/09\/Celebremos-la-amistad-que-nos-une.jpg 2013w\" sizes=\"(max-width: 238px) 100vw, 238px\" \/>\t\t\t\t\t\t\t\t\t\t\t\t\t<\/div>\n\t\t\t\t<\/div>\n\t\t\t\t\t<\/div>\n\t\t<\/div>\n\t\t\t\t\t<\/div>\n\t\t<\/section>\n\t\t\t\t<section class=\"elementor-section elementor-top-section elementor-element elementor-element-1d42da6 elementor-section-boxed elementor-section-height-default elementor-section-height-default\" data-id=\"1d42da6\" data-element_type=\"section\">\n\t\t\t\t\t\t<div class=\"elementor-container elementor-column-gap-default\">\n\t\t\t\t\t<div class=\"elementor-column elementor-col-100 elementor-top-column elementor-element elementor-element-068e2f0\" data-id=\"068e2f0\" data-element_type=\"column\">\n\t\t\t<div class=\"elementor-widget-wrap\">\n\t\t\t\t\t\t\t<\/div>\n\t\t<\/div>\n\t\t\t\t\t<\/div>\n\t\t<\/section>\n\t\t\t\t<section class=\"elementor-section elementor-top-section elementor-element elementor-element-0922c15 elementor-section-boxed elementor-section-height-default elementor-section-height-default\" data-id=\"0922c15\" data-element_type=\"section\">\n\t\t\t\t\t\t<div class=\"elementor-container elementor-column-gap-default\">\n\t\t\t\t\t<div class=\"elementor-column elementor-col-100 elementor-top-column elementor-element elementor-element-95ae6a9\" data-id=\"95ae6a9\" data-element_type=\"column\">\n\t\t\t<div class=\"elementor-widget-wrap elementor-element-populated\">\n\t\t\t\t\t\t<div class=\"elementor-element elementor-element-2aee308 elementor-widget elementor-widget-heading\" data-id=\"2aee308\" data-element_type=\"widget\" data-widget_type=\"heading.default\">\n\t\t\t\t<div class=\"elementor-widget-container\">\n\t\t\t<p class=\"elementor-heading-title elementor-size-default\">Vigencia<\/p>\t\t<\/div>\n\t\t\t\t<\/div>\n\t\t\t\t<div class=\"elementor-element elementor-element-9520792 elementor-widget elementor-widget-text-editor\" data-id=\"9520792\" data-element_type=\"widget\" data-widget_type=\"text-editor.default\">\n\t\t\t\t<div class=\"elementor-widget-container\">\n\t\t\t\t\t\t\t<p><span style=\"font-family: verdana, geneva, sans-serif; color: #999999;\">V\u00e1lido del 18 al 30 de septiembre 2024.<\/span><\/p>\t\t\t\t\t\t<\/div>\n\t\t\t\t<\/div>\n\t\t\t\t<div class=\"elementor-element elementor-element-f6bd04c elementor-widget elementor-widget-heading\" data-id=\"f6bd04c\" data-element_type=\"widget\" data-widget_type=\"heading.default\">\n\t\t\t\t<div class=\"elementor-widget-container\">\n\t\t\t<p class=\"elementor-heading-title elementor-size-default\">Mec\u00e1nica<\/p>\t\t<\/div>\n\t\t\t\t<\/div>\n\t\t\t\t<div class=\"elementor-element elementor-element-71a34e5 elementor-widget elementor-widget-text-editor\" data-id=\"71a34e5\" data-element_type=\"widget\" data-widget_type=\"text-editor.default\">\n\t\t\t\t<div class=\"elementor-widget-container\">\n\t\t\t\t\t\t\t<p><span style=\"font-family: verdana, geneva, sans-serif; color: #808080;\">Todos los avances que realices en el mes de septiembre tendr\u00e1n una tasa especial<\/span><\/p>\t\t\t\t\t\t<\/div>\n\t\t\t\t<\/div>\n\t\t\t\t<div class=\"elementor-element elementor-element-5d930fb elementor-widget elementor-widget-heading\" data-id=\"5d930fb\" data-element_type=\"widget\" data-widget_type=\"heading.default\">\n\t\t\t\t<div class=\"elementor-widget-container\">\n\t\t\t<p class=\"elementor-heading-title elementor-size-default\">T\u00e9rminos y condiciones<\/p>\t\t<\/div>\n\t\t\t\t<\/div>\n\t\t\t\t<div class=\"elementor-element elementor-element-35eb503 elementor-widget elementor-widget-text-editor\" data-id=\"35eb503\" data-element_type=\"widget\" data-widget_type=\"text-editor.default\">\n\t\t\t\t<div class=\"elementor-widget-container\">\n\t\t\t\t\t\t\t<p><span style=\"font-family: verdana, geneva, sans-serif;\"><strong><b>\u00a0<span style=\"color: #999999; font-family: verdana, geneva, sans-serif;\">T\u00e9rminos y condiciones Tarjeta Ol\u00edmpica y Mastercard Clasica<\/span><\/b><span style=\"color: #999999; font-family: verdana, geneva, sans-serif;\">:<\/span><\/strong><span style=\"color: #999999;\"> Los\u00a0avances generados fuera de esta fecha quedar\u00e1n aplicados con la tasa vigente seg\u00fan la fecha de transacci\u00f3n, Monto m\u00e1ximo de acuerdo con el cupo disponible de avances\u00a0del cliente.\u00a0Avances\u00a0en efectivo en caja Ol\u00edmpica: monto m\u00e1ximo de retiro de $2.000.000 por transacci\u00f3n, comisi\u00f3n de avance de $11.800 sujeto a disponibilidad de efectivo en cajas. Plazo diferido autom\u00e1ticamente a 24 meses.\u00a0Avances en efectivo en cajeros autom\u00e1ticos: plazo diferido autom\u00e1ticamente a 24 meses, comisi\u00f3n de avance de $7.050. M\u00e1ximo 5 transacciones diarias. sujeto a valor permitido por cajero, solo aplica para Tarjeta Ol\u00edmpica Mastercard. Avances en cuenta Serfinanza: plazo diferido autom\u00e1ticamente a 24 meses, comisi\u00f3n de avance de $6.650. L\u00edmite transaccional de $5.000.000 por transacci\u00f3n, diario $10.000.000. Oferta exclusiva, personal e intransferible.<b>\u00a0<\/b>Tasa especial no aplica para compras ni consolidaci\u00f3n de deudas<b>.<\/b><\/span><\/span><\/p><p><span style=\"color: #999999; font-family: verdana, geneva, sans-serif;\"><b>T\u00e9rminos y condiciones Tarjeta Ol\u00edmpica Mastercard Gold: <\/b>Los\u00a0<span class=\"markeqjmzuufy\" data-markjs=\"true\" data-ogac=\"\" data-ogab=\"\" data-ogsc=\"\" data-ogsb=\"\">avances<\/span> generados fuera de esta fecha quedar\u00e1n aplicados con la tasa vigente seg\u00fan la fecha de transacci\u00f3n, Monto m\u00e1ximo de acuerdo con el cupo disponible de <span class=\"markeqjmzuufy\" data-markjs=\"true\" data-ogac=\"\" data-ogab=\"\" data-ogsc=\"\" data-ogsb=\"\">avances<\/span>\u00a0del cliente.\u00a0<span class=\"markeqjmzuufy\" data-markjs=\"true\" data-ogac=\"\" data-ogab=\"\" data-ogsc=\"\" data-ogsb=\"\">Avances<\/span>\u00a0en efectivo en caja Ol\u00edmpica: monto m\u00e1ximo de retiro de $2.000.000 por transacci\u00f3n, comisi\u00f3n de avance de $11.100 sujeto a disponibilidad de efectivo en cajas. Plazo diferido autom\u00e1ticamente a 24 meses.\u00a0<span class=\"markeqjmzuufy\" data-markjs=\"true\" data-ogac=\"\" data-ogab=\"\" data-ogsc=\"\" data-ogsb=\"\">Avances<\/span> en efectivo en cajeros autom\u00e1ticos: plazo diferido autom\u00e1ticamente a 24 meses, comisi\u00f3n de avance de $7.050. M\u00e1ximo 5 transacciones diarias. sujeto a valor permitido por cajero, solo aplica para Tarjeta Ol\u00edmpica Mastercard. <span class=\"markeqjmzuufy\" data-markjs=\"true\" data-ogac=\"\" data-ogab=\"\" data-ogsc=\"\" data-ogsb=\"\">Avances<\/span> en cuenta Serfinanza: plazo diferido autom\u00e1ticamente a 24 meses, comisi\u00f3n de avance de $6.650. L\u00edmite transaccional de $5.000.000 por transacci\u00f3n, diario $10.000.000. Oferta exclusiva, personal e intransferible. Tasa especial<b> n<\/b>o aplica para compras ni consolidaci\u00f3n de deudas.<\/span><\/p>\t\t\t\t\t\t<\/div>\n\t\t\t\t<\/div>\n\t\t\t\t\t<\/div>\n\t\t<\/div>\n\t\t\t\t\t<\/div>\n\t\t<\/section>\n\t\t\t\t<section class=\"elementor-section elementor-top-section elementor-element elementor-element-1dbfacf elementor-section-boxed elementor-section-height-default elementor-section-height-default\" data-id=\"1dbfacf\" data-element_type=\"section\">\n\t\t\t\t\t\t<div class=\"elementor-container elementor-column-gap-default\">\n\t\t\t\t\t<div class=\"elementor-column elementor-col-100 elementor-top-column elementor-element elementor-element-150045c\" data-id=\"150045c\" data-element_type=\"column\">\n\t\t\t<div class=\"elementor-widget-wrap\">\n\t\t\t\t\t\t\t<\/div>\n\t\t<\/div>\n\t\t\t\t\t<\/div>\n\t\t<\/section>\n\t\t\t\t<\/div>\n\t\t","protected":false},"excerpt":{"rendered":"<p>Aprovecha la tasa especial en todos los avances que hagas con tu Tarjeta Ol\u00edmpica Vigencia V\u00e1lido del 18 al 30 de septiembre 2024. Mec\u00e1nica Todos los avances que realices en el mes de septiembre tendr\u00e1n una tasa especial T\u00e9rminos y condiciones \u00a0T\u00e9rminos y condiciones Tarjeta Ol\u00edmpica y Mastercard Clasica: Los\u00a0avances generados fuera de esta fecha [&hellip;]<\/p>\n","protected":false},"author":2,"featured_media":0,"parent":0,"menu_order":0,"comment_status":"closed","ping_status":"closed","template":"","meta":{"_eb_attr":"","site-sidebar-layout":"no-sidebar","site-content-layout":"page-builder","ast-site-content-layout":"","site-content-style":"default","site-sidebar-style":"default","ast-global-header-display":"","ast-banner-title-visibility":"","ast-main-header-display":"","ast-hfb-above-header-display":"","ast-hfb-below-header-display":"","ast-hfb-mobile-header-display":"","site-post-title":"disabled","ast-breadcrumbs-content":"","ast-featured-img":"disabled","footer-sml-layout":"","theme-transparent-header-meta":"default","adv-header-id-meta":"","stick-header-meta":"","header-above-stick-meta":"","header-main-stick-meta":"","header-below-stick-meta":"","astra-migrate-meta-layouts":"default","ast-page-background-enabled":"default","ast-page-background-meta":{"desktop":{"background-color":"","background-image":"","background-repeat":"repeat","background-position":"center center","background-size":"auto","background-attachment":"scroll","background-type":"","background-media":"","overlay-type":"","overlay-color":"","overlay-opacity":"","overlay-gradient":""},"tablet":{"background-color":"","background-image":"","background-repeat":"repeat","background-position":"center center","background-size":"auto","background-attachment":"scroll","background-type":"","background-media":"","overlay-type":"","overlay-color":"","overlay-opacity":"","overlay-gradient":""},"mobile":{"background-color":"","background-image":"","background-repeat":"repeat","background-position":"center center","background-size":"auto","background-attachment":"scroll","background-type":"","background-media":"","overlay-type":"","overlay-color":"","overlay-opacity":"","overlay-gradient":""}},"ast-content-background-meta":{"desktop":{"background-color":"var(--ast-global-color-5)","background-image":"","background-repeat":"repeat","background-position":"center center","background-size":"auto","background-attachment":"scroll","background-type":"","background-media":"","overlay-type":"","overlay-color":"","overlay-opacity":"","overlay-gradient":""},"tablet":{"background-color":"var(--ast-global-color-5)","background-image":"","background-repeat":"repeat","background-position":"center center","background-size":"auto","background-attachment":"scroll","background-type":"","background-media":"","overlay-type":"","overlay-color":"","overlay-opacity":"","overlay-gradient":""},"mobile":{"background-color":"var(--ast-global-color-5)","background-image":"","background-repeat":"repeat","background-position":"center center","background-size":"auto","background-attachment":"scroll","background-type":"","background-media":"","overlay-type":"","overlay-color":"","overlay-opacity":"","overlay-gradient":""}},"footnotes":""},"yoast_head":"<!-- This site is optimized with the Yoast SEO plugin v22.3 - https:\/\/yoast.com\/wordpress\/plugins\/seo\/ -->\r\n<title>Activa la clave de tu Tarjeta Ol\u00edmpica Mastercard<\/title>\r\n<meta name=\"description\" content=\"\u00a1Conoce c\u00f3mo activar la clave de tu Tarjeta Ol\u00edmpica Mastercard y disfruta un mundo de beneficios!\" \/>\r\n<meta name=\"robots\" content=\"index, follow, max-snippet:-1, max-image-preview:large, max-video-preview:-1\" \/>\r\n<link rel=\"canonical\" href=\"https:\/\/tarjetaolimpica.com.co\/Index\/avances-tasa-especial\/\" \/>\r\n<meta property=\"og:locale\" content=\"es_ES\" \/>\r\n<meta property=\"og:type\" content=\"article\" \/>\r\n<meta property=\"og:title\" content=\"Activa la clave de tu Tarjeta Ol\u00edmpica Mastercard\" \/>\r\n<meta property=\"og:description\" content=\"\u00a1Conoce c\u00f3mo activar la clave de tu Tarjeta Ol\u00edmpica Mastercard y disfruta un mundo de beneficios!\" \/>\r\n<meta property=\"og:url\" content=\"https:\/\/tarjetaolimpica.com.co\/Index\/avances-tasa-especial\/\" \/>\r\n<meta property=\"article:publisher\" content=\"https:\/\/www.facebook.com\/bancoserfinanza\" \/>\r\n<meta property=\"article:modified_time\" content=\"2024-09-18T19:22:43+00:00\" \/>\r\n<meta property=\"og:image\" content=\"https:\/\/tarjetaolimpica.com.co\/Index\/wp-content\/uploads\/2024\/09\/Celebremos-la-amistad-que-nos-une-238x300.jpg\" \/>\r\n<meta name=\"twitter:card\" content=\"summary_large_image\" \/>\r\n<meta name=\"twitter:site\" content=\"@bancoserfinanza\" \/>\r\n<meta name=\"twitter:label1\" content=\"Tiempo estimado de lectura\" \/>\n\t<meta name=\"twitter:data1\" content=\"2 minutos\" \/>\r\n<script type=\"application\/ld+json\" class=\"yoast-schema-graph\">{\"@context\":\"https:\/\/schema.org\",\"@graph\":[{\"@type\":\"WebPage\",\"@id\":\"https:\/\/tarjetaolimpica.com.co\/Index\/avances-tasa-especial\/\",\"url\":\"https:\/\/tarjetaolimpica.com.co\/Index\/avances-tasa-especial\/\",\"name\":\"Activa la clave de tu Tarjeta Ol\u00edmpica Mastercard\",\"isPartOf\":{\"@id\":\"https:\/\/tarjetaolimpica.com.co\/Index\/#website\"},\"primaryImageOfPage\":{\"@id\":\"https:\/\/tarjetaolimpica.com.co\/Index\/avances-tasa-especial\/#primaryimage\"},\"image\":{\"@id\":\"https:\/\/tarjetaolimpica.com.co\/Index\/avances-tasa-especial\/#primaryimage\"},\"thumbnailUrl\":\"https:\/\/tarjetaolimpica.com.co\/Index\/wp-content\/uploads\/2024\/09\/Celebremos-la-amistad-que-nos-une-238x300.jpg\",\"datePublished\":\"2024-09-16T20:34:21+00:00\",\"dateModified\":\"2024-09-18T19:22:43+00:00\",\"description\":\"\u00a1Conoce c\u00f3mo activar la clave de tu Tarjeta Ol\u00edmpica Mastercard y disfruta un mundo de beneficios!\",\"breadcrumb\":{\"@id\":\"https:\/\/tarjetaolimpica.com.co\/Index\/avances-tasa-especial\/#breadcrumb\"},\"inLanguage\":\"es-CO\",\"potentialAction\":[{\"@type\":\"ReadAction\",\"target\":[\"https:\/\/tarjetaolimpica.com.co\/Index\/avances-tasa-especial\/\"]}]},{\"@type\":\"ImageObject\",\"inLanguage\":\"es-CO\",\"@id\":\"https:\/\/tarjetaolimpica.com.co\/Index\/avances-tasa-especial\/#primaryimage\",\"url\":\"https:\/\/tarjetaolimpica.com.co\/Index\/wp-content\/uploads\/2024\/09\/Celebremos-la-amistad-que-nos-une.jpg\",\"contentUrl\":\"https:\/\/tarjetaolimpica.com.co\/Index\/wp-content\/uploads\/2024\/09\/Celebremos-la-amistad-que-nos-une.jpg\",\"width\":2013,\"height\":2533},{\"@type\":\"BreadcrumbList\",\"@id\":\"https:\/\/tarjetaolimpica.com.co\/Index\/avances-tasa-especial\/#breadcrumb\",\"itemListElement\":[{\"@type\":\"ListItem\",\"position\":1,\"name\":\"Home\",\"item\":\"https:\/\/tarjetaolimpica.com.co\/Index\/\"},{\"@type\":\"ListItem\",\"position\":2,\"name\":\"Avances Tasa especial\"}]},{\"@type\":\"WebSite\",\"@id\":\"https:\/\/tarjetaolimpica.com.co\/Index\/#website\",\"url\":\"https:\/\/tarjetaolimpica.com.co\/Index\/\",\"name\":\"\",\"description\":\"\",\"publisher\":{\"@id\":\"https:\/\/tarjetaolimpica.com.co\/Index\/#organization\"},\"potentialAction\":[{\"@type\":\"SearchAction\",\"target\":{\"@type\":\"EntryPoint\",\"urlTemplate\":\"https:\/\/tarjetaolimpica.com.co\/Index\/?s={search_term_string}\"},\"query-input\":\"required name=search_term_string\"}],\"inLanguage\":\"es-CO\"},{\"@type\":\"Organization\",\"@id\":\"https:\/\/tarjetaolimpica.com.co\/Index\/#organization\",\"name\":\"Banco Serfinanza\",\"url\":\"https:\/\/tarjetaolimpica.com.co\/Index\/\",\"logo\":{\"@type\":\"ImageObject\",\"inLanguage\":\"es-CO\",\"@id\":\"https:\/\/tarjetaolimpica.com.co\/Index\/#\/schema\/logo\/image\/\",\"url\":\"https:\/\/tarjetaolimpica.com.co\/Index\/wp-content\/uploads\/2019\/01\/Logo-Serfinanza-2.png\",\"contentUrl\":\"https:\/\/tarjetaolimpica.com.co\/Index\/wp-content\/uploads\/2019\/01\/Logo-Serfinanza-2.png\",\"width\":339,\"height\":78,\"caption\":\"Banco Serfinanza\"},\"image\":{\"@id\":\"https:\/\/tarjetaolimpica.com.co\/Index\/#\/schema\/logo\/image\/\"},\"sameAs\":[\"https:\/\/www.facebook.com\/bancoserfinanza\",\"https:\/\/twitter.com\/bancoserfinanza\",\"https:\/\/www.instagram.com\/bancoserfinanza\"]}]}<\/script>\r\n<!-- \/ Yoast SEO plugin. -->","yoast_head_json":{"title":"Activa la clave de tu Tarjeta Ol\u00edmpica Mastercard","description":"\u00a1Conoce c\u00f3mo activar la clave de tu Tarjeta Ol\u00edmpica Mastercard y disfruta un mundo de beneficios!","robots":{"index":"index","follow":"follow","max-snippet":"max-snippet:-1","max-image-preview":"max-image-preview:large","max-video-preview":"max-video-preview:-1"},"canonical":"https:\/\/tarjetaolimpica.com.co\/Index\/avances-tasa-especial\/","og_locale":"es_ES","og_type":"article","og_title":"Activa la clave de tu Tarjeta Ol\u00edmpica Mastercard","og_description":"\u00a1Conoce c\u00f3mo activar la clave de tu Tarjeta Ol\u00edmpica Mastercard y disfruta un mundo de beneficios!","og_url":"https:\/\/tarjetaolimpica.com.co\/Index\/avances-tasa-especial\/","article_publisher":"https:\/\/www.facebook.com\/bancoserfinanza","article_modified_time":"2024-09-18T19:22:43+00:00","og_image":[{"url":"https:\/\/tarjetaolimpica.com.co\/Index\/wp-content\/uploads\/2024\/09\/Celebremos-la-amistad-que-nos-une-238x300.jpg"}],"twitter_card":"summary_large_image","twitter_site":"@bancoserfinanza","twitter_misc":{"Tiempo estimado de lectura":"2 minutos"},"schema":{"@context":"https:\/\/schema.org","@graph":[{"@type":"WebPage","@id":"https:\/\/tarjetaolimpica.com.co\/Index\/avances-tasa-especial\/","url":"https:\/\/tarjetaolimpica.com.co\/Index\/avances-tasa-especial\/","name":"Activa la clave de tu Tarjeta Ol\u00edmpica Mastercard","isPartOf":{"@id":"https:\/\/tarjetaolimpica.com.co\/Index\/#website"},"primaryImageOfPage":{"@id":"https:\/\/tarjetaolimpica.com.co\/Index\/avances-tasa-especial\/#primaryimage"},"image":{"@id":"https:\/\/tarjetaolimpica.com.co\/Index\/avances-tasa-especial\/#primaryimage"},"thumbnailUrl":"https:\/\/tarjetaolimpica.com.co\/Index\/wp-content\/uploads\/2024\/09\/Celebremos-la-amistad-que-nos-une-238x300.jpg","datePublished":"2024-09-16T20:34:21+00:00","dateModified":"2024-09-18T19:22:43+00:00","description":"\u00a1Conoce c\u00f3mo activar la clave de tu Tarjeta Ol\u00edmpica Mastercard y disfruta un mundo de beneficios!","breadcrumb":{"@id":"https:\/\/tarjetaolimpica.com.co\/Index\/avances-tasa-especial\/#breadcrumb"},"inLanguage":"es-CO","potentialAction":[{"@type":"ReadAction","target":["https:\/\/tarjetaolimpica.com.co\/Index\/avances-tasa-especial\/"]}]},{"@type":"ImageObject","inLanguage":"es-CO","@id":"https:\/\/tarjetaolimpica.com.co\/Index\/avances-tasa-especial\/#primaryimage","url":"https:\/\/tarjetaolimpica.com.co\/Index\/wp-content\/uploads\/2024\/09\/Celebremos-la-amistad-que-nos-une.jpg","contentUrl":"https:\/\/tarjetaolimpica.com.co\/Index\/wp-content\/uploads\/2024\/09\/Celebremos-la-amistad-que-nos-une.jpg","width":2013,"height":2533},{"@type":"BreadcrumbList","@id":"https:\/\/tarjetaolimpica.com.co\/Index\/avances-tasa-especial\/#breadcrumb","itemListElement":[{"@type":"ListItem","position":1,"name":"Home","item":"https:\/\/tarjetaolimpica.com.co\/Index\/"},{"@type":"ListItem","position":2,"name":"Avances Tasa especial"}]},{"@type":"WebSite","@id":"https:\/\/tarjetaolimpica.com.co\/Index\/#website","url":"https:\/\/tarjetaolimpica.com.co\/Index\/","name":"","description":"","publisher":{"@id":"https:\/\/tarjetaolimpica.com.co\/Index\/#organization"},"potentialAction":[{"@type":"SearchAction","target":{"@type":"EntryPoint","urlTemplate":"https:\/\/tarjetaolimpica.com.co\/Index\/?s={search_term_string}"},"query-input":"required name=search_term_string"}],"inLanguage":"es-CO"},{"@type":"Organization","@id":"https:\/\/tarjetaolimpica.com.co\/Index\/#organization","name":"Banco Serfinanza","url":"https:\/\/tarjetaolimpica.com.co\/Index\/","logo":{"@type":"ImageObject","inLanguage":"es-CO","@id":"https:\/\/tarjetaolimpica.com.co\/Index\/#\/schema\/logo\/image\/","url":"https:\/\/tarjetaolimpica.com.co\/Index\/wp-content\/uploads\/2019\/01\/Logo-Serfinanza-2.png","contentUrl":"https:\/\/tarjetaolimpica.com.co\/Index\/wp-content\/uploads\/2019\/01\/Logo-Serfinanza-2.png","width":339,"height":78,"caption":"Banco Serfinanza"},"image":{"@id":"https:\/\/tarjetaolimpica.com.co\/Index\/#\/schema\/logo\/image\/"},"sameAs":["https:\/\/www.facebook.com\/bancoserfinanza","https:\/\/twitter.com\/bancoserfinanza","https:\/\/www.instagram.com\/bancoserfinanza"]}]}},"_links":{"self":[{"href":"https:\/\/tarjetaolimpica.com.co\/Index\/wp-json\/wp\/v2\/pages\/15151"}],"collection":[{"href":"https:\/\/tarjetaolimpica.com.co\/Index\/wp-json\/wp\/v2\/pages"}],"about":[{"href":"https:\/\/tarjetaolimpica.com.co\/Index\/wp-json\/wp\/v2\/types\/page"}],"author":[{"embeddable":true,"href":"https:\/\/tarjetaolimpica.com.co\/Index\/wp-json\/wp\/v2\/users\/2"}],"replies":[{"embeddable":true,"href":"https:\/\/tarjetaolimpica.com.co\/Index\/wp-json\/wp\/v2\/comments?post=15151"}],"version-history":[{"count":35,"href":"https:\/\/tarjetaolimpica.com.co\/Index\/wp-json\/wp\/v2\/pages\/15151\/revisions"}],"predecessor-version":[{"id":15204,"href":"https:\/\/tarjetaolimpica.com.co\/Index\/wp-json\/wp\/v2\/pages\/15151\/revisions\/15204"}],"wp:attachment":[{"href":"https:\/\/tarjetaolimpica.com.co\/Index\/wp-json\/wp\/v2\/media?parent=15151"}],"curies":[{"name":"wp","href":"https:\/\/api.w.org\/{rel}","templated":true}]}}