{"id":15619,"date":"2025-04-11T16:02:26","date_gmt":"2025-04-11T21:02:26","guid":{"rendered":"https:\/\/tarjetaolimpica.com.co\/Index\/?page_id=15619"},"modified":"2026-02-20T08:46:36","modified_gmt":"2026-02-20T13:46:36","slug":"club-de-beneficios","status":"publish","type":"page","link":"https:\/\/tarjetaolimpica.com.co\/Index\/club-de-beneficios\/","title":{"rendered":"Club de Beneficios"},"content":{"rendered":"\t\t<div data-elementor-type=\"wp-post\" data-elementor-id=\"15619\" class=\"elementor elementor-15619\" data-elementor-post-type=\"page\">\n\t\t\t\t\t\t<section class=\"elementor-section elementor-top-section elementor-element elementor-element-ec04f9c elementor-section-boxed elementor-section-height-default elementor-section-height-default\" data-id=\"ec04f9c\" data-element_type=\"section\">\n\t\t\t\t\t\t<div class=\"elementor-container elementor-column-gap-default\">\n\t\t\t\t\t<div class=\"elementor-column elementor-col-100 elementor-top-column elementor-element elementor-element-cd5a1e7\" data-id=\"cd5a1e7\" data-element_type=\"column\">\n\t\t\t<div class=\"elementor-widget-wrap\">\n\t\t\t\t\t\t\t<\/div>\n\t\t<\/div>\n\t\t\t\t\t<\/div>\n\t\t<\/section>\n\t\t\t\t<section class=\"elementor-section elementor-top-section elementor-element elementor-element-8b78495 elementor-section-boxed elementor-section-height-default elementor-section-height-default\" data-id=\"8b78495\" data-element_type=\"section\">\n\t\t\t\t\t\t<div class=\"elementor-container elementor-column-gap-default\">\n\t\t\t\t\t<div class=\"elementor-column elementor-col-100 elementor-top-column elementor-element elementor-element-0f20961\" data-id=\"0f20961\" data-element_type=\"column\">\n\t\t\t<div class=\"elementor-widget-wrap elementor-element-populated\">\n\t\t\t\t\t\t<div class=\"elementor-element elementor-element-da7176b elementor-widget elementor-widget-spacer\" data-id=\"da7176b\" data-element_type=\"widget\" data-widget_type=\"spacer.default\">\n\t\t\t\t<div class=\"elementor-widget-container\">\n\t\t\t\t\t<div class=\"elementor-spacer\">\n\t\t\t<div class=\"elementor-spacer-inner\"><\/div>\n\t\t<\/div>\n\t\t\t\t<\/div>\n\t\t\t\t<\/div>\n\t\t\t\t\t<\/div>\n\t\t<\/div>\n\t\t\t\t\t<\/div>\n\t\t<\/section>\n\t\t\t\t<section class=\"elementor-section elementor-top-section elementor-element elementor-element-2fd6ae0 elementor-section-content-middle elementor-section-boxed elementor-section-height-default elementor-section-height-default elementor-invisible\" data-id=\"2fd6ae0\" data-element_type=\"section\" data-settings=\"{&quot;animation&quot;:&quot;slideInUp&quot;}\">\n\t\t\t\t\t\t<div class=\"elementor-container elementor-column-gap-default\">\n\t\t\t\t\t<div class=\"elementor-column elementor-col-100 elementor-top-column elementor-element elementor-element-28bc6a0 elementor-invisible\" data-id=\"28bc6a0\" data-element_type=\"column\" data-settings=\"{&quot;animation&quot;:&quot;slideInRight&quot;}\">\n\t\t\t<div class=\"elementor-widget-wrap elementor-element-populated\">\n\t\t\t\t\t\t<div class=\"elementor-element elementor-element-3f99c47 elementor-widget elementor-widget-image\" data-id=\"3f99c47\" data-element_type=\"widget\" data-widget_type=\"image.default\">\n\t\t\t\t<div class=\"elementor-widget-container\">\n\t\t\t\t\t\t\t\t\t\t\t\t\t<img fetchpriority=\"high\" decoding=\"async\" width=\"1024\" height=\"356\" src=\"https:\/\/tarjetaolimpica.com.co\/Index\/wp-content\/uploads\/2024\/11\/BANNER-PROMOCIONES-1440X500PX-1024x356.jpg\" class=\"attachment-large size-large wp-image-15628\" alt=\"\" srcset=\"https:\/\/tarjetaolimpica.com.co\/Index\/wp-content\/uploads\/2024\/11\/BANNER-PROMOCIONES-1440X500PX-1024x356.jpg 1024w, https:\/\/tarjetaolimpica.com.co\/Index\/wp-content\/uploads\/2024\/11\/BANNER-PROMOCIONES-1440X500PX-300x104.jpg 300w, https:\/\/tarjetaolimpica.com.co\/Index\/wp-content\/uploads\/2024\/11\/BANNER-PROMOCIONES-1440X500PX-768x267.jpg 768w, https:\/\/tarjetaolimpica.com.co\/Index\/wp-content\/uploads\/2024\/11\/BANNER-PROMOCIONES-1440X500PX.jpg 1440w\" sizes=\"(max-width: 1024px) 100vw, 1024px\" \/>\t\t\t\t\t\t\t\t\t\t\t\t\t<\/div>\n\t\t\t\t<\/div>\n\t\t\t\t\t<\/div>\n\t\t<\/div>\n\t\t\t\t\t<\/div>\n\t\t<\/section>\n\t\t\t\t<section class=\"elementor-section elementor-top-section elementor-element elementor-element-e52c00c elementor-section-boxed elementor-section-height-default elementor-section-height-default\" data-id=\"e52c00c\" data-element_type=\"section\">\n\t\t\t\t\t\t<div class=\"elementor-container elementor-column-gap-default\">\n\t\t\t\t\t<div class=\"elementor-column elementor-col-50 elementor-top-column elementor-element elementor-element-e2c7982\" data-id=\"e2c7982\" data-element_type=\"column\">\n\t\t\t<div class=\"elementor-widget-wrap elementor-element-populated\">\n\t\t\t\t\t\t<div class=\"elementor-element elementor-element-81c2a9d elementor-widget elementor-widget-image\" data-id=\"81c2a9d\" data-element_type=\"widget\" data-widget_type=\"image.default\">\n\t\t\t\t<div class=\"elementor-widget-container\">\n\t\t\t\t\t\t\t\t\t\t\t\t\t<img decoding=\"async\" width=\"1024\" height=\"768\" src=\"https:\/\/tarjetaolimpica.com.co\/Index\/wp-content\/uploads\/2025\/04\/Banners-10-generales-mundo-19-1024x768.jpg\" class=\"attachment-large size-large wp-image-16404\" alt=\"\" srcset=\"https:\/\/tarjetaolimpica.com.co\/Index\/wp-content\/uploads\/2025\/04\/Banners-10-generales-mundo-19-1024x768.jpg 1024w, https:\/\/tarjetaolimpica.com.co\/Index\/wp-content\/uploads\/2025\/04\/Banners-10-generales-mundo-19-300x225.jpg 300w, https:\/\/tarjetaolimpica.com.co\/Index\/wp-content\/uploads\/2025\/04\/Banners-10-generales-mundo-19-768x576.jpg 768w, https:\/\/tarjetaolimpica.com.co\/Index\/wp-content\/uploads\/2025\/04\/Banners-10-generales-mundo-19-1536x1152.jpg 1536w, https:\/\/tarjetaolimpica.com.co\/Index\/wp-content\/uploads\/2025\/04\/Banners-10-generales-mundo-19-2048x1536.jpg 2048w\" sizes=\"(max-width: 1024px) 100vw, 1024px\" \/>\t\t\t\t\t\t\t\t\t\t\t\t\t<\/div>\n\t\t\t\t<\/div>\n\t\t\t\t<div class=\"elementor-element elementor-element-22a9e48 elementor-align-center elementor-widget elementor-widget-button\" data-id=\"22a9e48\" data-element_type=\"widget\" data-widget_type=\"button.default\">\n\t\t\t\t<div class=\"elementor-widget-container\">\n\t\t\t\t\t<div class=\"elementor-button-wrapper\">\n\t\t\t<a class=\"elementor-button elementor-button-link elementor-size-xs\" href=\"https:\/\/tarjetaolimpica.com.co\/Index\/mundo-compra\/\">\n\t\t\t\t\t\t<span class=\"elementor-button-content-wrapper\">\n\t\t\t\t\t\t<span class=\"elementor-button-text\">Conoce m\u00e1s aqu\u00ed<\/span>\n\t\t<\/span>\n\t\t\t\t\t<\/a>\n\t\t<\/div>\n\t\t\t\t<\/div>\n\t\t\t\t<\/div>\n\t\t\t\t\t<\/div>\n\t\t<\/div>\n\t\t\t\t<div class=\"elementor-column elementor-col-50 elementor-top-column elementor-element elementor-element-db5a7fa\" data-id=\"db5a7fa\" data-element_type=\"column\">\n\t\t\t<div class=\"elementor-widget-wrap elementor-element-populated\">\n\t\t\t\t\t\t<div class=\"elementor-element elementor-element-4a89945 elementor-widget elementor-widget-image\" data-id=\"4a89945\" data-element_type=\"widget\" data-widget_type=\"image.default\">\n\t\t\t\t<div class=\"elementor-widget-container\">\n\t\t\t\t\t\t\t\t\t\t\t\t\t<img decoding=\"async\" width=\"1024\" height=\"768\" src=\"https:\/\/tarjetaolimpica.com.co\/Index\/wp-content\/uploads\/2025\/04\/Banners-10-generales-mundo-17-1024x768.jpg\" class=\"attachment-large size-large wp-image-16405\" alt=\"\" srcset=\"https:\/\/tarjetaolimpica.com.co\/Index\/wp-content\/uploads\/2025\/04\/Banners-10-generales-mundo-17-1024x768.jpg 1024w, https:\/\/tarjetaolimpica.com.co\/Index\/wp-content\/uploads\/2025\/04\/Banners-10-generales-mundo-17-300x225.jpg 300w, https:\/\/tarjetaolimpica.com.co\/Index\/wp-content\/uploads\/2025\/04\/Banners-10-generales-mundo-17-768x576.jpg 768w, https:\/\/tarjetaolimpica.com.co\/Index\/wp-content\/uploads\/2025\/04\/Banners-10-generales-mundo-17-1536x1152.jpg 1536w, https:\/\/tarjetaolimpica.com.co\/Index\/wp-content\/uploads\/2025\/04\/Banners-10-generales-mundo-17-2048x1536.jpg 2048w\" sizes=\"(max-width: 1024px) 100vw, 1024px\" \/>\t\t\t\t\t\t\t\t\t\t\t\t\t<\/div>\n\t\t\t\t<\/div>\n\t\t\t\t<div class=\"elementor-element elementor-element-7b0a9b0 elementor-align-center elementor-widget elementor-widget-button\" data-id=\"7b0a9b0\" data-element_type=\"widget\" data-widget_type=\"button.default\">\n\t\t\t\t<div class=\"elementor-widget-container\">\n\t\t\t\t\t<div class=\"elementor-button-wrapper\">\n\t\t\t<a class=\"elementor-button elementor-button-link elementor-size-xs\" href=\"https:\/\/tarjetaolimpica.com.co\/Index\/mundo-salud-y-belleza\/\">\n\t\t\t\t\t\t<span class=\"elementor-button-content-wrapper\">\n\t\t\t\t\t\t<span class=\"elementor-button-text\">Conoce m\u00e1s aqu\u00ed<\/span>\n\t\t<\/span>\n\t\t\t\t\t<\/a>\n\t\t<\/div>\n\t\t\t\t<\/div>\n\t\t\t\t<\/div>\n\t\t\t\t\t<\/div>\n\t\t<\/div>\n\t\t\t\t\t<\/div>\n\t\t<\/section>\n\t\t\t\t<section class=\"elementor-section elementor-top-section elementor-element elementor-element-ff4ee20 elementor-section-boxed elementor-section-height-default elementor-section-height-default\" data-id=\"ff4ee20\" data-element_type=\"section\">\n\t\t\t\t\t\t<div class=\"elementor-container elementor-column-gap-default\">\n\t\t\t\t\t<div class=\"elementor-column elementor-col-50 elementor-top-column elementor-element elementor-element-27d887a\" data-id=\"27d887a\" data-element_type=\"column\">\n\t\t\t<div class=\"elementor-widget-wrap elementor-element-populated\">\n\t\t\t\t\t\t<div class=\"elementor-element elementor-element-8cbb83f elementor-widget elementor-widget-image\" data-id=\"8cbb83f\" data-element_type=\"widget\" data-widget_type=\"image.default\">\n\t\t\t\t<div class=\"elementor-widget-container\">\n\t\t\t\t\t\t\t\t\t\t\t\t\t<img loading=\"lazy\" decoding=\"async\" width=\"1024\" height=\"768\" src=\"https:\/\/tarjetaolimpica.com.co\/Index\/wp-content\/uploads\/2025\/04\/Banners-10-generales-mundo-16-1024x768.jpg\" class=\"attachment-large size-large wp-image-16408\" alt=\"\" srcset=\"https:\/\/tarjetaolimpica.com.co\/Index\/wp-content\/uploads\/2025\/04\/Banners-10-generales-mundo-16-1024x768.jpg 1024w, https:\/\/tarjetaolimpica.com.co\/Index\/wp-content\/uploads\/2025\/04\/Banners-10-generales-mundo-16-300x225.jpg 300w, https:\/\/tarjetaolimpica.com.co\/Index\/wp-content\/uploads\/2025\/04\/Banners-10-generales-mundo-16-768x576.jpg 768w, https:\/\/tarjetaolimpica.com.co\/Index\/wp-content\/uploads\/2025\/04\/Banners-10-generales-mundo-16-1536x1152.jpg 1536w, https:\/\/tarjetaolimpica.com.co\/Index\/wp-content\/uploads\/2025\/04\/Banners-10-generales-mundo-16-2048x1536.jpg 2048w\" sizes=\"(max-width: 1024px) 100vw, 1024px\" \/>\t\t\t\t\t\t\t\t\t\t\t\t\t<\/div>\n\t\t\t\t<\/div>\n\t\t\t\t<div class=\"elementor-element elementor-element-0c66481 elementor-align-center elementor-widget elementor-widget-button\" data-id=\"0c66481\" data-element_type=\"widget\" data-widget_type=\"button.default\">\n\t\t\t\t<div class=\"elementor-widget-container\">\n\t\t\t\t\t<div class=\"elementor-button-wrapper\">\n\t\t\t<a class=\"elementor-button elementor-button-link elementor-size-xs\" href=\"https:\/\/tarjetaolimpica.com.co\/Index\/mundo-de-viajes\/\">\n\t\t\t\t\t\t<span class=\"elementor-button-content-wrapper\">\n\t\t\t\t\t\t<span class=\"elementor-button-text\">Conoce m\u00e1s aqu\u00ed<\/span>\n\t\t<\/span>\n\t\t\t\t\t<\/a>\n\t\t<\/div>\n\t\t\t\t<\/div>\n\t\t\t\t<\/div>\n\t\t\t\t\t<\/div>\n\t\t<\/div>\n\t\t\t\t<div class=\"elementor-column elementor-col-50 elementor-top-column elementor-element elementor-element-21af23f\" data-id=\"21af23f\" data-element_type=\"column\">\n\t\t\t<div class=\"elementor-widget-wrap elementor-element-populated\">\n\t\t\t\t\t\t<div class=\"elementor-element elementor-element-51a274a elementor-widget elementor-widget-image\" data-id=\"51a274a\" data-element_type=\"widget\" data-widget_type=\"image.default\">\n\t\t\t\t<div class=\"elementor-widget-container\">\n\t\t\t\t\t\t\t\t\t\t\t\t\t<img loading=\"lazy\" decoding=\"async\" width=\"1024\" height=\"768\" src=\"https:\/\/tarjetaolimpica.com.co\/Index\/wp-content\/uploads\/2025\/04\/Banners-10-generales-mundo-18-1024x768.jpg\" class=\"attachment-large size-large wp-image-16406\" alt=\"\" srcset=\"https:\/\/tarjetaolimpica.com.co\/Index\/wp-content\/uploads\/2025\/04\/Banners-10-generales-mundo-18-1024x768.jpg 1024w, https:\/\/tarjetaolimpica.com.co\/Index\/wp-content\/uploads\/2025\/04\/Banners-10-generales-mundo-18-300x225.jpg 300w, https:\/\/tarjetaolimpica.com.co\/Index\/wp-content\/uploads\/2025\/04\/Banners-10-generales-mundo-18-768x576.jpg 768w, https:\/\/tarjetaolimpica.com.co\/Index\/wp-content\/uploads\/2025\/04\/Banners-10-generales-mundo-18-1536x1152.jpg 1536w, https:\/\/tarjetaolimpica.com.co\/Index\/wp-content\/uploads\/2025\/04\/Banners-10-generales-mundo-18-2048x1536.jpg 2048w\" sizes=\"(max-width: 1024px) 100vw, 1024px\" \/>\t\t\t\t\t\t\t\t\t\t\t\t\t<\/div>\n\t\t\t\t<\/div>\n\t\t\t\t<div class=\"elementor-element elementor-element-8f95bd7 elementor-align-center elementor-widget elementor-widget-button\" data-id=\"8f95bd7\" data-element_type=\"widget\" data-widget_type=\"button.default\">\n\t\t\t\t<div class=\"elementor-widget-container\">\n\t\t\t\t\t<div class=\"elementor-button-wrapper\">\n\t\t\t<a class=\"elementor-button elementor-button-link elementor-size-xs\" href=\"https:\/\/tarjetaolimpica.com.co\/Index\/mundo-de-entretenimiento\/\">\n\t\t\t\t\t\t<span class=\"elementor-button-content-wrapper\">\n\t\t\t\t\t\t<span class=\"elementor-button-text\">Conoce m\u00e1s aqu\u00ed<\/span>\n\t\t<\/span>\n\t\t\t\t\t<\/a>\n\t\t<\/div>\n\t\t\t\t<\/div>\n\t\t\t\t<\/div>\n\t\t\t\t\t<\/div>\n\t\t<\/div>\n\t\t\t\t\t<\/div>\n\t\t<\/section>\n\t\t\t\t<\/div>\n\t\t","protected":false},"excerpt":{"rendered":"<p>Conoce m\u00e1s aqu\u00ed Conoce m\u00e1s aqu\u00ed Conoce m\u00e1s aqu\u00ed Conoce m\u00e1s aqu\u00ed<\/p>\n","protected":false},"author":2,"featured_media":0,"parent":0,"menu_order":0,"comment_status":"closed","ping_status":"closed","template":"","meta":{"_eb_attr":"","site-sidebar-layout":"default","site-content-layout":"default","ast-site-content-layout":"","site-content-style":"default","site-sidebar-style":"default","ast-global-header-display":"","ast-banner-title-visibility":"","ast-main-header-display":"","ast-hfb-above-header-display":"","ast-hfb-below-header-display":"","ast-hfb-mobile-header-display":"","site-post-title":"","ast-breadcrumbs-content":"","ast-featured-img":"","footer-sml-layout":"","theme-transparent-header-meta":"default","adv-header-id-meta":"","stick-header-meta":"","header-above-stick-meta":"","header-main-stick-meta":"","header-below-stick-meta":"","astra-migrate-meta-layouts":"default","ast-page-background-enabled":"default","ast-page-background-meta":{"desktop":{"background-color":"","background-image":"","background-repeat":"repeat","background-position":"center center","background-size":"auto","background-attachment":"scroll","background-type":"","background-media":"","overlay-type":"","overlay-color":"","overlay-opacity":"","overlay-gradient":""},"tablet":{"background-color":"","background-image":"","background-repeat":"repeat","background-position":"center center","background-size":"auto","background-attachment":"scroll","background-type":"","background-media":"","overlay-type":"","overlay-color":"","overlay-opacity":"","overlay-gradient":""},"mobile":{"background-color":"","background-image":"","background-repeat":"repeat","background-position":"center center","background-size":"auto","background-attachment":"scroll","background-type":"","background-media":"","overlay-type":"","overlay-color":"","overlay-opacity":"","overlay-gradient":""}},"ast-content-background-meta":{"desktop":{"background-color":"var(--ast-global-color-5)","background-image":"","background-repeat":"repeat","background-position":"center center","background-size":"auto","background-attachment":"scroll","background-type":"","background-media":"","overlay-type":"","overlay-color":"","overlay-opacity":"","overlay-gradient":""},"tablet":{"background-color":"var(--ast-global-color-5)","background-image":"","background-repeat":"repeat","background-position":"center center","background-size":"auto","background-attachment":"scroll","background-type":"","background-media":"","overlay-type":"","overlay-color":"","overlay-opacity":"","overlay-gradient":""},"mobile":{"background-color":"var(--ast-global-color-5)","background-image":"","background-repeat":"repeat","background-position":"center center","background-size":"auto","background-attachment":"scroll","background-type":"","background-media":"","overlay-type":"","overlay-color":"","overlay-opacity":"","overlay-gradient":""}},"footnotes":""},"yoast_head":"<!-- This site is optimized with the Yoast SEO plugin v22.3 - https:\/\/yoast.com\/wordpress\/plugins\/seo\/ -->\r\n<title>Promociones, Beneficios Exclusivos con Tarjeta Ol\u00edmpica<\/title>\r\n<meta name=\"description\" content=\"Aprovecha las mejores Promociones y descuentos pagando con tu Tarjeta Ol\u00edmpica y Tarjeta Ol\u00edmpica MasterCard, Beneficios Exclusivos para Ti.\" \/>\r\n<meta name=\"robots\" content=\"index, follow, max-snippet:-1, max-image-preview:large, max-video-preview:-1\" \/>\r\n<link rel=\"canonical\" href=\"https:\/\/tarjetaolimpica.com.co\/Index\/club-de-beneficios\/\" \/>\r\n<meta property=\"og:locale\" content=\"es_ES\" \/>\r\n<meta property=\"og:type\" content=\"article\" \/>\r\n<meta property=\"og:title\" content=\"Promociones, Beneficios Exclusivos con Tarjeta Ol\u00edmpica\" \/>\r\n<meta property=\"og:description\" content=\"Aprovecha las mejores Promociones y descuentos pagando con tu Tarjeta Ol\u00edmpica y Tarjeta Ol\u00edmpica MasterCard, Beneficios Exclusivos para Ti.\" \/>\r\n<meta property=\"og:url\" content=\"https:\/\/tarjetaolimpica.com.co\/Index\/club-de-beneficios\/\" \/>\r\n<meta property=\"article:publisher\" content=\"https:\/\/www.facebook.com\/bancoserfinanza\" \/>\r\n<meta property=\"article:modified_time\" content=\"2026-02-20T13:46:36+00:00\" \/>\r\n<meta property=\"og:image\" content=\"https:\/\/tarjetaolimpica.com.co\/Index\/wp-content\/uploads\/2024\/11\/BANNER-PROMOCIONES-1440X500PX-1024x356.jpg\" \/>\r\n<meta name=\"twitter:card\" content=\"summary_large_image\" \/>\r\n<meta name=\"twitter:site\" content=\"@bancoserfinanza\" \/>\r\n<meta name=\"twitter:label1\" content=\"Tiempo estimado de lectura\" \/>\n\t<meta name=\"twitter:data1\" content=\"1 minuto\" \/>\r\n<script type=\"application\/ld+json\" class=\"yoast-schema-graph\">{\"@context\":\"https:\/\/schema.org\",\"@graph\":[{\"@type\":\"WebPage\",\"@id\":\"https:\/\/tarjetaolimpica.com.co\/Index\/club-de-beneficios\/\",\"url\":\"https:\/\/tarjetaolimpica.com.co\/Index\/club-de-beneficios\/\",\"name\":\"Promociones, Beneficios Exclusivos con Tarjeta Ol\u00edmpica\",\"isPartOf\":{\"@id\":\"https:\/\/tarjetaolimpica.com.co\/Index\/#website\"},\"primaryImageOfPage\":{\"@id\":\"https:\/\/tarjetaolimpica.com.co\/Index\/club-de-beneficios\/#primaryimage\"},\"image\":{\"@id\":\"https:\/\/tarjetaolimpica.com.co\/Index\/club-de-beneficios\/#primaryimage\"},\"thumbnailUrl\":\"https:\/\/tarjetaolimpica.com.co\/Index\/wp-content\/uploads\/2024\/11\/BANNER-PROMOCIONES-1440X500PX-1024x356.jpg\",\"datePublished\":\"2025-04-11T21:02:26+00:00\",\"dateModified\":\"2026-02-20T13:46:36+00:00\",\"description\":\"Aprovecha las mejores Promociones y descuentos pagando con tu Tarjeta Ol\u00edmpica y Tarjeta Ol\u00edmpica MasterCard, Beneficios Exclusivos para Ti.\",\"breadcrumb\":{\"@id\":\"https:\/\/tarjetaolimpica.com.co\/Index\/club-de-beneficios\/#breadcrumb\"},\"inLanguage\":\"es-CO\",\"potentialAction\":[{\"@type\":\"ReadAction\",\"target\":[\"https:\/\/tarjetaolimpica.com.co\/Index\/club-de-beneficios\/\"]}]},{\"@type\":\"ImageObject\",\"inLanguage\":\"es-CO\",\"@id\":\"https:\/\/tarjetaolimpica.com.co\/Index\/club-de-beneficios\/#primaryimage\",\"url\":\"https:\/\/tarjetaolimpica.com.co\/Index\/wp-content\/uploads\/2024\/11\/BANNER-PROMOCIONES-1440X500PX.jpg\",\"contentUrl\":\"https:\/\/tarjetaolimpica.com.co\/Index\/wp-content\/uploads\/2024\/11\/BANNER-PROMOCIONES-1440X500PX.jpg\",\"width\":1440,\"height\":500},{\"@type\":\"BreadcrumbList\",\"@id\":\"https:\/\/tarjetaolimpica.com.co\/Index\/club-de-beneficios\/#breadcrumb\",\"itemListElement\":[{\"@type\":\"ListItem\",\"position\":1,\"name\":\"Home\",\"item\":\"https:\/\/tarjetaolimpica.com.co\/Index\/\"},{\"@type\":\"ListItem\",\"position\":2,\"name\":\"Club de Beneficios\"}]},{\"@type\":\"WebSite\",\"@id\":\"https:\/\/tarjetaolimpica.com.co\/Index\/#website\",\"url\":\"https:\/\/tarjetaolimpica.com.co\/Index\/\",\"name\":\"\",\"description\":\"\",\"publisher\":{\"@id\":\"https:\/\/tarjetaolimpica.com.co\/Index\/#organization\"},\"potentialAction\":[{\"@type\":\"SearchAction\",\"target\":{\"@type\":\"EntryPoint\",\"urlTemplate\":\"https:\/\/tarjetaolimpica.com.co\/Index\/?s={search_term_string}\"},\"query-input\":\"required name=search_term_string\"}],\"inLanguage\":\"es-CO\"},{\"@type\":\"Organization\",\"@id\":\"https:\/\/tarjetaolimpica.com.co\/Index\/#organization\",\"name\":\"Banco Serfinanza\",\"url\":\"https:\/\/tarjetaolimpica.com.co\/Index\/\",\"logo\":{\"@type\":\"ImageObject\",\"inLanguage\":\"es-CO\",\"@id\":\"https:\/\/tarjetaolimpica.com.co\/Index\/#\/schema\/logo\/image\/\",\"url\":\"https:\/\/tarjetaolimpica.com.co\/Index\/wp-content\/uploads\/2019\/01\/Logo-Serfinanza-2.png\",\"contentUrl\":\"https:\/\/tarjetaolimpica.com.co\/Index\/wp-content\/uploads\/2019\/01\/Logo-Serfinanza-2.png\",\"width\":339,\"height\":78,\"caption\":\"Banco Serfinanza\"},\"image\":{\"@id\":\"https:\/\/tarjetaolimpica.com.co\/Index\/#\/schema\/logo\/image\/\"},\"sameAs\":[\"https:\/\/www.facebook.com\/bancoserfinanza\",\"https:\/\/twitter.com\/bancoserfinanza\",\"https:\/\/www.instagram.com\/bancoserfinanza\"]}]}<\/script>\r\n<!-- \/ Yoast SEO plugin. -->","yoast_head_json":{"title":"Promociones, Beneficios Exclusivos con Tarjeta Ol\u00edmpica","description":"Aprovecha las mejores Promociones y descuentos pagando con tu Tarjeta Ol\u00edmpica y Tarjeta Ol\u00edmpica MasterCard, Beneficios Exclusivos para Ti.","robots":{"index":"index","follow":"follow","max-snippet":"max-snippet:-1","max-image-preview":"max-image-preview:large","max-video-preview":"max-video-preview:-1"},"canonical":"https:\/\/tarjetaolimpica.com.co\/Index\/club-de-beneficios\/","og_locale":"es_ES","og_type":"article","og_title":"Promociones, Beneficios Exclusivos con Tarjeta Ol\u00edmpica","og_description":"Aprovecha las mejores Promociones y descuentos pagando con tu Tarjeta Ol\u00edmpica y Tarjeta Ol\u00edmpica MasterCard, Beneficios Exclusivos para Ti.","og_url":"https:\/\/tarjetaolimpica.com.co\/Index\/club-de-beneficios\/","article_publisher":"https:\/\/www.facebook.com\/bancoserfinanza","article_modified_time":"2026-02-20T13:46:36+00:00","og_image":[{"url":"https:\/\/tarjetaolimpica.com.co\/Index\/wp-content\/uploads\/2024\/11\/BANNER-PROMOCIONES-1440X500PX-1024x356.jpg"}],"twitter_card":"summary_large_image","twitter_site":"@bancoserfinanza","twitter_misc":{"Tiempo estimado de lectura":"1 minuto"},"schema":{"@context":"https:\/\/schema.org","@graph":[{"@type":"WebPage","@id":"https:\/\/tarjetaolimpica.com.co\/Index\/club-de-beneficios\/","url":"https:\/\/tarjetaolimpica.com.co\/Index\/club-de-beneficios\/","name":"Promociones, Beneficios Exclusivos con Tarjeta Ol\u00edmpica","isPartOf":{"@id":"https:\/\/tarjetaolimpica.com.co\/Index\/#website"},"primaryImageOfPage":{"@id":"https:\/\/tarjetaolimpica.com.co\/Index\/club-de-beneficios\/#primaryimage"},"image":{"@id":"https:\/\/tarjetaolimpica.com.co\/Index\/club-de-beneficios\/#primaryimage"},"thumbnailUrl":"https:\/\/tarjetaolimpica.com.co\/Index\/wp-content\/uploads\/2024\/11\/BANNER-PROMOCIONES-1440X500PX-1024x356.jpg","datePublished":"2025-04-11T21:02:26+00:00","dateModified":"2026-02-20T13:46:36+00:00","description":"Aprovecha las mejores Promociones y descuentos pagando con tu Tarjeta Ol\u00edmpica y Tarjeta Ol\u00edmpica MasterCard, Beneficios Exclusivos para Ti.","breadcrumb":{"@id":"https:\/\/tarjetaolimpica.com.co\/Index\/club-de-beneficios\/#breadcrumb"},"inLanguage":"es-CO","potentialAction":[{"@type":"ReadAction","target":["https:\/\/tarjetaolimpica.com.co\/Index\/club-de-beneficios\/"]}]},{"@type":"ImageObject","inLanguage":"es-CO","@id":"https:\/\/tarjetaolimpica.com.co\/Index\/club-de-beneficios\/#primaryimage","url":"https:\/\/tarjetaolimpica.com.co\/Index\/wp-content\/uploads\/2024\/11\/BANNER-PROMOCIONES-1440X500PX.jpg","contentUrl":"https:\/\/tarjetaolimpica.com.co\/Index\/wp-content\/uploads\/2024\/11\/BANNER-PROMOCIONES-1440X500PX.jpg","width":1440,"height":500},{"@type":"BreadcrumbList","@id":"https:\/\/tarjetaolimpica.com.co\/Index\/club-de-beneficios\/#breadcrumb","itemListElement":[{"@type":"ListItem","position":1,"name":"Home","item":"https:\/\/tarjetaolimpica.com.co\/Index\/"},{"@type":"ListItem","position":2,"name":"Club de Beneficios"}]},{"@type":"WebSite","@id":"https:\/\/tarjetaolimpica.com.co\/Index\/#website","url":"https:\/\/tarjetaolimpica.com.co\/Index\/","name":"","description":"","publisher":{"@id":"https:\/\/tarjetaolimpica.com.co\/Index\/#organization"},"potentialAction":[{"@type":"SearchAction","target":{"@type":"EntryPoint","urlTemplate":"https:\/\/tarjetaolimpica.com.co\/Index\/?s={search_term_string}"},"query-input":"required name=search_term_string"}],"inLanguage":"es-CO"},{"@type":"Organization","@id":"https:\/\/tarjetaolimpica.com.co\/Index\/#organization","name":"Banco Serfinanza","url":"https:\/\/tarjetaolimpica.com.co\/Index\/","logo":{"@type":"ImageObject","inLanguage":"es-CO","@id":"https:\/\/tarjetaolimpica.com.co\/Index\/#\/schema\/logo\/image\/","url":"https:\/\/tarjetaolimpica.com.co\/Index\/wp-content\/uploads\/2019\/01\/Logo-Serfinanza-2.png","contentUrl":"https:\/\/tarjetaolimpica.com.co\/Index\/wp-content\/uploads\/2019\/01\/Logo-Serfinanza-2.png","width":339,"height":78,"caption":"Banco Serfinanza"},"image":{"@id":"https:\/\/tarjetaolimpica.com.co\/Index\/#\/schema\/logo\/image\/"},"sameAs":["https:\/\/www.facebook.com\/bancoserfinanza","https:\/\/twitter.com\/bancoserfinanza","https:\/\/www.instagram.com\/bancoserfinanza"]}]}},"_links":{"self":[{"href":"https:\/\/tarjetaolimpica.com.co\/Index\/wp-json\/wp\/v2\/pages\/15619"}],"collection":[{"href":"https:\/\/tarjetaolimpica.com.co\/Index\/wp-json\/wp\/v2\/pages"}],"about":[{"href":"https:\/\/tarjetaolimpica.com.co\/Index\/wp-json\/wp\/v2\/types\/page"}],"author":[{"embeddable":true,"href":"https:\/\/tarjetaolimpica.com.co\/Index\/wp-json\/wp\/v2\/users\/2"}],"replies":[{"embeddable":true,"href":"https:\/\/tarjetaolimpica.com.co\/Index\/wp-json\/wp\/v2\/comments?post=15619"}],"version-history":[{"count":32,"href":"https:\/\/tarjetaolimpica.com.co\/Index\/wp-json\/wp\/v2\/pages\/15619\/revisions"}],"predecessor-version":[{"id":17397,"href":"https:\/\/tarjetaolimpica.com.co\/Index\/wp-json\/wp\/v2\/pages\/15619\/revisions\/17397"}],"wp:attachment":[{"href":"https:\/\/tarjetaolimpica.com.co\/Index\/wp-json\/wp\/v2\/media?parent=15619"}],"curies":[{"name":"wp","href":"https:\/\/api.w.org\/{rel}","templated":true}]}}