{"id":16068,"date":"2025-01-27T11:25:16","date_gmt":"2025-01-27T16:25:16","guid":{"rendered":"https:\/\/tarjetaolimpica.com.co\/Index\/?page_id=16068"},"modified":"2025-02-14T09:25:05","modified_gmt":"2025-02-14T14:25:05","slug":"gana-con-tarjeta-olimpica-mastercard","status":"publish","type":"page","link":"https:\/\/tarjetaolimpica.com.co\/Index\/gana-con-tarjeta-olimpica-mastercard\/","title":{"rendered":"Campa\u00f1a Mastercard 2025 1"},"content":{"rendered":"\t\t<div data-elementor-type=\"wp-page\" data-elementor-id=\"16068\" class=\"elementor elementor-16068\" data-elementor-post-type=\"page\">\n\t\t\t\t\t\t<section class=\"elementor-section elementor-top-section elementor-element elementor-element-39aff47 elementor-section-boxed elementor-section-height-default elementor-section-height-default\" data-id=\"39aff47\" data-element_type=\"section\">\n\t\t\t\t\t\t<div class=\"elementor-container elementor-column-gap-default\">\n\t\t\t\t\t<div class=\"elementor-column elementor-col-33 elementor-top-column elementor-element elementor-element-d195459\" data-id=\"d195459\" data-element_type=\"column\">\n\t\t\t<div class=\"elementor-widget-wrap\">\n\t\t\t\t\t\t\t<\/div>\n\t\t<\/div>\n\t\t\t\t<div class=\"elementor-column elementor-col-33 elementor-top-column elementor-element elementor-element-90e3aef\" data-id=\"90e3aef\" data-element_type=\"column\">\n\t\t\t<div class=\"elementor-widget-wrap elementor-element-populated\">\n\t\t\t\t\t\t<div class=\"elementor-element elementor-element-a397bec elementor-widget elementor-widget-heading\" data-id=\"a397bec\" data-element_type=\"widget\" data-widget_type=\"heading.default\">\n\t\t\t\t<div class=\"elementor-widget-container\">\n\t\t\t<h1 class=\"elementor-heading-title elementor-size-default\">\u00a1Lleg\u00f3 la hora de ganar con tu Tarjeta Ol\u00edmpica Mastercard!<\/h1>\t\t<\/div>\n\t\t\t\t<\/div>\n\t\t\t\t\t<\/div>\n\t\t<\/div>\n\t\t\t\t<div class=\"elementor-column elementor-col-33 elementor-top-column elementor-element elementor-element-1dc9deb\" data-id=\"1dc9deb\" data-element_type=\"column\">\n\t\t\t<div class=\"elementor-widget-wrap\">\n\t\t\t\t\t\t\t<\/div>\n\t\t<\/div>\n\t\t\t\t\t<\/div>\n\t\t<\/section>\n\t\t\t\t<section class=\"elementor-section elementor-top-section elementor-element elementor-element-6824d94 elementor-section-boxed elementor-section-height-default elementor-section-height-default\" data-id=\"6824d94\" data-element_type=\"section\">\n\t\t\t\t\t\t<div class=\"elementor-container elementor-column-gap-default\">\n\t\t\t\t\t<div class=\"elementor-column elementor-col-100 elementor-top-column elementor-element elementor-element-56611ea\" data-id=\"56611ea\" data-element_type=\"column\">\n\t\t\t<div class=\"elementor-widget-wrap elementor-element-populated\">\n\t\t\t\t\t\t<div class=\"elementor-element elementor-element-d9f732f elementor-widget elementor-widget-text-editor\" data-id=\"d9f732f\" data-element_type=\"widget\" data-widget_type=\"text-editor.default\">\n\t\t\t\t<div class=\"elementor-widget-container\">\n\t\t\t\t\t\t\t<p><span style=\"color: #f83050; font-size: 14pt;\"><strong><span style=\"font-family: verdana, geneva, sans-serif;\">Vigencia<\/span><\/strong><\/span><\/p><p><span style=\"font-family: verdana, geneva, sans-serif; font-size: 12pt;\">V\u00e1lido el 13 de febrero de 2025 hasta el 13 de abril de 2025<\/span><\/p><p><strong style=\"font-size: 15px; color: var( --e-global-color-text ); font-family: var( --e-global-typography-text-font-family ), Sans-serif;\"><span style=\"font-family: verdana, geneva, sans-serif; font-size: 14pt; color: #f83050;\">Mec\u00e1nica<\/span><\/strong><\/p><p>Cumple tu meta $2.600.000 COP<i>\u00a0y<\/i> compra en 7 o m\u00e1s categor\u00edas de negocio y recibir\u00e1s una tarjeta digital para que puedas realizar compras online con tu Tarjeta Ol\u00edmpica Mastercard.<\/p><p><strong style=\"font-size: 15px; color: var( --e-global-color-text ); font-family: var( --e-global-typography-text-font-family ), Sans-serif;\"><span style=\"font-family: verdana, geneva, sans-serif; font-size: 14pt; color: #f83050;\">Premio<\/span><\/strong><\/p><p>Los premios que se entregar\u00e1n a los primeros 160 participantes que cumplan con su meta durante el transcurso de la campa\u00f1a, ser\u00e1 una (1) tarjeta digital Mastercard de $60 USD, v\u00e1lida \u00fanicamente para compras en l\u00ednea<b>.<\/b><\/p><p><strong style=\"font-size: 15px; color: var( --e-global-color-text ); font-family: var( --e-global-typography-text-font-family ), Sans-serif;\"><span style=\"font-family: verdana, geneva, sans-serif; font-size: 14pt; color: #f83050;\">Categor\u00edas a comprar:<\/span><\/strong><\/p><p><span data-olk-copy-source=\"MessageBody\">Supermercados, Aerol\u00edneas, Calzado, ropa y accesorios, Tiendas de departamento, Plataforma de comercio electr\u00f3nico, Tecnolog\u00eda y software, Hogar, Domicilios y env\u00edos, Hoteles y alojamientos, Seguros, Servicios p\u00fablicos y telecomunicaciones, Agencias de viajes, Taxis, buses y aplicaciones de transporte, Tiendas deportivas, Restaurantes, Farmacias, Educaci\u00f3n, Salud, Gasolineras, Papeler\u00edas y librer\u00edas, Gimnasios, Belleza y cosm\u00e9ticos, Autom\u00f3viles, talleres y repuestos, Entretenimiento, Renta de autos, Otros.<\/span><\/p>\t\t\t\t\t\t<\/div>\n\t\t\t\t<\/div>\n\t\t\t\t<div class=\"elementor-element elementor-element-00f76a0 elementor-widget elementor-widget-text-editor\" data-id=\"00f76a0\" data-element_type=\"widget\" data-widget_type=\"text-editor.default\">\n\t\t\t\t<div class=\"elementor-widget-container\">\n\t\t\t\t\t\t\t<p><strong style=\"color: var( --e-global-color-text ); font-family: var( --e-global-typography-text-font-family ), Sans-serif; font-size: 14pt;\"><span style=\"font-family: verdana, geneva, sans-serif; color: #f83050;\">T\u00e9rminos y condiciones<\/span><\/strong><\/p>\n<div data-olk-copy-source=\"MessageBody\">\n<ul data-editing-info=\"{&quot;applyListStyleFromLevel&quot;:false,&quot;unorderedStyleType&quot;:2}\">\n<li>\n<div class=\"x_elementToProof\" data-olk-copy-source=\"MessageBody\">V\u00e1lido para la Tarjetas Ol\u00edmpica Mastercard cl\u00e1sica y Tarjeta Ol\u00edmpica Mastercard Gold.<\/div>\n<\/li>\n<li>\n<div class=\"x_elementToProof\" data-olk-copy-source=\"MessageBody\">No participan las personas cuyas tarjetas se encuentren bloqueadas, en mora, con bloqueos preventivos, carteras castigadas, arreglos de cartera o canceladas por cualquier causa. Si Banco Serfinanza verifica esta situaci\u00f3n con posterioridad al inicio de la campa\u00f1a, el Participante ser\u00e1 excluido de la promoci\u00f3n.<\/div>\n<\/li>\n<li>\n<div class=\"x_elementToProof\" data-olk-copy-source=\"MessageBody\">Al ser uno de los primeros 160 participantes en cumplir con la Meta asignada, el participante podr\u00e1 obtener un premio digital, el cual ser\u00e1 entregado por medio de un correo electr\u00f3nico, hasta 15 d\u00edas h\u00e1biles despu\u00e9s de finalizada la vigencia de campa\u00f1a.<\/div>\n<\/li>\n<li>\n<div class=\"x_elementToProof\" data-olk-copy-source=\"MessageBody\">Si el Participante es uno de los primeros 160 participantes en cumplir con la meta, recibir\u00e1 por medio del correo electr\u00f3nico registrado en el Banco , una (1) tarjeta digital Mastercard de $60USD, v\u00e1lida \u00fanicamente para compras en l\u00ednea.<\/div>\n<\/li>\n<li>\n<div class=\"x_elementToProof\" data-olk-copy-source=\"MessageBody\">El premio tendr\u00e1 una vigencia de 1 a\u00f1o desde su fecha de expedici\u00f3n. Si durante este t\u00e9rmino el Participante no canjea su Premio, perder\u00e1 el derecho de hacerlo.<\/div>\n<\/li>\n<li>\n<div class=\"x_elementToProof\" data-olk-copy-source=\"MessageBody\">La entrega de premios se realizar\u00e1 por medio del correo electr\u00f3nico registrado en el Banco Serfinanza, hasta 15 d\u00edas h\u00e1biles despu\u00e9s de finalizada la vigencia de campa\u00f1a.<span style=\"font-size: 15px; color: var( --e-global-color-text ); font-family: var( --e-global-typography-text-font-family ), Sans-serif;\">&nbsp;<\/span><\/div><\/li>\n<\/ul>\n<\/div>\t\t\t\t\t\t<\/div>\n\t\t\t\t<\/div>\n\t\t\t\t<div class=\"elementor-element elementor-element-ff133ee elementor-align-center elementor-widget elementor-widget-button\" data-id=\"ff133ee\" data-element_type=\"widget\" data-widget_type=\"button.default\">\n\t\t\t\t<div class=\"elementor-widget-container\">\n\t\t\t\t\t<div class=\"elementor-button-wrapper\">\n\t\t\t<a class=\"elementor-button elementor-button-link elementor-size-sm\" href=\"https:\/\/tarjetaolimpica.com.co\/Index\/wp-content\/uploads\/2025\/02\/Premios_Campana-Mastercard-Segmento-Alto.pdf\">\n\t\t\t\t\t\t<span class=\"elementor-button-content-wrapper\">\n\t\t\t\t\t\t<span class=\"elementor-button-text\">Conoce m\u00e1s informaci\u00f3n o como activar el premio digital<\/span>\n\t\t<\/span>\n\t\t\t\t\t<\/a>\n\t\t<\/div>\n\t\t\t\t<\/div>\n\t\t\t\t<\/div>\n\t\t\t\t\t<\/div>\n\t\t<\/div>\n\t\t\t\t\t<\/div>\n\t\t<\/section>\n\t\t\t\t<section class=\"elementor-section elementor-top-section elementor-element elementor-element-75ee116 elementor-section-boxed elementor-section-height-default elementor-section-height-default\" data-id=\"75ee116\" data-element_type=\"section\">\n\t\t\t\t\t\t<div class=\"elementor-container elementor-column-gap-default\">\n\t\t\t\t\t<div class=\"elementor-column elementor-col-100 elementor-top-column elementor-element elementor-element-8f8499d\" data-id=\"8f8499d\" data-element_type=\"column\">\n\t\t\t<div class=\"elementor-widget-wrap\">\n\t\t\t\t\t\t\t<\/div>\n\t\t<\/div>\n\t\t\t\t\t<\/div>\n\t\t<\/section>\n\t\t\t\t<\/div>\n\t\t","protected":false},"excerpt":{"rendered":"<p>\u00a1Lleg\u00f3 la hora de ganar con tu Tarjeta Ol\u00edmpica Mastercard! Vigencia V\u00e1lido el 13 de febrero de 2025 hasta el 13 de abril de 2025 Mec\u00e1nica Cumple tu meta $2.600.000 COP\u00a0y compra en 7 o m\u00e1s categor\u00edas de negocio y recibir\u00e1s una tarjeta digital para que puedas realizar compras online con tu Tarjeta Ol\u00edmpica Mastercard. [&hellip;]<\/p>\n","protected":false},"author":2,"featured_media":10685,"parent":0,"menu_order":0,"comment_status":"closed","ping_status":"closed","template":"","meta":{"_eb_attr":"","site-sidebar-layout":"no-sidebar","site-content-layout":"page-builder","ast-site-content-layout":"","site-content-style":"default","site-sidebar-style":"default","ast-global-header-display":"","ast-banner-title-visibility":"","ast-main-header-display":"","ast-hfb-above-header-display":"","ast-hfb-below-header-display":"","ast-hfb-mobile-header-display":"","site-post-title":"disabled","ast-breadcrumbs-content":"","ast-featured-img":"disabled","footer-sml-layout":"","theme-transparent-header-meta":"default","adv-header-id-meta":"","stick-header-meta":"","header-above-stick-meta":"","header-main-stick-meta":"","header-below-stick-meta":"","astra-migrate-meta-layouts":"default","ast-page-background-enabled":"default","ast-page-background-meta":{"desktop":{"background-color":"","background-image":"","background-repeat":"repeat","background-position":"center center","background-size":"auto","background-attachment":"scroll","background-type":"","background-media":"","overlay-type":"","overlay-color":"","overlay-opacity":"","overlay-gradient":""},"tablet":{"background-color":"","background-image":"","background-repeat":"repeat","background-position":"center center","background-size":"auto","background-attachment":"scroll","background-type":"","background-media":"","overlay-type":"","overlay-color":"","overlay-opacity":"","overlay-gradient":""},"mobile":{"background-color":"","background-image":"","background-repeat":"repeat","background-position":"center center","background-size":"auto","background-attachment":"scroll","background-type":"","background-media":"","overlay-type":"","overlay-color":"","overlay-opacity":"","overlay-gradient":""}},"ast-content-background-meta":{"desktop":{"background-color":"var(--ast-global-color-5)","background-image":"","background-repeat":"repeat","background-position":"center center","background-size":"auto","background-attachment":"scroll","background-type":"","background-media":"","overlay-type":"","overlay-color":"","overlay-opacity":"","overlay-gradient":""},"tablet":{"background-color":"var(--ast-global-color-5)","background-image":"","background-repeat":"repeat","background-position":"center center","background-size":"auto","background-attachment":"scroll","background-type":"","background-media":"","overlay-type":"","overlay-color":"","overlay-opacity":"","overlay-gradient":""},"mobile":{"background-color":"var(--ast-global-color-5)","background-image":"","background-repeat":"repeat","background-position":"center center","background-size":"auto","background-attachment":"scroll","background-type":"","background-media":"","overlay-type":"","overlay-color":"","overlay-opacity":"","overlay-gradient":""}},"footnotes":""},"yoast_head":"<!-- This site is optimized with the Yoast SEO plugin v22.3 - https:\/\/yoast.com\/wordpress\/plugins\/seo\/ -->\r\n<title>Campa\u00f1a Mastercard 2025 1 -<\/title>\r\n<meta name=\"robots\" content=\"index, follow, max-snippet:-1, max-image-preview:large, max-video-preview:-1\" \/>\r\n<link rel=\"canonical\" href=\"https:\/\/tarjetaolimpica.com.co\/Index\/gana-con-tarjeta-olimpica-mastercard\/\" \/>\r\n<meta property=\"og:locale\" content=\"es_ES\" \/>\r\n<meta property=\"og:type\" content=\"article\" \/>\r\n<meta property=\"og:title\" content=\"Campa\u00f1a Mastercard 2025 1 -\" \/>\r\n<meta property=\"og:description\" content=\"\u00a1Lleg\u00f3 la hora de ganar con tu Tarjeta Ol\u00edmpica Mastercard! Vigencia V\u00e1lido el 13 de febrero de 2025 hasta el 13 de abril de 2025 Mec\u00e1nica Cumple tu meta $2.600.000 COP\u00a0y compra en 7 o m\u00e1s categor\u00edas de negocio y recibir\u00e1s una tarjeta digital para que puedas realizar compras online con tu Tarjeta Ol\u00edmpica Mastercard. [&hellip;]\" \/>\r\n<meta property=\"og:url\" content=\"https:\/\/tarjetaolimpica.com.co\/Index\/gana-con-tarjeta-olimpica-mastercard\/\" \/>\r\n<meta property=\"article:publisher\" content=\"https:\/\/www.facebook.com\/bancoserfinanza\" \/>\r\n<meta property=\"article:modified_time\" content=\"2025-02-14T14:25:05+00:00\" \/>\r\n<meta property=\"og:image\" content=\"https:\/\/tarjetaolimpica.com.co\/Index\/wp-content\/uploads\/2023\/03\/Banners_Viernes-de-pesca-2023-scaled.jpg\" \/>\r\n\t<meta property=\"og:image:width\" content=\"2560\" \/>\r\n\t<meta property=\"og:image:height\" content=\"1920\" \/>\r\n\t<meta property=\"og:image:type\" content=\"image\/jpeg\" \/>\r\n<meta name=\"twitter:card\" content=\"summary_large_image\" \/>\r\n<meta name=\"twitter:site\" content=\"@bancoserfinanza\" \/>\r\n<meta name=\"twitter:label1\" content=\"Tiempo estimado de lectura\" \/>\n\t<meta name=\"twitter:data1\" content=\"2 minutos\" \/>\r\n<script type=\"application\/ld+json\" class=\"yoast-schema-graph\">{\"@context\":\"https:\/\/schema.org\",\"@graph\":[{\"@type\":\"WebPage\",\"@id\":\"https:\/\/tarjetaolimpica.com.co\/Index\/gana-con-tarjeta-olimpica-mastercard\/\",\"url\":\"https:\/\/tarjetaolimpica.com.co\/Index\/gana-con-tarjeta-olimpica-mastercard\/\",\"name\":\"Campa\u00f1a Mastercard 2025 1 -\",\"isPartOf\":{\"@id\":\"https:\/\/tarjetaolimpica.com.co\/Index\/#website\"},\"primaryImageOfPage\":{\"@id\":\"https:\/\/tarjetaolimpica.com.co\/Index\/gana-con-tarjeta-olimpica-mastercard\/#primaryimage\"},\"image\":{\"@id\":\"https:\/\/tarjetaolimpica.com.co\/Index\/gana-con-tarjeta-olimpica-mastercard\/#primaryimage\"},\"thumbnailUrl\":\"https:\/\/tarjetaolimpica.com.co\/Index\/wp-content\/uploads\/2023\/03\/Banners_Viernes-de-pesca-2023-scaled.jpg\",\"datePublished\":\"2025-01-27T16:25:16+00:00\",\"dateModified\":\"2025-02-14T14:25:05+00:00\",\"breadcrumb\":{\"@id\":\"https:\/\/tarjetaolimpica.com.co\/Index\/gana-con-tarjeta-olimpica-mastercard\/#breadcrumb\"},\"inLanguage\":\"es-CO\",\"potentialAction\":[{\"@type\":\"ReadAction\",\"target\":[\"https:\/\/tarjetaolimpica.com.co\/Index\/gana-con-tarjeta-olimpica-mastercard\/\"]}]},{\"@type\":\"ImageObject\",\"inLanguage\":\"es-CO\",\"@id\":\"https:\/\/tarjetaolimpica.com.co\/Index\/gana-con-tarjeta-olimpica-mastercard\/#primaryimage\",\"url\":\"https:\/\/tarjetaolimpica.com.co\/Index\/wp-content\/uploads\/2023\/03\/Banners_Viernes-de-pesca-2023-scaled.jpg\",\"contentUrl\":\"https:\/\/tarjetaolimpica.com.co\/Index\/wp-content\/uploads\/2023\/03\/Banners_Viernes-de-pesca-2023-scaled.jpg\",\"width\":2560,\"height\":1920},{\"@type\":\"BreadcrumbList\",\"@id\":\"https:\/\/tarjetaolimpica.com.co\/Index\/gana-con-tarjeta-olimpica-mastercard\/#breadcrumb\",\"itemListElement\":[{\"@type\":\"ListItem\",\"position\":1,\"name\":\"Home\",\"item\":\"https:\/\/tarjetaolimpica.com.co\/Index\/\"},{\"@type\":\"ListItem\",\"position\":2,\"name\":\"Campa\u00f1a Mastercard 2025 1\"}]},{\"@type\":\"WebSite\",\"@id\":\"https:\/\/tarjetaolimpica.com.co\/Index\/#website\",\"url\":\"https:\/\/tarjetaolimpica.com.co\/Index\/\",\"name\":\"\",\"description\":\"\",\"publisher\":{\"@id\":\"https:\/\/tarjetaolimpica.com.co\/Index\/#organization\"},\"potentialAction\":[{\"@type\":\"SearchAction\",\"target\":{\"@type\":\"EntryPoint\",\"urlTemplate\":\"https:\/\/tarjetaolimpica.com.co\/Index\/?s={search_term_string}\"},\"query-input\":\"required name=search_term_string\"}],\"inLanguage\":\"es-CO\"},{\"@type\":\"Organization\",\"@id\":\"https:\/\/tarjetaolimpica.com.co\/Index\/#organization\",\"name\":\"Banco Serfinanza\",\"url\":\"https:\/\/tarjetaolimpica.com.co\/Index\/\",\"logo\":{\"@type\":\"ImageObject\",\"inLanguage\":\"es-CO\",\"@id\":\"https:\/\/tarjetaolimpica.com.co\/Index\/#\/schema\/logo\/image\/\",\"url\":\"https:\/\/tarjetaolimpica.com.co\/Index\/wp-content\/uploads\/2019\/01\/Logo-Serfinanza-2.png\",\"contentUrl\":\"https:\/\/tarjetaolimpica.com.co\/Index\/wp-content\/uploads\/2019\/01\/Logo-Serfinanza-2.png\",\"width\":339,\"height\":78,\"caption\":\"Banco Serfinanza\"},\"image\":{\"@id\":\"https:\/\/tarjetaolimpica.com.co\/Index\/#\/schema\/logo\/image\/\"},\"sameAs\":[\"https:\/\/www.facebook.com\/bancoserfinanza\",\"https:\/\/twitter.com\/bancoserfinanza\",\"https:\/\/www.instagram.com\/bancoserfinanza\"]}]}<\/script>\r\n<!-- \/ Yoast SEO plugin. -->","yoast_head_json":{"title":"Campa\u00f1a Mastercard 2025 1 -","robots":{"index":"index","follow":"follow","max-snippet":"max-snippet:-1","max-image-preview":"max-image-preview:large","max-video-preview":"max-video-preview:-1"},"canonical":"https:\/\/tarjetaolimpica.com.co\/Index\/gana-con-tarjeta-olimpica-mastercard\/","og_locale":"es_ES","og_type":"article","og_title":"Campa\u00f1a Mastercard 2025 1 -","og_description":"\u00a1Lleg\u00f3 la hora de ganar con tu Tarjeta Ol\u00edmpica Mastercard! Vigencia V\u00e1lido el 13 de febrero de 2025 hasta el 13 de abril de 2025 Mec\u00e1nica Cumple tu meta $2.600.000 COP\u00a0y compra en 7 o m\u00e1s categor\u00edas de negocio y recibir\u00e1s una tarjeta digital para que puedas realizar compras online con tu Tarjeta Ol\u00edmpica Mastercard. [&hellip;]","og_url":"https:\/\/tarjetaolimpica.com.co\/Index\/gana-con-tarjeta-olimpica-mastercard\/","article_publisher":"https:\/\/www.facebook.com\/bancoserfinanza","article_modified_time":"2025-02-14T14:25:05+00:00","og_image":[{"width":2560,"height":1920,"url":"https:\/\/tarjetaolimpica.com.co\/Index\/wp-content\/uploads\/2023\/03\/Banners_Viernes-de-pesca-2023-scaled.jpg","type":"image\/jpeg"}],"twitter_card":"summary_large_image","twitter_site":"@bancoserfinanza","twitter_misc":{"Tiempo estimado de lectura":"2 minutos"},"schema":{"@context":"https:\/\/schema.org","@graph":[{"@type":"WebPage","@id":"https:\/\/tarjetaolimpica.com.co\/Index\/gana-con-tarjeta-olimpica-mastercard\/","url":"https:\/\/tarjetaolimpica.com.co\/Index\/gana-con-tarjeta-olimpica-mastercard\/","name":"Campa\u00f1a Mastercard 2025 1 -","isPartOf":{"@id":"https:\/\/tarjetaolimpica.com.co\/Index\/#website"},"primaryImageOfPage":{"@id":"https:\/\/tarjetaolimpica.com.co\/Index\/gana-con-tarjeta-olimpica-mastercard\/#primaryimage"},"image":{"@id":"https:\/\/tarjetaolimpica.com.co\/Index\/gana-con-tarjeta-olimpica-mastercard\/#primaryimage"},"thumbnailUrl":"https:\/\/tarjetaolimpica.com.co\/Index\/wp-content\/uploads\/2023\/03\/Banners_Viernes-de-pesca-2023-scaled.jpg","datePublished":"2025-01-27T16:25:16+00:00","dateModified":"2025-02-14T14:25:05+00:00","breadcrumb":{"@id":"https:\/\/tarjetaolimpica.com.co\/Index\/gana-con-tarjeta-olimpica-mastercard\/#breadcrumb"},"inLanguage":"es-CO","potentialAction":[{"@type":"ReadAction","target":["https:\/\/tarjetaolimpica.com.co\/Index\/gana-con-tarjeta-olimpica-mastercard\/"]}]},{"@type":"ImageObject","inLanguage":"es-CO","@id":"https:\/\/tarjetaolimpica.com.co\/Index\/gana-con-tarjeta-olimpica-mastercard\/#primaryimage","url":"https:\/\/tarjetaolimpica.com.co\/Index\/wp-content\/uploads\/2023\/03\/Banners_Viernes-de-pesca-2023-scaled.jpg","contentUrl":"https:\/\/tarjetaolimpica.com.co\/Index\/wp-content\/uploads\/2023\/03\/Banners_Viernes-de-pesca-2023-scaled.jpg","width":2560,"height":1920},{"@type":"BreadcrumbList","@id":"https:\/\/tarjetaolimpica.com.co\/Index\/gana-con-tarjeta-olimpica-mastercard\/#breadcrumb","itemListElement":[{"@type":"ListItem","position":1,"name":"Home","item":"https:\/\/tarjetaolimpica.com.co\/Index\/"},{"@type":"ListItem","position":2,"name":"Campa\u00f1a Mastercard 2025 1"}]},{"@type":"WebSite","@id":"https:\/\/tarjetaolimpica.com.co\/Index\/#website","url":"https:\/\/tarjetaolimpica.com.co\/Index\/","name":"","description":"","publisher":{"@id":"https:\/\/tarjetaolimpica.com.co\/Index\/#organization"},"potentialAction":[{"@type":"SearchAction","target":{"@type":"EntryPoint","urlTemplate":"https:\/\/tarjetaolimpica.com.co\/Index\/?s={search_term_string}"},"query-input":"required name=search_term_string"}],"inLanguage":"es-CO"},{"@type":"Organization","@id":"https:\/\/tarjetaolimpica.com.co\/Index\/#organization","name":"Banco Serfinanza","url":"https:\/\/tarjetaolimpica.com.co\/Index\/","logo":{"@type":"ImageObject","inLanguage":"es-CO","@id":"https:\/\/tarjetaolimpica.com.co\/Index\/#\/schema\/logo\/image\/","url":"https:\/\/tarjetaolimpica.com.co\/Index\/wp-content\/uploads\/2019\/01\/Logo-Serfinanza-2.png","contentUrl":"https:\/\/tarjetaolimpica.com.co\/Index\/wp-content\/uploads\/2019\/01\/Logo-Serfinanza-2.png","width":339,"height":78,"caption":"Banco Serfinanza"},"image":{"@id":"https:\/\/tarjetaolimpica.com.co\/Index\/#\/schema\/logo\/image\/"},"sameAs":["https:\/\/www.facebook.com\/bancoserfinanza","https:\/\/twitter.com\/bancoserfinanza","https:\/\/www.instagram.com\/bancoserfinanza"]}]}},"_links":{"self":[{"href":"https:\/\/tarjetaolimpica.com.co\/Index\/wp-json\/wp\/v2\/pages\/16068"}],"collection":[{"href":"https:\/\/tarjetaolimpica.com.co\/Index\/wp-json\/wp\/v2\/pages"}],"about":[{"href":"https:\/\/tarjetaolimpica.com.co\/Index\/wp-json\/wp\/v2\/types\/page"}],"author":[{"embeddable":true,"href":"https:\/\/tarjetaolimpica.com.co\/Index\/wp-json\/wp\/v2\/users\/2"}],"replies":[{"embeddable":true,"href":"https:\/\/tarjetaolimpica.com.co\/Index\/wp-json\/wp\/v2\/comments?post=16068"}],"version-history":[{"count":44,"href":"https:\/\/tarjetaolimpica.com.co\/Index\/wp-json\/wp\/v2\/pages\/16068\/revisions"}],"predecessor-version":[{"id":16211,"href":"https:\/\/tarjetaolimpica.com.co\/Index\/wp-json\/wp\/v2\/pages\/16068\/revisions\/16211"}],"wp:featuredmedia":[{"embeddable":true,"href":"https:\/\/tarjetaolimpica.com.co\/Index\/wp-json\/wp\/v2\/media\/10685"}],"wp:attachment":[{"href":"https:\/\/tarjetaolimpica.com.co\/Index\/wp-json\/wp\/v2\/media?parent=16068"}],"curies":[{"name":"wp","href":"https:\/\/api.w.org\/{rel}","templated":true}]}}