{"id":17132,"date":"2025-10-30T17:31:29","date_gmt":"2025-10-30T22:31:29","guid":{"rendered":"https:\/\/tarjetaolimpica.com.co\/Index\/?page_id=17132"},"modified":"2025-12-23T08:53:17","modified_gmt":"2025-12-23T13:53:17","slug":"beneficio-75mil-30mil-2025","status":"publish","type":"page","link":"https:\/\/tarjetaolimpica.com.co\/Index\/beneficio-75mil-30mil-2025\/","title":{"rendered":"Beneficio 75MIL + 30MIL 2025"},"content":{"rendered":"\t\t<div data-elementor-type=\"wp-page\" data-elementor-id=\"17132\" class=\"elementor elementor-17132\" data-elementor-post-type=\"page\">\n\t\t\t\t\t\t<section class=\"elementor-section elementor-top-section elementor-element elementor-element-2bc705e elementor-section-boxed elementor-section-height-default elementor-section-height-default\" data-id=\"2bc705e\" data-element_type=\"section\">\n\t\t\t\t\t\t<div class=\"elementor-container elementor-column-gap-default\">\n\t\t\t\t\t<div class=\"elementor-column elementor-col-100 elementor-top-column elementor-element elementor-element-4fe18b9\" data-id=\"4fe18b9\" data-element_type=\"column\">\n\t\t\t<div class=\"elementor-widget-wrap\">\n\t\t\t\t\t\t\t<\/div>\n\t\t<\/div>\n\t\t\t\t\t<\/div>\n\t\t<\/section>\n\t\t\t\t<section class=\"elementor-section elementor-top-section elementor-element elementor-element-2d5dc82 elementor-section-boxed elementor-section-height-default elementor-section-height-default\" data-id=\"2d5dc82\" data-element_type=\"section\">\n\t\t\t\t\t\t<div class=\"elementor-container elementor-column-gap-default\">\n\t\t\t\t\t<div class=\"elementor-column elementor-col-50 elementor-top-column elementor-element elementor-element-e6fe3d2\" data-id=\"e6fe3d2\" data-element_type=\"column\">\n\t\t\t<div class=\"elementor-widget-wrap elementor-element-populated\">\n\t\t\t\t\t\t<div class=\"elementor-element elementor-element-5b5eb38 elementor-widget elementor-widget-heading\" data-id=\"5b5eb38\" data-element_type=\"widget\" data-widget_type=\"heading.default\">\n\t\t\t\t<div class=\"elementor-widget-container\">\n\t\t\t<h1 class=\"elementor-heading-title elementor-size-default\"><br><br>Dos beneficios que no te puedes perder<\/h1>\t\t<\/div>\n\t\t\t\t<\/div>\n\t\t\t\t\t<\/div>\n\t\t<\/div>\n\t\t\t\t<div class=\"elementor-column elementor-col-50 elementor-top-column elementor-element elementor-element-dd0357e\" data-id=\"dd0357e\" data-element_type=\"column\">\n\t\t\t<div class=\"elementor-widget-wrap elementor-element-populated\">\n\t\t\t\t\t\t<div class=\"elementor-element elementor-element-b921137 elementor-widget-tablet__width-initial elementor-widget elementor-widget-image\" data-id=\"b921137\" data-element_type=\"widget\" data-widget_type=\"image.default\">\n\t\t\t\t<div class=\"elementor-widget-container\">\n\t\t\t\t\t\t\t\t\t\t\t\t\t<img fetchpriority=\"high\" decoding=\"async\" width=\"1024\" height=\"1024\" src=\"https:\/\/tarjetaolimpica.com.co\/Index\/wp-content\/uploads\/2022\/05\/Beneficio-de-75MIL-1024x1024.jpg\" class=\"attachment-large size-large wp-image-6567\" alt=\"\" srcset=\"https:\/\/tarjetaolimpica.com.co\/Index\/wp-content\/uploads\/2022\/05\/Beneficio-de-75MIL-1024x1024.jpg 1024w, https:\/\/tarjetaolimpica.com.co\/Index\/wp-content\/uploads\/2022\/05\/Beneficio-de-75MIL-300x300.jpg 300w, https:\/\/tarjetaolimpica.com.co\/Index\/wp-content\/uploads\/2022\/05\/Beneficio-de-75MIL-150x150.jpg 150w, https:\/\/tarjetaolimpica.com.co\/Index\/wp-content\/uploads\/2022\/05\/Beneficio-de-75MIL-768x768.jpg 768w, https:\/\/tarjetaolimpica.com.co\/Index\/wp-content\/uploads\/2022\/05\/Beneficio-de-75MIL-1536x1536.jpg 1536w, https:\/\/tarjetaolimpica.com.co\/Index\/wp-content\/uploads\/2022\/05\/Beneficio-de-75MIL-2048x2048.jpg 2048w\" sizes=\"(max-width: 1024px) 100vw, 1024px\" \/>\t\t\t\t\t\t\t\t\t\t\t\t\t<\/div>\n\t\t\t\t<\/div>\n\t\t\t\t\t<\/div>\n\t\t<\/div>\n\t\t\t\t\t<\/div>\n\t\t<\/section>\n\t\t\t\t<section class=\"elementor-section elementor-top-section elementor-element elementor-element-2e5c228 elementor-section-boxed elementor-section-height-default elementor-section-height-default\" data-id=\"2e5c228\" data-element_type=\"section\">\n\t\t\t\t\t\t<div class=\"elementor-container elementor-column-gap-default\">\n\t\t\t\t\t<div class=\"elementor-column elementor-col-100 elementor-top-column elementor-element elementor-element-f6c20a0\" data-id=\"f6c20a0\" data-element_type=\"column\">\n\t\t\t<div class=\"elementor-widget-wrap elementor-element-populated\">\n\t\t\t\t\t\t<div class=\"elementor-element elementor-element-5744eec elementor-widget elementor-widget-text-editor\" data-id=\"5744eec\" data-element_type=\"widget\" data-widget_type=\"text-editor.default\">\n\t\t\t\t<div class=\"elementor-widget-container\">\n\t\t\t\t\t\t\t<p><span style=\"font-size: 14pt;\"><strong><span style=\"color: #f83050;\">Vigencia\u00a0<\/span><\/strong><\/span><\/p><p><span style=\"font-family: verdana, geneva, sans-serif; font-size: 12pt;\">V\u00e1lido hasta el 31 de marzo de 2026<\/span><span style=\"font-family: verdana, geneva, sans-serif; font-size: 16px; font-style: normal; font-weight: 400;\">.\u00a0<\/span><\/p>\t\t\t\t\t\t<\/div>\n\t\t\t\t<\/div>\n\t\t\t\t<div class=\"elementor-element elementor-element-4bf314a elementor-widget elementor-widget-text-editor\" data-id=\"4bf314a\" data-element_type=\"widget\" data-widget_type=\"text-editor.default\">\n\t\t\t\t<div class=\"elementor-widget-container\">\n\t\t\t\t\t\t\t<p><span style=\"font-size: 14pt;\"><strong><span style=\"color: #f83050;\">Mec\u00e1nica<\/span><\/strong><\/span><\/p><p><span style=\"font-family: verdana, geneva, sans-serif; font-size: 16px; font-style: normal; font-weight: 400;\">Solicita tu Tarjeta Ol\u00edmpica 100% digital y recibe $75.000* en tu primera compra\u00a0 + $30.000 en App y Web Ol\u00edmpica en supermercado y Droguer\u00eda pagando con tu Tarjeta Ol\u00edmpica.\u00a0<\/span><\/p>\t\t\t\t\t\t<\/div>\n\t\t\t\t<\/div>\n\t\t\t\t\t<\/div>\n\t\t<\/div>\n\t\t\t\t\t<\/div>\n\t\t<\/section>\n\t\t\t\t<section class=\"elementor-section elementor-top-section elementor-element elementor-element-7011084 elementor-section-boxed elementor-section-height-default elementor-section-height-default\" data-id=\"7011084\" data-element_type=\"section\">\n\t\t\t\t\t\t<div class=\"elementor-container elementor-column-gap-default\">\n\t\t\t\t\t<div class=\"elementor-column elementor-col-100 elementor-top-column elementor-element elementor-element-38d5639\" data-id=\"38d5639\" data-element_type=\"column\">\n\t\t\t<div class=\"elementor-widget-wrap elementor-element-populated\">\n\t\t\t\t\t\t<div class=\"elementor-element elementor-element-58c4b86 elementor-align-center elementor-widget__width-initial elementor-widget elementor-widget-button\" data-id=\"58c4b86\" data-element_type=\"widget\" data-widget_type=\"button.default\">\n\t\t\t\t<div class=\"elementor-widget-container\">\n\t\t\t\t\t<div class=\"elementor-button-wrapper\">\n\t\t\t<a class=\"elementor-button elementor-button-link elementor-size-sm\" href=\"https:\/\/tarjetaolimpica.bancoserfinanza.com\/?clientCode=BANCO-SERFINANZA&#038;productCode=SERF-TARJETA-DE-CREDITO&#038;utm_source=Landing+_75mil_30mil\">\n\t\t\t\t\t\t<span class=\"elementor-button-content-wrapper\">\n\t\t\t\t\t\t<span class=\"elementor-button-text\">Solic\u00edtala aqu\u00ed<\/span>\n\t\t<\/span>\n\t\t\t\t\t<\/a>\n\t\t<\/div>\n\t\t\t\t<\/div>\n\t\t\t\t<\/div>\n\t\t\t\t\t<\/div>\n\t\t<\/div>\n\t\t\t\t\t<\/div>\n\t\t<\/section>\n\t\t\t\t<section class=\"elementor-section elementor-top-section elementor-element elementor-element-9af2d3f elementor-section-boxed elementor-section-height-default elementor-section-height-default\" data-id=\"9af2d3f\" data-element_type=\"section\">\n\t\t\t\t\t\t<div class=\"elementor-container elementor-column-gap-default\">\n\t\t\t\t\t<div class=\"elementor-column elementor-col-100 elementor-top-column elementor-element elementor-element-c1b579d\" data-id=\"c1b579d\" data-element_type=\"column\">\n\t\t\t<div class=\"elementor-widget-wrap elementor-element-populated\">\n\t\t\t\t\t\t<div class=\"elementor-element elementor-element-3413849 elementor-widget-tablet__width-initial elementor-widget elementor-widget-text-editor\" data-id=\"3413849\" data-element_type=\"widget\" data-widget_type=\"text-editor.default\">\n\t\t\t\t<div class=\"elementor-widget-container\">\n\t\t\t\t\t\t\t<p style=\"text-align: left;\"><strong><span style=\"color: #f83050; font-size: 14pt;\">T\u00e9rminos y <span style=\"font-family: verdana, geneva, sans-serif;\">Condiciones&nbsp;<\/span><\/span><\/strong><\/p>\n<p><strong>Aprobaci\u00f3n de cr\u00e9dito <\/strong><strong>sujeta<\/strong><strong> a las pol\u00edticas de riesgo de Banco Serfinanza al momento de realizar la solicitud.&nbsp;<\/strong><\/p>\n<ul>\n<li><span style=\"font-family: verdana, geneva, sans-serif;\"><strong>Beneficio de $75.000:<\/strong> e<span style=\"font-size: 16px;\">ste beneficio es personal e intransferible y aplica para clientes seleccionados, quienes soliciten su Tarjeta Ol\u00edmpica 100% digital del 4 de septiembre hasta el 31 de marzo de 2026. La primera transacci\u00f3n debe ser tipo compra (no incluye avances, ni compra de cartera). Plazo hasta los primeros 10 d\u00edas despu\u00e9s de la entrega de la tarjeta. La compra deber ser m\u00ednimo de $250.000. V\u00e1lido solo en la primera compra, no aplica para compras acumuladas.&nbsp; Descuento aplicado en el extracto, el descuento se aplica como un pago (antes de IVA).<\/span><\/span><\/li>\n<li><span style=\"font-family: verdana, geneva, sans-serif;\"><strong>Beneficio de $30.000 en App y Web:&nbsp;<\/strong><span style=\"font-size: 15px; font-style: normal; color: #f73354;\"><b>Activalo al momento de pagar, ingresando el bono&nbsp;<span style=\"font-size: 15px; font-style: normal;\">MERCADO2025&nbsp;<\/span>en el campo cup\u00f3n de descuento<\/b><\/span><span style=\"font-size: 15px; font-style: normal; font-weight: 400;\">.<\/span>&nbsp;El beneficio del bono MERCADO2025 por $30.000 es otorgado por Banco Serfinanza S.A. a sus clientes titulares de la Tarjeta de Cr\u00e9dito Ol\u00edmpica, en alianza con Ol\u00edmpica S.A., que act\u00faa como establecimiento de redenci\u00f3n.Aplica \u00fanicamente para compras iguales o superiores a $150.000.&nbsp; El beneficio podr\u00e1 usarse una sola vez, en la primera compra realizada con la Tarjeta de Cr\u00e9dito Ol\u00edmpica hasta el 31 de marzo de 2026, a trav\u00e9s de los canales App Ol\u00edmpica y Olimpica.com. El bono es personal e intransferible.V\u00e1<span style=\"font-size: 15px; font-style: normal; font-weight: 400;\">lido para los nuevos usuarios en la App y Web Ol\u00edmpica<\/span>. No es canjeable por dinero en efectivo, saldo en tarjeta ni por otros beneficios distintos a los aqu\u00ed descritos. El bono es v\u00e1lido \u00fanicamente para compras en las categor\u00edas de supermercados y droguer\u00edas. No es acumulable con otros descuentos otorgados por pagos con la Tarjeta de Cr\u00e9dito Ol\u00edmpica (si incluye el beneficio de $75.000 de acuerdo a las condiciones aplicables). Es compatible con las promociones vigentes de la Tarjeta Plata. El beneficio ser\u00e1 v\u00e1lido hasta el 31 de marzo de 2026. Vencido este plazo, el cup\u00f3n no podr\u00e1 redimirse y no habr\u00e1 lugar a reclamaciones posteriores. Ol\u00edmpica S.A. se reserva el derecho de verificar la correcta utilizaci\u00f3n del bono. El beneficio ser\u00e1 rechazado en caso de detectarse fraude, uso indebido o incumplimiento de los presentes t\u00e9rminos y condiciones.La obtenci\u00f3n del beneficio es responsabilidad de Banco Serfinanza S.A., como entidad que lo otorga a sus clientes.Ol\u00edmpica S.A. act\u00faa \u00fanicamente como canal de redenci\u00f3n<\/span>. E<span style=\"font-size: 16px; font-style: normal; font-weight: 400; font-family: verdana, geneva, sans-serif;\">ste beneficio es personal e intransferible y aplica para clientes seleccionados, quienes soliciten su Tarjeta Ol\u00edmpica 100% digital del 1 de noviembre de 2025 al 31 de marzo de 2026.<\/span><\/li>\n<\/ul>\t\t\t\t\t\t<\/div>\n\t\t\t\t<\/div>\n\t\t\t\t\t<\/div>\n\t\t<\/div>\n\t\t\t\t\t<\/div>\n\t\t<\/section>\n\t\t\t\t<\/div>\n\t\t","protected":false},"excerpt":{"rendered":"<p>Dos beneficios que no te puedes perder Vigencia\u00a0 V\u00e1lido hasta el 31 de marzo de 2026.\u00a0 Mec\u00e1nica Solicita tu Tarjeta Ol\u00edmpica 100% digital y recibe $75.000* en tu primera compra\u00a0 + $30.000 en App y Web Ol\u00edmpica en supermercado y Droguer\u00eda pagando con tu Tarjeta Ol\u00edmpica.\u00a0 Solic\u00edtala aqu\u00ed T\u00e9rminos y Condiciones&nbsp; Aprobaci\u00f3n de cr\u00e9dito sujeta [&hellip;]<\/p>\n","protected":false},"author":2,"featured_media":0,"parent":0,"menu_order":0,"comment_status":"closed","ping_status":"closed","template":"","meta":{"_eb_attr":"","site-sidebar-layout":"no-sidebar","site-content-layout":"page-builder","ast-site-content-layout":"full-width-container","site-content-style":"unboxed","site-sidebar-style":"unboxed","ast-global-header-display":"","ast-banner-title-visibility":"","ast-main-header-display":"","ast-hfb-above-header-display":"","ast-hfb-below-header-display":"","ast-hfb-mobile-header-display":"","site-post-title":"disabled","ast-breadcrumbs-content":"","ast-featured-img":"disabled","footer-sml-layout":"","theme-transparent-header-meta":"default","adv-header-id-meta":"","stick-header-meta":"","header-above-stick-meta":"","header-main-stick-meta":"","header-below-stick-meta":"","astra-migrate-meta-layouts":"set","ast-page-background-enabled":"default","ast-page-background-meta":{"desktop":{"background-color":"","background-image":"","background-repeat":"repeat","background-position":"center center","background-size":"auto","background-attachment":"scroll","background-type":"","background-media":"","overlay-type":"","overlay-color":"","overlay-opacity":"","overlay-gradient":""},"tablet":{"background-color":"","background-image":"","background-repeat":"repeat","background-position":"center center","background-size":"auto","background-attachment":"scroll","background-type":"","background-media":"","overlay-type":"","overlay-color":"","overlay-opacity":"","overlay-gradient":""},"mobile":{"background-color":"","background-image":"","background-repeat":"repeat","background-position":"center center","background-size":"auto","background-attachment":"scroll","background-type":"","background-media":"","overlay-type":"","overlay-color":"","overlay-opacity":"","overlay-gradient":""}},"ast-content-background-meta":{"desktop":{"background-color":"var(--ast-global-color-5)","background-image":"","background-repeat":"repeat","background-position":"center center","background-size":"auto","background-attachment":"scroll","background-type":"","background-media":"","overlay-type":"","overlay-color":"","overlay-opacity":"","overlay-gradient":""},"tablet":{"background-color":"var(--ast-global-color-5)","background-image":"","background-repeat":"repeat","background-position":"center center","background-size":"auto","background-attachment":"scroll","background-type":"","background-media":"","overlay-type":"","overlay-color":"","overlay-opacity":"","overlay-gradient":""},"mobile":{"background-color":"var(--ast-global-color-5)","background-image":"","background-repeat":"repeat","background-position":"center center","background-size":"auto","background-attachment":"scroll","background-type":"","background-media":"","overlay-type":"","overlay-color":"","overlay-opacity":"","overlay-gradient":""}},"footnotes":""},"yoast_head":"<!-- This site is optimized with the Yoast SEO plugin v22.3 - https:\/\/yoast.com\/wordpress\/plugins\/seo\/ -->\r\n<title>Beneficio 75MIL + 30MIL 2025 -<\/title>\r\n<meta name=\"robots\" content=\"index, follow, max-snippet:-1, max-image-preview:large, max-video-preview:-1\" \/>\r\n<link rel=\"canonical\" href=\"https:\/\/tarjetaolimpica.com.co\/Index\/beneficio-75mil-30mil-2025\/\" \/>\r\n<meta property=\"og:locale\" content=\"es_ES\" \/>\r\n<meta property=\"og:type\" content=\"article\" \/>\r\n<meta property=\"og:title\" content=\"Beneficio 75MIL + 30MIL 2025 -\" \/>\r\n<meta property=\"og:description\" content=\"Dos beneficios que no te puedes perder Vigencia\u00a0 V\u00e1lido hasta el 31 de marzo de 2026.\u00a0 Mec\u00e1nica Solicita tu Tarjeta Ol\u00edmpica 100% digital y recibe $75.000* en tu primera compra\u00a0 + $30.000 en App y Web Ol\u00edmpica en supermercado y Droguer\u00eda pagando con tu Tarjeta Ol\u00edmpica.\u00a0 Solic\u00edtala aqu\u00ed T\u00e9rminos y Condiciones&nbsp; Aprobaci\u00f3n de cr\u00e9dito sujeta [&hellip;]\" \/>\r\n<meta property=\"og:url\" content=\"https:\/\/tarjetaolimpica.com.co\/Index\/beneficio-75mil-30mil-2025\/\" \/>\r\n<meta property=\"article:publisher\" content=\"https:\/\/www.facebook.com\/bancoserfinanza\" \/>\r\n<meta property=\"article:modified_time\" content=\"2025-12-23T13:53:17+00:00\" \/>\r\n<meta property=\"og:image\" content=\"https:\/\/tarjetaolimpica.com.co\/Index\/wp-content\/uploads\/2022\/05\/Beneficio-de-75MIL-1024x1024.jpg\" \/>\r\n<meta name=\"twitter:card\" content=\"summary_large_image\" \/>\r\n<meta name=\"twitter:site\" content=\"@bancoserfinanza\" \/>\r\n<meta name=\"twitter:label1\" content=\"Tiempo estimado de lectura\" \/>\n\t<meta name=\"twitter:data1\" content=\"3 minutos\" \/>\r\n<script type=\"application\/ld+json\" class=\"yoast-schema-graph\">{\"@context\":\"https:\/\/schema.org\",\"@graph\":[{\"@type\":\"WebPage\",\"@id\":\"https:\/\/tarjetaolimpica.com.co\/Index\/beneficio-75mil-30mil-2025\/\",\"url\":\"https:\/\/tarjetaolimpica.com.co\/Index\/beneficio-75mil-30mil-2025\/\",\"name\":\"Beneficio 75MIL + 30MIL 2025 -\",\"isPartOf\":{\"@id\":\"https:\/\/tarjetaolimpica.com.co\/Index\/#website\"},\"primaryImageOfPage\":{\"@id\":\"https:\/\/tarjetaolimpica.com.co\/Index\/beneficio-75mil-30mil-2025\/#primaryimage\"},\"image\":{\"@id\":\"https:\/\/tarjetaolimpica.com.co\/Index\/beneficio-75mil-30mil-2025\/#primaryimage\"},\"thumbnailUrl\":\"https:\/\/tarjetaolimpica.com.co\/Index\/wp-content\/uploads\/2022\/05\/Beneficio-de-75MIL-1024x1024.jpg\",\"datePublished\":\"2025-10-30T22:31:29+00:00\",\"dateModified\":\"2025-12-23T13:53:17+00:00\",\"breadcrumb\":{\"@id\":\"https:\/\/tarjetaolimpica.com.co\/Index\/beneficio-75mil-30mil-2025\/#breadcrumb\"},\"inLanguage\":\"es-CO\",\"potentialAction\":[{\"@type\":\"ReadAction\",\"target\":[\"https:\/\/tarjetaolimpica.com.co\/Index\/beneficio-75mil-30mil-2025\/\"]}]},{\"@type\":\"ImageObject\",\"inLanguage\":\"es-CO\",\"@id\":\"https:\/\/tarjetaolimpica.com.co\/Index\/beneficio-75mil-30mil-2025\/#primaryimage\",\"url\":\"https:\/\/tarjetaolimpica.com.co\/Index\/wp-content\/uploads\/2022\/05\/Beneficio-de-75MIL-scaled.jpg\",\"contentUrl\":\"https:\/\/tarjetaolimpica.com.co\/Index\/wp-content\/uploads\/2022\/05\/Beneficio-de-75MIL-scaled.jpg\",\"width\":2560,\"height\":2560},{\"@type\":\"BreadcrumbList\",\"@id\":\"https:\/\/tarjetaolimpica.com.co\/Index\/beneficio-75mil-30mil-2025\/#breadcrumb\",\"itemListElement\":[{\"@type\":\"ListItem\",\"position\":1,\"name\":\"Home\",\"item\":\"https:\/\/tarjetaolimpica.com.co\/Index\/\"},{\"@type\":\"ListItem\",\"position\":2,\"name\":\"Beneficio 75MIL + 30MIL 2025\"}]},{\"@type\":\"WebSite\",\"@id\":\"https:\/\/tarjetaolimpica.com.co\/Index\/#website\",\"url\":\"https:\/\/tarjetaolimpica.com.co\/Index\/\",\"name\":\"\",\"description\":\"\",\"publisher\":{\"@id\":\"https:\/\/tarjetaolimpica.com.co\/Index\/#organization\"},\"potentialAction\":[{\"@type\":\"SearchAction\",\"target\":{\"@type\":\"EntryPoint\",\"urlTemplate\":\"https:\/\/tarjetaolimpica.com.co\/Index\/?s={search_term_string}\"},\"query-input\":\"required name=search_term_string\"}],\"inLanguage\":\"es-CO\"},{\"@type\":\"Organization\",\"@id\":\"https:\/\/tarjetaolimpica.com.co\/Index\/#organization\",\"name\":\"Banco Serfinanza\",\"url\":\"https:\/\/tarjetaolimpica.com.co\/Index\/\",\"logo\":{\"@type\":\"ImageObject\",\"inLanguage\":\"es-CO\",\"@id\":\"https:\/\/tarjetaolimpica.com.co\/Index\/#\/schema\/logo\/image\/\",\"url\":\"https:\/\/tarjetaolimpica.com.co\/Index\/wp-content\/uploads\/2019\/01\/Logo-Serfinanza-2.png\",\"contentUrl\":\"https:\/\/tarjetaolimpica.com.co\/Index\/wp-content\/uploads\/2019\/01\/Logo-Serfinanza-2.png\",\"width\":339,\"height\":78,\"caption\":\"Banco Serfinanza\"},\"image\":{\"@id\":\"https:\/\/tarjetaolimpica.com.co\/Index\/#\/schema\/logo\/image\/\"},\"sameAs\":[\"https:\/\/www.facebook.com\/bancoserfinanza\",\"https:\/\/twitter.com\/bancoserfinanza\",\"https:\/\/www.instagram.com\/bancoserfinanza\"]}]}<\/script>\r\n<!-- \/ Yoast SEO plugin. -->","yoast_head_json":{"title":"Beneficio 75MIL + 30MIL 2025 -","robots":{"index":"index","follow":"follow","max-snippet":"max-snippet:-1","max-image-preview":"max-image-preview:large","max-video-preview":"max-video-preview:-1"},"canonical":"https:\/\/tarjetaolimpica.com.co\/Index\/beneficio-75mil-30mil-2025\/","og_locale":"es_ES","og_type":"article","og_title":"Beneficio 75MIL + 30MIL 2025 -","og_description":"Dos beneficios que no te puedes perder Vigencia\u00a0 V\u00e1lido hasta el 31 de marzo de 2026.\u00a0 Mec\u00e1nica Solicita tu Tarjeta Ol\u00edmpica 100% digital y recibe $75.000* en tu primera compra\u00a0 + $30.000 en App y Web Ol\u00edmpica en supermercado y Droguer\u00eda pagando con tu Tarjeta Ol\u00edmpica.\u00a0 Solic\u00edtala aqu\u00ed T\u00e9rminos y Condiciones&nbsp; Aprobaci\u00f3n de cr\u00e9dito sujeta [&hellip;]","og_url":"https:\/\/tarjetaolimpica.com.co\/Index\/beneficio-75mil-30mil-2025\/","article_publisher":"https:\/\/www.facebook.com\/bancoserfinanza","article_modified_time":"2025-12-23T13:53:17+00:00","og_image":[{"url":"https:\/\/tarjetaolimpica.com.co\/Index\/wp-content\/uploads\/2022\/05\/Beneficio-de-75MIL-1024x1024.jpg"}],"twitter_card":"summary_large_image","twitter_site":"@bancoserfinanza","twitter_misc":{"Tiempo estimado de lectura":"3 minutos"},"schema":{"@context":"https:\/\/schema.org","@graph":[{"@type":"WebPage","@id":"https:\/\/tarjetaolimpica.com.co\/Index\/beneficio-75mil-30mil-2025\/","url":"https:\/\/tarjetaolimpica.com.co\/Index\/beneficio-75mil-30mil-2025\/","name":"Beneficio 75MIL + 30MIL 2025 -","isPartOf":{"@id":"https:\/\/tarjetaolimpica.com.co\/Index\/#website"},"primaryImageOfPage":{"@id":"https:\/\/tarjetaolimpica.com.co\/Index\/beneficio-75mil-30mil-2025\/#primaryimage"},"image":{"@id":"https:\/\/tarjetaolimpica.com.co\/Index\/beneficio-75mil-30mil-2025\/#primaryimage"},"thumbnailUrl":"https:\/\/tarjetaolimpica.com.co\/Index\/wp-content\/uploads\/2022\/05\/Beneficio-de-75MIL-1024x1024.jpg","datePublished":"2025-10-30T22:31:29+00:00","dateModified":"2025-12-23T13:53:17+00:00","breadcrumb":{"@id":"https:\/\/tarjetaolimpica.com.co\/Index\/beneficio-75mil-30mil-2025\/#breadcrumb"},"inLanguage":"es-CO","potentialAction":[{"@type":"ReadAction","target":["https:\/\/tarjetaolimpica.com.co\/Index\/beneficio-75mil-30mil-2025\/"]}]},{"@type":"ImageObject","inLanguage":"es-CO","@id":"https:\/\/tarjetaolimpica.com.co\/Index\/beneficio-75mil-30mil-2025\/#primaryimage","url":"https:\/\/tarjetaolimpica.com.co\/Index\/wp-content\/uploads\/2022\/05\/Beneficio-de-75MIL-scaled.jpg","contentUrl":"https:\/\/tarjetaolimpica.com.co\/Index\/wp-content\/uploads\/2022\/05\/Beneficio-de-75MIL-scaled.jpg","width":2560,"height":2560},{"@type":"BreadcrumbList","@id":"https:\/\/tarjetaolimpica.com.co\/Index\/beneficio-75mil-30mil-2025\/#breadcrumb","itemListElement":[{"@type":"ListItem","position":1,"name":"Home","item":"https:\/\/tarjetaolimpica.com.co\/Index\/"},{"@type":"ListItem","position":2,"name":"Beneficio 75MIL + 30MIL 2025"}]},{"@type":"WebSite","@id":"https:\/\/tarjetaolimpica.com.co\/Index\/#website","url":"https:\/\/tarjetaolimpica.com.co\/Index\/","name":"","description":"","publisher":{"@id":"https:\/\/tarjetaolimpica.com.co\/Index\/#organization"},"potentialAction":[{"@type":"SearchAction","target":{"@type":"EntryPoint","urlTemplate":"https:\/\/tarjetaolimpica.com.co\/Index\/?s={search_term_string}"},"query-input":"required name=search_term_string"}],"inLanguage":"es-CO"},{"@type":"Organization","@id":"https:\/\/tarjetaolimpica.com.co\/Index\/#organization","name":"Banco Serfinanza","url":"https:\/\/tarjetaolimpica.com.co\/Index\/","logo":{"@type":"ImageObject","inLanguage":"es-CO","@id":"https:\/\/tarjetaolimpica.com.co\/Index\/#\/schema\/logo\/image\/","url":"https:\/\/tarjetaolimpica.com.co\/Index\/wp-content\/uploads\/2019\/01\/Logo-Serfinanza-2.png","contentUrl":"https:\/\/tarjetaolimpica.com.co\/Index\/wp-content\/uploads\/2019\/01\/Logo-Serfinanza-2.png","width":339,"height":78,"caption":"Banco Serfinanza"},"image":{"@id":"https:\/\/tarjetaolimpica.com.co\/Index\/#\/schema\/logo\/image\/"},"sameAs":["https:\/\/www.facebook.com\/bancoserfinanza","https:\/\/twitter.com\/bancoserfinanza","https:\/\/www.instagram.com\/bancoserfinanza"]}]}},"_links":{"self":[{"href":"https:\/\/tarjetaolimpica.com.co\/Index\/wp-json\/wp\/v2\/pages\/17132"}],"collection":[{"href":"https:\/\/tarjetaolimpica.com.co\/Index\/wp-json\/wp\/v2\/pages"}],"about":[{"href":"https:\/\/tarjetaolimpica.com.co\/Index\/wp-json\/wp\/v2\/types\/page"}],"author":[{"embeddable":true,"href":"https:\/\/tarjetaolimpica.com.co\/Index\/wp-json\/wp\/v2\/users\/2"}],"replies":[{"embeddable":true,"href":"https:\/\/tarjetaolimpica.com.co\/Index\/wp-json\/wp\/v2\/comments?post=17132"}],"version-history":[{"count":41,"href":"https:\/\/tarjetaolimpica.com.co\/Index\/wp-json\/wp\/v2\/pages\/17132\/revisions"}],"predecessor-version":[{"id":17265,"href":"https:\/\/tarjetaolimpica.com.co\/Index\/wp-json\/wp\/v2\/pages\/17132\/revisions\/17265"}],"wp:attachment":[{"href":"https:\/\/tarjetaolimpica.com.co\/Index\/wp-json\/wp\/v2\/media?parent=17132"}],"curies":[{"name":"wp","href":"https:\/\/api.w.org\/{rel}","templated":true}]}}