{"id":17194,"date":"2025-11-21T11:35:35","date_gmt":"2025-11-21T16:35:35","guid":{"rendered":"https:\/\/tarjetaolimpica.com.co\/Index\/?page_id=17194"},"modified":"2025-11-21T11:38:29","modified_gmt":"2025-11-21T16:38:29","slug":"viajar-black-days","status":"publish","type":"page","link":"https:\/\/tarjetaolimpica.com.co\/Index\/viajar-black-days\/","title":{"rendered":"Viajar Black Days"},"content":{"rendered":"\t\t<div data-elementor-type=\"wp-page\" data-elementor-id=\"17194\" class=\"elementor elementor-17194\" data-elementor-post-type=\"page\">\n\t\t\t\t\t\t<section class=\"elementor-section elementor-top-section elementor-element elementor-element-5586a3e elementor-section-boxed elementor-section-height-default elementor-section-height-default\" data-id=\"5586a3e\" data-element_type=\"section\">\n\t\t\t\t\t\t<div class=\"elementor-container elementor-column-gap-default\">\n\t\t\t\t\t<div class=\"elementor-column elementor-col-100 elementor-top-column elementor-element elementor-element-3ec4ec1\" data-id=\"3ec4ec1\" data-element_type=\"column\">\n\t\t\t<div class=\"elementor-widget-wrap elementor-element-populated\">\n\t\t\t\t\t\t<div class=\"elementor-element elementor-element-1ef95e2 elementor-widget__width-initial elementor-widget elementor-widget-heading\" data-id=\"1ef95e2\" data-element_type=\"widget\" data-widget_type=\"heading.default\">\n\t\t\t\t<div class=\"elementor-widget-container\">\n\t\t\t<h1 class=\"elementor-heading-title elementor-size-default\">Planea tus vacaciones con Viajar y Tarjeta Ol\u00edmpica <\/h1>\t\t<\/div>\n\t\t\t\t<\/div>\n\t\t\t\t\t<\/div>\n\t\t<\/div>\n\t\t\t\t\t<\/div>\n\t\t<\/section>\n\t\t\t\t<section class=\"elementor-section elementor-top-section elementor-element elementor-element-2ae0b1a elementor-section-boxed elementor-section-height-default elementor-section-height-default\" data-id=\"2ae0b1a\" data-element_type=\"section\">\n\t\t\t\t\t\t<div class=\"elementor-container elementor-column-gap-default\">\n\t\t\t\t\t<div class=\"elementor-column elementor-col-100 elementor-top-column elementor-element elementor-element-09468fc\" data-id=\"09468fc\" data-element_type=\"column\">\n\t\t\t<div class=\"elementor-widget-wrap elementor-element-populated\">\n\t\t\t\t\t\t<div class=\"elementor-element elementor-element-2733a8a elementor-widget-tablet__width-initial elementor-widget elementor-widget-text-editor\" data-id=\"2733a8a\" data-element_type=\"widget\" data-widget_type=\"text-editor.default\">\n\t\t\t\t<div class=\"elementor-widget-container\">\n\t\t\t\t\t\t\t<p><span style=\"font-family: verdana, geneva, sans-serif; font-size: 14pt; color: #f83050;\"><strong>Vigencia<\/strong><\/span><\/p><p><span style=\"font-family: verdana, geneva, sans-serif; font-size: 12pt;\">V\u00e1lido del 20 al 30 de noviembre de 2025.<\/span><\/p><p><strong><span style=\"font-family: verdana, geneva, sans-serif; font-size: 14pt; color: #f83050;\">Mec\u00e1nica<\/span><\/strong><\/p><div data-olk-copy-source=\"MessageBody\"><span style=\"font-family: verdana, geneva, sans-serif;\">Recibe un 20% de descuento pagando con tu tarjeta de cr\u00e9dito de Banco Serfinanza tu Tarjeta Ol\u00edmpica, Tarjeta Ol\u00edmpica Mastercard y Tarjeta Ol\u00edmpica Mastercard Gold. Aplica para compras de:<\/span><\/div><div>\u00a0<\/div><ul><li><span style=\"font-family: verdana, geneva, sans-serif;\">Alojamiento de m\u00ednimo 3 noches para 2 personas en seleccionados\u00a0<b>hoteles Hyatt Inclusive Collection<\/b>: Dreams, Secrets, Breathless, Hyatt Vivid y Sunscape en Aruba, Curazao, Canc\u00fan y Punta Cana.<\/span><\/li><li><span style=\"font-family: verdana, geneva, sans-serif;\"><b>Crucero<\/b>\u00a0<b>Royal Caribbean<\/b>, sin visa, saliendo de Cartagena.<\/span><\/li><li><span style=\"font-family: verdana, geneva, sans-serif;\">Paquetes tur\u00edsticos selecionados a\u00a0<b>Europa<\/b>.<\/span><\/li><li><span style=\"font-family: verdana, geneva, sans-serif;\">Paquetes tur\u00edsticos selecionados al\u00a0<b>Mundial 2026<\/b>.<\/span><\/li><li><span style=\"font-family: verdana, geneva, sans-serif;\">Reserva de m\u00ednimo 2\u00a0<b>Tiquetes A\u00e9reos\u00a0<\/b>con<b>\u00a0COPA Airlines<\/b>, en clase ejecutiva o haciendo Stopover en Panam\u00e1 (+24hrs).<\/span><\/li><\/ul><div><span style=\"font-family: verdana, geneva, sans-serif;\"><b>Informaci\u00f3n de paquetes:\u00a0<\/b>Para mayor informaci\u00f3n visite los puntos de venta\u00a0<span class=\"markqclj7tbm6\" data-markjs=\"true\" data-ogac=\"\" data-ogab=\"\" data-ogsc=\"\" data-ogsb=\"\">Viajar<\/span>\u00a0Ol\u00edmpica, Oficina principal\u00a0<span class=\"markqclj7tbm6\" data-markjs=\"true\" data-ogac=\"\" data-ogab=\"\" data-ogsc=\"\" data-ogsb=\"\">Viajar<\/span>\u00a0Ltda., o en\u00a0<u><a id=\"OWA0a3b5487-67f7-8340-b2fb-52385424e1c7\" title=\"http:\/\/www.viajarolimpica.com\" href=\"http:\/\/www.viajarolimpica.com\/\" target=\"_blank\" rel=\"noopener noreferrer\" data-auth=\"NotApplicable\" data-linkindex=\"0\">www.<span class=\"markqclj7tbm6\" data-markjs=\"true\" data-ogac=\"\" data-ogab=\"\" data-ogsc=\"\" data-ogsb=\"\">viajar<\/span>olimpica.com<\/a><\/u>. Tarifas sujetas a disponibilidad y cambios sin previo aviso. No acumulable con otras promociones de la agencia.<\/span><\/div>\t\t\t\t\t\t<\/div>\n\t\t\t\t<\/div>\n\t\t\t\t<div class=\"elementor-element elementor-element-faad252 elementor-widget-tablet__width-initial elementor-widget elementor-widget-text-editor\" data-id=\"faad252\" data-element_type=\"widget\" data-widget_type=\"text-editor.default\">\n\t\t\t\t<div class=\"elementor-widget-container\">\n\t\t\t\t\t\t\t<p><strong><span style=\"font-family: verdana, geneva, sans-serif; font-size: 14pt; color: #f83050;\">T\u00e9rminos y condiciones<\/span><\/strong><\/p><div><span style=\"font-family: verdana, geneva, sans-serif;\">Oferta v\u00e1lida hasta agotar disponibilidad. Recibe un 20% de descuento pagando con tu Tarjeta Ol\u00edmpica, Tarjeta Ol\u00edmpica Mastercard y Tarjeta Ol\u00edmpica Mastercard Gold, para compras de alojamiento en hoteles Hyatt Inclusive Collection, Crucero Royal Caribbean, Paquetes Tur\u00edsticos a Europa, Mundial 2026. Para mayor informaci\u00f3n visite los puntos de venta Viajar Ol\u00edmpica, Oficina principal Viajar Ltda., o en www.viajarolimpica.com. Tarifas sujetas a disponibilidad y cambios sin previo aviso. No acumulable con otras promociones de la agencia. Descuento aplica sobre el valor total de la compra, siempre y cuando este valor sea cancelado en su totalidad con la Tarjeta Ol\u00edmpica, de lo contrario solo se aplicar\u00e1 sobre el valor que el cliente cancele con su Tarjeta Ol\u00edmpica. Aplica \u00fanicamente para compra en nuestros puntos de venta y\/o oficina principal, no aplica para compras en p\u00e1gina web. Descuento v\u00e1lido solo para transacciones cuyo n\u00famero de cuotas sea a partir de (3) tres en adelante, no aplica para empleados del grupo. Para paquetes internacionales ser\u00e1n liquidados y pagados en pesos de acuerdo a la tasa de cambio vigente o la dispuesta por la agencia de viajes, al momento de adquirir y contratar el servicio. Solo se permitir\u00e1 (1) un solo descuento por factura generada. Solo se recibir\u00e1 (1) una tarjeta por factura. La tarjeta Ol\u00edmpica es un producto del Banco Serfinanza y es exclusivamente un medio de pago de los productos y servicios anunciados por lo tanto Banco Serfinanza no es responsable de la calidad, ni idoneidad de los bienes y servicios adquiridos con los productos de Serfinanza. V\u00e1lido para compras con Tarjeta Ol\u00edmpica marca propia y Tarjeta Ol\u00edmpica Mastercard. Si el Tarjetahabiente quiere realizar cualquier cambio, cancelaci\u00f3n o queja, deber\u00e1 ce\u00f1irse a los t\u00e9rminos y condiciones del paquete adquirido, de igual manera al hotel o empresa con la que se haya contratado el paquete, renta de auto, actividades en destino u otros servicios adquiridos. El descuento aplica directamente en caja en el momento de realizar la compra. Los presentes t\u00e9rminos y condiciones podr\u00e1n ser modificados en cualquier momento y sin previo aviso, \u00fanicamente mediante la publicaci\u00f3n de los mismos en los sitios a que corresponda. No redimible por dinero en efectivo. No acumulable con otras promociones vigentes. Banco Serfinanza solo act\u00faa como ente emisor del medio de pago, los productos y\/o servicios son<\/span> responsabilidad del aliado.<\/div>\t\t\t\t\t\t<\/div>\n\t\t\t\t<\/div>\n\t\t\t\t\t<\/div>\n\t\t<\/div>\n\t\t\t\t\t<\/div>\n\t\t<\/section>\n\t\t\t\t<\/div>\n\t\t","protected":false},"excerpt":{"rendered":"<p>Planea tus vacaciones con Viajar y Tarjeta Ol\u00edmpica Vigencia V\u00e1lido del 20 al 30 de noviembre de 2025. Mec\u00e1nica Recibe un 20% de descuento pagando con tu tarjeta de cr\u00e9dito de Banco Serfinanza tu Tarjeta Ol\u00edmpica, Tarjeta Ol\u00edmpica Mastercard y Tarjeta Ol\u00edmpica Mastercard Gold. Aplica para compras de:\u00a0 Alojamiento de m\u00ednimo 3 noches para 2 [&hellip;]<\/p>\n","protected":false},"author":2,"featured_media":0,"parent":0,"menu_order":0,"comment_status":"closed","ping_status":"closed","template":"","meta":{"_eb_attr":"","site-sidebar-layout":"no-sidebar","site-content-layout":"page-builder","ast-site-content-layout":"","site-content-style":"default","site-sidebar-style":"default","ast-global-header-display":"","ast-banner-title-visibility":"","ast-main-header-display":"","ast-hfb-above-header-display":"","ast-hfb-below-header-display":"","ast-hfb-mobile-header-display":"","site-post-title":"disabled","ast-breadcrumbs-content":"","ast-featured-img":"disabled","footer-sml-layout":"","theme-transparent-header-meta":"default","adv-header-id-meta":"","stick-header-meta":"","header-above-stick-meta":"","header-main-stick-meta":"","header-below-stick-meta":"","astra-migrate-meta-layouts":"default","ast-page-background-enabled":"default","ast-page-background-meta":{"desktop":{"background-color":"","background-image":"","background-repeat":"repeat","background-position":"center center","background-size":"auto","background-attachment":"scroll","background-type":"","background-media":"","overlay-type":"","overlay-color":"","overlay-opacity":"","overlay-gradient":""},"tablet":{"background-color":"","background-image":"","background-repeat":"repeat","background-position":"center center","background-size":"auto","background-attachment":"scroll","background-type":"","background-media":"","overlay-type":"","overlay-color":"","overlay-opacity":"","overlay-gradient":""},"mobile":{"background-color":"","background-image":"","background-repeat":"repeat","background-position":"center center","background-size":"auto","background-attachment":"scroll","background-type":"","background-media":"","overlay-type":"","overlay-color":"","overlay-opacity":"","overlay-gradient":""}},"ast-content-background-meta":{"desktop":{"background-color":"var(--ast-global-color-5)","background-image":"","background-repeat":"repeat","background-position":"center center","background-size":"auto","background-attachment":"scroll","background-type":"","background-media":"","overlay-type":"","overlay-color":"","overlay-opacity":"","overlay-gradient":""},"tablet":{"background-color":"var(--ast-global-color-5)","background-image":"","background-repeat":"repeat","background-position":"center center","background-size":"auto","background-attachment":"scroll","background-type":"","background-media":"","overlay-type":"","overlay-color":"","overlay-opacity":"","overlay-gradient":""},"mobile":{"background-color":"var(--ast-global-color-5)","background-image":"","background-repeat":"repeat","background-position":"center center","background-size":"auto","background-attachment":"scroll","background-type":"","background-media":"","overlay-type":"","overlay-color":"","overlay-opacity":"","overlay-gradient":""}},"footnotes":""},"yoast_head":"<!-- This site is optimized with the Yoast SEO plugin v22.3 - https:\/\/yoast.com\/wordpress\/plugins\/seo\/ -->\r\n<title>Viajar Black Days -<\/title>\r\n<meta name=\"robots\" content=\"index, follow, max-snippet:-1, max-image-preview:large, max-video-preview:-1\" \/>\r\n<link rel=\"canonical\" href=\"https:\/\/tarjetaolimpica.com.co\/Index\/viajar-black-days\/\" \/>\r\n<meta property=\"og:locale\" content=\"es_ES\" \/>\r\n<meta property=\"og:type\" content=\"article\" \/>\r\n<meta property=\"og:title\" content=\"Viajar Black Days -\" \/>\r\n<meta property=\"og:description\" content=\"Planea tus vacaciones con Viajar y Tarjeta Ol\u00edmpica Vigencia V\u00e1lido del 20 al 30 de noviembre de 2025. Mec\u00e1nica Recibe un 20% de descuento pagando con tu tarjeta de cr\u00e9dito de Banco Serfinanza tu Tarjeta Ol\u00edmpica, Tarjeta Ol\u00edmpica Mastercard y Tarjeta Ol\u00edmpica Mastercard Gold. Aplica para compras de:\u00a0 Alojamiento de m\u00ednimo 3 noches para 2 [&hellip;]\" \/>\r\n<meta property=\"og:url\" content=\"https:\/\/tarjetaolimpica.com.co\/Index\/viajar-black-days\/\" \/>\r\n<meta property=\"article:publisher\" content=\"https:\/\/www.facebook.com\/bancoserfinanza\" \/>\r\n<meta property=\"article:modified_time\" content=\"2025-11-21T16:38:29+00:00\" \/>\r\n<meta name=\"twitter:card\" content=\"summary_large_image\" \/>\r\n<meta name=\"twitter:site\" content=\"@bancoserfinanza\" \/>\r\n<meta name=\"twitter:label1\" content=\"Tiempo estimado de lectura\" \/>\n\t<meta name=\"twitter:data1\" content=\"3 minutos\" \/>\r\n<script type=\"application\/ld+json\" class=\"yoast-schema-graph\">{\"@context\":\"https:\/\/schema.org\",\"@graph\":[{\"@type\":\"WebPage\",\"@id\":\"https:\/\/tarjetaolimpica.com.co\/Index\/viajar-black-days\/\",\"url\":\"https:\/\/tarjetaolimpica.com.co\/Index\/viajar-black-days\/\",\"name\":\"Viajar Black Days -\",\"isPartOf\":{\"@id\":\"https:\/\/tarjetaolimpica.com.co\/Index\/#website\"},\"datePublished\":\"2025-11-21T16:35:35+00:00\",\"dateModified\":\"2025-11-21T16:38:29+00:00\",\"breadcrumb\":{\"@id\":\"https:\/\/tarjetaolimpica.com.co\/Index\/viajar-black-days\/#breadcrumb\"},\"inLanguage\":\"es-CO\",\"potentialAction\":[{\"@type\":\"ReadAction\",\"target\":[\"https:\/\/tarjetaolimpica.com.co\/Index\/viajar-black-days\/\"]}]},{\"@type\":\"BreadcrumbList\",\"@id\":\"https:\/\/tarjetaolimpica.com.co\/Index\/viajar-black-days\/#breadcrumb\",\"itemListElement\":[{\"@type\":\"ListItem\",\"position\":1,\"name\":\"Home\",\"item\":\"https:\/\/tarjetaolimpica.com.co\/Index\/\"},{\"@type\":\"ListItem\",\"position\":2,\"name\":\"Viajar Black Days\"}]},{\"@type\":\"WebSite\",\"@id\":\"https:\/\/tarjetaolimpica.com.co\/Index\/#website\",\"url\":\"https:\/\/tarjetaolimpica.com.co\/Index\/\",\"name\":\"\",\"description\":\"\",\"publisher\":{\"@id\":\"https:\/\/tarjetaolimpica.com.co\/Index\/#organization\"},\"potentialAction\":[{\"@type\":\"SearchAction\",\"target\":{\"@type\":\"EntryPoint\",\"urlTemplate\":\"https:\/\/tarjetaolimpica.com.co\/Index\/?s={search_term_string}\"},\"query-input\":\"required name=search_term_string\"}],\"inLanguage\":\"es-CO\"},{\"@type\":\"Organization\",\"@id\":\"https:\/\/tarjetaolimpica.com.co\/Index\/#organization\",\"name\":\"Banco Serfinanza\",\"url\":\"https:\/\/tarjetaolimpica.com.co\/Index\/\",\"logo\":{\"@type\":\"ImageObject\",\"inLanguage\":\"es-CO\",\"@id\":\"https:\/\/tarjetaolimpica.com.co\/Index\/#\/schema\/logo\/image\/\",\"url\":\"https:\/\/tarjetaolimpica.com.co\/Index\/wp-content\/uploads\/2019\/01\/Logo-Serfinanza-2.png\",\"contentUrl\":\"https:\/\/tarjetaolimpica.com.co\/Index\/wp-content\/uploads\/2019\/01\/Logo-Serfinanza-2.png\",\"width\":339,\"height\":78,\"caption\":\"Banco Serfinanza\"},\"image\":{\"@id\":\"https:\/\/tarjetaolimpica.com.co\/Index\/#\/schema\/logo\/image\/\"},\"sameAs\":[\"https:\/\/www.facebook.com\/bancoserfinanza\",\"https:\/\/twitter.com\/bancoserfinanza\",\"https:\/\/www.instagram.com\/bancoserfinanza\"]}]}<\/script>\r\n<!-- \/ Yoast SEO plugin. -->","yoast_head_json":{"title":"Viajar Black Days -","robots":{"index":"index","follow":"follow","max-snippet":"max-snippet:-1","max-image-preview":"max-image-preview:large","max-video-preview":"max-video-preview:-1"},"canonical":"https:\/\/tarjetaolimpica.com.co\/Index\/viajar-black-days\/","og_locale":"es_ES","og_type":"article","og_title":"Viajar Black Days -","og_description":"Planea tus vacaciones con Viajar y Tarjeta Ol\u00edmpica Vigencia V\u00e1lido del 20 al 30 de noviembre de 2025. Mec\u00e1nica Recibe un 20% de descuento pagando con tu tarjeta de cr\u00e9dito de Banco Serfinanza tu Tarjeta Ol\u00edmpica, Tarjeta Ol\u00edmpica Mastercard y Tarjeta Ol\u00edmpica Mastercard Gold. Aplica para compras de:\u00a0 Alojamiento de m\u00ednimo 3 noches para 2 [&hellip;]","og_url":"https:\/\/tarjetaolimpica.com.co\/Index\/viajar-black-days\/","article_publisher":"https:\/\/www.facebook.com\/bancoserfinanza","article_modified_time":"2025-11-21T16:38:29+00:00","twitter_card":"summary_large_image","twitter_site":"@bancoserfinanza","twitter_misc":{"Tiempo estimado de lectura":"3 minutos"},"schema":{"@context":"https:\/\/schema.org","@graph":[{"@type":"WebPage","@id":"https:\/\/tarjetaolimpica.com.co\/Index\/viajar-black-days\/","url":"https:\/\/tarjetaolimpica.com.co\/Index\/viajar-black-days\/","name":"Viajar Black Days -","isPartOf":{"@id":"https:\/\/tarjetaolimpica.com.co\/Index\/#website"},"datePublished":"2025-11-21T16:35:35+00:00","dateModified":"2025-11-21T16:38:29+00:00","breadcrumb":{"@id":"https:\/\/tarjetaolimpica.com.co\/Index\/viajar-black-days\/#breadcrumb"},"inLanguage":"es-CO","potentialAction":[{"@type":"ReadAction","target":["https:\/\/tarjetaolimpica.com.co\/Index\/viajar-black-days\/"]}]},{"@type":"BreadcrumbList","@id":"https:\/\/tarjetaolimpica.com.co\/Index\/viajar-black-days\/#breadcrumb","itemListElement":[{"@type":"ListItem","position":1,"name":"Home","item":"https:\/\/tarjetaolimpica.com.co\/Index\/"},{"@type":"ListItem","position":2,"name":"Viajar Black Days"}]},{"@type":"WebSite","@id":"https:\/\/tarjetaolimpica.com.co\/Index\/#website","url":"https:\/\/tarjetaolimpica.com.co\/Index\/","name":"","description":"","publisher":{"@id":"https:\/\/tarjetaolimpica.com.co\/Index\/#organization"},"potentialAction":[{"@type":"SearchAction","target":{"@type":"EntryPoint","urlTemplate":"https:\/\/tarjetaolimpica.com.co\/Index\/?s={search_term_string}"},"query-input":"required name=search_term_string"}],"inLanguage":"es-CO"},{"@type":"Organization","@id":"https:\/\/tarjetaolimpica.com.co\/Index\/#organization","name":"Banco Serfinanza","url":"https:\/\/tarjetaolimpica.com.co\/Index\/","logo":{"@type":"ImageObject","inLanguage":"es-CO","@id":"https:\/\/tarjetaolimpica.com.co\/Index\/#\/schema\/logo\/image\/","url":"https:\/\/tarjetaolimpica.com.co\/Index\/wp-content\/uploads\/2019\/01\/Logo-Serfinanza-2.png","contentUrl":"https:\/\/tarjetaolimpica.com.co\/Index\/wp-content\/uploads\/2019\/01\/Logo-Serfinanza-2.png","width":339,"height":78,"caption":"Banco Serfinanza"},"image":{"@id":"https:\/\/tarjetaolimpica.com.co\/Index\/#\/schema\/logo\/image\/"},"sameAs":["https:\/\/www.facebook.com\/bancoserfinanza","https:\/\/twitter.com\/bancoserfinanza","https:\/\/www.instagram.com\/bancoserfinanza"]}]}},"_links":{"self":[{"href":"https:\/\/tarjetaolimpica.com.co\/Index\/wp-json\/wp\/v2\/pages\/17194"}],"collection":[{"href":"https:\/\/tarjetaolimpica.com.co\/Index\/wp-json\/wp\/v2\/pages"}],"about":[{"href":"https:\/\/tarjetaolimpica.com.co\/Index\/wp-json\/wp\/v2\/types\/page"}],"author":[{"embeddable":true,"href":"https:\/\/tarjetaolimpica.com.co\/Index\/wp-json\/wp\/v2\/users\/2"}],"replies":[{"embeddable":true,"href":"https:\/\/tarjetaolimpica.com.co\/Index\/wp-json\/wp\/v2\/comments?post=17194"}],"version-history":[{"count":5,"href":"https:\/\/tarjetaolimpica.com.co\/Index\/wp-json\/wp\/v2\/pages\/17194\/revisions"}],"predecessor-version":[{"id":17199,"href":"https:\/\/tarjetaolimpica.com.co\/Index\/wp-json\/wp\/v2\/pages\/17194\/revisions\/17199"}],"wp:attachment":[{"href":"https:\/\/tarjetaolimpica.com.co\/Index\/wp-json\/wp\/v2\/media?parent=17194"}],"curies":[{"name":"wp","href":"https:\/\/api.w.org\/{rel}","templated":true}]}}