{"id":17405,"date":"2026-03-13T09:42:00","date_gmt":"2026-03-13T14:42:00","guid":{"rendered":"https:\/\/tarjetaolimpica.com.co\/Index\/?page_id=17405"},"modified":"2026-03-26T14:37:43","modified_gmt":"2026-03-26T19:37:43","slug":"viernes-para-festejar","status":"publish","type":"page","link":"https:\/\/tarjetaolimpica.com.co\/Index\/viernes-para-festejar\/","title":{"rendered":"Viernes para festejar"},"content":{"rendered":"\t\t<div data-elementor-type=\"wp-page\" data-elementor-id=\"17405\" class=\"elementor elementor-17405\" data-elementor-post-type=\"page\">\n\t\t\t\t\t\t<section class=\"elementor-section elementor-top-section elementor-element elementor-element-d55823e elementor-section-boxed elementor-section-height-default elementor-section-height-default\" data-id=\"d55823e\" data-element_type=\"section\">\n\t\t\t\t\t\t<div class=\"elementor-container elementor-column-gap-default\">\n\t\t\t\t\t<div class=\"elementor-column elementor-col-100 elementor-top-column elementor-element elementor-element-d4d559a\" data-id=\"d4d559a\" data-element_type=\"column\">\n\t\t\t<div class=\"elementor-widget-wrap elementor-element-populated\">\n\t\t\t\t\t\t<div class=\"elementor-element elementor-element-c61f90f elementor-widget elementor-widget-heading\" data-id=\"c61f90f\" data-element_type=\"widget\" data-widget_type=\"heading.default\">\n\t\t\t\t<div class=\"elementor-widget-container\">\n\t\t\t<h2 class=\"elementor-heading-title elementor-size-default\">Viernes para festejar en Ol\u00edmpica<\/h2>\t\t<\/div>\n\t\t\t\t<\/div>\n\t\t\t\t\t<\/div>\n\t\t<\/div>\n\t\t\t\t\t<\/div>\n\t\t<\/section>\n\t\t\t\t<section class=\"elementor-section elementor-top-section elementor-element elementor-element-67d8fdc elementor-section-boxed elementor-section-height-default elementor-section-height-default\" data-id=\"67d8fdc\" data-element_type=\"section\">\n\t\t\t\t\t\t<div class=\"elementor-container elementor-column-gap-default\">\n\t\t\t\t\t<div class=\"elementor-column elementor-col-100 elementor-top-column elementor-element elementor-element-08b1a07\" data-id=\"08b1a07\" data-element_type=\"column\">\n\t\t\t<div class=\"elementor-widget-wrap elementor-element-populated\">\n\t\t\t\t\t\t<div class=\"elementor-element elementor-element-dd7ae25 elementor-widget-tablet__width-initial elementor-widget elementor-widget-text-editor\" data-id=\"dd7ae25\" data-element_type=\"widget\" data-widget_type=\"text-editor.default\">\n\t\t\t\t<div class=\"elementor-widget-container\">\n\t\t\t\t\t\t\t<p><span style=\"font-size: 14pt; color: #f73354;\"><strong>Vigencia&nbsp;<\/strong><\/span><\/p>\n<p><span style=\"font-family: verdana, geneva, sans-serif; font-size: 12pt;\">V\u00e1lido todos los viernes del 2026.<\/span><\/p>\t\t\t\t\t\t<\/div>\n\t\t\t\t<\/div>\n\t\t\t\t\t<\/div>\n\t\t<\/div>\n\t\t\t\t\t<\/div>\n\t\t<\/section>\n\t\t\t\t<section class=\"elementor-section elementor-top-section elementor-element elementor-element-da03640 elementor-section-boxed elementor-section-height-default elementor-section-height-default\" data-id=\"da03640\" data-element_type=\"section\">\n\t\t\t\t\t\t<div class=\"elementor-container elementor-column-gap-default\">\n\t\t\t\t\t<div class=\"elementor-column elementor-col-100 elementor-top-column elementor-element elementor-element-28387c0\" data-id=\"28387c0\" data-element_type=\"column\">\n\t\t\t<div class=\"elementor-widget-wrap elementor-element-populated\">\n\t\t\t\t\t\t<div class=\"elementor-element elementor-element-5c2386f elementor-widget elementor-widget-text-editor\" data-id=\"5c2386f\" data-element_type=\"widget\" data-widget_type=\"text-editor.default\">\n\t\t\t\t<div class=\"elementor-widget-container\">\n\t\t\t\t\t\t\t<p><strong><span style=\"font-size: 14pt; color: #f73354;\">Mec\u00e1nica<\/span><\/strong><\/p><p>Recibe 40% de descuento en vinos, espumosos y champa\u00f1as pagando con tu Tarjeta Ol\u00edmpica en Ol\u00edmpica.<\/p>\t\t\t\t\t\t<\/div>\n\t\t\t\t<\/div>\n\t\t\t\t<div class=\"elementor-element elementor-element-807e580 elementor-align-center elementor-widget elementor-widget-button\" data-id=\"807e580\" data-element_type=\"widget\" data-widget_type=\"button.default\">\n\t\t\t\t<div class=\"elementor-widget-container\">\n\t\t\t\t\t<div class=\"elementor-button-wrapper\">\n\t\t\t<a class=\"elementor-button elementor-button-link elementor-size-sm\" href=\"https:\/\/www.olimpica.com\/supermercado\/licores\/vino\">\n\t\t\t\t\t\t<span class=\"elementor-button-content-wrapper\">\n\t\t\t\t\t\t<span class=\"elementor-button-text\">Compra aqu\u00ed<\/span>\n\t\t<\/span>\n\t\t\t\t\t<\/a>\n\t\t<\/div>\n\t\t\t\t<\/div>\n\t\t\t\t<\/div>\n\t\t\t\t<div class=\"elementor-element elementor-element-3fbdd5a elementor-widget elementor-widget-text-editor\" data-id=\"3fbdd5a\" data-element_type=\"widget\" data-widget_type=\"text-editor.default\">\n\t\t\t\t<div class=\"elementor-widget-container\">\n\t\t\t\t\t\t\t<p><strong style=\"font-size: 15px;\"><span style=\"font-size: 14pt; color: #f73354;\">T\u00e9rminos y condiciones<\/span><\/strong><\/p><p data-olk-copy-source=\"MessageBody\">*El 40% de descuento corresponde a un beneficio del 10% adicional al 30% ofrecido por el programa Puntos Ol\u00edmpica. Fotos de referencia. Las ofertas de esta publicaci\u00f3n son v\u00e1lidas en los Superalmacenes, Supertiendas, Droguer\u00edas y Superdroguer\u00edas Ol\u00edmpica del pa\u00eds\u00a0<span class=\"markelakkwvfn\" data-markjs=\"true\" data-ogac=\"\" data-ogab=\"\" data-ogsc=\"\" data-ogsb=\"\">para<\/span>\u00a0clientes Puntos Ol\u00edmpica. Estos precios y descuentos son v\u00e1lidos en la vigencia y puntos de venta establecidos, y las unidades disponibles est\u00e1n detalladas en la descripci\u00f3n de la oferta. Los descuentos aplican en caja registradora y son exclusivos\u00a0<span class=\"markelakkwvfn\" data-markjs=\"true\" data-ogac=\"\" data-ogab=\"\" data-ogsc=\"\" data-ogsb=\"\">para<\/span>\u00a0clientes Puntos Ol\u00edmpica. Los descuentos no aplican en productos &#8220;Precios Rojos&#8221; ni son acumulables con otras promociones vigentes. Solo aplica en puntos de venta f\u00edsico. Las cantidades disponible aplican a nivel nacional. M\u00e1ximo 4 unidades por referencia por cliente. Mayores informes en m\u00f3dulo de Atenci\u00f3n al Cliente o en\u00a0<u><a id=\"OWAcec3bdab-5b8c-402b-de57-9ba36f1edb7f\" class=\"x_x_x_x_x_OWAAutoLink\" title=\"https:\/\/protect.checkpoint.com\/v2\/r01\/___http:\/\/www.olimpica.com___.YzJ1OnNvbm92aXN0YTpjOm86MzYyZDM5ZjkzYWM1MGViMjRiYzAwMzE0ZGZhMjIwMDc6Nzo5ZmNiOjk2OGMwYjJjZTBlNzJmZDc3OGQ1MTU5ZDU3NTI3NWIyMmYwMGZmNDQ4ZGI0ZjNiNjBjOWU0YWVmNmI4MGYwNDc6aDpGOkY\" href=\"https:\/\/protect.checkpoint.com\/v2\/r01\/___http:\/\/www.olimpica.com___.YzJ1OnNvbm92aXN0YTpjOm86MzYyZDM5ZjkzYWM1MGViMjRiYzAwMzE0ZGZhMjIwMDc6Nzo5ZmNiOjk2OGMwYjJjZTBlNzJmZDc3OGQ1MTU5ZDU3NTI3NWIyMmYwMGZmNDQ4ZGI0ZjNiNjBjOWU0YWVmNmI4MGYwNDc6aDpGOkY\" target=\"_blank\" rel=\"noopener noreferrer\" data-auth=\"NotApplicable\" data-linkindex=\"3\">www.olimpica.com<\/a><\/u>.<\/p>\t\t\t\t\t\t<\/div>\n\t\t\t\t<\/div>\n\t\t\t\t\t<\/div>\n\t\t<\/div>\n\t\t\t\t\t<\/div>\n\t\t<\/section>\n\t\t\t\t<section class=\"elementor-section elementor-top-section elementor-element elementor-element-9636eb3 elementor-section-boxed elementor-section-height-default elementor-section-height-default\" data-id=\"9636eb3\" data-element_type=\"section\">\n\t\t\t\t\t\t<div class=\"elementor-container elementor-column-gap-default\">\n\t\t\t\t\t<div class=\"elementor-column elementor-col-100 elementor-top-column elementor-element elementor-element-16c8929\" data-id=\"16c8929\" data-element_type=\"column\">\n\t\t\t<div class=\"elementor-widget-wrap\">\n\t\t\t\t\t\t\t<\/div>\n\t\t<\/div>\n\t\t\t\t\t<\/div>\n\t\t<\/section>\n\t\t\t\t<\/div>\n\t\t","protected":false},"excerpt":{"rendered":"<p>Viernes para festejar en Ol\u00edmpica Vigencia&nbsp; V\u00e1lido todos los viernes del 2026. Mec\u00e1nica Recibe 40% de descuento en vinos, espumosos y champa\u00f1as pagando con tu Tarjeta Ol\u00edmpica en Ol\u00edmpica. Compra aqu\u00ed T\u00e9rminos y condiciones *El 40% de descuento corresponde a un beneficio del 10% adicional al 30% ofrecido por el programa Puntos Ol\u00edmpica. Fotos de [&hellip;]<\/p>\n","protected":false},"author":2,"featured_media":0,"parent":0,"menu_order":0,"comment_status":"closed","ping_status":"closed","template":"","meta":{"_eb_attr":"","site-sidebar-layout":"no-sidebar","site-content-layout":"page-builder","ast-site-content-layout":"","site-content-style":"default","site-sidebar-style":"default","ast-global-header-display":"","ast-banner-title-visibility":"","ast-main-header-display":"","ast-hfb-above-header-display":"","ast-hfb-below-header-display":"","ast-hfb-mobile-header-display":"","site-post-title":"disabled","ast-breadcrumbs-content":"","ast-featured-img":"disabled","footer-sml-layout":"","theme-transparent-header-meta":"default","adv-header-id-meta":"","stick-header-meta":"","header-above-stick-meta":"","header-main-stick-meta":"","header-below-stick-meta":"","astra-migrate-meta-layouts":"default","ast-page-background-enabled":"default","ast-page-background-meta":{"desktop":{"background-color":"","background-image":"","background-repeat":"repeat","background-position":"center center","background-size":"auto","background-attachment":"scroll","background-type":"","background-media":"","overlay-type":"","overlay-color":"","overlay-opacity":"","overlay-gradient":""},"tablet":{"background-color":"","background-image":"","background-repeat":"repeat","background-position":"center center","background-size":"auto","background-attachment":"scroll","background-type":"","background-media":"","overlay-type":"","overlay-color":"","overlay-opacity":"","overlay-gradient":""},"mobile":{"background-color":"","background-image":"","background-repeat":"repeat","background-position":"center center","background-size":"auto","background-attachment":"scroll","background-type":"","background-media":"","overlay-type":"","overlay-color":"","overlay-opacity":"","overlay-gradient":""}},"ast-content-background-meta":{"desktop":{"background-color":"var(--ast-global-color-5)","background-image":"","background-repeat":"repeat","background-position":"center center","background-size":"auto","background-attachment":"scroll","background-type":"","background-media":"","overlay-type":"","overlay-color":"","overlay-opacity":"","overlay-gradient":""},"tablet":{"background-color":"var(--ast-global-color-5)","background-image":"","background-repeat":"repeat","background-position":"center center","background-size":"auto","background-attachment":"scroll","background-type":"","background-media":"","overlay-type":"","overlay-color":"","overlay-opacity":"","overlay-gradient":""},"mobile":{"background-color":"var(--ast-global-color-5)","background-image":"","background-repeat":"repeat","background-position":"center center","background-size":"auto","background-attachment":"scroll","background-type":"","background-media":"","overlay-type":"","overlay-color":"","overlay-opacity":"","overlay-gradient":""}},"footnotes":""},"yoast_head":"<!-- This site is optimized with the Yoast SEO plugin v22.3 - https:\/\/yoast.com\/wordpress\/plugins\/seo\/ -->\r\n<title>Viernes para festejar -<\/title>\r\n<meta name=\"robots\" content=\"index, follow, max-snippet:-1, max-image-preview:large, max-video-preview:-1\" \/>\r\n<link rel=\"canonical\" href=\"https:\/\/tarjetaolimpica.com.co\/Index\/viernes-para-festejar\/\" \/>\r\n<meta property=\"og:locale\" content=\"es_ES\" \/>\r\n<meta property=\"og:type\" content=\"article\" \/>\r\n<meta property=\"og:title\" content=\"Viernes para festejar -\" \/>\r\n<meta property=\"og:description\" content=\"Viernes para festejar en Ol\u00edmpica Vigencia&nbsp; V\u00e1lido todos los viernes del 2026. Mec\u00e1nica Recibe 40% de descuento en vinos, espumosos y champa\u00f1as pagando con tu Tarjeta Ol\u00edmpica en Ol\u00edmpica. Compra aqu\u00ed T\u00e9rminos y condiciones *El 40% de descuento corresponde a un beneficio del 10% adicional al 30% ofrecido por el programa Puntos Ol\u00edmpica. Fotos de [&hellip;]\" \/>\r\n<meta property=\"og:url\" content=\"https:\/\/tarjetaolimpica.com.co\/Index\/viernes-para-festejar\/\" \/>\r\n<meta property=\"article:publisher\" content=\"https:\/\/www.facebook.com\/bancoserfinanza\" \/>\r\n<meta property=\"article:modified_time\" content=\"2026-03-26T19:37:43+00:00\" \/>\r\n<meta name=\"twitter:card\" content=\"summary_large_image\" \/>\r\n<meta name=\"twitter:site\" content=\"@bancoserfinanza\" \/>\r\n<meta name=\"twitter:label1\" content=\"Tiempo estimado de lectura\" \/>\n\t<meta name=\"twitter:data1\" content=\"1 minuto\" \/>\r\n<script type=\"application\/ld+json\" class=\"yoast-schema-graph\">{\"@context\":\"https:\/\/schema.org\",\"@graph\":[{\"@type\":\"WebPage\",\"@id\":\"https:\/\/tarjetaolimpica.com.co\/Index\/viernes-para-festejar\/\",\"url\":\"https:\/\/tarjetaolimpica.com.co\/Index\/viernes-para-festejar\/\",\"name\":\"Viernes para festejar -\",\"isPartOf\":{\"@id\":\"https:\/\/tarjetaolimpica.com.co\/Index\/#website\"},\"datePublished\":\"2026-03-13T14:42:00+00:00\",\"dateModified\":\"2026-03-26T19:37:43+00:00\",\"breadcrumb\":{\"@id\":\"https:\/\/tarjetaolimpica.com.co\/Index\/viernes-para-festejar\/#breadcrumb\"},\"inLanguage\":\"es-CO\",\"potentialAction\":[{\"@type\":\"ReadAction\",\"target\":[\"https:\/\/tarjetaolimpica.com.co\/Index\/viernes-para-festejar\/\"]}]},{\"@type\":\"BreadcrumbList\",\"@id\":\"https:\/\/tarjetaolimpica.com.co\/Index\/viernes-para-festejar\/#breadcrumb\",\"itemListElement\":[{\"@type\":\"ListItem\",\"position\":1,\"name\":\"Home\",\"item\":\"https:\/\/tarjetaolimpica.com.co\/Index\/\"},{\"@type\":\"ListItem\",\"position\":2,\"name\":\"Viernes para festejar\"}]},{\"@type\":\"WebSite\",\"@id\":\"https:\/\/tarjetaolimpica.com.co\/Index\/#website\",\"url\":\"https:\/\/tarjetaolimpica.com.co\/Index\/\",\"name\":\"\",\"description\":\"\",\"publisher\":{\"@id\":\"https:\/\/tarjetaolimpica.com.co\/Index\/#organization\"},\"potentialAction\":[{\"@type\":\"SearchAction\",\"target\":{\"@type\":\"EntryPoint\",\"urlTemplate\":\"https:\/\/tarjetaolimpica.com.co\/Index\/?s={search_term_string}\"},\"query-input\":\"required name=search_term_string\"}],\"inLanguage\":\"es-CO\"},{\"@type\":\"Organization\",\"@id\":\"https:\/\/tarjetaolimpica.com.co\/Index\/#organization\",\"name\":\"Banco Serfinanza\",\"url\":\"https:\/\/tarjetaolimpica.com.co\/Index\/\",\"logo\":{\"@type\":\"ImageObject\",\"inLanguage\":\"es-CO\",\"@id\":\"https:\/\/tarjetaolimpica.com.co\/Index\/#\/schema\/logo\/image\/\",\"url\":\"https:\/\/tarjetaolimpica.com.co\/Index\/wp-content\/uploads\/2019\/01\/Logo-Serfinanza-2.png\",\"contentUrl\":\"https:\/\/tarjetaolimpica.com.co\/Index\/wp-content\/uploads\/2019\/01\/Logo-Serfinanza-2.png\",\"width\":339,\"height\":78,\"caption\":\"Banco Serfinanza\"},\"image\":{\"@id\":\"https:\/\/tarjetaolimpica.com.co\/Index\/#\/schema\/logo\/image\/\"},\"sameAs\":[\"https:\/\/www.facebook.com\/bancoserfinanza\",\"https:\/\/twitter.com\/bancoserfinanza\",\"https:\/\/www.instagram.com\/bancoserfinanza\"]}]}<\/script>\r\n<!-- \/ Yoast SEO plugin. -->","yoast_head_json":{"title":"Viernes para festejar -","robots":{"index":"index","follow":"follow","max-snippet":"max-snippet:-1","max-image-preview":"max-image-preview:large","max-video-preview":"max-video-preview:-1"},"canonical":"https:\/\/tarjetaolimpica.com.co\/Index\/viernes-para-festejar\/","og_locale":"es_ES","og_type":"article","og_title":"Viernes para festejar -","og_description":"Viernes para festejar en Ol\u00edmpica Vigencia&nbsp; V\u00e1lido todos los viernes del 2026. Mec\u00e1nica Recibe 40% de descuento en vinos, espumosos y champa\u00f1as pagando con tu Tarjeta Ol\u00edmpica en Ol\u00edmpica. Compra aqu\u00ed T\u00e9rminos y condiciones *El 40% de descuento corresponde a un beneficio del 10% adicional al 30% ofrecido por el programa Puntos Ol\u00edmpica. Fotos de [&hellip;]","og_url":"https:\/\/tarjetaolimpica.com.co\/Index\/viernes-para-festejar\/","article_publisher":"https:\/\/www.facebook.com\/bancoserfinanza","article_modified_time":"2026-03-26T19:37:43+00:00","twitter_card":"summary_large_image","twitter_site":"@bancoserfinanza","twitter_misc":{"Tiempo estimado de lectura":"1 minuto"},"schema":{"@context":"https:\/\/schema.org","@graph":[{"@type":"WebPage","@id":"https:\/\/tarjetaolimpica.com.co\/Index\/viernes-para-festejar\/","url":"https:\/\/tarjetaolimpica.com.co\/Index\/viernes-para-festejar\/","name":"Viernes para festejar -","isPartOf":{"@id":"https:\/\/tarjetaolimpica.com.co\/Index\/#website"},"datePublished":"2026-03-13T14:42:00+00:00","dateModified":"2026-03-26T19:37:43+00:00","breadcrumb":{"@id":"https:\/\/tarjetaolimpica.com.co\/Index\/viernes-para-festejar\/#breadcrumb"},"inLanguage":"es-CO","potentialAction":[{"@type":"ReadAction","target":["https:\/\/tarjetaolimpica.com.co\/Index\/viernes-para-festejar\/"]}]},{"@type":"BreadcrumbList","@id":"https:\/\/tarjetaolimpica.com.co\/Index\/viernes-para-festejar\/#breadcrumb","itemListElement":[{"@type":"ListItem","position":1,"name":"Home","item":"https:\/\/tarjetaolimpica.com.co\/Index\/"},{"@type":"ListItem","position":2,"name":"Viernes para festejar"}]},{"@type":"WebSite","@id":"https:\/\/tarjetaolimpica.com.co\/Index\/#website","url":"https:\/\/tarjetaolimpica.com.co\/Index\/","name":"","description":"","publisher":{"@id":"https:\/\/tarjetaolimpica.com.co\/Index\/#organization"},"potentialAction":[{"@type":"SearchAction","target":{"@type":"EntryPoint","urlTemplate":"https:\/\/tarjetaolimpica.com.co\/Index\/?s={search_term_string}"},"query-input":"required name=search_term_string"}],"inLanguage":"es-CO"},{"@type":"Organization","@id":"https:\/\/tarjetaolimpica.com.co\/Index\/#organization","name":"Banco Serfinanza","url":"https:\/\/tarjetaolimpica.com.co\/Index\/","logo":{"@type":"ImageObject","inLanguage":"es-CO","@id":"https:\/\/tarjetaolimpica.com.co\/Index\/#\/schema\/logo\/image\/","url":"https:\/\/tarjetaolimpica.com.co\/Index\/wp-content\/uploads\/2019\/01\/Logo-Serfinanza-2.png","contentUrl":"https:\/\/tarjetaolimpica.com.co\/Index\/wp-content\/uploads\/2019\/01\/Logo-Serfinanza-2.png","width":339,"height":78,"caption":"Banco Serfinanza"},"image":{"@id":"https:\/\/tarjetaolimpica.com.co\/Index\/#\/schema\/logo\/image\/"},"sameAs":["https:\/\/www.facebook.com\/bancoserfinanza","https:\/\/twitter.com\/bancoserfinanza","https:\/\/www.instagram.com\/bancoserfinanza"]}]}},"_links":{"self":[{"href":"https:\/\/tarjetaolimpica.com.co\/Index\/wp-json\/wp\/v2\/pages\/17405"}],"collection":[{"href":"https:\/\/tarjetaolimpica.com.co\/Index\/wp-json\/wp\/v2\/pages"}],"about":[{"href":"https:\/\/tarjetaolimpica.com.co\/Index\/wp-json\/wp\/v2\/types\/page"}],"author":[{"embeddable":true,"href":"https:\/\/tarjetaolimpica.com.co\/Index\/wp-json\/wp\/v2\/users\/2"}],"replies":[{"embeddable":true,"href":"https:\/\/tarjetaolimpica.com.co\/Index\/wp-json\/wp\/v2\/comments?post=17405"}],"version-history":[{"count":34,"href":"https:\/\/tarjetaolimpica.com.co\/Index\/wp-json\/wp\/v2\/pages\/17405\/revisions"}],"predecessor-version":[{"id":17471,"href":"https:\/\/tarjetaolimpica.com.co\/Index\/wp-json\/wp\/v2\/pages\/17405\/revisions\/17471"}],"wp:attachment":[{"href":"https:\/\/tarjetaolimpica.com.co\/Index\/wp-json\/wp\/v2\/media?parent=17405"}],"curies":[{"name":"wp","href":"https:\/\/api.w.org\/{rel}","templated":true}]}}