{"id":4041,"date":"2022-01-19T13:35:29","date_gmt":"2022-01-19T18:35:29","guid":{"rendered":"https:\/\/tarjetaolimpica.com.co\/Index\/?page_id=4041"},"modified":"2023-08-16T14:18:50","modified_gmt":"2023-08-16T19:18:50","slug":"despegar","status":"publish","type":"page","link":"https:\/\/tarjetaolimpica.com.co\/Index\/despegar\/","title":{"rendered":"Despegar"},"content":{"rendered":"\t\t<div data-elementor-type=\"wp-page\" data-elementor-id=\"4041\" class=\"elementor elementor-4041\" data-elementor-post-type=\"page\">\n\t\t\t\t\t\t<section class=\"elementor-section elementor-top-section elementor-element elementor-element-be4baba elementor-section-boxed elementor-section-height-default elementor-section-height-default\" data-id=\"be4baba\" data-element_type=\"section\">\n\t\t\t\t\t\t<div class=\"elementor-container elementor-column-gap-default\">\n\t\t\t\t\t<div class=\"elementor-column elementor-col-50 elementor-top-column elementor-element elementor-element-8d381d7\" data-id=\"8d381d7\" data-element_type=\"column\">\n\t\t\t<div class=\"elementor-widget-wrap elementor-element-populated\">\n\t\t\t\t\t\t<div class=\"elementor-element elementor-element-76c6004 elementor-widget elementor-widget-heading\" data-id=\"76c6004\" data-element_type=\"widget\" data-widget_type=\"heading.default\">\n\t\t\t\t<div class=\"elementor-widget-container\">\n\t\t\t<h1 class=\"elementor-heading-title elementor-size-default\">Disfruta de momentos \u00fanicos con Despegar y tu Tarjeta Ol\u00edmpica<\/h1>\t\t<\/div>\n\t\t\t\t<\/div>\n\t\t\t\t<div class=\"elementor-element elementor-element-26a632a elementor-mobile-align-center elementor-widget elementor-widget-button\" data-id=\"26a632a\" data-element_type=\"widget\" data-widget_type=\"button.default\">\n\t\t\t\t<div class=\"elementor-widget-container\">\n\t\t\t\t\t<div class=\"elementor-button-wrapper\">\n\t\t\t<a class=\"elementor-button elementor-button-link elementor-size-sm\" href=\"https:\/\/mastercard.beneficios.despegar.com.co\/home\">\n\t\t\t\t\t\t<span class=\"elementor-button-content-wrapper\">\n\t\t\t\t\t\t<span class=\"elementor-button-text\">Compra aqu\u00ed<\/span>\n\t\t<\/span>\n\t\t\t\t\t<\/a>\n\t\t<\/div>\n\t\t\t\t<\/div>\n\t\t\t\t<\/div>\n\t\t\t\t\t<\/div>\n\t\t<\/div>\n\t\t\t\t<div class=\"elementor-column elementor-col-50 elementor-top-column elementor-element elementor-element-c242bbe\" data-id=\"c242bbe\" data-element_type=\"column\">\n\t\t\t<div class=\"elementor-widget-wrap elementor-element-populated\">\n\t\t\t\t\t\t<div class=\"elementor-element elementor-element-cde83a3 elementor-widget elementor-widget-image\" data-id=\"cde83a3\" data-element_type=\"widget\" data-widget_type=\"image.default\">\n\t\t\t\t<div class=\"elementor-widget-container\">\n\t\t\t\t\t\t\t\t\t\t\t\t\t<img fetchpriority=\"high\" decoding=\"async\" width=\"1024\" height=\"768\" src=\"https:\/\/tarjetaolimpica.com.co\/Index\/wp-content\/uploads\/2022\/09\/Despegar-Descuento-1024x768.jpg\" class=\"attachment-large size-large wp-image-8623\" alt=\"\" srcset=\"https:\/\/tarjetaolimpica.com.co\/Index\/wp-content\/uploads\/2022\/09\/Despegar-Descuento-1024x768.jpg 1024w, https:\/\/tarjetaolimpica.com.co\/Index\/wp-content\/uploads\/2022\/09\/Despegar-Descuento-300x225.jpg 300w, https:\/\/tarjetaolimpica.com.co\/Index\/wp-content\/uploads\/2022\/09\/Despegar-Descuento-768x576.jpg 768w, https:\/\/tarjetaolimpica.com.co\/Index\/wp-content\/uploads\/2022\/09\/Despegar-Descuento-1536x1152.jpg 1536w, https:\/\/tarjetaolimpica.com.co\/Index\/wp-content\/uploads\/2022\/09\/Despegar-Descuento-2048x1536.jpg 2048w\" sizes=\"(max-width: 1024px) 100vw, 1024px\" \/>\t\t\t\t\t\t\t\t\t\t\t\t\t<\/div>\n\t\t\t\t<\/div>\n\t\t\t\t\t<\/div>\n\t\t<\/div>\n\t\t\t\t\t<\/div>\n\t\t<\/section>\n\t\t\t\t<section class=\"elementor-section elementor-top-section elementor-element elementor-element-2681abe elementor-section-boxed elementor-section-height-default elementor-section-height-default\" data-id=\"2681abe\" data-element_type=\"section\">\n\t\t\t\t\t\t<div class=\"elementor-container elementor-column-gap-default\">\n\t\t\t\t\t<div class=\"elementor-column elementor-col-100 elementor-top-column elementor-element elementor-element-f61922c\" data-id=\"f61922c\" data-element_type=\"column\">\n\t\t\t<div class=\"elementor-widget-wrap elementor-element-populated\">\n\t\t\t\t\t\t<div class=\"elementor-element elementor-element-30f3899 elementor-widget elementor-widget-text-editor\" data-id=\"30f3899\" data-element_type=\"widget\" data-widget_type=\"text-editor.default\">\n\t\t\t\t<div class=\"elementor-widget-container\">\n\t\t\t\t\t\t\t<p><span style=\"font-family: verdana, geneva, sans-serif; font-size: 14pt; color: #f83050;\"><strong>Vigencia<\/strong>: <\/span><\/p><p><span style=\"font-family: verdana, geneva, sans-serif; font-size: 12pt;\">Hasta el 30 de septiembre de 2023<\/span><\/p><p><span style=\"font-size: 14pt; color: #f83050;\"><strong><span style=\"font-family: verdana, geneva, sans-serif;\">Mec\u00e1nica:<\/span><\/strong><\/span><\/p><p style=\"text-align: justify;\"><span lang=\"ES-MX\" style=\"font-size: 12.0pt; line-height: 107%; font-family: 'Arial',sans-serif; mso-ansi-language: ES-MX;\">Paga con tu Tarjeta Ol\u00edmpica Mastercard, Tarjeta<br \/>Ol\u00edmpica Mastercard Gold o Tarjeta D\u00e9bito de Banco Serfinanza y:<\/span><\/p><p style=\"text-align: justify;\"><span lang=\"ES-MX\" style=\"font-size: 12.0pt; line-height: 107%; font-family: 'Arial',sans-serif; mso-ansi-language: ES-MX;\">\u00a0\u00a0\u00a0\u00a0\u00a0\u00a0\u00a0\u00a0\u00a0\u00a0\u00a0 <\/span><\/p><p style=\"margin-left: 36.0pt; text-indent: -18.0pt; mso-list: l0 level1 lfo1; tab-stops: list 36.0pt;\"><!-- [if !supportLists]--><span style=\"font-size: 12.0pt; line-height: 107%; font-family: 'Arial',sans-serif; mso-fareast-font-family: Arial;\">\u2022<span style=\"font-style: normal; font-variant-numeric: normal; font-variant-east-asian: normal; font-weight: normal; font-stretch: normal; font-size: 7pt; line-height: normal; font-family: 'Times New Roman';\">\u00a0\u00a0\u00a0\u00a0\u00a0<br \/><\/span><\/span><!--[endif]--><span lang=\"ES-MX\" style=\"font-size: 12.0pt; line-height: 107%; font-family: 'Arial',sans-serif; mso-ansi-language: ES-MX;\">Recibe<br \/>hasta <b>10% de descuento <\/b>en actividades, renta de autos,<\/span><\/p><p style=\"margin-left: 36.0pt;\"><span lang=\"ES-MX\" style=\"font-size: 12.0pt; line-height: 107%; font-family: 'Arial',sans-serif; mso-ansi-language: ES-MX;\">asistencia m\u00e9dica.<\/span><\/p><p style=\"margin-left: 36.0pt; text-indent: -18.0pt; mso-list: l0 level1 lfo1; tab-stops: list 36.0pt;\"><!-- [if !supportLists]--><span style=\"font-size: 12.0pt; line-height: 107%; font-family: 'Arial',sans-serif; mso-fareast-font-family: Arial;\">\u2022<span style=\"font-style: normal; font-variant-numeric: normal; font-variant-east-asian: normal; font-weight: normal; font-stretch: normal; font-size: 7pt; line-height: normal; font-family: 'Times New Roman';\">\u00a0\u00a0\u00a0\u00a0\u00a0<br \/><\/span><\/span><!--[endif]--><span lang=\"ES-MX\" style=\"font-size: 12.0pt; line-height: 107%; font-family: 'Arial',sans-serif; mso-ansi-language: ES-MX;\">Hasta <b>5%<br \/>de descuento <\/b>en paquetes y hoteles.<\/span><\/p><p>\u00a0<\/p><p style=\"margin-left: 36.0pt; text-indent: -18.0pt; mso-list: l0 level1 lfo1; tab-stops: list 36.0pt;\"><!-- [if !supportLists]--><span style=\"font-size: 12.0pt; line-height: 107%; font-family: 'Arial',sans-serif; mso-fareast-font-family: Arial;\">\u2022<span style=\"font-style: normal; font-variant-numeric: normal; font-variant-east-asian: normal; font-weight: normal; font-stretch: normal; font-size: 7pt; line-height: normal; font-family: 'Times New Roman';\">\u00a0\u00a0\u00a0\u00a0\u00a0<br \/><\/span><\/span><!--[endif]--><span lang=\"ES-MX\" style=\"font-size: 12.0pt; line-height: 107%; font-family: 'Arial',sans-serif; mso-ansi-language: ES-MX;\">Hasta <b>1%<br \/>de descuento <\/b>en vuelos.<\/span><\/p><p><strong><span style=\"font-family: verdana, geneva, sans-serif; font-size: 14pt; color: #f83050;\">T\u00e9rminos y Condiciones<\/span><\/strong><\/p><p><span style=\"font-family: verdana, geneva, sans-serif;\"><span style=\"font-size: 12pt;\">Cons\u00faltalos en<\/span>\u00a0<\/span><a style=\"font-size: 15px; font-family: var( --e-global-typography-text-font-family ), Sans-serif; background-color: #ffffff;\" href=\"https:\/\/mastercard.beneficios.despegar.com.co\/home\"><span style=\"font-size: 12.0pt; line-height: 107%; font-family: 'Arial',sans-serif; color: #170c84;\">https:\/\/<\/span><\/a><a style=\"font-size: 15px; font-family: var( --e-global-typography-text-font-family ), Sans-serif; background-color: #ffffff;\" href=\"https:\/\/mastercard.beneficios.despegar.com.co\/home\"><span style=\"font-size: 12.0pt; line-height: 107%; font-family: 'Arial',sans-serif; color: #170c84;\">mastercard.beneficios.despegar.com.co\/home<\/span><\/a><\/p>\t\t\t\t\t\t<\/div>\n\t\t\t\t<\/div>\n\t\t\t\t\t<\/div>\n\t\t<\/div>\n\t\t\t\t\t<\/div>\n\t\t<\/section>\n\t\t\t\t<\/div>\n\t\t","protected":false},"excerpt":{"rendered":"<p>Disfruta de momentos \u00fanicos con Despegar y tu Tarjeta Ol\u00edmpica Compra aqu\u00ed Vigencia: Hasta el 30 de septiembre de 2023 Mec\u00e1nica: Paga con tu Tarjeta Ol\u00edmpica Mastercard, TarjetaOl\u00edmpica Mastercard Gold o Tarjeta D\u00e9bito de Banco Serfinanza y: \u00a0\u00a0\u00a0\u00a0\u00a0\u00a0\u00a0\u00a0\u00a0\u00a0\u00a0 \u2022\u00a0\u00a0\u00a0\u00a0\u00a0Recibehasta 10% de descuento en actividades, renta de autos, asistencia m\u00e9dica. \u2022\u00a0\u00a0\u00a0\u00a0\u00a0Hasta 5%de descuento en paquetes y [&hellip;]<\/p>\n","protected":false},"author":2,"featured_media":0,"parent":0,"menu_order":0,"comment_status":"closed","ping_status":"closed","template":"","meta":{"_eb_attr":"","site-sidebar-layout":"no-sidebar","site-content-layout":"page-builder","ast-site-content-layout":"","site-content-style":"default","site-sidebar-style":"default","ast-global-header-display":"","ast-banner-title-visibility":"","ast-main-header-display":"","ast-hfb-above-header-display":"","ast-hfb-below-header-display":"","ast-hfb-mobile-header-display":"","site-post-title":"disabled","ast-breadcrumbs-content":"","ast-featured-img":"disabled","footer-sml-layout":"","theme-transparent-header-meta":"default","adv-header-id-meta":"","stick-header-meta":"","header-above-stick-meta":"","header-main-stick-meta":"","header-below-stick-meta":"","astra-migrate-meta-layouts":"default","ast-page-background-enabled":"default","ast-page-background-meta":{"desktop":{"background-color":"","background-image":"","background-repeat":"repeat","background-position":"center center","background-size":"auto","background-attachment":"scroll","background-type":"","background-media":"","overlay-type":"","overlay-color":"","overlay-opacity":"","overlay-gradient":""},"tablet":{"background-color":"","background-image":"","background-repeat":"repeat","background-position":"center center","background-size":"auto","background-attachment":"scroll","background-type":"","background-media":"","overlay-type":"","overlay-color":"","overlay-opacity":"","overlay-gradient":""},"mobile":{"background-color":"","background-image":"","background-repeat":"repeat","background-position":"center center","background-size":"auto","background-attachment":"scroll","background-type":"","background-media":"","overlay-type":"","overlay-color":"","overlay-opacity":"","overlay-gradient":""}},"ast-content-background-meta":{"desktop":{"background-color":"var(--ast-global-color-5)","background-image":"","background-repeat":"repeat","background-position":"center center","background-size":"auto","background-attachment":"scroll","background-type":"","background-media":"","overlay-type":"","overlay-color":"","overlay-opacity":"","overlay-gradient":""},"tablet":{"background-color":"var(--ast-global-color-5)","background-image":"","background-repeat":"repeat","background-position":"center center","background-size":"auto","background-attachment":"scroll","background-type":"","background-media":"","overlay-type":"","overlay-color":"","overlay-opacity":"","overlay-gradient":""},"mobile":{"background-color":"var(--ast-global-color-5)","background-image":"","background-repeat":"repeat","background-position":"center center","background-size":"auto","background-attachment":"scroll","background-type":"","background-media":"","overlay-type":"","overlay-color":"","overlay-opacity":"","overlay-gradient":""}},"footnotes":""},"yoast_head":"<!-- This site is optimized with the Yoast SEO plugin v22.3 - https:\/\/yoast.com\/wordpress\/plugins\/seo\/ -->\r\n<title>Despegar -<\/title>\r\n<meta name=\"robots\" content=\"index, follow, max-snippet:-1, max-image-preview:large, max-video-preview:-1\" \/>\r\n<link rel=\"canonical\" href=\"https:\/\/tarjetaolimpica.com.co\/Index\/despegar\/\" \/>\r\n<meta property=\"og:locale\" content=\"es_ES\" \/>\r\n<meta property=\"og:type\" content=\"article\" \/>\r\n<meta property=\"og:title\" content=\"Despegar -\" \/>\r\n<meta property=\"og:description\" content=\"Disfruta de momentos \u00fanicos con Despegar y tu Tarjeta Ol\u00edmpica Compra aqu\u00ed Vigencia: Hasta el 30 de septiembre de 2023 Mec\u00e1nica: Paga con tu Tarjeta Ol\u00edmpica Mastercard, TarjetaOl\u00edmpica Mastercard Gold o Tarjeta D\u00e9bito de Banco Serfinanza y: \u00a0\u00a0\u00a0\u00a0\u00a0\u00a0\u00a0\u00a0\u00a0\u00a0\u00a0 \u2022\u00a0\u00a0\u00a0\u00a0\u00a0Recibehasta 10% de descuento en actividades, renta de autos, asistencia m\u00e9dica. \u2022\u00a0\u00a0\u00a0\u00a0\u00a0Hasta 5%de descuento en paquetes y [&hellip;]\" \/>\r\n<meta property=\"og:url\" content=\"https:\/\/tarjetaolimpica.com.co\/Index\/despegar\/\" \/>\r\n<meta property=\"article:publisher\" content=\"https:\/\/www.facebook.com\/bancoserfinanza\" \/>\r\n<meta property=\"article:modified_time\" content=\"2023-08-16T19:18:50+00:00\" \/>\r\n<meta property=\"og:image\" content=\"https:\/\/tarjetaolimpica.com.co\/Index\/wp-content\/uploads\/2022\/09\/Despegar-Descuento-1024x768.jpg\" \/>\r\n<meta name=\"twitter:card\" content=\"summary_large_image\" \/>\r\n<meta name=\"twitter:site\" content=\"@bancoserfinanza\" \/>\r\n<meta name=\"twitter:label1\" content=\"Tiempo estimado de lectura\" \/>\n\t<meta name=\"twitter:data1\" content=\"1 minuto\" \/>\r\n<script type=\"application\/ld+json\" class=\"yoast-schema-graph\">{\"@context\":\"https:\/\/schema.org\",\"@graph\":[{\"@type\":\"WebPage\",\"@id\":\"https:\/\/tarjetaolimpica.com.co\/Index\/despegar\/\",\"url\":\"https:\/\/tarjetaolimpica.com.co\/Index\/despegar\/\",\"name\":\"Despegar -\",\"isPartOf\":{\"@id\":\"https:\/\/tarjetaolimpica.com.co\/Index\/#website\"},\"primaryImageOfPage\":{\"@id\":\"https:\/\/tarjetaolimpica.com.co\/Index\/despegar\/#primaryimage\"},\"image\":{\"@id\":\"https:\/\/tarjetaolimpica.com.co\/Index\/despegar\/#primaryimage\"},\"thumbnailUrl\":\"https:\/\/tarjetaolimpica.com.co\/Index\/wp-content\/uploads\/2022\/09\/Despegar-Descuento-1024x768.jpg\",\"datePublished\":\"2022-01-19T18:35:29+00:00\",\"dateModified\":\"2023-08-16T19:18:50+00:00\",\"breadcrumb\":{\"@id\":\"https:\/\/tarjetaolimpica.com.co\/Index\/despegar\/#breadcrumb\"},\"inLanguage\":\"es-CO\",\"potentialAction\":[{\"@type\":\"ReadAction\",\"target\":[\"https:\/\/tarjetaolimpica.com.co\/Index\/despegar\/\"]}]},{\"@type\":\"ImageObject\",\"inLanguage\":\"es-CO\",\"@id\":\"https:\/\/tarjetaolimpica.com.co\/Index\/despegar\/#primaryimage\",\"url\":\"https:\/\/tarjetaolimpica.com.co\/Index\/wp-content\/uploads\/2022\/09\/Despegar-Descuento-scaled.jpg\",\"contentUrl\":\"https:\/\/tarjetaolimpica.com.co\/Index\/wp-content\/uploads\/2022\/09\/Despegar-Descuento-scaled.jpg\",\"width\":2560,\"height\":1920},{\"@type\":\"BreadcrumbList\",\"@id\":\"https:\/\/tarjetaolimpica.com.co\/Index\/despegar\/#breadcrumb\",\"itemListElement\":[{\"@type\":\"ListItem\",\"position\":1,\"name\":\"Home\",\"item\":\"https:\/\/tarjetaolimpica.com.co\/Index\/\"},{\"@type\":\"ListItem\",\"position\":2,\"name\":\"Despegar\"}]},{\"@type\":\"WebSite\",\"@id\":\"https:\/\/tarjetaolimpica.com.co\/Index\/#website\",\"url\":\"https:\/\/tarjetaolimpica.com.co\/Index\/\",\"name\":\"\",\"description\":\"\",\"publisher\":{\"@id\":\"https:\/\/tarjetaolimpica.com.co\/Index\/#organization\"},\"potentialAction\":[{\"@type\":\"SearchAction\",\"target\":{\"@type\":\"EntryPoint\",\"urlTemplate\":\"https:\/\/tarjetaolimpica.com.co\/Index\/?s={search_term_string}\"},\"query-input\":\"required name=search_term_string\"}],\"inLanguage\":\"es-CO\"},{\"@type\":\"Organization\",\"@id\":\"https:\/\/tarjetaolimpica.com.co\/Index\/#organization\",\"name\":\"Banco Serfinanza\",\"url\":\"https:\/\/tarjetaolimpica.com.co\/Index\/\",\"logo\":{\"@type\":\"ImageObject\",\"inLanguage\":\"es-CO\",\"@id\":\"https:\/\/tarjetaolimpica.com.co\/Index\/#\/schema\/logo\/image\/\",\"url\":\"https:\/\/tarjetaolimpica.com.co\/Index\/wp-content\/uploads\/2019\/01\/Logo-Serfinanza-2.png\",\"contentUrl\":\"https:\/\/tarjetaolimpica.com.co\/Index\/wp-content\/uploads\/2019\/01\/Logo-Serfinanza-2.png\",\"width\":339,\"height\":78,\"caption\":\"Banco Serfinanza\"},\"image\":{\"@id\":\"https:\/\/tarjetaolimpica.com.co\/Index\/#\/schema\/logo\/image\/\"},\"sameAs\":[\"https:\/\/www.facebook.com\/bancoserfinanza\",\"https:\/\/twitter.com\/bancoserfinanza\",\"https:\/\/www.instagram.com\/bancoserfinanza\"]}]}<\/script>\r\n<!-- \/ Yoast SEO plugin. -->","yoast_head_json":{"title":"Despegar -","robots":{"index":"index","follow":"follow","max-snippet":"max-snippet:-1","max-image-preview":"max-image-preview:large","max-video-preview":"max-video-preview:-1"},"canonical":"https:\/\/tarjetaolimpica.com.co\/Index\/despegar\/","og_locale":"es_ES","og_type":"article","og_title":"Despegar -","og_description":"Disfruta de momentos \u00fanicos con Despegar y tu Tarjeta Ol\u00edmpica Compra aqu\u00ed Vigencia: Hasta el 30 de septiembre de 2023 Mec\u00e1nica: Paga con tu Tarjeta Ol\u00edmpica Mastercard, TarjetaOl\u00edmpica Mastercard Gold o Tarjeta D\u00e9bito de Banco Serfinanza y: \u00a0\u00a0\u00a0\u00a0\u00a0\u00a0\u00a0\u00a0\u00a0\u00a0\u00a0 \u2022\u00a0\u00a0\u00a0\u00a0\u00a0Recibehasta 10% de descuento en actividades, renta de autos, asistencia m\u00e9dica. \u2022\u00a0\u00a0\u00a0\u00a0\u00a0Hasta 5%de descuento en paquetes y [&hellip;]","og_url":"https:\/\/tarjetaolimpica.com.co\/Index\/despegar\/","article_publisher":"https:\/\/www.facebook.com\/bancoserfinanza","article_modified_time":"2023-08-16T19:18:50+00:00","og_image":[{"url":"https:\/\/tarjetaolimpica.com.co\/Index\/wp-content\/uploads\/2022\/09\/Despegar-Descuento-1024x768.jpg"}],"twitter_card":"summary_large_image","twitter_site":"@bancoserfinanza","twitter_misc":{"Tiempo estimado de lectura":"1 minuto"},"schema":{"@context":"https:\/\/schema.org","@graph":[{"@type":"WebPage","@id":"https:\/\/tarjetaolimpica.com.co\/Index\/despegar\/","url":"https:\/\/tarjetaolimpica.com.co\/Index\/despegar\/","name":"Despegar -","isPartOf":{"@id":"https:\/\/tarjetaolimpica.com.co\/Index\/#website"},"primaryImageOfPage":{"@id":"https:\/\/tarjetaolimpica.com.co\/Index\/despegar\/#primaryimage"},"image":{"@id":"https:\/\/tarjetaolimpica.com.co\/Index\/despegar\/#primaryimage"},"thumbnailUrl":"https:\/\/tarjetaolimpica.com.co\/Index\/wp-content\/uploads\/2022\/09\/Despegar-Descuento-1024x768.jpg","datePublished":"2022-01-19T18:35:29+00:00","dateModified":"2023-08-16T19:18:50+00:00","breadcrumb":{"@id":"https:\/\/tarjetaolimpica.com.co\/Index\/despegar\/#breadcrumb"},"inLanguage":"es-CO","potentialAction":[{"@type":"ReadAction","target":["https:\/\/tarjetaolimpica.com.co\/Index\/despegar\/"]}]},{"@type":"ImageObject","inLanguage":"es-CO","@id":"https:\/\/tarjetaolimpica.com.co\/Index\/despegar\/#primaryimage","url":"https:\/\/tarjetaolimpica.com.co\/Index\/wp-content\/uploads\/2022\/09\/Despegar-Descuento-scaled.jpg","contentUrl":"https:\/\/tarjetaolimpica.com.co\/Index\/wp-content\/uploads\/2022\/09\/Despegar-Descuento-scaled.jpg","width":2560,"height":1920},{"@type":"BreadcrumbList","@id":"https:\/\/tarjetaolimpica.com.co\/Index\/despegar\/#breadcrumb","itemListElement":[{"@type":"ListItem","position":1,"name":"Home","item":"https:\/\/tarjetaolimpica.com.co\/Index\/"},{"@type":"ListItem","position":2,"name":"Despegar"}]},{"@type":"WebSite","@id":"https:\/\/tarjetaolimpica.com.co\/Index\/#website","url":"https:\/\/tarjetaolimpica.com.co\/Index\/","name":"","description":"","publisher":{"@id":"https:\/\/tarjetaolimpica.com.co\/Index\/#organization"},"potentialAction":[{"@type":"SearchAction","target":{"@type":"EntryPoint","urlTemplate":"https:\/\/tarjetaolimpica.com.co\/Index\/?s={search_term_string}"},"query-input":"required name=search_term_string"}],"inLanguage":"es-CO"},{"@type":"Organization","@id":"https:\/\/tarjetaolimpica.com.co\/Index\/#organization","name":"Banco Serfinanza","url":"https:\/\/tarjetaolimpica.com.co\/Index\/","logo":{"@type":"ImageObject","inLanguage":"es-CO","@id":"https:\/\/tarjetaolimpica.com.co\/Index\/#\/schema\/logo\/image\/","url":"https:\/\/tarjetaolimpica.com.co\/Index\/wp-content\/uploads\/2019\/01\/Logo-Serfinanza-2.png","contentUrl":"https:\/\/tarjetaolimpica.com.co\/Index\/wp-content\/uploads\/2019\/01\/Logo-Serfinanza-2.png","width":339,"height":78,"caption":"Banco Serfinanza"},"image":{"@id":"https:\/\/tarjetaolimpica.com.co\/Index\/#\/schema\/logo\/image\/"},"sameAs":["https:\/\/www.facebook.com\/bancoserfinanza","https:\/\/twitter.com\/bancoserfinanza","https:\/\/www.instagram.com\/bancoserfinanza"]}]}},"_links":{"self":[{"href":"https:\/\/tarjetaolimpica.com.co\/Index\/wp-json\/wp\/v2\/pages\/4041"}],"collection":[{"href":"https:\/\/tarjetaolimpica.com.co\/Index\/wp-json\/wp\/v2\/pages"}],"about":[{"href":"https:\/\/tarjetaolimpica.com.co\/Index\/wp-json\/wp\/v2\/types\/page"}],"author":[{"embeddable":true,"href":"https:\/\/tarjetaolimpica.com.co\/Index\/wp-json\/wp\/v2\/users\/2"}],"replies":[{"embeddable":true,"href":"https:\/\/tarjetaolimpica.com.co\/Index\/wp-json\/wp\/v2\/comments?post=4041"}],"version-history":[{"count":159,"href":"https:\/\/tarjetaolimpica.com.co\/Index\/wp-json\/wp\/v2\/pages\/4041\/revisions"}],"predecessor-version":[{"id":11835,"href":"https:\/\/tarjetaolimpica.com.co\/Index\/wp-json\/wp\/v2\/pages\/4041\/revisions\/11835"}],"wp:attachment":[{"href":"https:\/\/tarjetaolimpica.com.co\/Index\/wp-json\/wp\/v2\/media?parent=4041"}],"curies":[{"name":"wp","href":"https:\/\/api.w.org\/{rel}","templated":true}]}}